{"id":8463,"date":"2023-10-08T06:26:55","date_gmt":"2023-10-08T06:26:55","guid":{"rendered":"https:\/\/www.najada.com\/word-press\/?page_id=8463"},"modified":"2023-11-17T08:24:36","modified_gmt":"2023-11-17T08:24:36","slug":"dn_pricnjak","status":"publish","type":"page","link":"https:\/\/www.najada.com\/word-press\/language\/de\/dn_pricnjak\/","title":{"rendered":"dn_pricnjak"},"content":{"rendered":"\n<h2 id=\"h-prisnjak\">PRISNJAK<\/h2>\n\n\n\n<p><\/p>\n\n\n\n<figure class=\"wp-block-image size-full\"><img decoding=\"async\" loading=\"lazy\" width=\"200\" height=\"150\" src=\"https:\/\/www.najada.com\/word-press\/wp-content\/uploads\/ds_prisnjak.jpg\" alt=\"\" class=\"wp-image-8159\" srcset=\"https:\/\/www.najada.com\/word-press\/wp-content\/uploads\/ds_prisnjak.jpg 200w, https:\/\/www.najada.com\/word-press\/wp-content\/uploads\/ds_prisnjak-150x113.jpg 150w\" sizes=\"(max-width: 200px) 100vw, 200px\" \/><figcaption class=\"wp-element-caption\">Keine Videos verf\u00fcgbar         No videos available<\/figcaption><\/figure>\n\n\n\n<figure class=\"wp-block-table is-style-regular\"><table class=\"has-cyan-bluish-gray-color has-text-color has-fixed-layout\"><tbody><tr><td class=\"has-text-align-left\" data-align=\"left\">Nicht unbedingt ein Spot f\u00fcr Tek-Taucher! Auf einer kleinen Insel vor Murter steht das Leuchthaus von Prisnjak. Im N befinden sich ein kleiner Hafen und eine Baumgruppe. Im S finden wir eine interessante aber flache Unterwasser Landschaft. Viele von unserem Sch\u00fcler machen die erste Tauchg\u00e4nge hier. Gut f\u00fcr Nachttauchen und bei schlechtem Wetter<br>Entfernung von Murter: 1 M<br>Schierigkeitsgrad: alle<br><\/td><td class=\"has-text-align-left\" data-align=\"left\">Nothing for Tec-Divers! Going out from Murter to the open sea you cannot avoid admiring the romantic light house of Prisnjak. On the N it has a little harbour and a group of old trees.<br>In the S the cliffs fall down to a shallow but nicely structured underwater landscape where many of our students make their first dive. Good night dive sight.<br>Distance from Murter: 1 M<br>Levels: all<\/td><\/tr><tr><td class=\"has-text-align-left\" data-align=\"left\"><a href=\"https:\/\/www.najada.com\/word-press\/language\/de\/tauchplatz-menu\/\">&lt;- ZUR\u00dcCK ZUR AUSWAHL<\/a><\/td><td class=\"has-text-align-left\" data-align=\"left\"><a href=\"https:\/\/www.najada.com\/word-press\/divesite_menu\/\">&lt;- BACK TO SELECTION<\/a><\/td><\/tr><\/tbody><\/table><\/figure>\n","protected":false},"excerpt":{"rendered":"<p>PRISNJAK Nicht unbedingt ein Spot f\u00fcr Tek-Taucher! Auf einer kleinen Insel vor Murter steht das Leuchthaus von Prisnjak. Im N befinden sich ein kleiner Hafen und eine Baumgruppe. Im S finden wir eine interessante aber flache Unterwasser Landschaft. Viele von unserem Sch\u00fcler machen die erste Tauchg\u00e4nge hier. Gut f\u00fcr Nachttauchen und bei schlechtem WetterEntfernung von [&hellip;]<\/p>\n","protected":false},"author":1,"featured_media":0,"parent":0,"menu_order":0,"comment_status":"closed","ping_status":"closed","template":"","meta":{"ngg_post_thumbnail":0},"yoast_head":"<!-- This site is optimized with the Yoast SEO Premium plugin v20.2 (Yoast SEO v20.2) - https:\/\/yoast.com\/wordpress\/plugins\/seo\/ -->\n<title>dn_pricnjak - Najada diving<\/title>\n<meta name=\"robots\" content=\"index, follow, max-snippet:-1, max-image-preview:large, max-video-preview:-1\" \/>\n<link rel=\"canonical\" href=\"https:\/\/www.najada.com\/word-press\/language\/de\/dn_pricnjak\/\" \/>\n<meta property=\"og:locale\" content=\"en_US\" \/>\n<meta property=\"og:type\" content=\"article\" \/>\n<meta property=\"og:title\" content=\"dn_pricnjak\" \/>\n<meta property=\"og:description\" content=\"PRISNJAK Nicht unbedingt ein Spot f\u00fcr Tek-Taucher! Auf einer kleinen Insel vor Murter steht das Leuchthaus von Prisnjak. Im N befinden sich ein kleiner Hafen und eine Baumgruppe. Im S finden wir eine interessante aber flache Unterwasser Landschaft. Viele von unserem Sch\u00fcler machen die erste Tauchg\u00e4nge hier. Gut f\u00fcr Nachttauchen und bei schlechtem WetterEntfernung von [&hellip;]\" \/>\n<meta property=\"og:url\" content=\"https:\/\/www.najada.com\/word-press\/language\/de\/dn_pricnjak\/\" \/>\n<meta property=\"og:site_name\" content=\"Najada diving\" \/>\n<meta property=\"article:publisher\" content=\"https:\/\/www.facebook.com\/NajadaDiving\" \/>\n<meta property=\"article:modified_time\" content=\"2023-11-17T08:24:36+00:00\" \/>\n<meta property=\"og:image\" content=\"https:\/\/www.najada.com\/word-press\/wp-content\/uploads\/ds_prisnjak.jpg\" \/>\n<meta name=\"twitter:card\" content=\"summary_large_image\" \/>\n<meta name=\"twitter:label1\" content=\"Est. reading time\" \/>\n\t<meta name=\"twitter:data1\" content=\"2 minutes\" \/>\n<script type=\"application\/ld+json\" class=\"yoast-schema-graph\">{\"@context\":\"https:\/\/schema.org\",\"@graph\":[{\"@type\":\"WebPage\",\"@id\":\"https:\/\/www.najada.com\/word-press\/language\/de\/dn_pricnjak\/\",\"url\":\"https:\/\/www.najada.com\/word-press\/language\/de\/dn_pricnjak\/\",\"name\":\"dn_pricnjak - Najada diving\",\"isPartOf\":{\"@id\":\"https:\/\/www.najada.com\/word-press\/#website\"},\"datePublished\":\"2023-10-08T06:26:55+00:00\",\"dateModified\":\"2023-11-17T08:24:36+00:00\",\"breadcrumb\":{\"@id\":\"https:\/\/www.najada.com\/word-press\/language\/de\/dn_pricnjak\/#breadcrumb\"},\"inLanguage\":\"en-US\",\"potentialAction\":[{\"@type\":\"ReadAction\",\"target\":[\"https:\/\/www.najada.com\/word-press\/language\/de\/dn_pricnjak\/\"]}]},{\"@type\":\"BreadcrumbList\",\"@id\":\"https:\/\/www.najada.com\/word-press\/language\/de\/dn_pricnjak\/#breadcrumb\",\"itemListElement\":[{\"@type\":\"ListItem\",\"position\":1,\"name\":\"Startseite\",\"item\":\"https:\/\/www.najada.com\/word-press\/\"},{\"@type\":\"ListItem\",\"position\":2,\"name\":\"dn_pricnjak\"}]},{\"@type\":\"WebSite\",\"@id\":\"https:\/\/www.najada.com\/word-press\/#website\",\"url\":\"https:\/\/www.najada.com\/word-press\/\",\"name\":\"Najada diving\",\"description\":\"Tauchen in Kroatien \/ Diving in Croatia\",\"publisher\":{\"@id\":\"https:\/\/www.najada.com\/word-press\/#organization\"},\"potentialAction\":[{\"@type\":\"SearchAction\",\"target\":{\"@type\":\"EntryPoint\",\"urlTemplate\":\"https:\/\/www.najada.com\/word-press\/?s={search_term_string}\"},\"query-input\":\"required name=search_term_string\"}],\"inLanguage\":\"en-US\"},{\"@type\":\"Organization\",\"@id\":\"https:\/\/www.najada.com\/word-press\/#organization\",\"name\":\"Najada d.o.o.\",\"url\":\"https:\/\/www.najada.com\/word-press\/\",\"logo\":{\"@type\":\"ImageObject\",\"inLanguage\":\"en-US\",\"@id\":\"https:\/\/www.najada.com\/word-press\/#\/schema\/logo\/image\/\",\"url\":\"https:\/\/www.najada.com\/word-press\/wp-content\/uploads\/logonurnajada-Kopie.png\",\"contentUrl\":\"https:\/\/www.najada.com\/word-press\/wp-content\/uploads\/logonurnajada-Kopie.png\",\"width\":400,\"height\":405,\"caption\":\"Najada d.o.o.\"},\"image\":{\"@id\":\"https:\/\/www.najada.com\/word-press\/#\/schema\/logo\/image\/\"},\"sameAs\":[\"https:\/\/www.facebook.com\/NajadaDiving\",\"https:\/\/www.instagram.com\/najadadiving\/\",\"https:\/\/www.youtube.com\/user\/najadadiving\/videos\"]}]}<\/script>\n<!-- \/ Yoast SEO Premium plugin. -->","yoast_head_json":{"title":"dn_pricnjak - Najada diving","robots":{"index":"index","follow":"follow","max-snippet":"max-snippet:-1","max-image-preview":"max-image-preview:large","max-video-preview":"max-video-preview:-1"},"canonical":"https:\/\/www.najada.com\/word-press\/language\/de\/dn_pricnjak\/","og_locale":"en_US","og_type":"article","og_title":"dn_pricnjak","og_description":"PRISNJAK Nicht unbedingt ein Spot f\u00fcr Tek-Taucher! Auf einer kleinen Insel vor Murter steht das Leuchthaus von Prisnjak. Im N befinden sich ein kleiner Hafen und eine Baumgruppe. Im S finden wir eine interessante aber flache Unterwasser Landschaft. Viele von unserem Sch\u00fcler machen die erste Tauchg\u00e4nge hier. Gut f\u00fcr Nachttauchen und bei schlechtem WetterEntfernung von [&hellip;]","og_url":"https:\/\/www.najada.com\/word-press\/language\/de\/dn_pricnjak\/","og_site_name":"Najada diving","article_publisher":"https:\/\/www.facebook.com\/NajadaDiving","article_modified_time":"2023-11-17T08:24:36+00:00","og_image":[{"url":"https:\/\/www.najada.com\/word-press\/wp-content\/uploads\/ds_prisnjak.jpg"}],"twitter_card":"summary_large_image","twitter_misc":{"Est. reading time":"2 minutes"},"schema":{"@context":"https:\/\/schema.org","@graph":[{"@type":"WebPage","@id":"https:\/\/www.najada.com\/word-press\/language\/de\/dn_pricnjak\/","url":"https:\/\/www.najada.com\/word-press\/language\/de\/dn_pricnjak\/","name":"dn_pricnjak - Najada diving","isPartOf":{"@id":"https:\/\/www.najada.com\/word-press\/#website"},"datePublished":"2023-10-08T06:26:55+00:00","dateModified":"2023-11-17T08:24:36+00:00","breadcrumb":{"@id":"https:\/\/www.najada.com\/word-press\/language\/de\/dn_pricnjak\/#breadcrumb"},"inLanguage":"en-US","potentialAction":[{"@type":"ReadAction","target":["https:\/\/www.najada.com\/word-press\/language\/de\/dn_pricnjak\/"]}]},{"@type":"BreadcrumbList","@id":"https:\/\/www.najada.com\/word-press\/language\/de\/dn_pricnjak\/#breadcrumb","itemListElement":[{"@type":"ListItem","position":1,"name":"Startseite","item":"https:\/\/www.najada.com\/word-press\/"},{"@type":"ListItem","position":2,"name":"dn_pricnjak"}]},{"@type":"WebSite","@id":"https:\/\/www.najada.com\/word-press\/#website","url":"https:\/\/www.najada.com\/word-press\/","name":"Najada diving","description":"Tauchen in Kroatien \/ Diving in Croatia","publisher":{"@id":"https:\/\/www.najada.com\/word-press\/#organization"},"potentialAction":[{"@type":"SearchAction","target":{"@type":"EntryPoint","urlTemplate":"https:\/\/www.najada.com\/word-press\/?s={search_term_string}"},"query-input":"required name=search_term_string"}],"inLanguage":"en-US"},{"@type":"Organization","@id":"https:\/\/www.najada.com\/word-press\/#organization","name":"Najada d.o.o.","url":"https:\/\/www.najada.com\/word-press\/","logo":{"@type":"ImageObject","inLanguage":"en-US","@id":"https:\/\/www.najada.com\/word-press\/#\/schema\/logo\/image\/","url":"https:\/\/www.najada.com\/word-press\/wp-content\/uploads\/logonurnajada-Kopie.png","contentUrl":"https:\/\/www.najada.com\/word-press\/wp-content\/uploads\/logonurnajada-Kopie.png","width":400,"height":405,"caption":"Najada d.o.o."},"image":{"@id":"https:\/\/www.najada.com\/word-press\/#\/schema\/logo\/image\/"},"sameAs":["https:\/\/www.facebook.com\/NajadaDiving","https:\/\/www.instagram.com\/najadadiving\/","https:\/\/www.youtube.com\/user\/najadadiving\/videos"]}]}},"_links":{"self":[{"href":"https:\/\/www.najada.com\/word-press\/wp-json\/wp\/v2\/pages\/8463"}],"collection":[{"href":"https:\/\/www.najada.com\/word-press\/wp-json\/wp\/v2\/pages"}],"about":[{"href":"https:\/\/www.najada.com\/word-press\/wp-json\/wp\/v2\/types\/page"}],"author":[{"embeddable":true,"href":"https:\/\/www.najada.com\/word-press\/wp-json\/wp\/v2\/users\/1"}],"replies":[{"embeddable":true,"href":"https:\/\/www.najada.com\/word-press\/wp-json\/wp\/v2\/comments?post=8463"}],"version-history":[{"count":2,"href":"https:\/\/www.najada.com\/word-press\/wp-json\/wp\/v2\/pages\/8463\/revisions"}],"predecessor-version":[{"id":8516,"href":"https:\/\/www.najada.com\/word-press\/wp-json\/wp\/v2\/pages\/8463\/revisions\/8516"}],"wp:attachment":[{"href":"https:\/\/www.najada.com\/word-press\/wp-json\/wp\/v2\/media?parent=8463"}],"curies":[{"name":"wp","href":"https:\/\/api.w.org\/{rel}","templated":true}]}}