{"id":8433,"date":"2023-10-04T13:07:17","date_gmt":"2023-10-04T13:07:17","guid":{"rendered":"https:\/\/www.najada.com\/word-press\/?page_id=8433"},"modified":"2023-10-04T17:09:18","modified_gmt":"2023-10-04T17:09:18","slug":"dn_vodnjak","status":"publish","type":"page","link":"https:\/\/www.najada.com\/word-press\/language\/de\/dn_vodnjak\/","title":{"rendered":"dn_vodnjak"},"content":{"rendered":"\n<h2 id=\"h-vodnjak\">VODNJAK<\/h2>\n\n\n\n<h2 id=\"h-n-vodnj\"><div id=\"image-map-pro-6360\"><\/div> \u00a0 \u00a0 \u00a0<\/h2>\n\n\n\n<figure class=\"wp-block-table alignleft\"><table class=\"has-white-color has-text-color\"><tbody><tr><td class=\"has-text-align-left\" data-align=\"left\">Am GPS Punkt befindt sich eine Boje an einer Referenzleine (14m). Schwimm von der Boje Richtung NW. Nach ca. 30 Flossenschl\u00e4gen findest du den Abbruch (29m). Betauche ihn mit der rechten Schulter, ein risengro\u00dfer Anker (4,5m)steht dort an die Wand gelehnt.<br>Entfernung von Murter: 5 M<br>Schwierigkeitsgrad: mittel<br><a href=\"https:\/\/www.najada.com\/word-press\/language\/de\/tauchplatz-menu\/\">&lt;- ZUR\u00dcCK ZUR AUSWAHL<\/a><\/td><td class=\"has-text-align-left\" data-align=\"left\">On the GPS spot a bouy with a rope guides us to the top of a plateau (14m). Swim about 30 kick-cycles towards NW until you reach the drop-off in appr. 20m and continue right shoulder. After some fin-strokes you will find the largest anchor of this region (appr. 4,5m).<br>Distance from Murter: 5M<br>Levels: advanced<br><a href=\"https:\/\/www.najada.com\/word-press\/divesite_menu\/\">&lt;- BACK TO SELECTION<\/a><\/td><\/tr><\/tbody><\/table><\/figure>\n\n\n\n<p><\/p>\n\n\n\n<p class=\"has-text-align-left\"><\/p>\n","protected":false},"excerpt":{"rendered":"<p>VODNJAK \u00a0 \u00a0 \u00a0 Am GPS Punkt befindt sich eine Boje an einer Referenzleine (14m). Schwimm von der Boje Richtung NW. Nach ca. 30 Flossenschl\u00e4gen findest du den Abbruch (29m). Betauche ihn mit der rechten Schulter, ein risengro\u00dfer Anker (4,5m)steht dort an die Wand gelehnt.Entfernung von Murter: 5 MSchwierigkeitsgrad: mittel&lt;- ZUR\u00dcCK ZUR AUSWAHL On the [&hellip;]<\/p>\n","protected":false},"author":1,"featured_media":0,"parent":0,"menu_order":0,"comment_status":"closed","ping_status":"closed","template":"","meta":{"ngg_post_thumbnail":0},"yoast_head":"<!-- This site is optimized with the Yoast SEO Premium plugin v20.2 (Yoast SEO v20.2) - https:\/\/yoast.com\/wordpress\/plugins\/seo\/ -->\n<title>dn_vodnjak - Najada diving<\/title>\n<meta name=\"robots\" content=\"index, follow, max-snippet:-1, max-image-preview:large, max-video-preview:-1\" \/>\n<link rel=\"canonical\" href=\"https:\/\/www.najada.com\/word-press\/language\/de\/dn_vodnjak\/\" \/>\n<meta property=\"og:locale\" content=\"en_US\" \/>\n<meta property=\"og:type\" content=\"article\" \/>\n<meta property=\"og:title\" content=\"dn_vodnjak\" \/>\n<meta property=\"og:description\" content=\"VODNJAK \u00a0 \u00a0 \u00a0 Am GPS Punkt befindt sich eine Boje an einer Referenzleine (14m). Schwimm von der Boje Richtung NW. Nach ca. 30 Flossenschl\u00e4gen findest du den Abbruch (29m). Betauche ihn mit der rechten Schulter, ein risengro\u00dfer Anker (4,5m)steht dort an die Wand gelehnt.Entfernung von Murter: 5 MSchwierigkeitsgrad: mittel&lt;- ZUR\u00dcCK ZUR AUSWAHL On the [&hellip;]\" \/>\n<meta property=\"og:url\" content=\"https:\/\/www.najada.com\/word-press\/language\/de\/dn_vodnjak\/\" \/>\n<meta property=\"og:site_name\" content=\"Najada diving\" \/>\n<meta property=\"article:publisher\" content=\"https:\/\/www.facebook.com\/NajadaDiving\" \/>\n<meta property=\"article:modified_time\" content=\"2023-10-04T17:09:18+00:00\" \/>\n<meta name=\"twitter:card\" content=\"summary_large_image\" \/>\n<meta name=\"twitter:label1\" content=\"Est. reading time\" \/>\n\t<meta name=\"twitter:data1\" content=\"1 minute\" \/>\n<script type=\"application\/ld+json\" class=\"yoast-schema-graph\">{\"@context\":\"https:\/\/schema.org\",\"@graph\":[{\"@type\":\"WebPage\",\"@id\":\"https:\/\/www.najada.com\/word-press\/language\/de\/dn_vodnjak\/\",\"url\":\"https:\/\/www.najada.com\/word-press\/language\/de\/dn_vodnjak\/\",\"name\":\"dn_vodnjak - Najada diving\",\"isPartOf\":{\"@id\":\"https:\/\/www.najada.com\/word-press\/#website\"},\"datePublished\":\"2023-10-04T13:07:17+00:00\",\"dateModified\":\"2023-10-04T17:09:18+00:00\",\"breadcrumb\":{\"@id\":\"https:\/\/www.najada.com\/word-press\/language\/de\/dn_vodnjak\/#breadcrumb\"},\"inLanguage\":\"en-US\",\"potentialAction\":[{\"@type\":\"ReadAction\",\"target\":[\"https:\/\/www.najada.com\/word-press\/language\/de\/dn_vodnjak\/\"]}]},{\"@type\":\"BreadcrumbList\",\"@id\":\"https:\/\/www.najada.com\/word-press\/language\/de\/dn_vodnjak\/#breadcrumb\",\"itemListElement\":[{\"@type\":\"ListItem\",\"position\":1,\"name\":\"Startseite\",\"item\":\"https:\/\/www.najada.com\/word-press\/\"},{\"@type\":\"ListItem\",\"position\":2,\"name\":\"dn_vodnjak\"}]},{\"@type\":\"WebSite\",\"@id\":\"https:\/\/www.najada.com\/word-press\/#website\",\"url\":\"https:\/\/www.najada.com\/word-press\/\",\"name\":\"Najada diving\",\"description\":\"Tauchen in Kroatien \/ Diving in Croatia\",\"publisher\":{\"@id\":\"https:\/\/www.najada.com\/word-press\/#organization\"},\"potentialAction\":[{\"@type\":\"SearchAction\",\"target\":{\"@type\":\"EntryPoint\",\"urlTemplate\":\"https:\/\/www.najada.com\/word-press\/?s={search_term_string}\"},\"query-input\":\"required name=search_term_string\"}],\"inLanguage\":\"en-US\"},{\"@type\":\"Organization\",\"@id\":\"https:\/\/www.najada.com\/word-press\/#organization\",\"name\":\"Najada d.o.o.\",\"url\":\"https:\/\/www.najada.com\/word-press\/\",\"logo\":{\"@type\":\"ImageObject\",\"inLanguage\":\"en-US\",\"@id\":\"https:\/\/www.najada.com\/word-press\/#\/schema\/logo\/image\/\",\"url\":\"https:\/\/www.najada.com\/word-press\/wp-content\/uploads\/logonurnajada-Kopie.png\",\"contentUrl\":\"https:\/\/www.najada.com\/word-press\/wp-content\/uploads\/logonurnajada-Kopie.png\",\"width\":400,\"height\":405,\"caption\":\"Najada d.o.o.\"},\"image\":{\"@id\":\"https:\/\/www.najada.com\/word-press\/#\/schema\/logo\/image\/\"},\"sameAs\":[\"https:\/\/www.facebook.com\/NajadaDiving\",\"https:\/\/www.instagram.com\/najadadiving\/\",\"https:\/\/www.youtube.com\/user\/najadadiving\/videos\"]}]}<\/script>\n<!-- \/ Yoast SEO Premium plugin. -->","yoast_head_json":{"title":"dn_vodnjak - Najada diving","robots":{"index":"index","follow":"follow","max-snippet":"max-snippet:-1","max-image-preview":"max-image-preview:large","max-video-preview":"max-video-preview:-1"},"canonical":"https:\/\/www.najada.com\/word-press\/language\/de\/dn_vodnjak\/","og_locale":"en_US","og_type":"article","og_title":"dn_vodnjak","og_description":"VODNJAK \u00a0 \u00a0 \u00a0 Am GPS Punkt befindt sich eine Boje an einer Referenzleine (14m). Schwimm von der Boje Richtung NW. Nach ca. 30 Flossenschl\u00e4gen findest du den Abbruch (29m). Betauche ihn mit der rechten Schulter, ein risengro\u00dfer Anker (4,5m)steht dort an die Wand gelehnt.Entfernung von Murter: 5 MSchwierigkeitsgrad: mittel&lt;- ZUR\u00dcCK ZUR AUSWAHL On the [&hellip;]","og_url":"https:\/\/www.najada.com\/word-press\/language\/de\/dn_vodnjak\/","og_site_name":"Najada diving","article_publisher":"https:\/\/www.facebook.com\/NajadaDiving","article_modified_time":"2023-10-04T17:09:18+00:00","twitter_card":"summary_large_image","twitter_misc":{"Est. reading time":"1 minute"},"schema":{"@context":"https:\/\/schema.org","@graph":[{"@type":"WebPage","@id":"https:\/\/www.najada.com\/word-press\/language\/de\/dn_vodnjak\/","url":"https:\/\/www.najada.com\/word-press\/language\/de\/dn_vodnjak\/","name":"dn_vodnjak - Najada diving","isPartOf":{"@id":"https:\/\/www.najada.com\/word-press\/#website"},"datePublished":"2023-10-04T13:07:17+00:00","dateModified":"2023-10-04T17:09:18+00:00","breadcrumb":{"@id":"https:\/\/www.najada.com\/word-press\/language\/de\/dn_vodnjak\/#breadcrumb"},"inLanguage":"en-US","potentialAction":[{"@type":"ReadAction","target":["https:\/\/www.najada.com\/word-press\/language\/de\/dn_vodnjak\/"]}]},{"@type":"BreadcrumbList","@id":"https:\/\/www.najada.com\/word-press\/language\/de\/dn_vodnjak\/#breadcrumb","itemListElement":[{"@type":"ListItem","position":1,"name":"Startseite","item":"https:\/\/www.najada.com\/word-press\/"},{"@type":"ListItem","position":2,"name":"dn_vodnjak"}]},{"@type":"WebSite","@id":"https:\/\/www.najada.com\/word-press\/#website","url":"https:\/\/www.najada.com\/word-press\/","name":"Najada diving","description":"Tauchen in Kroatien \/ Diving in Croatia","publisher":{"@id":"https:\/\/www.najada.com\/word-press\/#organization"},"potentialAction":[{"@type":"SearchAction","target":{"@type":"EntryPoint","urlTemplate":"https:\/\/www.najada.com\/word-press\/?s={search_term_string}"},"query-input":"required name=search_term_string"}],"inLanguage":"en-US"},{"@type":"Organization","@id":"https:\/\/www.najada.com\/word-press\/#organization","name":"Najada d.o.o.","url":"https:\/\/www.najada.com\/word-press\/","logo":{"@type":"ImageObject","inLanguage":"en-US","@id":"https:\/\/www.najada.com\/word-press\/#\/schema\/logo\/image\/","url":"https:\/\/www.najada.com\/word-press\/wp-content\/uploads\/logonurnajada-Kopie.png","contentUrl":"https:\/\/www.najada.com\/word-press\/wp-content\/uploads\/logonurnajada-Kopie.png","width":400,"height":405,"caption":"Najada d.o.o."},"image":{"@id":"https:\/\/www.najada.com\/word-press\/#\/schema\/logo\/image\/"},"sameAs":["https:\/\/www.facebook.com\/NajadaDiving","https:\/\/www.instagram.com\/najadadiving\/","https:\/\/www.youtube.com\/user\/najadadiving\/videos"]}]}},"_links":{"self":[{"href":"https:\/\/www.najada.com\/word-press\/wp-json\/wp\/v2\/pages\/8433"}],"collection":[{"href":"https:\/\/www.najada.com\/word-press\/wp-json\/wp\/v2\/pages"}],"about":[{"href":"https:\/\/www.najada.com\/word-press\/wp-json\/wp\/v2\/types\/page"}],"author":[{"embeddable":true,"href":"https:\/\/www.najada.com\/word-press\/wp-json\/wp\/v2\/users\/1"}],"replies":[{"embeddable":true,"href":"https:\/\/www.najada.com\/word-press\/wp-json\/wp\/v2\/comments?post=8433"}],"version-history":[{"count":4,"href":"https:\/\/www.najada.com\/word-press\/wp-json\/wp\/v2\/pages\/8433\/revisions"}],"predecessor-version":[{"id":8452,"href":"https:\/\/www.najada.com\/word-press\/wp-json\/wp\/v2\/pages\/8433\/revisions\/8452"}],"wp:attachment":[{"href":"https:\/\/www.najada.com\/word-press\/wp-json\/wp\/v2\/media?parent=8433"}],"curies":[{"name":"wp","href":"https:\/\/api.w.org\/{rel}","templated":true}]}}