{"id":8426,"date":"2023-10-04T12:51:54","date_gmt":"2023-10-04T12:51:54","guid":{"rendered":"https:\/\/www.najada.com\/word-press\/?page_id=8426"},"modified":"2023-10-04T12:51:56","modified_gmt":"2023-10-04T12:51:56","slug":"dn_visovac","status":"publish","type":"page","link":"https:\/\/www.najada.com\/word-press\/language\/de\/dn_visovac\/","title":{"rendered":"dn_visovac"},"content":{"rendered":"\n<h2 id=\"h-visovac\">VISOVAC<\/h2>\n\n\n\n<h2 id=\"h-n-visov\"><div id=\"image-map-pro-6897\"><\/div> \u00a0 \u00a0 \u00a0<\/h2>\n\n\n\n<figure class=\"wp-block-table alignleft\"><table class=\"has-white-color has-text-color\"><tbody><tr><td class=\"has-text-align-left\" data-align=\"left\">Visovac ist die erste Insel westlich von Murter. Ein wei\u00dfer Stein markiert die Mitte des Tauchplatzes, der ca. 100x 100m gro\u00df ist. Das Gel\u00e4nde ist nur ca. 15 &#8211; 20m tief und durch einzelne \u00fcberwachsene Felsen charakterisiert. Hier wurden schon freischwimmende Konger, St. Peterfische und Sepias im Liebesspiel beobachtet. Ein sehr beliebter Platz f\u00fcr Nachttauchg\u00e4nge.<br>Entfernung von Murter: 2 M<br>Schwierigkeitsgrad: alle, ideal f\u00fcr Nachttauchgang<br><br><a href=\"https:\/\/www.najada.com\/word-press\/language\/de\/tauchplatz-menu\/\">&lt;- ZUR\u00dcCK ZUR AUSWAHL<\/a><\/td><td class=\"has-text-align-left\" data-align=\"left\">Leaving Murter in the westward direction, Visovac is the first island. Look for a white cubic stone on the east side, anchor in front of this stone. The dive site covers an area of approximately 100x100m and is nicely structured. A lot of interesting animals have been seen here, like Conger eels, Sepias, St. Peter\u2018s fish and more. Perfect night dive.<br>Distance from Murter: 2 M<br>Level: all, ideal for night dive<br><a href=\"https:\/\/www.najada.com\/word-press\/divesite_menu\/\">&lt;- BACK TO SELECTION<\/a><\/td><\/tr><\/tbody><\/table><\/figure>\n\n\n\n<p><\/p>\n\n\n\n<p class=\"has-text-align-left\"><\/p>\n","protected":false},"excerpt":{"rendered":"<p>VISOVAC \u00a0 \u00a0 \u00a0 Visovac ist die erste Insel westlich von Murter. Ein wei\u00dfer Stein markiert die Mitte des Tauchplatzes, der ca. 100x 100m gro\u00df ist. Das Gel\u00e4nde ist nur ca. 15 &#8211; 20m tief und durch einzelne \u00fcberwachsene Felsen charakterisiert. Hier wurden schon freischwimmende Konger, St. Peterfische und Sepias im Liebesspiel beobachtet. Ein sehr [&hellip;]<\/p>\n","protected":false},"author":1,"featured_media":0,"parent":0,"menu_order":0,"comment_status":"closed","ping_status":"closed","template":"","meta":{"ngg_post_thumbnail":0},"yoast_head":"<!-- This site is optimized with the Yoast SEO Premium plugin v20.2 (Yoast SEO v20.2) - https:\/\/yoast.com\/wordpress\/plugins\/seo\/ -->\n<title>dn_visovac - Najada diving<\/title>\n<meta name=\"robots\" content=\"index, follow, max-snippet:-1, max-image-preview:large, max-video-preview:-1\" \/>\n<link rel=\"canonical\" href=\"https:\/\/www.najada.com\/word-press\/language\/de\/dn_visovac\/\" \/>\n<meta property=\"og:locale\" content=\"en_US\" \/>\n<meta property=\"og:type\" content=\"article\" \/>\n<meta property=\"og:title\" content=\"dn_visovac\" \/>\n<meta property=\"og:description\" content=\"VISOVAC \u00a0 \u00a0 \u00a0 Visovac ist die erste Insel westlich von Murter. Ein wei\u00dfer Stein markiert die Mitte des Tauchplatzes, der ca. 100x 100m gro\u00df ist. Das Gel\u00e4nde ist nur ca. 15 &#8211; 20m tief und durch einzelne \u00fcberwachsene Felsen charakterisiert. Hier wurden schon freischwimmende Konger, St. Peterfische und Sepias im Liebesspiel beobachtet. Ein sehr [&hellip;]\" \/>\n<meta property=\"og:url\" content=\"https:\/\/www.najada.com\/word-press\/language\/de\/dn_visovac\/\" \/>\n<meta property=\"og:site_name\" content=\"Najada diving\" \/>\n<meta property=\"article:publisher\" content=\"https:\/\/www.facebook.com\/NajadaDiving\" \/>\n<meta property=\"article:modified_time\" content=\"2023-10-04T12:51:56+00:00\" \/>\n<meta name=\"twitter:card\" content=\"summary_large_image\" \/>\n<meta name=\"twitter:label1\" content=\"Est. reading time\" \/>\n\t<meta name=\"twitter:data1\" content=\"1 minute\" \/>\n<script type=\"application\/ld+json\" class=\"yoast-schema-graph\">{\"@context\":\"https:\/\/schema.org\",\"@graph\":[{\"@type\":\"WebPage\",\"@id\":\"https:\/\/www.najada.com\/word-press\/language\/de\/dn_visovac\/\",\"url\":\"https:\/\/www.najada.com\/word-press\/language\/de\/dn_visovac\/\",\"name\":\"dn_visovac - Najada diving\",\"isPartOf\":{\"@id\":\"https:\/\/www.najada.com\/word-press\/#website\"},\"datePublished\":\"2023-10-04T12:51:54+00:00\",\"dateModified\":\"2023-10-04T12:51:56+00:00\",\"breadcrumb\":{\"@id\":\"https:\/\/www.najada.com\/word-press\/language\/de\/dn_visovac\/#breadcrumb\"},\"inLanguage\":\"en-US\",\"potentialAction\":[{\"@type\":\"ReadAction\",\"target\":[\"https:\/\/www.najada.com\/word-press\/language\/de\/dn_visovac\/\"]}]},{\"@type\":\"BreadcrumbList\",\"@id\":\"https:\/\/www.najada.com\/word-press\/language\/de\/dn_visovac\/#breadcrumb\",\"itemListElement\":[{\"@type\":\"ListItem\",\"position\":1,\"name\":\"Startseite\",\"item\":\"https:\/\/www.najada.com\/word-press\/\"},{\"@type\":\"ListItem\",\"position\":2,\"name\":\"dn_visovac\"}]},{\"@type\":\"WebSite\",\"@id\":\"https:\/\/www.najada.com\/word-press\/#website\",\"url\":\"https:\/\/www.najada.com\/word-press\/\",\"name\":\"Najada diving\",\"description\":\"Tauchen in Kroatien \/ Diving in Croatia\",\"publisher\":{\"@id\":\"https:\/\/www.najada.com\/word-press\/#organization\"},\"potentialAction\":[{\"@type\":\"SearchAction\",\"target\":{\"@type\":\"EntryPoint\",\"urlTemplate\":\"https:\/\/www.najada.com\/word-press\/?s={search_term_string}\"},\"query-input\":\"required name=search_term_string\"}],\"inLanguage\":\"en-US\"},{\"@type\":\"Organization\",\"@id\":\"https:\/\/www.najada.com\/word-press\/#organization\",\"name\":\"Najada d.o.o.\",\"url\":\"https:\/\/www.najada.com\/word-press\/\",\"logo\":{\"@type\":\"ImageObject\",\"inLanguage\":\"en-US\",\"@id\":\"https:\/\/www.najada.com\/word-press\/#\/schema\/logo\/image\/\",\"url\":\"https:\/\/www.najada.com\/word-press\/wp-content\/uploads\/logonurnajada-Kopie.png\",\"contentUrl\":\"https:\/\/www.najada.com\/word-press\/wp-content\/uploads\/logonurnajada-Kopie.png\",\"width\":400,\"height\":405,\"caption\":\"Najada d.o.o.\"},\"image\":{\"@id\":\"https:\/\/www.najada.com\/word-press\/#\/schema\/logo\/image\/\"},\"sameAs\":[\"https:\/\/www.facebook.com\/NajadaDiving\",\"https:\/\/www.instagram.com\/najadadiving\/\",\"https:\/\/www.youtube.com\/user\/najadadiving\/videos\"]}]}<\/script>\n<!-- \/ Yoast SEO Premium plugin. -->","yoast_head_json":{"title":"dn_visovac - Najada diving","robots":{"index":"index","follow":"follow","max-snippet":"max-snippet:-1","max-image-preview":"max-image-preview:large","max-video-preview":"max-video-preview:-1"},"canonical":"https:\/\/www.najada.com\/word-press\/language\/de\/dn_visovac\/","og_locale":"en_US","og_type":"article","og_title":"dn_visovac","og_description":"VISOVAC \u00a0 \u00a0 \u00a0 Visovac ist die erste Insel westlich von Murter. Ein wei\u00dfer Stein markiert die Mitte des Tauchplatzes, der ca. 100x 100m gro\u00df ist. Das Gel\u00e4nde ist nur ca. 15 &#8211; 20m tief und durch einzelne \u00fcberwachsene Felsen charakterisiert. Hier wurden schon freischwimmende Konger, St. Peterfische und Sepias im Liebesspiel beobachtet. Ein sehr [&hellip;]","og_url":"https:\/\/www.najada.com\/word-press\/language\/de\/dn_visovac\/","og_site_name":"Najada diving","article_publisher":"https:\/\/www.facebook.com\/NajadaDiving","article_modified_time":"2023-10-04T12:51:56+00:00","twitter_card":"summary_large_image","twitter_misc":{"Est. reading time":"1 minute"},"schema":{"@context":"https:\/\/schema.org","@graph":[{"@type":"WebPage","@id":"https:\/\/www.najada.com\/word-press\/language\/de\/dn_visovac\/","url":"https:\/\/www.najada.com\/word-press\/language\/de\/dn_visovac\/","name":"dn_visovac - Najada diving","isPartOf":{"@id":"https:\/\/www.najada.com\/word-press\/#website"},"datePublished":"2023-10-04T12:51:54+00:00","dateModified":"2023-10-04T12:51:56+00:00","breadcrumb":{"@id":"https:\/\/www.najada.com\/word-press\/language\/de\/dn_visovac\/#breadcrumb"},"inLanguage":"en-US","potentialAction":[{"@type":"ReadAction","target":["https:\/\/www.najada.com\/word-press\/language\/de\/dn_visovac\/"]}]},{"@type":"BreadcrumbList","@id":"https:\/\/www.najada.com\/word-press\/language\/de\/dn_visovac\/#breadcrumb","itemListElement":[{"@type":"ListItem","position":1,"name":"Startseite","item":"https:\/\/www.najada.com\/word-press\/"},{"@type":"ListItem","position":2,"name":"dn_visovac"}]},{"@type":"WebSite","@id":"https:\/\/www.najada.com\/word-press\/#website","url":"https:\/\/www.najada.com\/word-press\/","name":"Najada diving","description":"Tauchen in Kroatien \/ Diving in Croatia","publisher":{"@id":"https:\/\/www.najada.com\/word-press\/#organization"},"potentialAction":[{"@type":"SearchAction","target":{"@type":"EntryPoint","urlTemplate":"https:\/\/www.najada.com\/word-press\/?s={search_term_string}"},"query-input":"required name=search_term_string"}],"inLanguage":"en-US"},{"@type":"Organization","@id":"https:\/\/www.najada.com\/word-press\/#organization","name":"Najada d.o.o.","url":"https:\/\/www.najada.com\/word-press\/","logo":{"@type":"ImageObject","inLanguage":"en-US","@id":"https:\/\/www.najada.com\/word-press\/#\/schema\/logo\/image\/","url":"https:\/\/www.najada.com\/word-press\/wp-content\/uploads\/logonurnajada-Kopie.png","contentUrl":"https:\/\/www.najada.com\/word-press\/wp-content\/uploads\/logonurnajada-Kopie.png","width":400,"height":405,"caption":"Najada d.o.o."},"image":{"@id":"https:\/\/www.najada.com\/word-press\/#\/schema\/logo\/image\/"},"sameAs":["https:\/\/www.facebook.com\/NajadaDiving","https:\/\/www.instagram.com\/najadadiving\/","https:\/\/www.youtube.com\/user\/najadadiving\/videos"]}]}},"_links":{"self":[{"href":"https:\/\/www.najada.com\/word-press\/wp-json\/wp\/v2\/pages\/8426"}],"collection":[{"href":"https:\/\/www.najada.com\/word-press\/wp-json\/wp\/v2\/pages"}],"about":[{"href":"https:\/\/www.najada.com\/word-press\/wp-json\/wp\/v2\/types\/page"}],"author":[{"embeddable":true,"href":"https:\/\/www.najada.com\/word-press\/wp-json\/wp\/v2\/users\/1"}],"replies":[{"embeddable":true,"href":"https:\/\/www.najada.com\/word-press\/wp-json\/wp\/v2\/comments?post=8426"}],"version-history":[{"count":1,"href":"https:\/\/www.najada.com\/word-press\/wp-json\/wp\/v2\/pages\/8426\/revisions"}],"predecessor-version":[{"id":8427,"href":"https:\/\/www.najada.com\/word-press\/wp-json\/wp\/v2\/pages\/8426\/revisions\/8427"}],"wp:attachment":[{"href":"https:\/\/www.najada.com\/word-press\/wp-json\/wp\/v2\/media?parent=8426"}],"curies":[{"name":"wp","href":"https:\/\/api.w.org\/{rel}","templated":true}]}}