{"id":8421,"date":"2023-10-04T12:26:47","date_gmt":"2023-10-04T12:26:47","guid":{"rendered":"https:\/\/www.najada.com\/word-press\/?page_id=8421"},"modified":"2023-10-04T12:27:38","modified_gmt":"2023-10-04T12:27:38","slug":"dn_triplice","status":"publish","type":"page","link":"https:\/\/www.najada.com\/word-press\/language\/de\/dn_triplice\/","title":{"rendered":"dn_triplice"},"content":{"rendered":"\n<h2 id=\"h-triplice\">TRIPLICE<\/h2>\n\n\n\n<h2 id=\"h-n-tripl\"><div id=\"image-map-pro-1793\"><\/div> &nbsp; &nbsp; &nbsp;<\/h2>\n\n\n\n<figure class=\"wp-block-table alignleft\"><table class=\"has-white-color has-text-color\"><tbody><tr><td class=\"has-text-align-left\" data-align=\"left\">Am H\u00fcgel ankern und dann in Richtung der beiden Babuljasis schwimmen. Der obere Bereich ist leicht zu betauchen, aber nicht aufregend. Der dichte Bewuchs von Gorgonien beginnt bei 35m, nur f\u00fcr erfahrene Taucher. Manchmal starke Str\u00f6mung.<br>Entfernung von Murter: 11 M<br>Schwierigkeitsgrad: erfahrene<br><br><a href=\"https:\/\/www.najada.com\/word-press\/language\/de\/tauchplatz-menu\/\">&lt;- ZUR\u00dcCK ZUR AUSWAHL<\/a><\/td><td class=\"has-text-align-left\" data-align=\"left\">Go to top of the hill, swim in direction between the two Babuljasis. The top of the hill is easy to dive, but not exciting. The Gorgonian start at app. 35m and are only for experienced divers. Sometimes reasonable current.<br>Distace from Murter: 11 M<br>Levels: experienced<br><a href=\"https:\/\/www.najada.com\/word-press\/divesite_menu\/\">&lt;- BACK TO SELECTION<\/a><\/td><\/tr><\/tbody><\/table><\/figure>\n\n\n\n<p><\/p>\n\n\n\n<p class=\"has-text-align-left\"><\/p>\n","protected":false},"excerpt":{"rendered":"<p>TRIPLICE &nbsp; &nbsp; &nbsp; Am H\u00fcgel ankern und dann in Richtung der beiden Babuljasis schwimmen. Der obere Bereich ist leicht zu betauchen, aber nicht aufregend. Der dichte Bewuchs von Gorgonien beginnt bei 35m, nur f\u00fcr erfahrene Taucher. Manchmal starke Str\u00f6mung.Entfernung von Murter: 11 MSchwierigkeitsgrad: erfahrene &lt;- ZUR\u00dcCK ZUR AUSWAHL Go to top of the hill, [&hellip;]<\/p>\n","protected":false},"author":1,"featured_media":0,"parent":0,"menu_order":0,"comment_status":"closed","ping_status":"closed","template":"","meta":{"ngg_post_thumbnail":0},"yoast_head":"<!-- This site is optimized with the Yoast SEO Premium plugin v20.2 (Yoast SEO v20.2) - https:\/\/yoast.com\/wordpress\/plugins\/seo\/ -->\n<title>dn_triplice - Najada diving<\/title>\n<meta name=\"robots\" content=\"index, follow, max-snippet:-1, max-image-preview:large, max-video-preview:-1\" \/>\n<link rel=\"canonical\" href=\"https:\/\/www.najada.com\/word-press\/language\/de\/dn_triplice\/\" \/>\n<meta property=\"og:locale\" content=\"en_US\" \/>\n<meta property=\"og:type\" content=\"article\" \/>\n<meta property=\"og:title\" content=\"dn_triplice\" \/>\n<meta property=\"og:description\" content=\"TRIPLICE &nbsp; &nbsp; &nbsp; Am H\u00fcgel ankern und dann in Richtung der beiden Babuljasis schwimmen. Der obere Bereich ist leicht zu betauchen, aber nicht aufregend. Der dichte Bewuchs von Gorgonien beginnt bei 35m, nur f\u00fcr erfahrene Taucher. Manchmal starke Str\u00f6mung.Entfernung von Murter: 11 MSchwierigkeitsgrad: erfahrene &lt;- ZUR\u00dcCK ZUR AUSWAHL Go to top of the hill, [&hellip;]\" \/>\n<meta property=\"og:url\" content=\"https:\/\/www.najada.com\/word-press\/language\/de\/dn_triplice\/\" \/>\n<meta property=\"og:site_name\" content=\"Najada diving\" \/>\n<meta property=\"article:publisher\" content=\"https:\/\/www.facebook.com\/NajadaDiving\" \/>\n<meta property=\"article:modified_time\" content=\"2023-10-04T12:27:38+00:00\" \/>\n<meta name=\"twitter:card\" content=\"summary_large_image\" \/>\n<meta name=\"twitter:label1\" content=\"Est. reading time\" \/>\n\t<meta name=\"twitter:data1\" content=\"1 minute\" \/>\n<script type=\"application\/ld+json\" class=\"yoast-schema-graph\">{\"@context\":\"https:\/\/schema.org\",\"@graph\":[{\"@type\":\"WebPage\",\"@id\":\"https:\/\/www.najada.com\/word-press\/language\/de\/dn_triplice\/\",\"url\":\"https:\/\/www.najada.com\/word-press\/language\/de\/dn_triplice\/\",\"name\":\"dn_triplice - Najada diving\",\"isPartOf\":{\"@id\":\"https:\/\/www.najada.com\/word-press\/#website\"},\"datePublished\":\"2023-10-04T12:26:47+00:00\",\"dateModified\":\"2023-10-04T12:27:38+00:00\",\"breadcrumb\":{\"@id\":\"https:\/\/www.najada.com\/word-press\/language\/de\/dn_triplice\/#breadcrumb\"},\"inLanguage\":\"en-US\",\"potentialAction\":[{\"@type\":\"ReadAction\",\"target\":[\"https:\/\/www.najada.com\/word-press\/language\/de\/dn_triplice\/\"]}]},{\"@type\":\"BreadcrumbList\",\"@id\":\"https:\/\/www.najada.com\/word-press\/language\/de\/dn_triplice\/#breadcrumb\",\"itemListElement\":[{\"@type\":\"ListItem\",\"position\":1,\"name\":\"Startseite\",\"item\":\"https:\/\/www.najada.com\/word-press\/\"},{\"@type\":\"ListItem\",\"position\":2,\"name\":\"dn_triplice\"}]},{\"@type\":\"WebSite\",\"@id\":\"https:\/\/www.najada.com\/word-press\/#website\",\"url\":\"https:\/\/www.najada.com\/word-press\/\",\"name\":\"Najada diving\",\"description\":\"Tauchen in Kroatien \/ Diving in Croatia\",\"publisher\":{\"@id\":\"https:\/\/www.najada.com\/word-press\/#organization\"},\"potentialAction\":[{\"@type\":\"SearchAction\",\"target\":{\"@type\":\"EntryPoint\",\"urlTemplate\":\"https:\/\/www.najada.com\/word-press\/?s={search_term_string}\"},\"query-input\":\"required name=search_term_string\"}],\"inLanguage\":\"en-US\"},{\"@type\":\"Organization\",\"@id\":\"https:\/\/www.najada.com\/word-press\/#organization\",\"name\":\"Najada d.o.o.\",\"url\":\"https:\/\/www.najada.com\/word-press\/\",\"logo\":{\"@type\":\"ImageObject\",\"inLanguage\":\"en-US\",\"@id\":\"https:\/\/www.najada.com\/word-press\/#\/schema\/logo\/image\/\",\"url\":\"https:\/\/www.najada.com\/word-press\/wp-content\/uploads\/logonurnajada-Kopie.png\",\"contentUrl\":\"https:\/\/www.najada.com\/word-press\/wp-content\/uploads\/logonurnajada-Kopie.png\",\"width\":400,\"height\":405,\"caption\":\"Najada d.o.o.\"},\"image\":{\"@id\":\"https:\/\/www.najada.com\/word-press\/#\/schema\/logo\/image\/\"},\"sameAs\":[\"https:\/\/www.facebook.com\/NajadaDiving\",\"https:\/\/www.instagram.com\/najadadiving\/\",\"https:\/\/www.youtube.com\/user\/najadadiving\/videos\"]}]}<\/script>\n<!-- \/ Yoast SEO Premium plugin. -->","yoast_head_json":{"title":"dn_triplice - Najada diving","robots":{"index":"index","follow":"follow","max-snippet":"max-snippet:-1","max-image-preview":"max-image-preview:large","max-video-preview":"max-video-preview:-1"},"canonical":"https:\/\/www.najada.com\/word-press\/language\/de\/dn_triplice\/","og_locale":"en_US","og_type":"article","og_title":"dn_triplice","og_description":"TRIPLICE &nbsp; &nbsp; &nbsp; Am H\u00fcgel ankern und dann in Richtung der beiden Babuljasis schwimmen. Der obere Bereich ist leicht zu betauchen, aber nicht aufregend. Der dichte Bewuchs von Gorgonien beginnt bei 35m, nur f\u00fcr erfahrene Taucher. Manchmal starke Str\u00f6mung.Entfernung von Murter: 11 MSchwierigkeitsgrad: erfahrene &lt;- ZUR\u00dcCK ZUR AUSWAHL Go to top of the hill, [&hellip;]","og_url":"https:\/\/www.najada.com\/word-press\/language\/de\/dn_triplice\/","og_site_name":"Najada diving","article_publisher":"https:\/\/www.facebook.com\/NajadaDiving","article_modified_time":"2023-10-04T12:27:38+00:00","twitter_card":"summary_large_image","twitter_misc":{"Est. reading time":"1 minute"},"schema":{"@context":"https:\/\/schema.org","@graph":[{"@type":"WebPage","@id":"https:\/\/www.najada.com\/word-press\/language\/de\/dn_triplice\/","url":"https:\/\/www.najada.com\/word-press\/language\/de\/dn_triplice\/","name":"dn_triplice - Najada diving","isPartOf":{"@id":"https:\/\/www.najada.com\/word-press\/#website"},"datePublished":"2023-10-04T12:26:47+00:00","dateModified":"2023-10-04T12:27:38+00:00","breadcrumb":{"@id":"https:\/\/www.najada.com\/word-press\/language\/de\/dn_triplice\/#breadcrumb"},"inLanguage":"en-US","potentialAction":[{"@type":"ReadAction","target":["https:\/\/www.najada.com\/word-press\/language\/de\/dn_triplice\/"]}]},{"@type":"BreadcrumbList","@id":"https:\/\/www.najada.com\/word-press\/language\/de\/dn_triplice\/#breadcrumb","itemListElement":[{"@type":"ListItem","position":1,"name":"Startseite","item":"https:\/\/www.najada.com\/word-press\/"},{"@type":"ListItem","position":2,"name":"dn_triplice"}]},{"@type":"WebSite","@id":"https:\/\/www.najada.com\/word-press\/#website","url":"https:\/\/www.najada.com\/word-press\/","name":"Najada diving","description":"Tauchen in Kroatien \/ Diving in Croatia","publisher":{"@id":"https:\/\/www.najada.com\/word-press\/#organization"},"potentialAction":[{"@type":"SearchAction","target":{"@type":"EntryPoint","urlTemplate":"https:\/\/www.najada.com\/word-press\/?s={search_term_string}"},"query-input":"required name=search_term_string"}],"inLanguage":"en-US"},{"@type":"Organization","@id":"https:\/\/www.najada.com\/word-press\/#organization","name":"Najada d.o.o.","url":"https:\/\/www.najada.com\/word-press\/","logo":{"@type":"ImageObject","inLanguage":"en-US","@id":"https:\/\/www.najada.com\/word-press\/#\/schema\/logo\/image\/","url":"https:\/\/www.najada.com\/word-press\/wp-content\/uploads\/logonurnajada-Kopie.png","contentUrl":"https:\/\/www.najada.com\/word-press\/wp-content\/uploads\/logonurnajada-Kopie.png","width":400,"height":405,"caption":"Najada d.o.o."},"image":{"@id":"https:\/\/www.najada.com\/word-press\/#\/schema\/logo\/image\/"},"sameAs":["https:\/\/www.facebook.com\/NajadaDiving","https:\/\/www.instagram.com\/najadadiving\/","https:\/\/www.youtube.com\/user\/najadadiving\/videos"]}]}},"_links":{"self":[{"href":"https:\/\/www.najada.com\/word-press\/wp-json\/wp\/v2\/pages\/8421"}],"collection":[{"href":"https:\/\/www.najada.com\/word-press\/wp-json\/wp\/v2\/pages"}],"about":[{"href":"https:\/\/www.najada.com\/word-press\/wp-json\/wp\/v2\/types\/page"}],"author":[{"embeddable":true,"href":"https:\/\/www.najada.com\/word-press\/wp-json\/wp\/v2\/users\/1"}],"replies":[{"embeddable":true,"href":"https:\/\/www.najada.com\/word-press\/wp-json\/wp\/v2\/comments?post=8421"}],"version-history":[{"count":2,"href":"https:\/\/www.najada.com\/word-press\/wp-json\/wp\/v2\/pages\/8421\/revisions"}],"predecessor-version":[{"id":8423,"href":"https:\/\/www.najada.com\/word-press\/wp-json\/wp\/v2\/pages\/8421\/revisions\/8423"}],"wp:attachment":[{"href":"https:\/\/www.najada.com\/word-press\/wp-json\/wp\/v2\/media?parent=8421"}],"curies":[{"name":"wp","href":"https:\/\/api.w.org\/{rel}","templated":true}]}}