{"id":8412,"date":"2023-10-04T12:09:41","date_gmt":"2023-10-04T12:09:41","guid":{"rendered":"https:\/\/www.najada.com\/word-press\/?page_id=8412"},"modified":"2023-10-04T12:14:59","modified_gmt":"2023-10-04T12:14:59","slug":"dn_stuka","status":"publish","type":"page","link":"https:\/\/www.najada.com\/word-press\/language\/de\/dn_stuka\/","title":{"rendered":"dn_stuka"},"content":{"rendered":"\n<h2 id=\"h-stuka\">STUKA<\/h2>\n\n\n\n<h2 id=\"h-n-stuka\"><div id=\"image-map-pro-3903\"><\/div> &nbsp; &nbsp; &nbsp;<\/h2>\n\n\n\n<figure class=\"wp-block-table alignleft\"><table class=\"has-white-color has-text-color\"><tbody><tr><td class=\"has-text-align-left\" data-align=\"left\">Die Junkers 87 war ein deutsches Kampfflugzeug, das im 2. Weltkrieg zum pr\u00e4zisen Bombenangriff entwickelt wurde. Die Besatzung bestand aus dem Piloten und dem Hecksch\u00fctzen.<br>Es wurde von der Jugoslavischen Flugabwehr am 1. April 1941 w\u00e4hrend eines Angriffs auf \u0160ibenik abgeschossen.<br>Insgesamt wurden 5.709 St\u00fcck dieses Typs produziert. Zwei gut erhaltene Exemplare befinden sich in Museen in Chicago und London. Weitere drei wurden am Meeresgrund gefunden, dieses ist das am besten erhaltene. Es wurde von Apnoe Tauchern im Sept. 2014 gefunden. Da das Kabinendach abgeworfen war, geht man von der Annahe aus, dass sich die Mannschaft mit Fallschirm retten konnte.<br>Der Motor fand sich in einer benachbarten Bucht, wurde jedoch inzwischen zum Flugzeug zur\u00fcckgebracht. Das Mashcinengewehr und die Instrumentenkonsole befinden sich im Museum in Zirje und wurden restauriert.<br>Entfernung von Murter: 13 M<br>Schwierigkeitsgrad: alle<br><br><a href=\"https:\/\/www.najada.com\/word-press\/language\/de\/tauchplatz-menu\/\">&lt;- ZUR\u00dcCK ZUR AUSWAHL<\/a><\/td><td class=\"has-text-align-left\" data-align=\"left\">The Junkers Ju 87 or Stuka (from Sturzkampfflugzeug, \u201edive bomber\u201c) was a two-man (pilot and rear gunner) German dive bomber and ground-attack aircraft. It wa s shot down on the 1.April 1941 by anti-aircraft defence of the Kingdom of Jugoslavia while attacking \u0160ibenik.<br>5.709 pcs of \u201e\u0160tuka\u201c were produced, two are completly preserved; in the museums of Chicago and London.Three are found underwater and this one is in the best condition<br>It was found after 73 years by spear fishers September 2014.<br>The pilot was forced to land on sea and obviously the crew survived, since the cabin was found open.The whole plain was found in good condition, except the engine, that was for some time in a bay nearby. The machinegun and instrument console were taken out for restauration and conservation and will be in the future in a museum on the island of \u017dirije. The motor is meanwhile transported back and lies next to the plane<br>Distance from Murter: 13 M<br>Level: all<br><a href=\"https:\/\/www.najada.com\/word-press\/divesite_menu\/\">&lt;- BACK TO SELECTION<\/a><\/td><\/tr><\/tbody><\/table><\/figure>\n\n\n\n<p><\/p>\n\n\n\n<p class=\"has-text-align-left\"><\/p>\n","protected":false},"excerpt":{"rendered":"<p>STUKA &nbsp; &nbsp; &nbsp; Die Junkers 87 war ein deutsches Kampfflugzeug, das im 2. Weltkrieg zum pr\u00e4zisen Bombenangriff entwickelt wurde. Die Besatzung bestand aus dem Piloten und dem Hecksch\u00fctzen.Es wurde von der Jugoslavischen Flugabwehr am 1. April 1941 w\u00e4hrend eines Angriffs auf \u0160ibenik abgeschossen.Insgesamt wurden 5.709 St\u00fcck dieses Typs produziert. Zwei gut erhaltene Exemplare befinden [&hellip;]<\/p>\n","protected":false},"author":1,"featured_media":0,"parent":0,"menu_order":0,"comment_status":"closed","ping_status":"closed","template":"","meta":{"ngg_post_thumbnail":0},"yoast_head":"<!-- This site is optimized with the Yoast SEO Premium plugin v20.2 (Yoast SEO v20.2) - https:\/\/yoast.com\/wordpress\/plugins\/seo\/ -->\n<title>dn_stuka - Najada diving<\/title>\n<meta name=\"robots\" content=\"index, follow, max-snippet:-1, max-image-preview:large, max-video-preview:-1\" \/>\n<link rel=\"canonical\" href=\"https:\/\/www.najada.com\/word-press\/language\/de\/dn_stuka\/\" \/>\n<meta property=\"og:locale\" content=\"en_US\" \/>\n<meta property=\"og:type\" content=\"article\" \/>\n<meta property=\"og:title\" content=\"dn_stuka\" \/>\n<meta property=\"og:description\" content=\"STUKA &nbsp; &nbsp; &nbsp; Die Junkers 87 war ein deutsches Kampfflugzeug, das im 2. Weltkrieg zum pr\u00e4zisen Bombenangriff entwickelt wurde. Die Besatzung bestand aus dem Piloten und dem Hecksch\u00fctzen.Es wurde von der Jugoslavischen Flugabwehr am 1. April 1941 w\u00e4hrend eines Angriffs auf \u0160ibenik abgeschossen.Insgesamt wurden 5.709 St\u00fcck dieses Typs produziert. Zwei gut erhaltene Exemplare befinden [&hellip;]\" \/>\n<meta property=\"og:url\" content=\"https:\/\/www.najada.com\/word-press\/language\/de\/dn_stuka\/\" \/>\n<meta property=\"og:site_name\" content=\"Najada diving\" \/>\n<meta property=\"article:publisher\" content=\"https:\/\/www.facebook.com\/NajadaDiving\" \/>\n<meta property=\"article:modified_time\" content=\"2023-10-04T12:14:59+00:00\" \/>\n<meta name=\"twitter:card\" content=\"summary_large_image\" \/>\n<meta name=\"twitter:label1\" content=\"Est. reading time\" \/>\n\t<meta name=\"twitter:data1\" content=\"2 minutes\" \/>\n<script type=\"application\/ld+json\" class=\"yoast-schema-graph\">{\"@context\":\"https:\/\/schema.org\",\"@graph\":[{\"@type\":\"WebPage\",\"@id\":\"https:\/\/www.najada.com\/word-press\/language\/de\/dn_stuka\/\",\"url\":\"https:\/\/www.najada.com\/word-press\/language\/de\/dn_stuka\/\",\"name\":\"dn_stuka - Najada diving\",\"isPartOf\":{\"@id\":\"https:\/\/www.najada.com\/word-press\/#website\"},\"datePublished\":\"2023-10-04T12:09:41+00:00\",\"dateModified\":\"2023-10-04T12:14:59+00:00\",\"breadcrumb\":{\"@id\":\"https:\/\/www.najada.com\/word-press\/language\/de\/dn_stuka\/#breadcrumb\"},\"inLanguage\":\"en-US\",\"potentialAction\":[{\"@type\":\"ReadAction\",\"target\":[\"https:\/\/www.najada.com\/word-press\/language\/de\/dn_stuka\/\"]}]},{\"@type\":\"BreadcrumbList\",\"@id\":\"https:\/\/www.najada.com\/word-press\/language\/de\/dn_stuka\/#breadcrumb\",\"itemListElement\":[{\"@type\":\"ListItem\",\"position\":1,\"name\":\"Startseite\",\"item\":\"https:\/\/www.najada.com\/word-press\/\"},{\"@type\":\"ListItem\",\"position\":2,\"name\":\"dn_stuka\"}]},{\"@type\":\"WebSite\",\"@id\":\"https:\/\/www.najada.com\/word-press\/#website\",\"url\":\"https:\/\/www.najada.com\/word-press\/\",\"name\":\"Najada diving\",\"description\":\"Tauchen in Kroatien \/ Diving in Croatia\",\"publisher\":{\"@id\":\"https:\/\/www.najada.com\/word-press\/#organization\"},\"potentialAction\":[{\"@type\":\"SearchAction\",\"target\":{\"@type\":\"EntryPoint\",\"urlTemplate\":\"https:\/\/www.najada.com\/word-press\/?s={search_term_string}\"},\"query-input\":\"required name=search_term_string\"}],\"inLanguage\":\"en-US\"},{\"@type\":\"Organization\",\"@id\":\"https:\/\/www.najada.com\/word-press\/#organization\",\"name\":\"Najada d.o.o.\",\"url\":\"https:\/\/www.najada.com\/word-press\/\",\"logo\":{\"@type\":\"ImageObject\",\"inLanguage\":\"en-US\",\"@id\":\"https:\/\/www.najada.com\/word-press\/#\/schema\/logo\/image\/\",\"url\":\"https:\/\/www.najada.com\/word-press\/wp-content\/uploads\/logonurnajada-Kopie.png\",\"contentUrl\":\"https:\/\/www.najada.com\/word-press\/wp-content\/uploads\/logonurnajada-Kopie.png\",\"width\":400,\"height\":405,\"caption\":\"Najada d.o.o.\"},\"image\":{\"@id\":\"https:\/\/www.najada.com\/word-press\/#\/schema\/logo\/image\/\"},\"sameAs\":[\"https:\/\/www.facebook.com\/NajadaDiving\",\"https:\/\/www.instagram.com\/najadadiving\/\",\"https:\/\/www.youtube.com\/user\/najadadiving\/videos\"]}]}<\/script>\n<!-- \/ Yoast SEO Premium plugin. -->","yoast_head_json":{"title":"dn_stuka - Najada diving","robots":{"index":"index","follow":"follow","max-snippet":"max-snippet:-1","max-image-preview":"max-image-preview:large","max-video-preview":"max-video-preview:-1"},"canonical":"https:\/\/www.najada.com\/word-press\/language\/de\/dn_stuka\/","og_locale":"en_US","og_type":"article","og_title":"dn_stuka","og_description":"STUKA &nbsp; &nbsp; &nbsp; Die Junkers 87 war ein deutsches Kampfflugzeug, das im 2. Weltkrieg zum pr\u00e4zisen Bombenangriff entwickelt wurde. Die Besatzung bestand aus dem Piloten und dem Hecksch\u00fctzen.Es wurde von der Jugoslavischen Flugabwehr am 1. April 1941 w\u00e4hrend eines Angriffs auf \u0160ibenik abgeschossen.Insgesamt wurden 5.709 St\u00fcck dieses Typs produziert. Zwei gut erhaltene Exemplare befinden [&hellip;]","og_url":"https:\/\/www.najada.com\/word-press\/language\/de\/dn_stuka\/","og_site_name":"Najada diving","article_publisher":"https:\/\/www.facebook.com\/NajadaDiving","article_modified_time":"2023-10-04T12:14:59+00:00","twitter_card":"summary_large_image","twitter_misc":{"Est. reading time":"2 minutes"},"schema":{"@context":"https:\/\/schema.org","@graph":[{"@type":"WebPage","@id":"https:\/\/www.najada.com\/word-press\/language\/de\/dn_stuka\/","url":"https:\/\/www.najada.com\/word-press\/language\/de\/dn_stuka\/","name":"dn_stuka - Najada diving","isPartOf":{"@id":"https:\/\/www.najada.com\/word-press\/#website"},"datePublished":"2023-10-04T12:09:41+00:00","dateModified":"2023-10-04T12:14:59+00:00","breadcrumb":{"@id":"https:\/\/www.najada.com\/word-press\/language\/de\/dn_stuka\/#breadcrumb"},"inLanguage":"en-US","potentialAction":[{"@type":"ReadAction","target":["https:\/\/www.najada.com\/word-press\/language\/de\/dn_stuka\/"]}]},{"@type":"BreadcrumbList","@id":"https:\/\/www.najada.com\/word-press\/language\/de\/dn_stuka\/#breadcrumb","itemListElement":[{"@type":"ListItem","position":1,"name":"Startseite","item":"https:\/\/www.najada.com\/word-press\/"},{"@type":"ListItem","position":2,"name":"dn_stuka"}]},{"@type":"WebSite","@id":"https:\/\/www.najada.com\/word-press\/#website","url":"https:\/\/www.najada.com\/word-press\/","name":"Najada diving","description":"Tauchen in Kroatien \/ Diving in Croatia","publisher":{"@id":"https:\/\/www.najada.com\/word-press\/#organization"},"potentialAction":[{"@type":"SearchAction","target":{"@type":"EntryPoint","urlTemplate":"https:\/\/www.najada.com\/word-press\/?s={search_term_string}"},"query-input":"required name=search_term_string"}],"inLanguage":"en-US"},{"@type":"Organization","@id":"https:\/\/www.najada.com\/word-press\/#organization","name":"Najada d.o.o.","url":"https:\/\/www.najada.com\/word-press\/","logo":{"@type":"ImageObject","inLanguage":"en-US","@id":"https:\/\/www.najada.com\/word-press\/#\/schema\/logo\/image\/","url":"https:\/\/www.najada.com\/word-press\/wp-content\/uploads\/logonurnajada-Kopie.png","contentUrl":"https:\/\/www.najada.com\/word-press\/wp-content\/uploads\/logonurnajada-Kopie.png","width":400,"height":405,"caption":"Najada d.o.o."},"image":{"@id":"https:\/\/www.najada.com\/word-press\/#\/schema\/logo\/image\/"},"sameAs":["https:\/\/www.facebook.com\/NajadaDiving","https:\/\/www.instagram.com\/najadadiving\/","https:\/\/www.youtube.com\/user\/najadadiving\/videos"]}]}},"_links":{"self":[{"href":"https:\/\/www.najada.com\/word-press\/wp-json\/wp\/v2\/pages\/8412"}],"collection":[{"href":"https:\/\/www.najada.com\/word-press\/wp-json\/wp\/v2\/pages"}],"about":[{"href":"https:\/\/www.najada.com\/word-press\/wp-json\/wp\/v2\/types\/page"}],"author":[{"embeddable":true,"href":"https:\/\/www.najada.com\/word-press\/wp-json\/wp\/v2\/users\/1"}],"replies":[{"embeddable":true,"href":"https:\/\/www.najada.com\/word-press\/wp-json\/wp\/v2\/comments?post=8412"}],"version-history":[{"count":2,"href":"https:\/\/www.najada.com\/word-press\/wp-json\/wp\/v2\/pages\/8412\/revisions"}],"predecessor-version":[{"id":8414,"href":"https:\/\/www.najada.com\/word-press\/wp-json\/wp\/v2\/pages\/8412\/revisions\/8414"}],"wp:attachment":[{"href":"https:\/\/www.najada.com\/word-press\/wp-json\/wp\/v2\/media?parent=8412"}],"curies":[{"name":"wp","href":"https:\/\/api.w.org\/{rel}","templated":true}]}}