{"id":8377,"date":"2023-10-04T09:34:14","date_gmt":"2023-10-04T09:34:14","guid":{"rendered":"https:\/\/www.najada.com\/word-press\/?page_id=8377"},"modified":"2023-10-04T09:34:16","modified_gmt":"2023-10-04T09:34:16","slug":"dn_plicgrmeni","status":"publish","type":"page","link":"https:\/\/www.najada.com\/word-press\/language\/de\/dn_plicgrmeni\/","title":{"rendered":"dn_plicgrmeni"},"content":{"rendered":"\n<h2 id=\"h-plic-grmeni\">PLIC GRMENI<\/h2>\n\n\n<div id=\"image-map-pro-1519\"><\/div>\n\n\n\n<p><\/p>\n\n\n\n<figure class=\"wp-block-table is-style-regular\"><table class=\"has-white-color has-text-color has-fixed-layout\"><tbody><tr><td class=\"has-text-align-left\" data-align=\"left\">Ein Unterwasserh\u00fcgel, der bis 5m an die Oberfl\u00e4che emporkommt. Vom GPS Punkt schwimm Richtung O, auf 24m findest du den Abbruch. Tauche die leicht \u00fcberh\u00e4ngende Wand in die Tiefe. Auf 42m siehst du die \u00dcberreste eines ca. 35m langen Schiffs. Alle Holzteile sind verschwunden, bizarre Metallteile bedecken den Boden. Links und rechts des Wracks befinden sich wundersch\u00f6ne Gorgonienh\u00fcgel. Die Wand selbst ist mit Schwefelschw\u00e4mmen bedeckt.<br>Entfernung von Murter: 15 M<br>Schwierigkeitsrad:alle, Wrack &amp; Gorgonien erfahren, tek<\/td><td class=\"has-text-align-left\" data-align=\"left\">Towards E from the GPS point, the drop-off is in 24m. Dive down the slightly overhanging wall. On 42m you see the remainings of an approximately 35m long ship. All wooden parts are rotten, but many metal parts are lying around. Left and right of the wreck are impressive Gorgonian hills. The wall itself is full with sulphur sponges.<br>Distance from Murter: 15 M<br>Level: all levels, wreck &amp; gorgonian for experienced, tec<\/td><\/tr><tr><td class=\"has-text-align-left\" data-align=\"left\"><a href=\"https:\/\/www.najada.com\/word-press\/language\/de\/tauchplatz-menu\/\">&lt;- ZUR\u00dcCK ZUR AUSWAHL<\/a><\/td><td class=\"has-text-align-left\" data-align=\"left\"><a href=\"https:\/\/www.najada.com\/word-press\/divesite_menu\/\">&lt;- BACK TO SELECTION<\/a><\/td><\/tr><\/tbody><\/table><\/figure>\n","protected":false},"excerpt":{"rendered":"<p>PLIC GRMENI Ein Unterwasserh\u00fcgel, der bis 5m an die Oberfl\u00e4che emporkommt. Vom GPS Punkt schwimm Richtung O, auf 24m findest du den Abbruch. Tauche die leicht \u00fcberh\u00e4ngende Wand in die Tiefe. Auf 42m siehst du die \u00dcberreste eines ca. 35m langen Schiffs. Alle Holzteile sind verschwunden, bizarre Metallteile bedecken den Boden. Links und rechts des [&hellip;]<\/p>\n","protected":false},"author":1,"featured_media":0,"parent":0,"menu_order":0,"comment_status":"closed","ping_status":"closed","template":"","meta":{"ngg_post_thumbnail":0},"yoast_head":"<!-- This site is optimized with the Yoast SEO Premium plugin v20.2 (Yoast SEO v20.2) - https:\/\/yoast.com\/wordpress\/plugins\/seo\/ -->\n<title>dn_plicgrmeni - Najada diving<\/title>\n<meta name=\"robots\" content=\"index, follow, max-snippet:-1, max-image-preview:large, max-video-preview:-1\" \/>\n<link rel=\"canonical\" href=\"https:\/\/www.najada.com\/word-press\/language\/de\/dn_plicgrmeni\/\" \/>\n<meta property=\"og:locale\" content=\"en_US\" \/>\n<meta property=\"og:type\" content=\"article\" \/>\n<meta property=\"og:title\" content=\"dn_plicgrmeni\" \/>\n<meta property=\"og:description\" content=\"PLIC GRMENI Ein Unterwasserh\u00fcgel, der bis 5m an die Oberfl\u00e4che emporkommt. Vom GPS Punkt schwimm Richtung O, auf 24m findest du den Abbruch. Tauche die leicht \u00fcberh\u00e4ngende Wand in die Tiefe. Auf 42m siehst du die \u00dcberreste eines ca. 35m langen Schiffs. Alle Holzteile sind verschwunden, bizarre Metallteile bedecken den Boden. Links und rechts des [&hellip;]\" \/>\n<meta property=\"og:url\" content=\"https:\/\/www.najada.com\/word-press\/language\/de\/dn_plicgrmeni\/\" \/>\n<meta property=\"og:site_name\" content=\"Najada diving\" \/>\n<meta property=\"article:publisher\" content=\"https:\/\/www.facebook.com\/NajadaDiving\" \/>\n<meta property=\"article:modified_time\" content=\"2023-10-04T09:34:16+00:00\" \/>\n<meta name=\"twitter:card\" content=\"summary_large_image\" \/>\n<meta name=\"twitter:label1\" content=\"Est. reading time\" \/>\n\t<meta name=\"twitter:data1\" content=\"1 minute\" \/>\n<script type=\"application\/ld+json\" class=\"yoast-schema-graph\">{\"@context\":\"https:\/\/schema.org\",\"@graph\":[{\"@type\":\"WebPage\",\"@id\":\"https:\/\/www.najada.com\/word-press\/language\/de\/dn_plicgrmeni\/\",\"url\":\"https:\/\/www.najada.com\/word-press\/language\/de\/dn_plicgrmeni\/\",\"name\":\"dn_plicgrmeni - Najada diving\",\"isPartOf\":{\"@id\":\"https:\/\/www.najada.com\/word-press\/#website\"},\"datePublished\":\"2023-10-04T09:34:14+00:00\",\"dateModified\":\"2023-10-04T09:34:16+00:00\",\"breadcrumb\":{\"@id\":\"https:\/\/www.najada.com\/word-press\/language\/de\/dn_plicgrmeni\/#breadcrumb\"},\"inLanguage\":\"en-US\",\"potentialAction\":[{\"@type\":\"ReadAction\",\"target\":[\"https:\/\/www.najada.com\/word-press\/language\/de\/dn_plicgrmeni\/\"]}]},{\"@type\":\"BreadcrumbList\",\"@id\":\"https:\/\/www.najada.com\/word-press\/language\/de\/dn_plicgrmeni\/#breadcrumb\",\"itemListElement\":[{\"@type\":\"ListItem\",\"position\":1,\"name\":\"Startseite\",\"item\":\"https:\/\/www.najada.com\/word-press\/\"},{\"@type\":\"ListItem\",\"position\":2,\"name\":\"dn_plicgrmeni\"}]},{\"@type\":\"WebSite\",\"@id\":\"https:\/\/www.najada.com\/word-press\/#website\",\"url\":\"https:\/\/www.najada.com\/word-press\/\",\"name\":\"Najada diving\",\"description\":\"Tauchen in Kroatien \/ Diving in Croatia\",\"publisher\":{\"@id\":\"https:\/\/www.najada.com\/word-press\/#organization\"},\"potentialAction\":[{\"@type\":\"SearchAction\",\"target\":{\"@type\":\"EntryPoint\",\"urlTemplate\":\"https:\/\/www.najada.com\/word-press\/?s={search_term_string}\"},\"query-input\":\"required name=search_term_string\"}],\"inLanguage\":\"en-US\"},{\"@type\":\"Organization\",\"@id\":\"https:\/\/www.najada.com\/word-press\/#organization\",\"name\":\"Najada d.o.o.\",\"url\":\"https:\/\/www.najada.com\/word-press\/\",\"logo\":{\"@type\":\"ImageObject\",\"inLanguage\":\"en-US\",\"@id\":\"https:\/\/www.najada.com\/word-press\/#\/schema\/logo\/image\/\",\"url\":\"https:\/\/www.najada.com\/word-press\/wp-content\/uploads\/logonurnajada-Kopie.png\",\"contentUrl\":\"https:\/\/www.najada.com\/word-press\/wp-content\/uploads\/logonurnajada-Kopie.png\",\"width\":400,\"height\":405,\"caption\":\"Najada d.o.o.\"},\"image\":{\"@id\":\"https:\/\/www.najada.com\/word-press\/#\/schema\/logo\/image\/\"},\"sameAs\":[\"https:\/\/www.facebook.com\/NajadaDiving\",\"https:\/\/www.instagram.com\/najadadiving\/\",\"https:\/\/www.youtube.com\/user\/najadadiving\/videos\"]}]}<\/script>\n<!-- \/ Yoast SEO Premium plugin. -->","yoast_head_json":{"title":"dn_plicgrmeni - Najada diving","robots":{"index":"index","follow":"follow","max-snippet":"max-snippet:-1","max-image-preview":"max-image-preview:large","max-video-preview":"max-video-preview:-1"},"canonical":"https:\/\/www.najada.com\/word-press\/language\/de\/dn_plicgrmeni\/","og_locale":"en_US","og_type":"article","og_title":"dn_plicgrmeni","og_description":"PLIC GRMENI Ein Unterwasserh\u00fcgel, der bis 5m an die Oberfl\u00e4che emporkommt. Vom GPS Punkt schwimm Richtung O, auf 24m findest du den Abbruch. Tauche die leicht \u00fcberh\u00e4ngende Wand in die Tiefe. Auf 42m siehst du die \u00dcberreste eines ca. 35m langen Schiffs. Alle Holzteile sind verschwunden, bizarre Metallteile bedecken den Boden. Links und rechts des [&hellip;]","og_url":"https:\/\/www.najada.com\/word-press\/language\/de\/dn_plicgrmeni\/","og_site_name":"Najada diving","article_publisher":"https:\/\/www.facebook.com\/NajadaDiving","article_modified_time":"2023-10-04T09:34:16+00:00","twitter_card":"summary_large_image","twitter_misc":{"Est. reading time":"1 minute"},"schema":{"@context":"https:\/\/schema.org","@graph":[{"@type":"WebPage","@id":"https:\/\/www.najada.com\/word-press\/language\/de\/dn_plicgrmeni\/","url":"https:\/\/www.najada.com\/word-press\/language\/de\/dn_plicgrmeni\/","name":"dn_plicgrmeni - Najada diving","isPartOf":{"@id":"https:\/\/www.najada.com\/word-press\/#website"},"datePublished":"2023-10-04T09:34:14+00:00","dateModified":"2023-10-04T09:34:16+00:00","breadcrumb":{"@id":"https:\/\/www.najada.com\/word-press\/language\/de\/dn_plicgrmeni\/#breadcrumb"},"inLanguage":"en-US","potentialAction":[{"@type":"ReadAction","target":["https:\/\/www.najada.com\/word-press\/language\/de\/dn_plicgrmeni\/"]}]},{"@type":"BreadcrumbList","@id":"https:\/\/www.najada.com\/word-press\/language\/de\/dn_plicgrmeni\/#breadcrumb","itemListElement":[{"@type":"ListItem","position":1,"name":"Startseite","item":"https:\/\/www.najada.com\/word-press\/"},{"@type":"ListItem","position":2,"name":"dn_plicgrmeni"}]},{"@type":"WebSite","@id":"https:\/\/www.najada.com\/word-press\/#website","url":"https:\/\/www.najada.com\/word-press\/","name":"Najada diving","description":"Tauchen in Kroatien \/ Diving in Croatia","publisher":{"@id":"https:\/\/www.najada.com\/word-press\/#organization"},"potentialAction":[{"@type":"SearchAction","target":{"@type":"EntryPoint","urlTemplate":"https:\/\/www.najada.com\/word-press\/?s={search_term_string}"},"query-input":"required name=search_term_string"}],"inLanguage":"en-US"},{"@type":"Organization","@id":"https:\/\/www.najada.com\/word-press\/#organization","name":"Najada d.o.o.","url":"https:\/\/www.najada.com\/word-press\/","logo":{"@type":"ImageObject","inLanguage":"en-US","@id":"https:\/\/www.najada.com\/word-press\/#\/schema\/logo\/image\/","url":"https:\/\/www.najada.com\/word-press\/wp-content\/uploads\/logonurnajada-Kopie.png","contentUrl":"https:\/\/www.najada.com\/word-press\/wp-content\/uploads\/logonurnajada-Kopie.png","width":400,"height":405,"caption":"Najada d.o.o."},"image":{"@id":"https:\/\/www.najada.com\/word-press\/#\/schema\/logo\/image\/"},"sameAs":["https:\/\/www.facebook.com\/NajadaDiving","https:\/\/www.instagram.com\/najadadiving\/","https:\/\/www.youtube.com\/user\/najadadiving\/videos"]}]}},"_links":{"self":[{"href":"https:\/\/www.najada.com\/word-press\/wp-json\/wp\/v2\/pages\/8377"}],"collection":[{"href":"https:\/\/www.najada.com\/word-press\/wp-json\/wp\/v2\/pages"}],"about":[{"href":"https:\/\/www.najada.com\/word-press\/wp-json\/wp\/v2\/types\/page"}],"author":[{"embeddable":true,"href":"https:\/\/www.najada.com\/word-press\/wp-json\/wp\/v2\/users\/1"}],"replies":[{"embeddable":true,"href":"https:\/\/www.najada.com\/word-press\/wp-json\/wp\/v2\/comments?post=8377"}],"version-history":[{"count":1,"href":"https:\/\/www.najada.com\/word-press\/wp-json\/wp\/v2\/pages\/8377\/revisions"}],"predecessor-version":[{"id":8378,"href":"https:\/\/www.najada.com\/word-press\/wp-json\/wp\/v2\/pages\/8377\/revisions\/8378"}],"wp:attachment":[{"href":"https:\/\/www.najada.com\/word-press\/wp-json\/wp\/v2\/media?parent=8377"}],"curies":[{"name":"wp","href":"https:\/\/api.w.org\/{rel}","templated":true}]}}