{"id":8339,"date":"2023-10-02T11:39:01","date_gmt":"2023-10-02T11:39:01","guid":{"rendered":"https:\/\/www.najada.com\/word-press\/?page_id=8339"},"modified":"2023-10-02T11:43:31","modified_gmt":"2023-10-02T11:43:31","slug":"dn_mana","status":"publish","type":"page","link":"https:\/\/www.najada.com\/word-press\/language\/de\/dn_mana\/","title":{"rendered":"dn_mana"},"content":{"rendered":"\n<h2 id=\"h-mana\">MANA<\/h2>\n\n\n<div id=\"image-map-pro-793\"><\/div>\n\n\n\n<p><\/p>\n\n\n\n<figure class=\"wp-block-table is-style-regular\"><table class=\"has-white-color has-text-color has-fixed-layout\"><tbody><tr><td class=\"has-text-align-left\" data-align=\"left\">Mana ist durch Ruinen am Gipfel des Felsens unverwechselbar gekennzeichnet. Sie haben angeblich als Filmkulisse gedient. Am Fu\u00dfe des Felsens zieht sich eine Felsnase Richtung SW, die sich unter Wasser fortsetzt und in eine dicht bewachsene Wand abbricht. Schwefelschw\u00e4mme wachsen bis knapp zur Oberfl\u00e4che. Felsspalten und kleine \u00dcberh\u00e4nge machen den Platz auch f\u00fcr Anf\u00e4nger attraktiv.<br>Entfernung von Murter: 18 M<br>Schwierigkeitsgrad: alle<\/td><td class=\"has-text-align-left\" data-align=\"left\">On the top of a rock you see the remains of an old stone village, on the bottom a ridge continues under water to SW. Go down along the ridge and swim back left shoulder. The upper part is covered with yellow sulfur sponges, nice cracks and little caverns, that make the site attactive for beginners. Down the wall the growth changes to yellow and red gorgonian.<br>Distance from Murter: 18 M<br>Levels: all<\/td><\/tr><tr><td class=\"has-text-align-left\" data-align=\"left\"><a href=\"https:\/\/www.najada.com\/word-press\/language\/de\/tauchplatz-menu\/\">&lt;- ZUR\u00dcCK ZUR AUSWAHL<\/a><\/td><td class=\"has-text-align-left\" data-align=\"left\"><a href=\"https:\/\/www.najada.com\/word-press\/divesite_menu\/\">&lt;- BACK TO SELECTION<\/a><\/td><\/tr><\/tbody><\/table><\/figure>\n","protected":false},"excerpt":{"rendered":"<p>MANA Mana ist durch Ruinen am Gipfel des Felsens unverwechselbar gekennzeichnet. Sie haben angeblich als Filmkulisse gedient. Am Fu\u00dfe des Felsens zieht sich eine Felsnase Richtung SW, die sich unter Wasser fortsetzt und in eine dicht bewachsene Wand abbricht. Schwefelschw\u00e4mme wachsen bis knapp zur Oberfl\u00e4che. Felsspalten und kleine \u00dcberh\u00e4nge machen den Platz auch f\u00fcr Anf\u00e4nger [&hellip;]<\/p>\n","protected":false},"author":1,"featured_media":0,"parent":0,"menu_order":0,"comment_status":"closed","ping_status":"closed","template":"","meta":{"ngg_post_thumbnail":0},"yoast_head":"<!-- This site is optimized with the Yoast SEO Premium plugin v20.2 (Yoast SEO v20.2) - https:\/\/yoast.com\/wordpress\/plugins\/seo\/ -->\n<title>dn_mana - Najada diving<\/title>\n<meta name=\"robots\" content=\"index, follow, max-snippet:-1, max-image-preview:large, max-video-preview:-1\" \/>\n<link rel=\"canonical\" href=\"https:\/\/www.najada.com\/word-press\/language\/de\/dn_mana\/\" \/>\n<meta property=\"og:locale\" content=\"en_US\" \/>\n<meta property=\"og:type\" content=\"article\" \/>\n<meta property=\"og:title\" content=\"dn_mana\" \/>\n<meta property=\"og:description\" content=\"MANA Mana ist durch Ruinen am Gipfel des Felsens unverwechselbar gekennzeichnet. Sie haben angeblich als Filmkulisse gedient. Am Fu\u00dfe des Felsens zieht sich eine Felsnase Richtung SW, die sich unter Wasser fortsetzt und in eine dicht bewachsene Wand abbricht. Schwefelschw\u00e4mme wachsen bis knapp zur Oberfl\u00e4che. Felsspalten und kleine \u00dcberh\u00e4nge machen den Platz auch f\u00fcr Anf\u00e4nger [&hellip;]\" \/>\n<meta property=\"og:url\" content=\"https:\/\/www.najada.com\/word-press\/language\/de\/dn_mana\/\" \/>\n<meta property=\"og:site_name\" content=\"Najada diving\" \/>\n<meta property=\"article:publisher\" content=\"https:\/\/www.facebook.com\/NajadaDiving\" \/>\n<meta property=\"article:modified_time\" content=\"2023-10-02T11:43:31+00:00\" \/>\n<meta name=\"twitter:card\" content=\"summary_large_image\" \/>\n<meta name=\"twitter:label1\" content=\"Est. reading time\" \/>\n\t<meta name=\"twitter:data1\" content=\"1 minute\" \/>\n<script type=\"application\/ld+json\" class=\"yoast-schema-graph\">{\"@context\":\"https:\/\/schema.org\",\"@graph\":[{\"@type\":\"WebPage\",\"@id\":\"https:\/\/www.najada.com\/word-press\/language\/de\/dn_mana\/\",\"url\":\"https:\/\/www.najada.com\/word-press\/language\/de\/dn_mana\/\",\"name\":\"dn_mana - Najada diving\",\"isPartOf\":{\"@id\":\"https:\/\/www.najada.com\/word-press\/#website\"},\"datePublished\":\"2023-10-02T11:39:01+00:00\",\"dateModified\":\"2023-10-02T11:43:31+00:00\",\"breadcrumb\":{\"@id\":\"https:\/\/www.najada.com\/word-press\/language\/de\/dn_mana\/#breadcrumb\"},\"inLanguage\":\"en-US\",\"potentialAction\":[{\"@type\":\"ReadAction\",\"target\":[\"https:\/\/www.najada.com\/word-press\/language\/de\/dn_mana\/\"]}]},{\"@type\":\"BreadcrumbList\",\"@id\":\"https:\/\/www.najada.com\/word-press\/language\/de\/dn_mana\/#breadcrumb\",\"itemListElement\":[{\"@type\":\"ListItem\",\"position\":1,\"name\":\"Startseite\",\"item\":\"https:\/\/www.najada.com\/word-press\/\"},{\"@type\":\"ListItem\",\"position\":2,\"name\":\"dn_mana\"}]},{\"@type\":\"WebSite\",\"@id\":\"https:\/\/www.najada.com\/word-press\/#website\",\"url\":\"https:\/\/www.najada.com\/word-press\/\",\"name\":\"Najada diving\",\"description\":\"Tauchen in Kroatien \/ Diving in Croatia\",\"publisher\":{\"@id\":\"https:\/\/www.najada.com\/word-press\/#organization\"},\"potentialAction\":[{\"@type\":\"SearchAction\",\"target\":{\"@type\":\"EntryPoint\",\"urlTemplate\":\"https:\/\/www.najada.com\/word-press\/?s={search_term_string}\"},\"query-input\":\"required name=search_term_string\"}],\"inLanguage\":\"en-US\"},{\"@type\":\"Organization\",\"@id\":\"https:\/\/www.najada.com\/word-press\/#organization\",\"name\":\"Najada d.o.o.\",\"url\":\"https:\/\/www.najada.com\/word-press\/\",\"logo\":{\"@type\":\"ImageObject\",\"inLanguage\":\"en-US\",\"@id\":\"https:\/\/www.najada.com\/word-press\/#\/schema\/logo\/image\/\",\"url\":\"https:\/\/www.najada.com\/word-press\/wp-content\/uploads\/logonurnajada-Kopie.png\",\"contentUrl\":\"https:\/\/www.najada.com\/word-press\/wp-content\/uploads\/logonurnajada-Kopie.png\",\"width\":400,\"height\":405,\"caption\":\"Najada d.o.o.\"},\"image\":{\"@id\":\"https:\/\/www.najada.com\/word-press\/#\/schema\/logo\/image\/\"},\"sameAs\":[\"https:\/\/www.facebook.com\/NajadaDiving\",\"https:\/\/www.instagram.com\/najadadiving\/\",\"https:\/\/www.youtube.com\/user\/najadadiving\/videos\"]}]}<\/script>\n<!-- \/ Yoast SEO Premium plugin. -->","yoast_head_json":{"title":"dn_mana - Najada diving","robots":{"index":"index","follow":"follow","max-snippet":"max-snippet:-1","max-image-preview":"max-image-preview:large","max-video-preview":"max-video-preview:-1"},"canonical":"https:\/\/www.najada.com\/word-press\/language\/de\/dn_mana\/","og_locale":"en_US","og_type":"article","og_title":"dn_mana","og_description":"MANA Mana ist durch Ruinen am Gipfel des Felsens unverwechselbar gekennzeichnet. Sie haben angeblich als Filmkulisse gedient. Am Fu\u00dfe des Felsens zieht sich eine Felsnase Richtung SW, die sich unter Wasser fortsetzt und in eine dicht bewachsene Wand abbricht. Schwefelschw\u00e4mme wachsen bis knapp zur Oberfl\u00e4che. Felsspalten und kleine \u00dcberh\u00e4nge machen den Platz auch f\u00fcr Anf\u00e4nger [&hellip;]","og_url":"https:\/\/www.najada.com\/word-press\/language\/de\/dn_mana\/","og_site_name":"Najada diving","article_publisher":"https:\/\/www.facebook.com\/NajadaDiving","article_modified_time":"2023-10-02T11:43:31+00:00","twitter_card":"summary_large_image","twitter_misc":{"Est. reading time":"1 minute"},"schema":{"@context":"https:\/\/schema.org","@graph":[{"@type":"WebPage","@id":"https:\/\/www.najada.com\/word-press\/language\/de\/dn_mana\/","url":"https:\/\/www.najada.com\/word-press\/language\/de\/dn_mana\/","name":"dn_mana - Najada diving","isPartOf":{"@id":"https:\/\/www.najada.com\/word-press\/#website"},"datePublished":"2023-10-02T11:39:01+00:00","dateModified":"2023-10-02T11:43:31+00:00","breadcrumb":{"@id":"https:\/\/www.najada.com\/word-press\/language\/de\/dn_mana\/#breadcrumb"},"inLanguage":"en-US","potentialAction":[{"@type":"ReadAction","target":["https:\/\/www.najada.com\/word-press\/language\/de\/dn_mana\/"]}]},{"@type":"BreadcrumbList","@id":"https:\/\/www.najada.com\/word-press\/language\/de\/dn_mana\/#breadcrumb","itemListElement":[{"@type":"ListItem","position":1,"name":"Startseite","item":"https:\/\/www.najada.com\/word-press\/"},{"@type":"ListItem","position":2,"name":"dn_mana"}]},{"@type":"WebSite","@id":"https:\/\/www.najada.com\/word-press\/#website","url":"https:\/\/www.najada.com\/word-press\/","name":"Najada diving","description":"Tauchen in Kroatien \/ Diving in Croatia","publisher":{"@id":"https:\/\/www.najada.com\/word-press\/#organization"},"potentialAction":[{"@type":"SearchAction","target":{"@type":"EntryPoint","urlTemplate":"https:\/\/www.najada.com\/word-press\/?s={search_term_string}"},"query-input":"required name=search_term_string"}],"inLanguage":"en-US"},{"@type":"Organization","@id":"https:\/\/www.najada.com\/word-press\/#organization","name":"Najada d.o.o.","url":"https:\/\/www.najada.com\/word-press\/","logo":{"@type":"ImageObject","inLanguage":"en-US","@id":"https:\/\/www.najada.com\/word-press\/#\/schema\/logo\/image\/","url":"https:\/\/www.najada.com\/word-press\/wp-content\/uploads\/logonurnajada-Kopie.png","contentUrl":"https:\/\/www.najada.com\/word-press\/wp-content\/uploads\/logonurnajada-Kopie.png","width":400,"height":405,"caption":"Najada d.o.o."},"image":{"@id":"https:\/\/www.najada.com\/word-press\/#\/schema\/logo\/image\/"},"sameAs":["https:\/\/www.facebook.com\/NajadaDiving","https:\/\/www.instagram.com\/najadadiving\/","https:\/\/www.youtube.com\/user\/najadadiving\/videos"]}]}},"_links":{"self":[{"href":"https:\/\/www.najada.com\/word-press\/wp-json\/wp\/v2\/pages\/8339"}],"collection":[{"href":"https:\/\/www.najada.com\/word-press\/wp-json\/wp\/v2\/pages"}],"about":[{"href":"https:\/\/www.najada.com\/word-press\/wp-json\/wp\/v2\/types\/page"}],"author":[{"embeddable":true,"href":"https:\/\/www.najada.com\/word-press\/wp-json\/wp\/v2\/users\/1"}],"replies":[{"embeddable":true,"href":"https:\/\/www.najada.com\/word-press\/wp-json\/wp\/v2\/comments?post=8339"}],"version-history":[{"count":3,"href":"https:\/\/www.najada.com\/word-press\/wp-json\/wp\/v2\/pages\/8339\/revisions"}],"predecessor-version":[{"id":8342,"href":"https:\/\/www.najada.com\/word-press\/wp-json\/wp\/v2\/pages\/8339\/revisions\/8342"}],"wp:attachment":[{"href":"https:\/\/www.najada.com\/word-press\/wp-json\/wp\/v2\/media?parent=8339"}],"curies":[{"name":"wp","href":"https:\/\/api.w.org\/{rel}","templated":true}]}}