{"id":8308,"date":"2023-09-30T12:50:02","date_gmt":"2023-09-30T12:50:02","guid":{"rendered":"https:\/\/www.najada.com\/word-press\/?page_id=8308"},"modified":"2023-09-30T12:52:27","modified_gmt":"2023-09-30T12:52:27","slug":"dn_kornateast","status":"publish","type":"page","link":"https:\/\/www.najada.com\/word-press\/language\/de\/dn_kornateast\/","title":{"rendered":"dn_kornateast"},"content":{"rendered":"\n<h2 id=\"h-kornat-east\">KORNAT EAST<\/h2>\n\n\n<div id=\"image-map-pro-7530\"><\/div>\n\n\n\n<p><\/p>\n\n\n\n<figure class=\"wp-block-table is-style-regular\"><table class=\"has-white-color has-text-color has-fixed-layout\"><tbody><tr><td class=\"has-text-align-left\" data-align=\"left\">Ca. 100m N vom Eingang zu den Kornaten befindet sich eine kleine Bucht. In 10-15m findest du ein Plateau mit einem sch\u00f6n bewachsenen Drop-Off. Der Boden ist nicht so tief wie in den anderen Kornaten Steilw\u00e4nden. Hier k\u00f6nnen auch Anf\u00e4nger entspannt die ersten Erfahrungen in Wandtauchen sammeln. Ein interessanter Felsspalt und eine H\u00f6hle in 40 m sind die Highlights dieses Tauchgangs. Wir machen den Tauchgang oft als \u201eStr\u00f6mungstauchgang.\u201c<br>Entfernung von Murter: 8 M<br>Schwierigkeitsgrad: alle, H\u00f6hle nur f\u00fcr erfahrene Taucher<\/td><td class=\"has-text-align-left\" data-align=\"left\">Some 100m northward from the entrance to Kornati National Park you will fnd a small bay. In 10-15m a narrow plateau stretches along the wall. The vegetation starts immediatly beyond the drop-off. The bottom is shallower than the usual \u201cdeep blue\u201d of the Kornati walls. All together the ideal spot to familiarise also unexperienced divers with the excitement of wall diving. We perform the dive usually as a drift dive. You pass a nice crack, after the crack there is a cave in 40m !!! Only for experienced.<br>Distance from Murter: 8 M<br>Level: all, cave for experienced only<\/td><\/tr><tr><td class=\"has-text-align-left\" data-align=\"left\"><a href=\"https:\/\/www.najada.com\/word-press\/language\/de\/tauchplatz-menu\/\">&lt;- ZUR\u00dcCK ZUR AUSWAHL<\/a><\/td><td class=\"has-text-align-left\" data-align=\"left\"><a href=\"https:\/\/www.najada.com\/word-press\/divesite_menu\/\">&lt;- BACK TO SELECTION<\/a><\/td><\/tr><\/tbody><\/table><\/figure>\n","protected":false},"excerpt":{"rendered":"<p>KORNAT EAST Ca. 100m N vom Eingang zu den Kornaten befindet sich eine kleine Bucht. In 10-15m findest du ein Plateau mit einem sch\u00f6n bewachsenen Drop-Off. Der Boden ist nicht so tief wie in den anderen Kornaten Steilw\u00e4nden. Hier k\u00f6nnen auch Anf\u00e4nger entspannt die ersten Erfahrungen in Wandtauchen sammeln. Ein interessanter Felsspalt und eine H\u00f6hle [&hellip;]<\/p>\n","protected":false},"author":1,"featured_media":0,"parent":0,"menu_order":0,"comment_status":"closed","ping_status":"closed","template":"","meta":{"ngg_post_thumbnail":0},"yoast_head":"<!-- This site is optimized with the Yoast SEO Premium plugin v20.2 (Yoast SEO v20.2) - https:\/\/yoast.com\/wordpress\/plugins\/seo\/ -->\n<title>dn_kornateast - Najada diving<\/title>\n<meta name=\"robots\" content=\"index, follow, max-snippet:-1, max-image-preview:large, max-video-preview:-1\" \/>\n<link rel=\"canonical\" href=\"https:\/\/www.najada.com\/word-press\/language\/de\/dn_kornateast\/\" \/>\n<meta property=\"og:locale\" content=\"en_US\" \/>\n<meta property=\"og:type\" content=\"article\" \/>\n<meta property=\"og:title\" content=\"dn_kornateast\" \/>\n<meta property=\"og:description\" content=\"KORNAT EAST Ca. 100m N vom Eingang zu den Kornaten befindet sich eine kleine Bucht. In 10-15m findest du ein Plateau mit einem sch\u00f6n bewachsenen Drop-Off. Der Boden ist nicht so tief wie in den anderen Kornaten Steilw\u00e4nden. Hier k\u00f6nnen auch Anf\u00e4nger entspannt die ersten Erfahrungen in Wandtauchen sammeln. Ein interessanter Felsspalt und eine H\u00f6hle [&hellip;]\" \/>\n<meta property=\"og:url\" content=\"https:\/\/www.najada.com\/word-press\/language\/de\/dn_kornateast\/\" \/>\n<meta property=\"og:site_name\" content=\"Najada diving\" \/>\n<meta property=\"article:publisher\" content=\"https:\/\/www.facebook.com\/NajadaDiving\" \/>\n<meta property=\"article:modified_time\" content=\"2023-09-30T12:52:27+00:00\" \/>\n<meta name=\"twitter:card\" content=\"summary_large_image\" \/>\n<meta name=\"twitter:label1\" content=\"Est. reading time\" \/>\n\t<meta name=\"twitter:data1\" content=\"2 minutes\" \/>\n<script type=\"application\/ld+json\" class=\"yoast-schema-graph\">{\"@context\":\"https:\/\/schema.org\",\"@graph\":[{\"@type\":\"WebPage\",\"@id\":\"https:\/\/www.najada.com\/word-press\/language\/de\/dn_kornateast\/\",\"url\":\"https:\/\/www.najada.com\/word-press\/language\/de\/dn_kornateast\/\",\"name\":\"dn_kornateast - Najada diving\",\"isPartOf\":{\"@id\":\"https:\/\/www.najada.com\/word-press\/#website\"},\"datePublished\":\"2023-09-30T12:50:02+00:00\",\"dateModified\":\"2023-09-30T12:52:27+00:00\",\"breadcrumb\":{\"@id\":\"https:\/\/www.najada.com\/word-press\/language\/de\/dn_kornateast\/#breadcrumb\"},\"inLanguage\":\"en-US\",\"potentialAction\":[{\"@type\":\"ReadAction\",\"target\":[\"https:\/\/www.najada.com\/word-press\/language\/de\/dn_kornateast\/\"]}]},{\"@type\":\"BreadcrumbList\",\"@id\":\"https:\/\/www.najada.com\/word-press\/language\/de\/dn_kornateast\/#breadcrumb\",\"itemListElement\":[{\"@type\":\"ListItem\",\"position\":1,\"name\":\"Startseite\",\"item\":\"https:\/\/www.najada.com\/word-press\/\"},{\"@type\":\"ListItem\",\"position\":2,\"name\":\"dn_kornateast\"}]},{\"@type\":\"WebSite\",\"@id\":\"https:\/\/www.najada.com\/word-press\/#website\",\"url\":\"https:\/\/www.najada.com\/word-press\/\",\"name\":\"Najada diving\",\"description\":\"Tauchen in Kroatien \/ Diving in Croatia\",\"publisher\":{\"@id\":\"https:\/\/www.najada.com\/word-press\/#organization\"},\"potentialAction\":[{\"@type\":\"SearchAction\",\"target\":{\"@type\":\"EntryPoint\",\"urlTemplate\":\"https:\/\/www.najada.com\/word-press\/?s={search_term_string}\"},\"query-input\":\"required name=search_term_string\"}],\"inLanguage\":\"en-US\"},{\"@type\":\"Organization\",\"@id\":\"https:\/\/www.najada.com\/word-press\/#organization\",\"name\":\"Najada d.o.o.\",\"url\":\"https:\/\/www.najada.com\/word-press\/\",\"logo\":{\"@type\":\"ImageObject\",\"inLanguage\":\"en-US\",\"@id\":\"https:\/\/www.najada.com\/word-press\/#\/schema\/logo\/image\/\",\"url\":\"https:\/\/www.najada.com\/word-press\/wp-content\/uploads\/logonurnajada-Kopie.png\",\"contentUrl\":\"https:\/\/www.najada.com\/word-press\/wp-content\/uploads\/logonurnajada-Kopie.png\",\"width\":400,\"height\":405,\"caption\":\"Najada d.o.o.\"},\"image\":{\"@id\":\"https:\/\/www.najada.com\/word-press\/#\/schema\/logo\/image\/\"},\"sameAs\":[\"https:\/\/www.facebook.com\/NajadaDiving\",\"https:\/\/www.instagram.com\/najadadiving\/\",\"https:\/\/www.youtube.com\/user\/najadadiving\/videos\"]}]}<\/script>\n<!-- \/ Yoast SEO Premium plugin. -->","yoast_head_json":{"title":"dn_kornateast - Najada diving","robots":{"index":"index","follow":"follow","max-snippet":"max-snippet:-1","max-image-preview":"max-image-preview:large","max-video-preview":"max-video-preview:-1"},"canonical":"https:\/\/www.najada.com\/word-press\/language\/de\/dn_kornateast\/","og_locale":"en_US","og_type":"article","og_title":"dn_kornateast","og_description":"KORNAT EAST Ca. 100m N vom Eingang zu den Kornaten befindet sich eine kleine Bucht. In 10-15m findest du ein Plateau mit einem sch\u00f6n bewachsenen Drop-Off. Der Boden ist nicht so tief wie in den anderen Kornaten Steilw\u00e4nden. Hier k\u00f6nnen auch Anf\u00e4nger entspannt die ersten Erfahrungen in Wandtauchen sammeln. Ein interessanter Felsspalt und eine H\u00f6hle [&hellip;]","og_url":"https:\/\/www.najada.com\/word-press\/language\/de\/dn_kornateast\/","og_site_name":"Najada diving","article_publisher":"https:\/\/www.facebook.com\/NajadaDiving","article_modified_time":"2023-09-30T12:52:27+00:00","twitter_card":"summary_large_image","twitter_misc":{"Est. reading time":"2 minutes"},"schema":{"@context":"https:\/\/schema.org","@graph":[{"@type":"WebPage","@id":"https:\/\/www.najada.com\/word-press\/language\/de\/dn_kornateast\/","url":"https:\/\/www.najada.com\/word-press\/language\/de\/dn_kornateast\/","name":"dn_kornateast - Najada diving","isPartOf":{"@id":"https:\/\/www.najada.com\/word-press\/#website"},"datePublished":"2023-09-30T12:50:02+00:00","dateModified":"2023-09-30T12:52:27+00:00","breadcrumb":{"@id":"https:\/\/www.najada.com\/word-press\/language\/de\/dn_kornateast\/#breadcrumb"},"inLanguage":"en-US","potentialAction":[{"@type":"ReadAction","target":["https:\/\/www.najada.com\/word-press\/language\/de\/dn_kornateast\/"]}]},{"@type":"BreadcrumbList","@id":"https:\/\/www.najada.com\/word-press\/language\/de\/dn_kornateast\/#breadcrumb","itemListElement":[{"@type":"ListItem","position":1,"name":"Startseite","item":"https:\/\/www.najada.com\/word-press\/"},{"@type":"ListItem","position":2,"name":"dn_kornateast"}]},{"@type":"WebSite","@id":"https:\/\/www.najada.com\/word-press\/#website","url":"https:\/\/www.najada.com\/word-press\/","name":"Najada diving","description":"Tauchen in Kroatien \/ Diving in Croatia","publisher":{"@id":"https:\/\/www.najada.com\/word-press\/#organization"},"potentialAction":[{"@type":"SearchAction","target":{"@type":"EntryPoint","urlTemplate":"https:\/\/www.najada.com\/word-press\/?s={search_term_string}"},"query-input":"required name=search_term_string"}],"inLanguage":"en-US"},{"@type":"Organization","@id":"https:\/\/www.najada.com\/word-press\/#organization","name":"Najada d.o.o.","url":"https:\/\/www.najada.com\/word-press\/","logo":{"@type":"ImageObject","inLanguage":"en-US","@id":"https:\/\/www.najada.com\/word-press\/#\/schema\/logo\/image\/","url":"https:\/\/www.najada.com\/word-press\/wp-content\/uploads\/logonurnajada-Kopie.png","contentUrl":"https:\/\/www.najada.com\/word-press\/wp-content\/uploads\/logonurnajada-Kopie.png","width":400,"height":405,"caption":"Najada d.o.o."},"image":{"@id":"https:\/\/www.najada.com\/word-press\/#\/schema\/logo\/image\/"},"sameAs":["https:\/\/www.facebook.com\/NajadaDiving","https:\/\/www.instagram.com\/najadadiving\/","https:\/\/www.youtube.com\/user\/najadadiving\/videos"]}]}},"_links":{"self":[{"href":"https:\/\/www.najada.com\/word-press\/wp-json\/wp\/v2\/pages\/8308"}],"collection":[{"href":"https:\/\/www.najada.com\/word-press\/wp-json\/wp\/v2\/pages"}],"about":[{"href":"https:\/\/www.najada.com\/word-press\/wp-json\/wp\/v2\/types\/page"}],"author":[{"embeddable":true,"href":"https:\/\/www.najada.com\/word-press\/wp-json\/wp\/v2\/users\/1"}],"replies":[{"embeddable":true,"href":"https:\/\/www.najada.com\/word-press\/wp-json\/wp\/v2\/comments?post=8308"}],"version-history":[{"count":4,"href":"https:\/\/www.najada.com\/word-press\/wp-json\/wp\/v2\/pages\/8308\/revisions"}],"predecessor-version":[{"id":8312,"href":"https:\/\/www.najada.com\/word-press\/wp-json\/wp\/v2\/pages\/8308\/revisions\/8312"}],"wp:attachment":[{"href":"https:\/\/www.najada.com\/word-press\/wp-json\/wp\/v2\/media?parent=8308"}],"curies":[{"name":"wp","href":"https:\/\/api.w.org\/{rel}","templated":true}]}}