{"id":8301,"date":"2023-09-30T12:21:02","date_gmt":"2023-09-30T12:21:02","guid":{"rendered":"https:\/\/www.najada.com\/word-press\/?page_id=8301"},"modified":"2023-09-30T12:23:30","modified_gmt":"2023-09-30T12:23:30","slug":"dn_kaprije","status":"publish","type":"page","link":"https:\/\/www.najada.com\/word-press\/language\/de\/dn_kaprije\/","title":{"rendered":"dn_kaprije"},"content":{"rendered":"\n<h2 id=\"h-kaprije\">KAPRIJE<\/h2>\n\n\n<div id=\"image-map-pro-9385\"><\/div>\n\n\n\n<p><\/p>\n\n\n\n<figure class=\"wp-block-table is-style-regular\"><table class=\"has-white-color has-text-color has-fixed-layout\"><tbody><tr><td class=\"has-text-align-left\" data-align=\"left\">\u00dcber das Wrack der Francesca hinweg n\u00e4hern wir uns einer Landzunge, die den Tauchplatz markiert. Nach einem flachen Plateau erfolgt der erste Abbruch in ca. 15m. Darunter liegt ein innen wundersch\u00f6n bewachsener \u00dcberhang. Nach einem weiteren Flachst\u00fcck erfolgt der zweite Abbruch bei ca. 25-30m. Die Steilwand ist dicht mit gelben F\u00e4cherkorallen bewachsen.<br>Entfernung von Murter: 9 M<br>Schwierigkeitsgrad: alle, erfahrene f\u00fcr tiefere Wand<\/td><td class=\"has-text-align-left\" data-align=\"left\">Approaching Kaprije island the same way as to Francesca you see in direction west a small cape which marks the anchor area. Under a small platform you find in moderate depth (15m) soft corals and colourful sponges, ideal for beginners and for a second dive. In 25-30 meters a second overhang starts. The drop-off is covered with Yellow Gorgonian.<br>Distance from Murter: 9 M<br>Levels: all levels for 1st overhang, experienced divers for 2nd overhang<\/td><\/tr><tr><td class=\"has-text-align-left\" data-align=\"left\"><a href=\"https:\/\/www.najada.com\/word-press\/language\/de\/tauchplatz-menu\/\">&lt;- ZUR\u00dcCK ZUR AUSWAHL<\/a><\/td><td class=\"has-text-align-left\" data-align=\"left\"><a href=\"https:\/\/www.najada.com\/word-press\/divesite_menu\/\">&lt;- BACK TO SELECTION<\/a><\/td><\/tr><\/tbody><\/table><\/figure>\n","protected":false},"excerpt":{"rendered":"<p>KAPRIJE \u00dcber das Wrack der Francesca hinweg n\u00e4hern wir uns einer Landzunge, die den Tauchplatz markiert. Nach einem flachen Plateau erfolgt der erste Abbruch in ca. 15m. Darunter liegt ein innen wundersch\u00f6n bewachsener \u00dcberhang. Nach einem weiteren Flachst\u00fcck erfolgt der zweite Abbruch bei ca. 25-30m. Die Steilwand ist dicht mit gelben F\u00e4cherkorallen bewachsen.Entfernung von Murter: [&hellip;]<\/p>\n","protected":false},"author":1,"featured_media":0,"parent":0,"menu_order":0,"comment_status":"closed","ping_status":"closed","template":"","meta":{"ngg_post_thumbnail":0},"yoast_head":"<!-- This site is optimized with the Yoast SEO Premium plugin v20.2 (Yoast SEO v20.2) - https:\/\/yoast.com\/wordpress\/plugins\/seo\/ -->\n<title>dn_kaprije - Najada diving<\/title>\n<meta name=\"robots\" content=\"index, follow, max-snippet:-1, max-image-preview:large, max-video-preview:-1\" \/>\n<link rel=\"canonical\" href=\"https:\/\/www.najada.com\/word-press\/language\/de\/dn_kaprije\/\" \/>\n<meta property=\"og:locale\" content=\"en_US\" \/>\n<meta property=\"og:type\" content=\"article\" \/>\n<meta property=\"og:title\" content=\"dn_kaprije\" \/>\n<meta property=\"og:description\" content=\"KAPRIJE \u00dcber das Wrack der Francesca hinweg n\u00e4hern wir uns einer Landzunge, die den Tauchplatz markiert. Nach einem flachen Plateau erfolgt der erste Abbruch in ca. 15m. Darunter liegt ein innen wundersch\u00f6n bewachsener \u00dcberhang. Nach einem weiteren Flachst\u00fcck erfolgt der zweite Abbruch bei ca. 25-30m. Die Steilwand ist dicht mit gelben F\u00e4cherkorallen bewachsen.Entfernung von Murter: [&hellip;]\" \/>\n<meta property=\"og:url\" content=\"https:\/\/www.najada.com\/word-press\/language\/de\/dn_kaprije\/\" \/>\n<meta property=\"og:site_name\" content=\"Najada diving\" \/>\n<meta property=\"article:publisher\" content=\"https:\/\/www.facebook.com\/NajadaDiving\" \/>\n<meta property=\"article:modified_time\" content=\"2023-09-30T12:23:30+00:00\" \/>\n<meta name=\"twitter:card\" content=\"summary_large_image\" \/>\n<meta name=\"twitter:label1\" content=\"Est. reading time\" \/>\n\t<meta name=\"twitter:data1\" content=\"1 minute\" \/>\n<script type=\"application\/ld+json\" class=\"yoast-schema-graph\">{\"@context\":\"https:\/\/schema.org\",\"@graph\":[{\"@type\":\"WebPage\",\"@id\":\"https:\/\/www.najada.com\/word-press\/language\/de\/dn_kaprije\/\",\"url\":\"https:\/\/www.najada.com\/word-press\/language\/de\/dn_kaprije\/\",\"name\":\"dn_kaprije - Najada diving\",\"isPartOf\":{\"@id\":\"https:\/\/www.najada.com\/word-press\/#website\"},\"datePublished\":\"2023-09-30T12:21:02+00:00\",\"dateModified\":\"2023-09-30T12:23:30+00:00\",\"breadcrumb\":{\"@id\":\"https:\/\/www.najada.com\/word-press\/language\/de\/dn_kaprije\/#breadcrumb\"},\"inLanguage\":\"en-US\",\"potentialAction\":[{\"@type\":\"ReadAction\",\"target\":[\"https:\/\/www.najada.com\/word-press\/language\/de\/dn_kaprije\/\"]}]},{\"@type\":\"BreadcrumbList\",\"@id\":\"https:\/\/www.najada.com\/word-press\/language\/de\/dn_kaprije\/#breadcrumb\",\"itemListElement\":[{\"@type\":\"ListItem\",\"position\":1,\"name\":\"Startseite\",\"item\":\"https:\/\/www.najada.com\/word-press\/\"},{\"@type\":\"ListItem\",\"position\":2,\"name\":\"dn_kaprije\"}]},{\"@type\":\"WebSite\",\"@id\":\"https:\/\/www.najada.com\/word-press\/#website\",\"url\":\"https:\/\/www.najada.com\/word-press\/\",\"name\":\"Najada diving\",\"description\":\"Tauchen in Kroatien \/ Diving in Croatia\",\"publisher\":{\"@id\":\"https:\/\/www.najada.com\/word-press\/#organization\"},\"potentialAction\":[{\"@type\":\"SearchAction\",\"target\":{\"@type\":\"EntryPoint\",\"urlTemplate\":\"https:\/\/www.najada.com\/word-press\/?s={search_term_string}\"},\"query-input\":\"required name=search_term_string\"}],\"inLanguage\":\"en-US\"},{\"@type\":\"Organization\",\"@id\":\"https:\/\/www.najada.com\/word-press\/#organization\",\"name\":\"Najada d.o.o.\",\"url\":\"https:\/\/www.najada.com\/word-press\/\",\"logo\":{\"@type\":\"ImageObject\",\"inLanguage\":\"en-US\",\"@id\":\"https:\/\/www.najada.com\/word-press\/#\/schema\/logo\/image\/\",\"url\":\"https:\/\/www.najada.com\/word-press\/wp-content\/uploads\/logonurnajada-Kopie.png\",\"contentUrl\":\"https:\/\/www.najada.com\/word-press\/wp-content\/uploads\/logonurnajada-Kopie.png\",\"width\":400,\"height\":405,\"caption\":\"Najada d.o.o.\"},\"image\":{\"@id\":\"https:\/\/www.najada.com\/word-press\/#\/schema\/logo\/image\/\"},\"sameAs\":[\"https:\/\/www.facebook.com\/NajadaDiving\",\"https:\/\/www.instagram.com\/najadadiving\/\",\"https:\/\/www.youtube.com\/user\/najadadiving\/videos\"]}]}<\/script>\n<!-- \/ Yoast SEO Premium plugin. -->","yoast_head_json":{"title":"dn_kaprije - Najada diving","robots":{"index":"index","follow":"follow","max-snippet":"max-snippet:-1","max-image-preview":"max-image-preview:large","max-video-preview":"max-video-preview:-1"},"canonical":"https:\/\/www.najada.com\/word-press\/language\/de\/dn_kaprije\/","og_locale":"en_US","og_type":"article","og_title":"dn_kaprije","og_description":"KAPRIJE \u00dcber das Wrack der Francesca hinweg n\u00e4hern wir uns einer Landzunge, die den Tauchplatz markiert. Nach einem flachen Plateau erfolgt der erste Abbruch in ca. 15m. Darunter liegt ein innen wundersch\u00f6n bewachsener \u00dcberhang. Nach einem weiteren Flachst\u00fcck erfolgt der zweite Abbruch bei ca. 25-30m. Die Steilwand ist dicht mit gelben F\u00e4cherkorallen bewachsen.Entfernung von Murter: [&hellip;]","og_url":"https:\/\/www.najada.com\/word-press\/language\/de\/dn_kaprije\/","og_site_name":"Najada diving","article_publisher":"https:\/\/www.facebook.com\/NajadaDiving","article_modified_time":"2023-09-30T12:23:30+00:00","twitter_card":"summary_large_image","twitter_misc":{"Est. reading time":"1 minute"},"schema":{"@context":"https:\/\/schema.org","@graph":[{"@type":"WebPage","@id":"https:\/\/www.najada.com\/word-press\/language\/de\/dn_kaprije\/","url":"https:\/\/www.najada.com\/word-press\/language\/de\/dn_kaprije\/","name":"dn_kaprije - Najada diving","isPartOf":{"@id":"https:\/\/www.najada.com\/word-press\/#website"},"datePublished":"2023-09-30T12:21:02+00:00","dateModified":"2023-09-30T12:23:30+00:00","breadcrumb":{"@id":"https:\/\/www.najada.com\/word-press\/language\/de\/dn_kaprije\/#breadcrumb"},"inLanguage":"en-US","potentialAction":[{"@type":"ReadAction","target":["https:\/\/www.najada.com\/word-press\/language\/de\/dn_kaprije\/"]}]},{"@type":"BreadcrumbList","@id":"https:\/\/www.najada.com\/word-press\/language\/de\/dn_kaprije\/#breadcrumb","itemListElement":[{"@type":"ListItem","position":1,"name":"Startseite","item":"https:\/\/www.najada.com\/word-press\/"},{"@type":"ListItem","position":2,"name":"dn_kaprije"}]},{"@type":"WebSite","@id":"https:\/\/www.najada.com\/word-press\/#website","url":"https:\/\/www.najada.com\/word-press\/","name":"Najada diving","description":"Tauchen in Kroatien \/ Diving in Croatia","publisher":{"@id":"https:\/\/www.najada.com\/word-press\/#organization"},"potentialAction":[{"@type":"SearchAction","target":{"@type":"EntryPoint","urlTemplate":"https:\/\/www.najada.com\/word-press\/?s={search_term_string}"},"query-input":"required name=search_term_string"}],"inLanguage":"en-US"},{"@type":"Organization","@id":"https:\/\/www.najada.com\/word-press\/#organization","name":"Najada d.o.o.","url":"https:\/\/www.najada.com\/word-press\/","logo":{"@type":"ImageObject","inLanguage":"en-US","@id":"https:\/\/www.najada.com\/word-press\/#\/schema\/logo\/image\/","url":"https:\/\/www.najada.com\/word-press\/wp-content\/uploads\/logonurnajada-Kopie.png","contentUrl":"https:\/\/www.najada.com\/word-press\/wp-content\/uploads\/logonurnajada-Kopie.png","width":400,"height":405,"caption":"Najada d.o.o."},"image":{"@id":"https:\/\/www.najada.com\/word-press\/#\/schema\/logo\/image\/"},"sameAs":["https:\/\/www.facebook.com\/NajadaDiving","https:\/\/www.instagram.com\/najadadiving\/","https:\/\/www.youtube.com\/user\/najadadiving\/videos"]}]}},"_links":{"self":[{"href":"https:\/\/www.najada.com\/word-press\/wp-json\/wp\/v2\/pages\/8301"}],"collection":[{"href":"https:\/\/www.najada.com\/word-press\/wp-json\/wp\/v2\/pages"}],"about":[{"href":"https:\/\/www.najada.com\/word-press\/wp-json\/wp\/v2\/types\/page"}],"author":[{"embeddable":true,"href":"https:\/\/www.najada.com\/word-press\/wp-json\/wp\/v2\/users\/1"}],"replies":[{"embeddable":true,"href":"https:\/\/www.najada.com\/word-press\/wp-json\/wp\/v2\/comments?post=8301"}],"version-history":[{"count":3,"href":"https:\/\/www.najada.com\/word-press\/wp-json\/wp\/v2\/pages\/8301\/revisions"}],"predecessor-version":[{"id":8304,"href":"https:\/\/www.najada.com\/word-press\/wp-json\/wp\/v2\/pages\/8301\/revisions\/8304"}],"wp:attachment":[{"href":"https:\/\/www.najada.com\/word-press\/wp-json\/wp\/v2\/media?parent=8301"}],"curies":[{"name":"wp","href":"https:\/\/api.w.org\/{rel}","templated":true}]}}