{"id":8281,"date":"2023-09-30T11:15:41","date_gmt":"2023-09-30T11:15:41","guid":{"rendered":"https:\/\/www.najada.com\/word-press\/?page_id=8281"},"modified":"2023-09-30T11:23:37","modified_gmt":"2023-09-30T11:23:37","slug":"dn_kamicac","status":"publish","type":"page","link":"https:\/\/www.najada.com\/word-press\/language\/de\/dn_kamicac\/","title":{"rendered":"dn_kamicac"},"content":{"rendered":"\n<h2 id=\"h-kamicac\">KAMICAC<\/h2>\n\n\n<div id=\"image-map-pro-5586\"><\/div>\n\n\n\n<p><\/p>\n\n\n\n<figure class=\"wp-block-table is-style-regular\"><table class=\"has-white-color has-text-color has-fixed-layout\"><tbody><tr><td class=\"has-text-align-left\" data-align=\"left\">Wenn m\u00f6glich sollte man im flachen Wasser im NO der Insel so dicht wie m\u00f6glich an der Wand ankern. Die Wand ist sch\u00f6n strukturiert und obwohl der Platz viel betaucht wird finden sich im oberen Bereich Brassenschulen und in der Tiefe Nacktschnecken und Oktopusse.<br>Entfernung von Murter: 2 M<br>Schwierigkeitsgrad: alle<\/td><td class=\"has-text-align-left\" data-align=\"left\">The lightfire of Kamicac is opposite Slanica.You anchor in the shallow part in the NE of the island as close as possible to the drop-off. The wall is nicely structured, octopus, nudibranchs and lobsters hide in the cracks.<br>Distance from Murter: 2 M<br>Levels: all<\/td><\/tr><tr><td class=\"has-text-align-left\" data-align=\"left\"><a href=\"https:\/\/www.najada.com\/word-press\/language\/de\/tauchplatz-menu\/\">&lt;- ZUR\u00dcCK ZUR AUSWAHL<\/a><\/td><td class=\"has-text-align-left\" data-align=\"left\"><a href=\"https:\/\/www.najada.com\/word-press\/divesite_menu\/\">&lt;- BACK TO SELECTION<\/a><\/td><\/tr><\/tbody><\/table><\/figure>\n","protected":false},"excerpt":{"rendered":"<p>KAMICAC Wenn m\u00f6glich sollte man im flachen Wasser im NO der Insel so dicht wie m\u00f6glich an der Wand ankern. Die Wand ist sch\u00f6n strukturiert und obwohl der Platz viel betaucht wird finden sich im oberen Bereich Brassenschulen und in der Tiefe Nacktschnecken und Oktopusse.Entfernung von Murter: 2 MSchwierigkeitsgrad: alle The lightfire of Kamicac is [&hellip;]<\/p>\n","protected":false},"author":1,"featured_media":0,"parent":0,"menu_order":0,"comment_status":"closed","ping_status":"closed","template":"","meta":{"ngg_post_thumbnail":0},"yoast_head":"<!-- This site is optimized with the Yoast SEO Premium plugin v20.2 (Yoast SEO v20.2) - https:\/\/yoast.com\/wordpress\/plugins\/seo\/ -->\n<title>dn_kamicac - Najada diving<\/title>\n<meta name=\"robots\" content=\"index, follow, max-snippet:-1, max-image-preview:large, max-video-preview:-1\" \/>\n<link rel=\"canonical\" href=\"https:\/\/www.najada.com\/word-press\/language\/de\/dn_kamicac\/\" \/>\n<meta property=\"og:locale\" content=\"en_US\" \/>\n<meta property=\"og:type\" content=\"article\" \/>\n<meta property=\"og:title\" content=\"dn_kamicac\" \/>\n<meta property=\"og:description\" content=\"KAMICAC Wenn m\u00f6glich sollte man im flachen Wasser im NO der Insel so dicht wie m\u00f6glich an der Wand ankern. Die Wand ist sch\u00f6n strukturiert und obwohl der Platz viel betaucht wird finden sich im oberen Bereich Brassenschulen und in der Tiefe Nacktschnecken und Oktopusse.Entfernung von Murter: 2 MSchwierigkeitsgrad: alle The lightfire of Kamicac is [&hellip;]\" \/>\n<meta property=\"og:url\" content=\"https:\/\/www.najada.com\/word-press\/language\/de\/dn_kamicac\/\" \/>\n<meta property=\"og:site_name\" content=\"Najada diving\" \/>\n<meta property=\"article:publisher\" content=\"https:\/\/www.facebook.com\/NajadaDiving\" \/>\n<meta property=\"article:modified_time\" content=\"2023-09-30T11:23:37+00:00\" \/>\n<meta name=\"twitter:card\" content=\"summary_large_image\" \/>\n<meta name=\"twitter:label1\" content=\"Est. reading time\" \/>\n\t<meta name=\"twitter:data1\" content=\"1 minute\" \/>\n<script type=\"application\/ld+json\" class=\"yoast-schema-graph\">{\"@context\":\"https:\/\/schema.org\",\"@graph\":[{\"@type\":\"WebPage\",\"@id\":\"https:\/\/www.najada.com\/word-press\/language\/de\/dn_kamicac\/\",\"url\":\"https:\/\/www.najada.com\/word-press\/language\/de\/dn_kamicac\/\",\"name\":\"dn_kamicac - Najada diving\",\"isPartOf\":{\"@id\":\"https:\/\/www.najada.com\/word-press\/#website\"},\"datePublished\":\"2023-09-30T11:15:41+00:00\",\"dateModified\":\"2023-09-30T11:23:37+00:00\",\"breadcrumb\":{\"@id\":\"https:\/\/www.najada.com\/word-press\/language\/de\/dn_kamicac\/#breadcrumb\"},\"inLanguage\":\"en-US\",\"potentialAction\":[{\"@type\":\"ReadAction\",\"target\":[\"https:\/\/www.najada.com\/word-press\/language\/de\/dn_kamicac\/\"]}]},{\"@type\":\"BreadcrumbList\",\"@id\":\"https:\/\/www.najada.com\/word-press\/language\/de\/dn_kamicac\/#breadcrumb\",\"itemListElement\":[{\"@type\":\"ListItem\",\"position\":1,\"name\":\"Startseite\",\"item\":\"https:\/\/www.najada.com\/word-press\/\"},{\"@type\":\"ListItem\",\"position\":2,\"name\":\"dn_kamicac\"}]},{\"@type\":\"WebSite\",\"@id\":\"https:\/\/www.najada.com\/word-press\/#website\",\"url\":\"https:\/\/www.najada.com\/word-press\/\",\"name\":\"Najada diving\",\"description\":\"Tauchen in Kroatien \/ Diving in Croatia\",\"publisher\":{\"@id\":\"https:\/\/www.najada.com\/word-press\/#organization\"},\"potentialAction\":[{\"@type\":\"SearchAction\",\"target\":{\"@type\":\"EntryPoint\",\"urlTemplate\":\"https:\/\/www.najada.com\/word-press\/?s={search_term_string}\"},\"query-input\":\"required name=search_term_string\"}],\"inLanguage\":\"en-US\"},{\"@type\":\"Organization\",\"@id\":\"https:\/\/www.najada.com\/word-press\/#organization\",\"name\":\"Najada d.o.o.\",\"url\":\"https:\/\/www.najada.com\/word-press\/\",\"logo\":{\"@type\":\"ImageObject\",\"inLanguage\":\"en-US\",\"@id\":\"https:\/\/www.najada.com\/word-press\/#\/schema\/logo\/image\/\",\"url\":\"https:\/\/www.najada.com\/word-press\/wp-content\/uploads\/logonurnajada-Kopie.png\",\"contentUrl\":\"https:\/\/www.najada.com\/word-press\/wp-content\/uploads\/logonurnajada-Kopie.png\",\"width\":400,\"height\":405,\"caption\":\"Najada d.o.o.\"},\"image\":{\"@id\":\"https:\/\/www.najada.com\/word-press\/#\/schema\/logo\/image\/\"},\"sameAs\":[\"https:\/\/www.facebook.com\/NajadaDiving\",\"https:\/\/www.instagram.com\/najadadiving\/\",\"https:\/\/www.youtube.com\/user\/najadadiving\/videos\"]}]}<\/script>\n<!-- \/ Yoast SEO Premium plugin. -->","yoast_head_json":{"title":"dn_kamicac - Najada diving","robots":{"index":"index","follow":"follow","max-snippet":"max-snippet:-1","max-image-preview":"max-image-preview:large","max-video-preview":"max-video-preview:-1"},"canonical":"https:\/\/www.najada.com\/word-press\/language\/de\/dn_kamicac\/","og_locale":"en_US","og_type":"article","og_title":"dn_kamicac","og_description":"KAMICAC Wenn m\u00f6glich sollte man im flachen Wasser im NO der Insel so dicht wie m\u00f6glich an der Wand ankern. Die Wand ist sch\u00f6n strukturiert und obwohl der Platz viel betaucht wird finden sich im oberen Bereich Brassenschulen und in der Tiefe Nacktschnecken und Oktopusse.Entfernung von Murter: 2 MSchwierigkeitsgrad: alle The lightfire of Kamicac is [&hellip;]","og_url":"https:\/\/www.najada.com\/word-press\/language\/de\/dn_kamicac\/","og_site_name":"Najada diving","article_publisher":"https:\/\/www.facebook.com\/NajadaDiving","article_modified_time":"2023-09-30T11:23:37+00:00","twitter_card":"summary_large_image","twitter_misc":{"Est. reading time":"1 minute"},"schema":{"@context":"https:\/\/schema.org","@graph":[{"@type":"WebPage","@id":"https:\/\/www.najada.com\/word-press\/language\/de\/dn_kamicac\/","url":"https:\/\/www.najada.com\/word-press\/language\/de\/dn_kamicac\/","name":"dn_kamicac - Najada diving","isPartOf":{"@id":"https:\/\/www.najada.com\/word-press\/#website"},"datePublished":"2023-09-30T11:15:41+00:00","dateModified":"2023-09-30T11:23:37+00:00","breadcrumb":{"@id":"https:\/\/www.najada.com\/word-press\/language\/de\/dn_kamicac\/#breadcrumb"},"inLanguage":"en-US","potentialAction":[{"@type":"ReadAction","target":["https:\/\/www.najada.com\/word-press\/language\/de\/dn_kamicac\/"]}]},{"@type":"BreadcrumbList","@id":"https:\/\/www.najada.com\/word-press\/language\/de\/dn_kamicac\/#breadcrumb","itemListElement":[{"@type":"ListItem","position":1,"name":"Startseite","item":"https:\/\/www.najada.com\/word-press\/"},{"@type":"ListItem","position":2,"name":"dn_kamicac"}]},{"@type":"WebSite","@id":"https:\/\/www.najada.com\/word-press\/#website","url":"https:\/\/www.najada.com\/word-press\/","name":"Najada diving","description":"Tauchen in Kroatien \/ Diving in Croatia","publisher":{"@id":"https:\/\/www.najada.com\/word-press\/#organization"},"potentialAction":[{"@type":"SearchAction","target":{"@type":"EntryPoint","urlTemplate":"https:\/\/www.najada.com\/word-press\/?s={search_term_string}"},"query-input":"required name=search_term_string"}],"inLanguage":"en-US"},{"@type":"Organization","@id":"https:\/\/www.najada.com\/word-press\/#organization","name":"Najada d.o.o.","url":"https:\/\/www.najada.com\/word-press\/","logo":{"@type":"ImageObject","inLanguage":"en-US","@id":"https:\/\/www.najada.com\/word-press\/#\/schema\/logo\/image\/","url":"https:\/\/www.najada.com\/word-press\/wp-content\/uploads\/logonurnajada-Kopie.png","contentUrl":"https:\/\/www.najada.com\/word-press\/wp-content\/uploads\/logonurnajada-Kopie.png","width":400,"height":405,"caption":"Najada d.o.o."},"image":{"@id":"https:\/\/www.najada.com\/word-press\/#\/schema\/logo\/image\/"},"sameAs":["https:\/\/www.facebook.com\/NajadaDiving","https:\/\/www.instagram.com\/najadadiving\/","https:\/\/www.youtube.com\/user\/najadadiving\/videos"]}]}},"_links":{"self":[{"href":"https:\/\/www.najada.com\/word-press\/wp-json\/wp\/v2\/pages\/8281"}],"collection":[{"href":"https:\/\/www.najada.com\/word-press\/wp-json\/wp\/v2\/pages"}],"about":[{"href":"https:\/\/www.najada.com\/word-press\/wp-json\/wp\/v2\/types\/page"}],"author":[{"embeddable":true,"href":"https:\/\/www.najada.com\/word-press\/wp-json\/wp\/v2\/users\/1"}],"replies":[{"embeddable":true,"href":"https:\/\/www.najada.com\/word-press\/wp-json\/wp\/v2\/comments?post=8281"}],"version-history":[{"count":2,"href":"https:\/\/www.najada.com\/word-press\/wp-json\/wp\/v2\/pages\/8281\/revisions"}],"predecessor-version":[{"id":8283,"href":"https:\/\/www.najada.com\/word-press\/wp-json\/wp\/v2\/pages\/8281\/revisions\/8283"}],"wp:attachment":[{"href":"https:\/\/www.najada.com\/word-press\/wp-json\/wp\/v2\/media?parent=8281"}],"curies":[{"name":"wp","href":"https:\/\/api.w.org\/{rel}","templated":true}]}}