{"id":8272,"date":"2023-09-30T10:59:20","date_gmt":"2023-09-30T10:59:20","guid":{"rendered":"https:\/\/www.najada.com\/word-press\/?page_id=8272"},"modified":"2023-09-30T10:59:22","modified_gmt":"2023-09-30T10:59:22","slug":"dn_kamenar","status":"publish","type":"page","link":"https:\/\/www.najada.com\/word-press\/language\/hr\/dn_kamenar\/","title":{"rendered":"dn_kamenar"},"content":{"rendered":"\n<h2 id=\"h-kamenar\">KAMENAR<\/h2>\n\n\n<div id=\"image-map-pro-414\"><\/div>\n\n\n\n<p><\/p>\n\n\n\n<figure class=\"wp-block-table is-style-regular\"><table class=\"has-cyan-bluish-gray-color has-text-color has-fixed-layout\"><tbody><tr><td class=\"has-text-align-left\" data-align=\"left\">Babuljasi und Mali (klein) Die Inseln befinden sich im NO von Zut. Im S\u00fcden befindet sich eine Wand, die in der N\u00e4he der Insel ziemlich seicht ist (10m-15m), jedoch dann auf 45 m abf\u00e4llt. Die Roten Gorgonien, f\u00fcr die beide Babuljasis ber\u00fchmt sind, wachsen hier am Grund und auf dem sanft abfallenden H\u00fcgel. Sie wachsen hier bis auf 22m herauf und auch hellgelbe Strauchkorallen befinden sich hier (ca. 26m).<br>Entfernung von MURTER: 12 M<br>Schwierigkeitsgrad: alle<\/td><td class=\"has-text-align-left\" data-align=\"left\">Small and Big Babuljasi are located in the NE of Zut. In the S of Babuljasi a wall starts, first very shallow (10m -15m) falling down to 45m. Babuljasi is famous for its Red Gorgonian colonies which grow, contrary to other places, not on the wall but mostly on the ground.<br>If you continue the Gorgonian come up to 22 m and we have seen some bright Yellow Savalias on about 26m.<br>Distance from Murter: 12 M<br>Level: all<\/td><\/tr><tr><td class=\"has-text-align-left\" data-align=\"left\"><a href=\"https:\/\/www.najada.com\/word-press\/language\/de\/tauchplatz-menu\/\">&lt;- ZUR\u00dcCK ZUR AUSWAHL<\/a><\/td><td class=\"has-text-align-left\" data-align=\"left\"><a href=\"https:\/\/www.najada.com\/word-press\/divesite_menu\/\">&lt;- BACK TO SELECTION<\/a><\/td><\/tr><\/tbody><\/table><\/figure>\n","protected":false},"excerpt":{"rendered":"<p>KAMENAR Babuljasi und Mali (klein) Die Inseln befinden sich im NO von Zut. Im S\u00fcden befindet sich eine Wand, die in der N\u00e4he der Insel ziemlich seicht ist (10m-15m), jedoch dann auf 45 m abf\u00e4llt. Die Roten Gorgonien, f\u00fcr die beide Babuljasis ber\u00fchmt sind, wachsen hier am Grund und auf dem sanft abfallenden H\u00fcgel. Sie [&hellip;]<\/p>\n","protected":false},"author":1,"featured_media":0,"parent":0,"menu_order":0,"comment_status":"closed","ping_status":"closed","template":"","meta":{"ngg_post_thumbnail":0},"yoast_head":"<!-- This site is optimized with the Yoast SEO Premium plugin v20.2 (Yoast SEO v20.2) - https:\/\/yoast.com\/wordpress\/plugins\/seo\/ -->\n<title>dn_kamenar - Najada diving<\/title>\n<meta name=\"robots\" content=\"index, follow, max-snippet:-1, max-image-preview:large, max-video-preview:-1\" \/>\n<link rel=\"canonical\" href=\"https:\/\/www.najada.com\/word-press\/language\/hr\/dn_kamenar\/\" \/>\n<meta property=\"og:locale\" content=\"en_US\" \/>\n<meta property=\"og:type\" content=\"article\" \/>\n<meta property=\"og:title\" content=\"dn_kamenar\" \/>\n<meta property=\"og:description\" content=\"KAMENAR Babuljasi und Mali (klein) Die Inseln befinden sich im NO von Zut. Im S\u00fcden befindet sich eine Wand, die in der N\u00e4he der Insel ziemlich seicht ist (10m-15m), jedoch dann auf 45 m abf\u00e4llt. Die Roten Gorgonien, f\u00fcr die beide Babuljasis ber\u00fchmt sind, wachsen hier am Grund und auf dem sanft abfallenden H\u00fcgel. Sie [&hellip;]\" \/>\n<meta property=\"og:url\" content=\"https:\/\/www.najada.com\/word-press\/language\/hr\/dn_kamenar\/\" \/>\n<meta property=\"og:site_name\" content=\"Najada diving\" \/>\n<meta property=\"article:publisher\" content=\"https:\/\/www.facebook.com\/NajadaDiving\" \/>\n<meta property=\"article:modified_time\" content=\"2023-09-30T10:59:22+00:00\" \/>\n<meta name=\"twitter:card\" content=\"summary_large_image\" \/>\n<meta name=\"twitter:label1\" content=\"Est. reading time\" \/>\n\t<meta name=\"twitter:data1\" content=\"1 minute\" \/>\n<script type=\"application\/ld+json\" class=\"yoast-schema-graph\">{\"@context\":\"https:\/\/schema.org\",\"@graph\":[{\"@type\":\"WebPage\",\"@id\":\"https:\/\/www.najada.com\/word-press\/language\/hr\/dn_kamenar\/\",\"url\":\"https:\/\/www.najada.com\/word-press\/language\/hr\/dn_kamenar\/\",\"name\":\"dn_kamenar - Najada diving\",\"isPartOf\":{\"@id\":\"https:\/\/www.najada.com\/word-press\/#website\"},\"datePublished\":\"2023-09-30T10:59:20+00:00\",\"dateModified\":\"2023-09-30T10:59:22+00:00\",\"breadcrumb\":{\"@id\":\"https:\/\/www.najada.com\/word-press\/language\/hr\/dn_kamenar\/#breadcrumb\"},\"inLanguage\":\"en-US\",\"potentialAction\":[{\"@type\":\"ReadAction\",\"target\":[\"https:\/\/www.najada.com\/word-press\/language\/hr\/dn_kamenar\/\"]}]},{\"@type\":\"BreadcrumbList\",\"@id\":\"https:\/\/www.najada.com\/word-press\/language\/hr\/dn_kamenar\/#breadcrumb\",\"itemListElement\":[{\"@type\":\"ListItem\",\"position\":1,\"name\":\"Startseite\",\"item\":\"https:\/\/www.najada.com\/word-press\/\"},{\"@type\":\"ListItem\",\"position\":2,\"name\":\"dn_kamenar\"}]},{\"@type\":\"WebSite\",\"@id\":\"https:\/\/www.najada.com\/word-press\/#website\",\"url\":\"https:\/\/www.najada.com\/word-press\/\",\"name\":\"Najada diving\",\"description\":\"Tauchen in Kroatien \/ Diving in Croatia\",\"publisher\":{\"@id\":\"https:\/\/www.najada.com\/word-press\/#organization\"},\"potentialAction\":[{\"@type\":\"SearchAction\",\"target\":{\"@type\":\"EntryPoint\",\"urlTemplate\":\"https:\/\/www.najada.com\/word-press\/?s={search_term_string}\"},\"query-input\":\"required name=search_term_string\"}],\"inLanguage\":\"en-US\"},{\"@type\":\"Organization\",\"@id\":\"https:\/\/www.najada.com\/word-press\/#organization\",\"name\":\"Najada d.o.o.\",\"url\":\"https:\/\/www.najada.com\/word-press\/\",\"logo\":{\"@type\":\"ImageObject\",\"inLanguage\":\"en-US\",\"@id\":\"https:\/\/www.najada.com\/word-press\/#\/schema\/logo\/image\/\",\"url\":\"https:\/\/www.najada.com\/word-press\/wp-content\/uploads\/logonurnajada-Kopie.png\",\"contentUrl\":\"https:\/\/www.najada.com\/word-press\/wp-content\/uploads\/logonurnajada-Kopie.png\",\"width\":400,\"height\":405,\"caption\":\"Najada d.o.o.\"},\"image\":{\"@id\":\"https:\/\/www.najada.com\/word-press\/#\/schema\/logo\/image\/\"},\"sameAs\":[\"https:\/\/www.facebook.com\/NajadaDiving\",\"https:\/\/www.instagram.com\/najadadiving\/\",\"https:\/\/www.youtube.com\/user\/najadadiving\/videos\"]}]}<\/script>\n<!-- \/ Yoast SEO Premium plugin. -->","yoast_head_json":{"title":"dn_kamenar - Najada diving","robots":{"index":"index","follow":"follow","max-snippet":"max-snippet:-1","max-image-preview":"max-image-preview:large","max-video-preview":"max-video-preview:-1"},"canonical":"https:\/\/www.najada.com\/word-press\/language\/hr\/dn_kamenar\/","og_locale":"en_US","og_type":"article","og_title":"dn_kamenar","og_description":"KAMENAR Babuljasi und Mali (klein) Die Inseln befinden sich im NO von Zut. Im S\u00fcden befindet sich eine Wand, die in der N\u00e4he der Insel ziemlich seicht ist (10m-15m), jedoch dann auf 45 m abf\u00e4llt. Die Roten Gorgonien, f\u00fcr die beide Babuljasis ber\u00fchmt sind, wachsen hier am Grund und auf dem sanft abfallenden H\u00fcgel. Sie [&hellip;]","og_url":"https:\/\/www.najada.com\/word-press\/language\/hr\/dn_kamenar\/","og_site_name":"Najada diving","article_publisher":"https:\/\/www.facebook.com\/NajadaDiving","article_modified_time":"2023-09-30T10:59:22+00:00","twitter_card":"summary_large_image","twitter_misc":{"Est. reading time":"1 minute"},"schema":{"@context":"https:\/\/schema.org","@graph":[{"@type":"WebPage","@id":"https:\/\/www.najada.com\/word-press\/language\/hr\/dn_kamenar\/","url":"https:\/\/www.najada.com\/word-press\/language\/hr\/dn_kamenar\/","name":"dn_kamenar - Najada diving","isPartOf":{"@id":"https:\/\/www.najada.com\/word-press\/#website"},"datePublished":"2023-09-30T10:59:20+00:00","dateModified":"2023-09-30T10:59:22+00:00","breadcrumb":{"@id":"https:\/\/www.najada.com\/word-press\/language\/hr\/dn_kamenar\/#breadcrumb"},"inLanguage":"en-US","potentialAction":[{"@type":"ReadAction","target":["https:\/\/www.najada.com\/word-press\/language\/hr\/dn_kamenar\/"]}]},{"@type":"BreadcrumbList","@id":"https:\/\/www.najada.com\/word-press\/language\/hr\/dn_kamenar\/#breadcrumb","itemListElement":[{"@type":"ListItem","position":1,"name":"Startseite","item":"https:\/\/www.najada.com\/word-press\/"},{"@type":"ListItem","position":2,"name":"dn_kamenar"}]},{"@type":"WebSite","@id":"https:\/\/www.najada.com\/word-press\/#website","url":"https:\/\/www.najada.com\/word-press\/","name":"Najada diving","description":"Tauchen in Kroatien \/ Diving in Croatia","publisher":{"@id":"https:\/\/www.najada.com\/word-press\/#organization"},"potentialAction":[{"@type":"SearchAction","target":{"@type":"EntryPoint","urlTemplate":"https:\/\/www.najada.com\/word-press\/?s={search_term_string}"},"query-input":"required name=search_term_string"}],"inLanguage":"en-US"},{"@type":"Organization","@id":"https:\/\/www.najada.com\/word-press\/#organization","name":"Najada d.o.o.","url":"https:\/\/www.najada.com\/word-press\/","logo":{"@type":"ImageObject","inLanguage":"en-US","@id":"https:\/\/www.najada.com\/word-press\/#\/schema\/logo\/image\/","url":"https:\/\/www.najada.com\/word-press\/wp-content\/uploads\/logonurnajada-Kopie.png","contentUrl":"https:\/\/www.najada.com\/word-press\/wp-content\/uploads\/logonurnajada-Kopie.png","width":400,"height":405,"caption":"Najada d.o.o."},"image":{"@id":"https:\/\/www.najada.com\/word-press\/#\/schema\/logo\/image\/"},"sameAs":["https:\/\/www.facebook.com\/NajadaDiving","https:\/\/www.instagram.com\/najadadiving\/","https:\/\/www.youtube.com\/user\/najadadiving\/videos"]}]}},"_links":{"self":[{"href":"https:\/\/www.najada.com\/word-press\/wp-json\/wp\/v2\/pages\/8272"}],"collection":[{"href":"https:\/\/www.najada.com\/word-press\/wp-json\/wp\/v2\/pages"}],"about":[{"href":"https:\/\/www.najada.com\/word-press\/wp-json\/wp\/v2\/types\/page"}],"author":[{"embeddable":true,"href":"https:\/\/www.najada.com\/word-press\/wp-json\/wp\/v2\/users\/1"}],"replies":[{"embeddable":true,"href":"https:\/\/www.najada.com\/word-press\/wp-json\/wp\/v2\/comments?post=8272"}],"version-history":[{"count":1,"href":"https:\/\/www.najada.com\/word-press\/wp-json\/wp\/v2\/pages\/8272\/revisions"}],"predecessor-version":[{"id":8273,"href":"https:\/\/www.najada.com\/word-press\/wp-json\/wp\/v2\/pages\/8272\/revisions\/8273"}],"wp:attachment":[{"href":"https:\/\/www.najada.com\/word-press\/wp-json\/wp\/v2\/media?parent=8272"}],"curies":[{"name":"wp","href":"https:\/\/api.w.org\/{rel}","templated":true}]}}