{"id":8235,"date":"2023-09-23T11:18:12","date_gmt":"2023-09-23T11:18:12","guid":{"rendered":"https:\/\/www.najada.com\/word-press\/?page_id=8235"},"modified":"2023-09-23T11:18:14","modified_gmt":"2023-09-23T11:18:14","slug":"dn_garden","status":"publish","type":"page","link":"https:\/\/www.najada.com\/word-press\/language\/de\/dn_garden\/","title":{"rendered":"dn_garden"},"content":{"rendered":"\n<h2 id=\"h-garden\">GARDEN<\/h2>\n\n\n\n<figure class=\"wp-block-image size-full is-resized\"><img decoding=\"async\" loading=\"lazy\" src=\"https:\/\/www.najada.com\/word-press\/wp-content\/uploads\/ds_garden.jpg\" alt=\"\" class=\"wp-image-8094\" width=\"316\" height=\"236\" srcset=\"https:\/\/www.najada.com\/word-press\/wp-content\/uploads\/ds_garden.jpg 201w, https:\/\/www.najada.com\/word-press\/wp-content\/uploads\/ds_garden-150x112.jpg 150w\" sizes=\"(max-width: 316px) 100vw, 316px\" \/><figcaption class=\"wp-element-caption\">keine Videos verf\u00fcgbar                 no videos available<\/figcaption><\/figure>\n\n\n\n<p><\/p>\n\n\n\n<figure class=\"wp-block-table is-style-regular\"><table class=\"has-cyan-bluish-gray-color has-text-color has-fixed-layout\"><tbody><tr><td class=\"has-text-align-left\" data-align=\"left\">Der Tauchplatz befindet sich vis a vis von Lumbarda. In ca. 30m bricht eine Stufe ab, die in 45m in ein riesiges Plateau \u00fcbergeht. Dieses ist wie in einem gut gepflegten Garten dicht mit F\u00e4cher- und Strauchkorallen \u00fcbers\u00e4t. Wenn man die \u00fcberw\u00e4ltigende Sch\u00f6nheit dieser UW Landschaft wirklich genie\u00dfen will, sollte man einen technischen Tauchgang machen.<br>Entfernung von Murter: 12 M<br>Schwierigkeitsgrad: nur f\u00fcr erfahrene Taucher, Tec<\/td><td class=\"has-text-align-left\" data-align=\"left\">The dive site is located opposite Lumbarda. In approx. 30m a step breaks off, which changes into a huge plateau in 45m. Like in a well-kept garden, this is densely covered with fan corals and Savalias. If you really want to enjoy the overwhelming beauty of this underwater scenery, you should make a technical dive.<br>Distance from Murter: 12M<br>Level:experts, Tec<\/td><\/tr><tr><td class=\"has-text-align-left\" data-align=\"left\"><a href=\"https:\/\/www.najada.com\/word-press\/language\/de\/tauchplatz-menu\/\">&lt;- ZUR\u00dcCK ZUR AUSWAHL<\/a><\/td><td class=\"has-text-align-left\" data-align=\"left\"><a href=\"https:\/\/www.najada.com\/word-press\/divesite_menu\/\">&lt;- BACK TO SELECTION<\/a><\/td><\/tr><\/tbody><\/table><\/figure>\n","protected":false},"excerpt":{"rendered":"<p>GARDEN Der Tauchplatz befindet sich vis a vis von Lumbarda. In ca. 30m bricht eine Stufe ab, die in 45m in ein riesiges Plateau \u00fcbergeht. Dieses ist wie in einem gut gepflegten Garten dicht mit F\u00e4cher- und Strauchkorallen \u00fcbers\u00e4t. Wenn man die \u00fcberw\u00e4ltigende Sch\u00f6nheit dieser UW Landschaft wirklich genie\u00dfen will, sollte man einen technischen Tauchgang [&hellip;]<\/p>\n","protected":false},"author":1,"featured_media":0,"parent":0,"menu_order":0,"comment_status":"closed","ping_status":"closed","template":"","meta":{"ngg_post_thumbnail":0},"yoast_head":"<!-- This site is optimized with the Yoast SEO Premium plugin v20.2 (Yoast SEO v20.2) - https:\/\/yoast.com\/wordpress\/plugins\/seo\/ -->\n<title>dn_garden - Najada diving<\/title>\n<meta name=\"robots\" content=\"index, follow, max-snippet:-1, max-image-preview:large, max-video-preview:-1\" \/>\n<link rel=\"canonical\" href=\"https:\/\/www.najada.com\/word-press\/language\/de\/dn_garden\/\" \/>\n<meta property=\"og:locale\" content=\"en_US\" \/>\n<meta property=\"og:type\" content=\"article\" \/>\n<meta property=\"og:title\" content=\"dn_garden\" \/>\n<meta property=\"og:description\" content=\"GARDEN Der Tauchplatz befindet sich vis a vis von Lumbarda. In ca. 30m bricht eine Stufe ab, die in 45m in ein riesiges Plateau \u00fcbergeht. Dieses ist wie in einem gut gepflegten Garten dicht mit F\u00e4cher- und Strauchkorallen \u00fcbers\u00e4t. Wenn man die \u00fcberw\u00e4ltigende Sch\u00f6nheit dieser UW Landschaft wirklich genie\u00dfen will, sollte man einen technischen Tauchgang [&hellip;]\" \/>\n<meta property=\"og:url\" content=\"https:\/\/www.najada.com\/word-press\/language\/de\/dn_garden\/\" \/>\n<meta property=\"og:site_name\" content=\"Najada diving\" \/>\n<meta property=\"article:publisher\" content=\"https:\/\/www.facebook.com\/NajadaDiving\" \/>\n<meta property=\"article:modified_time\" content=\"2023-09-23T11:18:14+00:00\" \/>\n<meta property=\"og:image\" content=\"https:\/\/www.najada.com\/word-press\/wp-content\/uploads\/ds_garden.jpg\" \/>\n<meta name=\"twitter:card\" content=\"summary_large_image\" \/>\n<meta name=\"twitter:label1\" content=\"Est. reading time\" \/>\n\t<meta name=\"twitter:data1\" content=\"1 minute\" \/>\n<script type=\"application\/ld+json\" class=\"yoast-schema-graph\">{\"@context\":\"https:\/\/schema.org\",\"@graph\":[{\"@type\":\"WebPage\",\"@id\":\"https:\/\/www.najada.com\/word-press\/language\/de\/dn_garden\/\",\"url\":\"https:\/\/www.najada.com\/word-press\/language\/de\/dn_garden\/\",\"name\":\"dn_garden - Najada diving\",\"isPartOf\":{\"@id\":\"https:\/\/www.najada.com\/word-press\/#website\"},\"datePublished\":\"2023-09-23T11:18:12+00:00\",\"dateModified\":\"2023-09-23T11:18:14+00:00\",\"breadcrumb\":{\"@id\":\"https:\/\/www.najada.com\/word-press\/language\/de\/dn_garden\/#breadcrumb\"},\"inLanguage\":\"en-US\",\"potentialAction\":[{\"@type\":\"ReadAction\",\"target\":[\"https:\/\/www.najada.com\/word-press\/language\/de\/dn_garden\/\"]}]},{\"@type\":\"BreadcrumbList\",\"@id\":\"https:\/\/www.najada.com\/word-press\/language\/de\/dn_garden\/#breadcrumb\",\"itemListElement\":[{\"@type\":\"ListItem\",\"position\":1,\"name\":\"Startseite\",\"item\":\"https:\/\/www.najada.com\/word-press\/\"},{\"@type\":\"ListItem\",\"position\":2,\"name\":\"dn_garden\"}]},{\"@type\":\"WebSite\",\"@id\":\"https:\/\/www.najada.com\/word-press\/#website\",\"url\":\"https:\/\/www.najada.com\/word-press\/\",\"name\":\"Najada diving\",\"description\":\"Tauchen in Kroatien \/ Diving in Croatia\",\"publisher\":{\"@id\":\"https:\/\/www.najada.com\/word-press\/#organization\"},\"potentialAction\":[{\"@type\":\"SearchAction\",\"target\":{\"@type\":\"EntryPoint\",\"urlTemplate\":\"https:\/\/www.najada.com\/word-press\/?s={search_term_string}\"},\"query-input\":\"required name=search_term_string\"}],\"inLanguage\":\"en-US\"},{\"@type\":\"Organization\",\"@id\":\"https:\/\/www.najada.com\/word-press\/#organization\",\"name\":\"Najada d.o.o.\",\"url\":\"https:\/\/www.najada.com\/word-press\/\",\"logo\":{\"@type\":\"ImageObject\",\"inLanguage\":\"en-US\",\"@id\":\"https:\/\/www.najada.com\/word-press\/#\/schema\/logo\/image\/\",\"url\":\"https:\/\/www.najada.com\/word-press\/wp-content\/uploads\/logonurnajada-Kopie.png\",\"contentUrl\":\"https:\/\/www.najada.com\/word-press\/wp-content\/uploads\/logonurnajada-Kopie.png\",\"width\":400,\"height\":405,\"caption\":\"Najada d.o.o.\"},\"image\":{\"@id\":\"https:\/\/www.najada.com\/word-press\/#\/schema\/logo\/image\/\"},\"sameAs\":[\"https:\/\/www.facebook.com\/NajadaDiving\",\"https:\/\/www.instagram.com\/najadadiving\/\",\"https:\/\/www.youtube.com\/user\/najadadiving\/videos\"]}]}<\/script>\n<!-- \/ Yoast SEO Premium plugin. -->","yoast_head_json":{"title":"dn_garden - Najada diving","robots":{"index":"index","follow":"follow","max-snippet":"max-snippet:-1","max-image-preview":"max-image-preview:large","max-video-preview":"max-video-preview:-1"},"canonical":"https:\/\/www.najada.com\/word-press\/language\/de\/dn_garden\/","og_locale":"en_US","og_type":"article","og_title":"dn_garden","og_description":"GARDEN Der Tauchplatz befindet sich vis a vis von Lumbarda. In ca. 30m bricht eine Stufe ab, die in 45m in ein riesiges Plateau \u00fcbergeht. Dieses ist wie in einem gut gepflegten Garten dicht mit F\u00e4cher- und Strauchkorallen \u00fcbers\u00e4t. Wenn man die \u00fcberw\u00e4ltigende Sch\u00f6nheit dieser UW Landschaft wirklich genie\u00dfen will, sollte man einen technischen Tauchgang [&hellip;]","og_url":"https:\/\/www.najada.com\/word-press\/language\/de\/dn_garden\/","og_site_name":"Najada diving","article_publisher":"https:\/\/www.facebook.com\/NajadaDiving","article_modified_time":"2023-09-23T11:18:14+00:00","og_image":[{"url":"https:\/\/www.najada.com\/word-press\/wp-content\/uploads\/ds_garden.jpg"}],"twitter_card":"summary_large_image","twitter_misc":{"Est. reading time":"1 minute"},"schema":{"@context":"https:\/\/schema.org","@graph":[{"@type":"WebPage","@id":"https:\/\/www.najada.com\/word-press\/language\/de\/dn_garden\/","url":"https:\/\/www.najada.com\/word-press\/language\/de\/dn_garden\/","name":"dn_garden - Najada diving","isPartOf":{"@id":"https:\/\/www.najada.com\/word-press\/#website"},"datePublished":"2023-09-23T11:18:12+00:00","dateModified":"2023-09-23T11:18:14+00:00","breadcrumb":{"@id":"https:\/\/www.najada.com\/word-press\/language\/de\/dn_garden\/#breadcrumb"},"inLanguage":"en-US","potentialAction":[{"@type":"ReadAction","target":["https:\/\/www.najada.com\/word-press\/language\/de\/dn_garden\/"]}]},{"@type":"BreadcrumbList","@id":"https:\/\/www.najada.com\/word-press\/language\/de\/dn_garden\/#breadcrumb","itemListElement":[{"@type":"ListItem","position":1,"name":"Startseite","item":"https:\/\/www.najada.com\/word-press\/"},{"@type":"ListItem","position":2,"name":"dn_garden"}]},{"@type":"WebSite","@id":"https:\/\/www.najada.com\/word-press\/#website","url":"https:\/\/www.najada.com\/word-press\/","name":"Najada diving","description":"Tauchen in Kroatien \/ Diving in Croatia","publisher":{"@id":"https:\/\/www.najada.com\/word-press\/#organization"},"potentialAction":[{"@type":"SearchAction","target":{"@type":"EntryPoint","urlTemplate":"https:\/\/www.najada.com\/word-press\/?s={search_term_string}"},"query-input":"required name=search_term_string"}],"inLanguage":"en-US"},{"@type":"Organization","@id":"https:\/\/www.najada.com\/word-press\/#organization","name":"Najada d.o.o.","url":"https:\/\/www.najada.com\/word-press\/","logo":{"@type":"ImageObject","inLanguage":"en-US","@id":"https:\/\/www.najada.com\/word-press\/#\/schema\/logo\/image\/","url":"https:\/\/www.najada.com\/word-press\/wp-content\/uploads\/logonurnajada-Kopie.png","contentUrl":"https:\/\/www.najada.com\/word-press\/wp-content\/uploads\/logonurnajada-Kopie.png","width":400,"height":405,"caption":"Najada d.o.o."},"image":{"@id":"https:\/\/www.najada.com\/word-press\/#\/schema\/logo\/image\/"},"sameAs":["https:\/\/www.facebook.com\/NajadaDiving","https:\/\/www.instagram.com\/najadadiving\/","https:\/\/www.youtube.com\/user\/najadadiving\/videos"]}]}},"_links":{"self":[{"href":"https:\/\/www.najada.com\/word-press\/wp-json\/wp\/v2\/pages\/8235"}],"collection":[{"href":"https:\/\/www.najada.com\/word-press\/wp-json\/wp\/v2\/pages"}],"about":[{"href":"https:\/\/www.najada.com\/word-press\/wp-json\/wp\/v2\/types\/page"}],"author":[{"embeddable":true,"href":"https:\/\/www.najada.com\/word-press\/wp-json\/wp\/v2\/users\/1"}],"replies":[{"embeddable":true,"href":"https:\/\/www.najada.com\/word-press\/wp-json\/wp\/v2\/comments?post=8235"}],"version-history":[{"count":1,"href":"https:\/\/www.najada.com\/word-press\/wp-json\/wp\/v2\/pages\/8235\/revisions"}],"predecessor-version":[{"id":8236,"href":"https:\/\/www.najada.com\/word-press\/wp-json\/wp\/v2\/pages\/8235\/revisions\/8236"}],"wp:attachment":[{"href":"https:\/\/www.najada.com\/word-press\/wp-json\/wp\/v2\/media?parent=8235"}],"curies":[{"name":"wp","href":"https:\/\/api.w.org\/{rel}","templated":true}]}}