{"id":8220,"date":"2023-09-23T09:37:24","date_gmt":"2023-09-23T09:37:24","guid":{"rendered":"https:\/\/www.najada.com\/word-press\/?page_id=8220"},"modified":"2023-09-23T09:40:34","modified_gmt":"2023-09-23T09:40:34","slug":"dn_cavlinwest","status":"publish","type":"page","link":"https:\/\/www.najada.com\/word-press\/language\/de\/dn_cavlinwest\/","title":{"rendered":"dn_cavlinwest"},"content":{"rendered":"\n<h2 id=\"h-cavlin-west\">CAVLIN WEST<\/h2>\n\n\n\n<figure class=\"wp-block-image size-full is-resized\"><img decoding=\"async\" loading=\"lazy\" src=\"https:\/\/www.najada.com\/word-press\/wp-content\/uploads\/ds_cavlinwest.jpg\" alt=\"\" class=\"wp-image-8053\" width=\"357\" height=\"268\" srcset=\"https:\/\/www.najada.com\/word-press\/wp-content\/uploads\/ds_cavlinwest.jpg 200w, https:\/\/www.najada.com\/word-press\/wp-content\/uploads\/ds_cavlinwest-150x113.jpg 150w\" sizes=\"(max-width: 357px) 100vw, 357px\" \/><figcaption class=\"wp-element-caption\">keine Videos verf\u00fcgbar              no videos available<\/figcaption><\/figure>\n\n\n\n<figure class=\"wp-block-table is-style-regular\"><table class=\"has-cyan-bluish-gray-color has-text-color has-fixed-layout\"><tbody><tr><td class=\"has-text-align-left\" data-align=\"left\">Ca. 100m W von Cavlin kommt ein Felsen bis auf 5-8m an die Oberfl\u00e4che und bietet eine gute Ankerm\u00f6glichkeit. Da die Wand erst in 30m Tiefe abbricht, empfiehlt es sich, in 10m sechzig Flossenschl\u00e4ge nach SW zu schwimmen und dann erst abzutauchen. Die Wand ist dicht mit Schwefelschw\u00e4mmen bewachsen und h\u00e4ufig sind hier Langusten anzutreffen. Das Plateau ist sch\u00f6n strukturiert und bietet ein abwechslungsreiches Austauchen.<br>Entfernung von Murter: 7 M<br>Schwierigkeitsgrad: erfahrene, tek<br><\/td><td class=\"has-text-align-left\" data-align=\"left\">Approximately 100m W from the island of Cavlin an underwater ridge comes up to 5-8m where you can anchor. Since the drop-off is another 50m away, the best is to swim in 10m depth 60 fin strokes to SW until you see the wall starting in 30m depth. The view is dominated by yellow sulphur sponges which cover practically the full wall. Look for lobsters hiding in the cracks. The top of the hill is nicely structured in the zone close to the surface, so you can make an interesting and extended safety stop.<br>Distance from Murter: 9 M<br>Levels: experienced, tec<\/td><\/tr><tr><td class=\"has-text-align-left\" data-align=\"left\"><a href=\"https:\/\/www.najada.com\/word-press\/language\/de\/tauchplatz-menu\/\">&lt;- ZUR\u00dcCK ZUR AUSWAHL<\/a><\/td><td class=\"has-text-align-left\" data-align=\"left\"><a href=\"https:\/\/www.najada.com\/word-press\/divesite_menu\/\">&lt;- BACK TO SELECTION<\/a><\/td><\/tr><\/tbody><\/table><\/figure>\n","protected":false},"excerpt":{"rendered":"<p>CAVLIN WEST Ca. 100m W von Cavlin kommt ein Felsen bis auf 5-8m an die Oberfl\u00e4che und bietet eine gute Ankerm\u00f6glichkeit. Da die Wand erst in 30m Tiefe abbricht, empfiehlt es sich, in 10m sechzig Flossenschl\u00e4ge nach SW zu schwimmen und dann erst abzutauchen. Die Wand ist dicht mit Schwefelschw\u00e4mmen bewachsen und h\u00e4ufig sind hier [&hellip;]<\/p>\n","protected":false},"author":1,"featured_media":0,"parent":0,"menu_order":0,"comment_status":"closed","ping_status":"closed","template":"","meta":{"ngg_post_thumbnail":0},"yoast_head":"<!-- This site is optimized with the Yoast SEO Premium plugin v20.2 (Yoast SEO v20.2) - https:\/\/yoast.com\/wordpress\/plugins\/seo\/ -->\n<title>dn_cavlinwest - Najada diving<\/title>\n<meta name=\"robots\" content=\"index, follow, max-snippet:-1, max-image-preview:large, max-video-preview:-1\" \/>\n<link rel=\"canonical\" href=\"https:\/\/www.najada.com\/word-press\/language\/de\/dn_cavlinwest\/\" \/>\n<meta property=\"og:locale\" content=\"en_US\" \/>\n<meta property=\"og:type\" content=\"article\" \/>\n<meta property=\"og:title\" content=\"dn_cavlinwest\" \/>\n<meta property=\"og:description\" content=\"CAVLIN WEST Ca. 100m W von Cavlin kommt ein Felsen bis auf 5-8m an die Oberfl\u00e4che und bietet eine gute Ankerm\u00f6glichkeit. Da die Wand erst in 30m Tiefe abbricht, empfiehlt es sich, in 10m sechzig Flossenschl\u00e4ge nach SW zu schwimmen und dann erst abzutauchen. Die Wand ist dicht mit Schwefelschw\u00e4mmen bewachsen und h\u00e4ufig sind hier [&hellip;]\" \/>\n<meta property=\"og:url\" content=\"https:\/\/www.najada.com\/word-press\/language\/de\/dn_cavlinwest\/\" \/>\n<meta property=\"og:site_name\" content=\"Najada diving\" \/>\n<meta property=\"article:publisher\" content=\"https:\/\/www.facebook.com\/NajadaDiving\" \/>\n<meta property=\"article:modified_time\" content=\"2023-09-23T09:40:34+00:00\" \/>\n<meta property=\"og:image\" content=\"https:\/\/www.najada.com\/word-press\/wp-content\/uploads\/ds_cavlinwest.jpg\" \/>\n<meta name=\"twitter:card\" content=\"summary_large_image\" \/>\n<meta name=\"twitter:label1\" content=\"Est. reading time\" \/>\n\t<meta name=\"twitter:data1\" content=\"2 minutes\" \/>\n<script type=\"application\/ld+json\" class=\"yoast-schema-graph\">{\"@context\":\"https:\/\/schema.org\",\"@graph\":[{\"@type\":\"WebPage\",\"@id\":\"https:\/\/www.najada.com\/word-press\/language\/de\/dn_cavlinwest\/\",\"url\":\"https:\/\/www.najada.com\/word-press\/language\/de\/dn_cavlinwest\/\",\"name\":\"dn_cavlinwest - Najada diving\",\"isPartOf\":{\"@id\":\"https:\/\/www.najada.com\/word-press\/#website\"},\"datePublished\":\"2023-09-23T09:37:24+00:00\",\"dateModified\":\"2023-09-23T09:40:34+00:00\",\"breadcrumb\":{\"@id\":\"https:\/\/www.najada.com\/word-press\/language\/de\/dn_cavlinwest\/#breadcrumb\"},\"inLanguage\":\"en-US\",\"potentialAction\":[{\"@type\":\"ReadAction\",\"target\":[\"https:\/\/www.najada.com\/word-press\/language\/de\/dn_cavlinwest\/\"]}]},{\"@type\":\"BreadcrumbList\",\"@id\":\"https:\/\/www.najada.com\/word-press\/language\/de\/dn_cavlinwest\/#breadcrumb\",\"itemListElement\":[{\"@type\":\"ListItem\",\"position\":1,\"name\":\"Startseite\",\"item\":\"https:\/\/www.najada.com\/word-press\/\"},{\"@type\":\"ListItem\",\"position\":2,\"name\":\"dn_cavlinwest\"}]},{\"@type\":\"WebSite\",\"@id\":\"https:\/\/www.najada.com\/word-press\/#website\",\"url\":\"https:\/\/www.najada.com\/word-press\/\",\"name\":\"Najada diving\",\"description\":\"Tauchen in Kroatien \/ Diving in Croatia\",\"publisher\":{\"@id\":\"https:\/\/www.najada.com\/word-press\/#organization\"},\"potentialAction\":[{\"@type\":\"SearchAction\",\"target\":{\"@type\":\"EntryPoint\",\"urlTemplate\":\"https:\/\/www.najada.com\/word-press\/?s={search_term_string}\"},\"query-input\":\"required name=search_term_string\"}],\"inLanguage\":\"en-US\"},{\"@type\":\"Organization\",\"@id\":\"https:\/\/www.najada.com\/word-press\/#organization\",\"name\":\"Najada d.o.o.\",\"url\":\"https:\/\/www.najada.com\/word-press\/\",\"logo\":{\"@type\":\"ImageObject\",\"inLanguage\":\"en-US\",\"@id\":\"https:\/\/www.najada.com\/word-press\/#\/schema\/logo\/image\/\",\"url\":\"https:\/\/www.najada.com\/word-press\/wp-content\/uploads\/logonurnajada-Kopie.png\",\"contentUrl\":\"https:\/\/www.najada.com\/word-press\/wp-content\/uploads\/logonurnajada-Kopie.png\",\"width\":400,\"height\":405,\"caption\":\"Najada d.o.o.\"},\"image\":{\"@id\":\"https:\/\/www.najada.com\/word-press\/#\/schema\/logo\/image\/\"},\"sameAs\":[\"https:\/\/www.facebook.com\/NajadaDiving\",\"https:\/\/www.instagram.com\/najadadiving\/\",\"https:\/\/www.youtube.com\/user\/najadadiving\/videos\"]}]}<\/script>\n<!-- \/ Yoast SEO Premium plugin. -->","yoast_head_json":{"title":"dn_cavlinwest - Najada diving","robots":{"index":"index","follow":"follow","max-snippet":"max-snippet:-1","max-image-preview":"max-image-preview:large","max-video-preview":"max-video-preview:-1"},"canonical":"https:\/\/www.najada.com\/word-press\/language\/de\/dn_cavlinwest\/","og_locale":"en_US","og_type":"article","og_title":"dn_cavlinwest","og_description":"CAVLIN WEST Ca. 100m W von Cavlin kommt ein Felsen bis auf 5-8m an die Oberfl\u00e4che und bietet eine gute Ankerm\u00f6glichkeit. Da die Wand erst in 30m Tiefe abbricht, empfiehlt es sich, in 10m sechzig Flossenschl\u00e4ge nach SW zu schwimmen und dann erst abzutauchen. Die Wand ist dicht mit Schwefelschw\u00e4mmen bewachsen und h\u00e4ufig sind hier [&hellip;]","og_url":"https:\/\/www.najada.com\/word-press\/language\/de\/dn_cavlinwest\/","og_site_name":"Najada diving","article_publisher":"https:\/\/www.facebook.com\/NajadaDiving","article_modified_time":"2023-09-23T09:40:34+00:00","og_image":[{"url":"https:\/\/www.najada.com\/word-press\/wp-content\/uploads\/ds_cavlinwest.jpg"}],"twitter_card":"summary_large_image","twitter_misc":{"Est. reading time":"2 minutes"},"schema":{"@context":"https:\/\/schema.org","@graph":[{"@type":"WebPage","@id":"https:\/\/www.najada.com\/word-press\/language\/de\/dn_cavlinwest\/","url":"https:\/\/www.najada.com\/word-press\/language\/de\/dn_cavlinwest\/","name":"dn_cavlinwest - Najada diving","isPartOf":{"@id":"https:\/\/www.najada.com\/word-press\/#website"},"datePublished":"2023-09-23T09:37:24+00:00","dateModified":"2023-09-23T09:40:34+00:00","breadcrumb":{"@id":"https:\/\/www.najada.com\/word-press\/language\/de\/dn_cavlinwest\/#breadcrumb"},"inLanguage":"en-US","potentialAction":[{"@type":"ReadAction","target":["https:\/\/www.najada.com\/word-press\/language\/de\/dn_cavlinwest\/"]}]},{"@type":"BreadcrumbList","@id":"https:\/\/www.najada.com\/word-press\/language\/de\/dn_cavlinwest\/#breadcrumb","itemListElement":[{"@type":"ListItem","position":1,"name":"Startseite","item":"https:\/\/www.najada.com\/word-press\/"},{"@type":"ListItem","position":2,"name":"dn_cavlinwest"}]},{"@type":"WebSite","@id":"https:\/\/www.najada.com\/word-press\/#website","url":"https:\/\/www.najada.com\/word-press\/","name":"Najada diving","description":"Tauchen in Kroatien \/ Diving in Croatia","publisher":{"@id":"https:\/\/www.najada.com\/word-press\/#organization"},"potentialAction":[{"@type":"SearchAction","target":{"@type":"EntryPoint","urlTemplate":"https:\/\/www.najada.com\/word-press\/?s={search_term_string}"},"query-input":"required name=search_term_string"}],"inLanguage":"en-US"},{"@type":"Organization","@id":"https:\/\/www.najada.com\/word-press\/#organization","name":"Najada d.o.o.","url":"https:\/\/www.najada.com\/word-press\/","logo":{"@type":"ImageObject","inLanguage":"en-US","@id":"https:\/\/www.najada.com\/word-press\/#\/schema\/logo\/image\/","url":"https:\/\/www.najada.com\/word-press\/wp-content\/uploads\/logonurnajada-Kopie.png","contentUrl":"https:\/\/www.najada.com\/word-press\/wp-content\/uploads\/logonurnajada-Kopie.png","width":400,"height":405,"caption":"Najada d.o.o."},"image":{"@id":"https:\/\/www.najada.com\/word-press\/#\/schema\/logo\/image\/"},"sameAs":["https:\/\/www.facebook.com\/NajadaDiving","https:\/\/www.instagram.com\/najadadiving\/","https:\/\/www.youtube.com\/user\/najadadiving\/videos"]}]}},"_links":{"self":[{"href":"https:\/\/www.najada.com\/word-press\/wp-json\/wp\/v2\/pages\/8220"}],"collection":[{"href":"https:\/\/www.najada.com\/word-press\/wp-json\/wp\/v2\/pages"}],"about":[{"href":"https:\/\/www.najada.com\/word-press\/wp-json\/wp\/v2\/types\/page"}],"author":[{"embeddable":true,"href":"https:\/\/www.najada.com\/word-press\/wp-json\/wp\/v2\/users\/1"}],"replies":[{"embeddable":true,"href":"https:\/\/www.najada.com\/word-press\/wp-json\/wp\/v2\/comments?post=8220"}],"version-history":[{"count":2,"href":"https:\/\/www.najada.com\/word-press\/wp-json\/wp\/v2\/pages\/8220\/revisions"}],"predecessor-version":[{"id":8222,"href":"https:\/\/www.najada.com\/word-press\/wp-json\/wp\/v2\/pages\/8220\/revisions\/8222"}],"wp:attachment":[{"href":"https:\/\/www.najada.com\/word-press\/wp-json\/wp\/v2\/media?parent=8220"}],"curies":[{"name":"wp","href":"https:\/\/api.w.org\/{rel}","templated":true}]}}