{"id":8214,"date":"2023-09-23T09:16:06","date_gmt":"2023-09-23T09:16:06","guid":{"rendered":"https:\/\/www.najada.com\/word-press\/?page_id=8214"},"modified":"2023-09-23T09:21:10","modified_gmt":"2023-09-23T09:21:10","slug":"dn_borovnik-2","status":"publish","type":"page","link":"https:\/\/www.najada.com\/word-press\/language\/de\/dn_borovnik-2\/","title":{"rendered":"dn_borovnik"},"content":{"rendered":"\n<h2 id=\"h-borovnik\"><strong>Borovnik<\/strong><\/h2>\n\n\n\n<figure class=\"wp-block-image size-full is-resized\"><img decoding=\"async\" loading=\"lazy\" src=\"https:\/\/www.najada.com\/word-press\/wp-content\/uploads\/ds_borovnik.jpg\" alt=\"\" class=\"wp-image-8048\" width=\"370\" height=\"278\" srcset=\"https:\/\/www.najada.com\/word-press\/wp-content\/uploads\/ds_borovnik.jpg 200w, https:\/\/www.najada.com\/word-press\/wp-content\/uploads\/ds_borovnik-150x113.jpg 150w\" sizes=\"(max-width: 370px) 100vw, 370px\" \/><figcaption class=\"wp-element-caption\">keine Videos verf\u00fcgbar                 no videos available<\/figcaption><\/figure>\n\n\n\n<p><\/p>\n\n\n\n<figure class=\"wp-block-table is-style-regular\"><table class=\"has-cyan-bluish-gray-color has-text-color has-fixed-layout\"><tbody><tr><td class=\"has-text-align-left\" data-align=\"left\">Balun und Borovnik sind durch eine wundersch\u00f6ne Wand verbunden. Taucht man bei Borovnik in einer kleinen Bucht, findet man drei H\u00f6hlen \u00fcbereinander. Die tiefste befindet sich auf 38m und man kann innen einen schmalen Gang diagonal etwa 10 m hinauftauchen. Die mittlere ist eher ein \u00dcberhang, von dem man zur obersten H\u00f6hle tauchen kann, deren Eingang sich in ca. 7m befindet. Innen kann man bis zu einer kleinen Luftblase an der Oberfl\u00e4che emporsteigen.<br>Entfernung von Murter:20 M<br>Schwierigkeitsgrad: alle, untere H\u00f6hle f\u00fcr erfahrene Taucher<\/td><td class=\"has-text-align-left\" data-align=\"left\">Balun and Borovnik are connected by a beautiful wall. Next to Borovnik you find three caves on top of each other in a small bay. The entrance to the deepest one is in 38m and inside you can go up in a small diagonal chimney in approximately 10m. The middle cave is rather a nice overhang, the most beautiful and attractive cave is entered at 7m. Inside you can dive up to a small air bubble.<br>Distance from Murter: 20 M<br>Level: all, lower cave for experienced<\/td><\/tr><tr><td class=\"has-text-align-left\" data-align=\"left\"><a href=\"https:\/\/www.najada.com\/word-press\/language\/de\/tauchplatz-menu\/\">&lt;- ZUR\u00dcCK ZUR AUSWAHL<\/a><\/td><td class=\"has-text-align-left\" data-align=\"left\"><a href=\"https:\/\/www.najada.com\/word-press\/divesite_menu\/\">&lt;- BACK TO SELECTION<\/a><\/td><\/tr><\/tbody><\/table><\/figure>\n","protected":false},"excerpt":{"rendered":"<p>Borovnik Balun und Borovnik sind durch eine wundersch\u00f6ne Wand verbunden. Taucht man bei Borovnik in einer kleinen Bucht, findet man drei H\u00f6hlen \u00fcbereinander. Die tiefste befindet sich auf 38m und man kann innen einen schmalen Gang diagonal etwa 10 m hinauftauchen. Die mittlere ist eher ein \u00dcberhang, von dem man zur obersten H\u00f6hle tauchen kann, [&hellip;]<\/p>\n","protected":false},"author":1,"featured_media":0,"parent":0,"menu_order":0,"comment_status":"closed","ping_status":"closed","template":"","meta":{"ngg_post_thumbnail":0},"yoast_head":"<!-- This site is optimized with the Yoast SEO Premium plugin v20.2 (Yoast SEO v20.2) - https:\/\/yoast.com\/wordpress\/plugins\/seo\/ -->\n<title>dn_borovnik - Najada diving<\/title>\n<meta name=\"robots\" content=\"index, follow, max-snippet:-1, max-image-preview:large, max-video-preview:-1\" \/>\n<link rel=\"canonical\" href=\"https:\/\/www.najada.com\/word-press\/language\/de\/dn_borovnik-2\/\" \/>\n<meta property=\"og:locale\" content=\"en_US\" \/>\n<meta property=\"og:type\" content=\"article\" \/>\n<meta property=\"og:title\" content=\"dn_borovnik\" \/>\n<meta property=\"og:description\" content=\"Borovnik Balun und Borovnik sind durch eine wundersch\u00f6ne Wand verbunden. Taucht man bei Borovnik in einer kleinen Bucht, findet man drei H\u00f6hlen \u00fcbereinander. Die tiefste befindet sich auf 38m und man kann innen einen schmalen Gang diagonal etwa 10 m hinauftauchen. Die mittlere ist eher ein \u00dcberhang, von dem man zur obersten H\u00f6hle tauchen kann, [&hellip;]\" \/>\n<meta property=\"og:url\" content=\"https:\/\/www.najada.com\/word-press\/language\/de\/dn_borovnik-2\/\" \/>\n<meta property=\"og:site_name\" content=\"Najada diving\" \/>\n<meta property=\"article:publisher\" content=\"https:\/\/www.facebook.com\/NajadaDiving\" \/>\n<meta property=\"article:modified_time\" content=\"2023-09-23T09:21:10+00:00\" \/>\n<meta property=\"og:image\" content=\"https:\/\/www.najada.com\/word-press\/wp-content\/uploads\/ds_borovnik.jpg\" \/>\n<meta name=\"twitter:card\" content=\"summary_large_image\" \/>\n<meta name=\"twitter:label1\" content=\"Est. reading time\" \/>\n\t<meta name=\"twitter:data1\" content=\"2 minutes\" \/>\n<script type=\"application\/ld+json\" class=\"yoast-schema-graph\">{\"@context\":\"https:\/\/schema.org\",\"@graph\":[{\"@type\":\"WebPage\",\"@id\":\"https:\/\/www.najada.com\/word-press\/language\/de\/dn_borovnik-2\/\",\"url\":\"https:\/\/www.najada.com\/word-press\/language\/de\/dn_borovnik-2\/\",\"name\":\"dn_borovnik - Najada diving\",\"isPartOf\":{\"@id\":\"https:\/\/www.najada.com\/word-press\/#website\"},\"datePublished\":\"2023-09-23T09:16:06+00:00\",\"dateModified\":\"2023-09-23T09:21:10+00:00\",\"breadcrumb\":{\"@id\":\"https:\/\/www.najada.com\/word-press\/language\/de\/dn_borovnik-2\/#breadcrumb\"},\"inLanguage\":\"en-US\",\"potentialAction\":[{\"@type\":\"ReadAction\",\"target\":[\"https:\/\/www.najada.com\/word-press\/language\/de\/dn_borovnik-2\/\"]}]},{\"@type\":\"BreadcrumbList\",\"@id\":\"https:\/\/www.najada.com\/word-press\/language\/de\/dn_borovnik-2\/#breadcrumb\",\"itemListElement\":[{\"@type\":\"ListItem\",\"position\":1,\"name\":\"Startseite\",\"item\":\"https:\/\/www.najada.com\/word-press\/\"},{\"@type\":\"ListItem\",\"position\":2,\"name\":\"dn_borovnik\"}]},{\"@type\":\"WebSite\",\"@id\":\"https:\/\/www.najada.com\/word-press\/#website\",\"url\":\"https:\/\/www.najada.com\/word-press\/\",\"name\":\"Najada diving\",\"description\":\"Tauchen in Kroatien \/ Diving in Croatia\",\"publisher\":{\"@id\":\"https:\/\/www.najada.com\/word-press\/#organization\"},\"potentialAction\":[{\"@type\":\"SearchAction\",\"target\":{\"@type\":\"EntryPoint\",\"urlTemplate\":\"https:\/\/www.najada.com\/word-press\/?s={search_term_string}\"},\"query-input\":\"required name=search_term_string\"}],\"inLanguage\":\"en-US\"},{\"@type\":\"Organization\",\"@id\":\"https:\/\/www.najada.com\/word-press\/#organization\",\"name\":\"Najada d.o.o.\",\"url\":\"https:\/\/www.najada.com\/word-press\/\",\"logo\":{\"@type\":\"ImageObject\",\"inLanguage\":\"en-US\",\"@id\":\"https:\/\/www.najada.com\/word-press\/#\/schema\/logo\/image\/\",\"url\":\"https:\/\/www.najada.com\/word-press\/wp-content\/uploads\/logonurnajada-Kopie.png\",\"contentUrl\":\"https:\/\/www.najada.com\/word-press\/wp-content\/uploads\/logonurnajada-Kopie.png\",\"width\":400,\"height\":405,\"caption\":\"Najada d.o.o.\"},\"image\":{\"@id\":\"https:\/\/www.najada.com\/word-press\/#\/schema\/logo\/image\/\"},\"sameAs\":[\"https:\/\/www.facebook.com\/NajadaDiving\",\"https:\/\/www.instagram.com\/najadadiving\/\",\"https:\/\/www.youtube.com\/user\/najadadiving\/videos\"]}]}<\/script>\n<!-- \/ Yoast SEO Premium plugin. -->","yoast_head_json":{"title":"dn_borovnik - Najada diving","robots":{"index":"index","follow":"follow","max-snippet":"max-snippet:-1","max-image-preview":"max-image-preview:large","max-video-preview":"max-video-preview:-1"},"canonical":"https:\/\/www.najada.com\/word-press\/language\/de\/dn_borovnik-2\/","og_locale":"en_US","og_type":"article","og_title":"dn_borovnik","og_description":"Borovnik Balun und Borovnik sind durch eine wundersch\u00f6ne Wand verbunden. Taucht man bei Borovnik in einer kleinen Bucht, findet man drei H\u00f6hlen \u00fcbereinander. Die tiefste befindet sich auf 38m und man kann innen einen schmalen Gang diagonal etwa 10 m hinauftauchen. Die mittlere ist eher ein \u00dcberhang, von dem man zur obersten H\u00f6hle tauchen kann, [&hellip;]","og_url":"https:\/\/www.najada.com\/word-press\/language\/de\/dn_borovnik-2\/","og_site_name":"Najada diving","article_publisher":"https:\/\/www.facebook.com\/NajadaDiving","article_modified_time":"2023-09-23T09:21:10+00:00","og_image":[{"url":"https:\/\/www.najada.com\/word-press\/wp-content\/uploads\/ds_borovnik.jpg"}],"twitter_card":"summary_large_image","twitter_misc":{"Est. reading time":"2 minutes"},"schema":{"@context":"https:\/\/schema.org","@graph":[{"@type":"WebPage","@id":"https:\/\/www.najada.com\/word-press\/language\/de\/dn_borovnik-2\/","url":"https:\/\/www.najada.com\/word-press\/language\/de\/dn_borovnik-2\/","name":"dn_borovnik - Najada diving","isPartOf":{"@id":"https:\/\/www.najada.com\/word-press\/#website"},"datePublished":"2023-09-23T09:16:06+00:00","dateModified":"2023-09-23T09:21:10+00:00","breadcrumb":{"@id":"https:\/\/www.najada.com\/word-press\/language\/de\/dn_borovnik-2\/#breadcrumb"},"inLanguage":"en-US","potentialAction":[{"@type":"ReadAction","target":["https:\/\/www.najada.com\/word-press\/language\/de\/dn_borovnik-2\/"]}]},{"@type":"BreadcrumbList","@id":"https:\/\/www.najada.com\/word-press\/language\/de\/dn_borovnik-2\/#breadcrumb","itemListElement":[{"@type":"ListItem","position":1,"name":"Startseite","item":"https:\/\/www.najada.com\/word-press\/"},{"@type":"ListItem","position":2,"name":"dn_borovnik"}]},{"@type":"WebSite","@id":"https:\/\/www.najada.com\/word-press\/#website","url":"https:\/\/www.najada.com\/word-press\/","name":"Najada diving","description":"Tauchen in Kroatien \/ Diving in Croatia","publisher":{"@id":"https:\/\/www.najada.com\/word-press\/#organization"},"potentialAction":[{"@type":"SearchAction","target":{"@type":"EntryPoint","urlTemplate":"https:\/\/www.najada.com\/word-press\/?s={search_term_string}"},"query-input":"required name=search_term_string"}],"inLanguage":"en-US"},{"@type":"Organization","@id":"https:\/\/www.najada.com\/word-press\/#organization","name":"Najada d.o.o.","url":"https:\/\/www.najada.com\/word-press\/","logo":{"@type":"ImageObject","inLanguage":"en-US","@id":"https:\/\/www.najada.com\/word-press\/#\/schema\/logo\/image\/","url":"https:\/\/www.najada.com\/word-press\/wp-content\/uploads\/logonurnajada-Kopie.png","contentUrl":"https:\/\/www.najada.com\/word-press\/wp-content\/uploads\/logonurnajada-Kopie.png","width":400,"height":405,"caption":"Najada d.o.o."},"image":{"@id":"https:\/\/www.najada.com\/word-press\/#\/schema\/logo\/image\/"},"sameAs":["https:\/\/www.facebook.com\/NajadaDiving","https:\/\/www.instagram.com\/najadadiving\/","https:\/\/www.youtube.com\/user\/najadadiving\/videos"]}]}},"_links":{"self":[{"href":"https:\/\/www.najada.com\/word-press\/wp-json\/wp\/v2\/pages\/8214"}],"collection":[{"href":"https:\/\/www.najada.com\/word-press\/wp-json\/wp\/v2\/pages"}],"about":[{"href":"https:\/\/www.najada.com\/word-press\/wp-json\/wp\/v2\/types\/page"}],"author":[{"embeddable":true,"href":"https:\/\/www.najada.com\/word-press\/wp-json\/wp\/v2\/users\/1"}],"replies":[{"embeddable":true,"href":"https:\/\/www.najada.com\/word-press\/wp-json\/wp\/v2\/comments?post=8214"}],"version-history":[{"count":2,"href":"https:\/\/www.najada.com\/word-press\/wp-json\/wp\/v2\/pages\/8214\/revisions"}],"predecessor-version":[{"id":8217,"href":"https:\/\/www.najada.com\/word-press\/wp-json\/wp\/v2\/pages\/8214\/revisions\/8217"}],"wp:attachment":[{"href":"https:\/\/www.najada.com\/word-press\/wp-json\/wp\/v2\/media?parent=8214"}],"curies":[{"name":"wp","href":"https:\/\/api.w.org\/{rel}","templated":true}]}}