{"id":7961,"date":"2023-06-22T09:56:12","date_gmt":"2023-06-22T09:56:12","guid":{"rendered":"https:\/\/www.najada.com\/word-press\/?page_id=7961"},"modified":"2023-09-23T07:29:18","modified_gmt":"2023-09-23T07:29:18","slug":"dn_blitvenica","status":"publish","type":"page","link":"https:\/\/www.najada.com\/word-press\/dn_blitvenica\/","title":{"rendered":"dn_blitvenica"},"content":{"rendered":"\n<h2 id=\"h-blitvenica\">BLITVENICA<\/h2>\n\n\n<div id=\"image-map-pro-3777\"><\/div>\n\n\n\n<p><\/p>\n\n\n\n<figure class=\"wp-block-table is-style-regular\"><table class=\"has-white-color has-text-color has-fixed-layout\"><tbody><tr><td class=\"has-text-align-left\" data-align=\"left\">Wenn man von Murter nach S\u00fcden blickt sieht man am Horizont den Leuchtturm von Blitvenica. Der Turm selbst blickt nach S, darunter befindet sich eine wundersch\u00f6ne Steilwand. Die Mitte markiert ein gro\u00dfer Betonblock, von dem aus man nach rechts oder links tauchen kann. In beiden Richtungen ist die Wand mit roten und gelben Gorgonien bewachsen. Im SO steht eine gro\u00dfe Schule von Fahnenbarschen, die inzwischen an mehreren Pl\u00e4tzen beobachtet werden k\u00f6nnen.<br>Eine 2. Gorgonienh\u00fcgel f\u00fcr Tekkies befindet sich in ca. 50m Tiefe.<br>Entfernung von Murter: 15 M<br>Schwierigkeitsrad: mittel, 2.H\u00fcgel tek<\/td><td class=\"has-text-align-left\" data-align=\"left\">Looking to the South you cannot miss the view to the light house of Blitvenica. The tower points to the South and there is a huge wall. In the middle you find a big concrete block which parts the wall in two dive excursions. Both parts are overgrown with red and yellow Gorgonians. In the SE part you will find a big school of swallowtail seaperches (there is another big school in the Dome).<br>For tec divers a 2nd Gorgonia hill start from 50m.<br>Distance from Murter: 15 M<br>Levels: advanced, 2nd hill tec<\/td><\/tr><tr><td class=\"has-text-align-left\" data-align=\"left\"><a href=\"https:\/\/www.najada.com\/word-press\/language\/de\/tauchplatz-menu\/\">&lt;- ZUR\u00dcCK ZUR AUSWAHL<\/a><\/td><td class=\"has-text-align-left\" data-align=\"left\"><a href=\"https:\/\/www.najada.com\/word-press\/divesite_menu\/\">&lt;- BACK TO SELECTION<\/a><\/td><\/tr><\/tbody><\/table><\/figure>\n","protected":false},"excerpt":{"rendered":"<p>BLITVENICA Wenn man von Murter nach S\u00fcden blickt sieht man am Horizont den Leuchtturm von Blitvenica. Der Turm selbst blickt nach S, darunter befindet sich eine wundersch\u00f6ne Steilwand. Die Mitte markiert ein gro\u00dfer Betonblock, von dem aus man nach rechts oder links tauchen kann. In beiden Richtungen ist die Wand mit roten und gelben Gorgonien [&hellip;]<\/p>\n","protected":false},"author":3,"featured_media":0,"parent":0,"menu_order":0,"comment_status":"closed","ping_status":"closed","template":"","meta":{"ngg_post_thumbnail":0},"yoast_head":"<!-- This site is optimized with the Yoast SEO Premium plugin v20.2 (Yoast SEO v20.2) - https:\/\/yoast.com\/wordpress\/plugins\/seo\/ -->\n<title>dn_blitvenica - Najada diving<\/title>\n<meta name=\"robots\" content=\"index, follow, max-snippet:-1, max-image-preview:large, max-video-preview:-1\" \/>\n<link rel=\"canonical\" href=\"https:\/\/www.najada.com\/word-press\/dn_blitvenica\/\" \/>\n<meta property=\"og:locale\" content=\"en_US\" \/>\n<meta property=\"og:type\" content=\"article\" \/>\n<meta property=\"og:title\" content=\"dn_blitvenica\" \/>\n<meta property=\"og:description\" content=\"BLITVENICA Wenn man von Murter nach S\u00fcden blickt sieht man am Horizont den Leuchtturm von Blitvenica. Der Turm selbst blickt nach S, darunter befindet sich eine wundersch\u00f6ne Steilwand. Die Mitte markiert ein gro\u00dfer Betonblock, von dem aus man nach rechts oder links tauchen kann. In beiden Richtungen ist die Wand mit roten und gelben Gorgonien [&hellip;]\" \/>\n<meta property=\"og:url\" content=\"https:\/\/www.najada.com\/word-press\/dn_blitvenica\/\" \/>\n<meta property=\"og:site_name\" content=\"Najada diving\" \/>\n<meta property=\"article:publisher\" content=\"https:\/\/www.facebook.com\/NajadaDiving\" \/>\n<meta property=\"article:modified_time\" content=\"2023-09-23T07:29:18+00:00\" \/>\n<meta name=\"twitter:card\" content=\"summary_large_image\" \/>\n<meta name=\"twitter:label1\" content=\"Est. reading time\" \/>\n\t<meta name=\"twitter:data1\" content=\"2 minutes\" \/>\n<script type=\"application\/ld+json\" class=\"yoast-schema-graph\">{\"@context\":\"https:\/\/schema.org\",\"@graph\":[{\"@type\":\"WebPage\",\"@id\":\"https:\/\/www.najada.com\/word-press\/dn_blitvenica\/\",\"url\":\"https:\/\/www.najada.com\/word-press\/dn_blitvenica\/\",\"name\":\"dn_blitvenica - Najada diving\",\"isPartOf\":{\"@id\":\"https:\/\/www.najada.com\/word-press\/#website\"},\"datePublished\":\"2023-06-22T09:56:12+00:00\",\"dateModified\":\"2023-09-23T07:29:18+00:00\",\"breadcrumb\":{\"@id\":\"https:\/\/www.najada.com\/word-press\/dn_blitvenica\/#breadcrumb\"},\"inLanguage\":\"en-US\",\"potentialAction\":[{\"@type\":\"ReadAction\",\"target\":[\"https:\/\/www.najada.com\/word-press\/dn_blitvenica\/\"]}]},{\"@type\":\"BreadcrumbList\",\"@id\":\"https:\/\/www.najada.com\/word-press\/dn_blitvenica\/#breadcrumb\",\"itemListElement\":[{\"@type\":\"ListItem\",\"position\":1,\"name\":\"Startseite\",\"item\":\"https:\/\/www.najada.com\/word-press\/\"},{\"@type\":\"ListItem\",\"position\":2,\"name\":\"dn_blitvenica\"}]},{\"@type\":\"WebSite\",\"@id\":\"https:\/\/www.najada.com\/word-press\/#website\",\"url\":\"https:\/\/www.najada.com\/word-press\/\",\"name\":\"Najada diving\",\"description\":\"Tauchen in Kroatien \/ Diving in Croatia\",\"publisher\":{\"@id\":\"https:\/\/www.najada.com\/word-press\/#organization\"},\"potentialAction\":[{\"@type\":\"SearchAction\",\"target\":{\"@type\":\"EntryPoint\",\"urlTemplate\":\"https:\/\/www.najada.com\/word-press\/?s={search_term_string}\"},\"query-input\":\"required name=search_term_string\"}],\"inLanguage\":\"en-US\"},{\"@type\":\"Organization\",\"@id\":\"https:\/\/www.najada.com\/word-press\/#organization\",\"name\":\"Najada d.o.o.\",\"url\":\"https:\/\/www.najada.com\/word-press\/\",\"logo\":{\"@type\":\"ImageObject\",\"inLanguage\":\"en-US\",\"@id\":\"https:\/\/www.najada.com\/word-press\/#\/schema\/logo\/image\/\",\"url\":\"https:\/\/www.najada.com\/word-press\/wp-content\/uploads\/logonurnajada-Kopie.png\",\"contentUrl\":\"https:\/\/www.najada.com\/word-press\/wp-content\/uploads\/logonurnajada-Kopie.png\",\"width\":400,\"height\":405,\"caption\":\"Najada d.o.o.\"},\"image\":{\"@id\":\"https:\/\/www.najada.com\/word-press\/#\/schema\/logo\/image\/\"},\"sameAs\":[\"https:\/\/www.facebook.com\/NajadaDiving\",\"https:\/\/www.instagram.com\/najadadiving\/\",\"https:\/\/www.youtube.com\/user\/najadadiving\/videos\"]}]}<\/script>\n<!-- \/ Yoast SEO Premium plugin. -->","yoast_head_json":{"title":"dn_blitvenica - Najada diving","robots":{"index":"index","follow":"follow","max-snippet":"max-snippet:-1","max-image-preview":"max-image-preview:large","max-video-preview":"max-video-preview:-1"},"canonical":"https:\/\/www.najada.com\/word-press\/dn_blitvenica\/","og_locale":"en_US","og_type":"article","og_title":"dn_blitvenica","og_description":"BLITVENICA Wenn man von Murter nach S\u00fcden blickt sieht man am Horizont den Leuchtturm von Blitvenica. Der Turm selbst blickt nach S, darunter befindet sich eine wundersch\u00f6ne Steilwand. Die Mitte markiert ein gro\u00dfer Betonblock, von dem aus man nach rechts oder links tauchen kann. In beiden Richtungen ist die Wand mit roten und gelben Gorgonien [&hellip;]","og_url":"https:\/\/www.najada.com\/word-press\/dn_blitvenica\/","og_site_name":"Najada diving","article_publisher":"https:\/\/www.facebook.com\/NajadaDiving","article_modified_time":"2023-09-23T07:29:18+00:00","twitter_card":"summary_large_image","twitter_misc":{"Est. reading time":"2 minutes"},"schema":{"@context":"https:\/\/schema.org","@graph":[{"@type":"WebPage","@id":"https:\/\/www.najada.com\/word-press\/dn_blitvenica\/","url":"https:\/\/www.najada.com\/word-press\/dn_blitvenica\/","name":"dn_blitvenica - Najada diving","isPartOf":{"@id":"https:\/\/www.najada.com\/word-press\/#website"},"datePublished":"2023-06-22T09:56:12+00:00","dateModified":"2023-09-23T07:29:18+00:00","breadcrumb":{"@id":"https:\/\/www.najada.com\/word-press\/dn_blitvenica\/#breadcrumb"},"inLanguage":"en-US","potentialAction":[{"@type":"ReadAction","target":["https:\/\/www.najada.com\/word-press\/dn_blitvenica\/"]}]},{"@type":"BreadcrumbList","@id":"https:\/\/www.najada.com\/word-press\/dn_blitvenica\/#breadcrumb","itemListElement":[{"@type":"ListItem","position":1,"name":"Startseite","item":"https:\/\/www.najada.com\/word-press\/"},{"@type":"ListItem","position":2,"name":"dn_blitvenica"}]},{"@type":"WebSite","@id":"https:\/\/www.najada.com\/word-press\/#website","url":"https:\/\/www.najada.com\/word-press\/","name":"Najada diving","description":"Tauchen in Kroatien \/ Diving in Croatia","publisher":{"@id":"https:\/\/www.najada.com\/word-press\/#organization"},"potentialAction":[{"@type":"SearchAction","target":{"@type":"EntryPoint","urlTemplate":"https:\/\/www.najada.com\/word-press\/?s={search_term_string}"},"query-input":"required name=search_term_string"}],"inLanguage":"en-US"},{"@type":"Organization","@id":"https:\/\/www.najada.com\/word-press\/#organization","name":"Najada d.o.o.","url":"https:\/\/www.najada.com\/word-press\/","logo":{"@type":"ImageObject","inLanguage":"en-US","@id":"https:\/\/www.najada.com\/word-press\/#\/schema\/logo\/image\/","url":"https:\/\/www.najada.com\/word-press\/wp-content\/uploads\/logonurnajada-Kopie.png","contentUrl":"https:\/\/www.najada.com\/word-press\/wp-content\/uploads\/logonurnajada-Kopie.png","width":400,"height":405,"caption":"Najada d.o.o."},"image":{"@id":"https:\/\/www.najada.com\/word-press\/#\/schema\/logo\/image\/"},"sameAs":["https:\/\/www.facebook.com\/NajadaDiving","https:\/\/www.instagram.com\/najadadiving\/","https:\/\/www.youtube.com\/user\/najadadiving\/videos"]}]}},"_links":{"self":[{"href":"https:\/\/www.najada.com\/word-press\/wp-json\/wp\/v2\/pages\/7961"}],"collection":[{"href":"https:\/\/www.najada.com\/word-press\/wp-json\/wp\/v2\/pages"}],"about":[{"href":"https:\/\/www.najada.com\/word-press\/wp-json\/wp\/v2\/types\/page"}],"author":[{"embeddable":true,"href":"https:\/\/www.najada.com\/word-press\/wp-json\/wp\/v2\/users\/3"}],"replies":[{"embeddable":true,"href":"https:\/\/www.najada.com\/word-press\/wp-json\/wp\/v2\/comments?post=7961"}],"version-history":[{"count":5,"href":"https:\/\/www.najada.com\/word-press\/wp-json\/wp\/v2\/pages\/7961\/revisions"}],"predecessor-version":[{"id":8211,"href":"https:\/\/www.najada.com\/word-press\/wp-json\/wp\/v2\/pages\/7961\/revisions\/8211"}],"wp:attachment":[{"href":"https:\/\/www.najada.com\/word-press\/wp-json\/wp\/v2\/media?parent=7961"}],"curies":[{"name":"wp","href":"https:\/\/api.w.org\/{rel}","templated":true}]}}