{"id":7916,"date":"2023-06-21T11:35:26","date_gmt":"2023-06-21T11:35:26","guid":{"rendered":"https:\/\/www.najada.com\/word-press\/?page_id=7916"},"modified":"2023-09-23T11:02:16","modified_gmt":"2023-09-23T11:02:16","slug":"dn_francesca","status":"publish","type":"page","link":"https:\/\/www.najada.com\/word-press\/dn_francesca\/","title":{"rendered":"dn_francesca"},"content":{"rendered":"\n<h2 id=\"h-francesca-zuruck-zur-auswahl\">FRANCESCA &nbsp; <a href=\"https:\/\/www.najada.com\/word-press\/language\/de\/tauchplatz-menu\/\">ZUR\u00dcCK ZUR AUSWAHL<\/a><\/h2>\n\n\n<div id=\"image-map-pro-4144\"><\/div>\n\n\n\n<p class=\"has-cyan-bluish-gray-color has-text-color\"><\/p>\n\n\n\n<figure class=\"wp-block-table\"><table class=\"has-white-color has-text-color has-fixed-layout\"><tbody><tr><td>Francesca da Rimini, Frachtschiff, gebaut 1942, 281BRT, Eigent\u00fcmer: R. Gattoni, Fiume<br>09.09.43 von Deutschland \u00fcbernommen, gesunken 24.1.1944<br>Obwohl noch einige Augenzeugen leben, ist \u00fcber das Wrack, das da in 50m Tiefe ruht, nicht allzu viel bekannt. Anfang 1944 lag die Francesca di (oder \u201eda\u201c) Rimini mit einem Motorschaden vor der Insel Kaprije. Ein englischer Aufkl\u00e4rer entdeckte den Munitionsfrachter, der Nachschub f\u00fcr Rommels Afrikakrieg liefern sollte. Die herbeigerufenen Kampfflugzeuge beschossen das Schiff und ein Teil der Munition explodierte. Nach den Archiven sollte die Francesca in Pula liegen. Auf jeden Fall ist sie eines der sch\u00f6nsten Wracks in der Adria, bewachsen mit Schw\u00e4mmen und Weichkorallen, umgeben von Fischschulen und meistens exzellenten Sichtverh\u00e4ltnissen.<br>Entfernung von Murter: 9 M<br>Schwierigkeitsgrad: erfahrene Taucher<br><br><br><a href=\"https:\/\/www.najada.com\/word-press\/language\/de\/tauchplatz-menu\/\">ZUR\u00dcCK ZUR AUSWAHL<\/a><\/td><td>Francesca da Rimini, cargo ship, built in 1942, 281BRT, Owner: R. Gattoni, Fiume<br>09.09.43 overtaken by the navy,sunk 24.1.1944<br>Though still many people exist in Murter who witnessed the shipwreck of Francesca, not too much information could be gathered up to now. According to the reports a scout plane found Francesca in front of Kaprije island, with an engine break down, fully loaded with ammunition for the troops in Africa. After the attack of fighter bombers a part of the ammunition exploded and Francesca sank. There are some other versions: According to other sources the wreck of Francesca rests in Pula and some witnesses claim that the ship resting in front of Kaprije is not the Francesca at all. However, she is one of the most beautiful wrecks in Adria, covered with sponges and soft corals surrounded by schools of fish. Because of the depth, only for experienced divers.<br>Distance from Murter: 9 M<br>Level: experienced<br><a href=\"https:\/\/www.najada.com\/word-press\/divesite_menu\/\">BACK TO SELECTION<\/a><\/td><\/tr><\/tbody><\/table><\/figure>\n\n\n\n<p class=\"has-cyan-bluish-gray-color has-text-color\"><\/p>\n","protected":false},"excerpt":{"rendered":"<p>FRANCESCA &nbsp; ZUR\u00dcCK ZUR AUSWAHL Francesca da Rimini, Frachtschiff, gebaut 1942, 281BRT, Eigent\u00fcmer: R. Gattoni, Fiume09.09.43 von Deutschland \u00fcbernommen, gesunken 24.1.1944Obwohl noch einige Augenzeugen leben, ist \u00fcber das Wrack, das da in 50m Tiefe ruht, nicht allzu viel bekannt. Anfang 1944 lag die Francesca di (oder \u201eda\u201c) Rimini mit einem Motorschaden vor der Insel Kaprije. [&hellip;]<\/p>\n","protected":false},"author":3,"featured_media":0,"parent":0,"menu_order":0,"comment_status":"closed","ping_status":"closed","template":"","meta":{"ngg_post_thumbnail":0},"yoast_head":"<!-- This site is optimized with the Yoast SEO Premium plugin v20.2 (Yoast SEO v20.2) - https:\/\/yoast.com\/wordpress\/plugins\/seo\/ -->\n<title>dn_francesca - Najada diving<\/title>\n<meta name=\"robots\" content=\"index, follow, max-snippet:-1, max-image-preview:large, max-video-preview:-1\" \/>\n<link rel=\"canonical\" href=\"https:\/\/www.najada.com\/word-press\/dn_francesca\/\" \/>\n<meta property=\"og:locale\" content=\"en_US\" \/>\n<meta property=\"og:type\" content=\"article\" \/>\n<meta property=\"og:title\" content=\"dn_francesca\" \/>\n<meta property=\"og:description\" content=\"FRANCESCA &nbsp; ZUR\u00dcCK ZUR AUSWAHL Francesca da Rimini, Frachtschiff, gebaut 1942, 281BRT, Eigent\u00fcmer: R. Gattoni, Fiume09.09.43 von Deutschland \u00fcbernommen, gesunken 24.1.1944Obwohl noch einige Augenzeugen leben, ist \u00fcber das Wrack, das da in 50m Tiefe ruht, nicht allzu viel bekannt. Anfang 1944 lag die Francesca di (oder \u201eda\u201c) Rimini mit einem Motorschaden vor der Insel Kaprije. [&hellip;]\" \/>\n<meta property=\"og:url\" content=\"https:\/\/www.najada.com\/word-press\/dn_francesca\/\" \/>\n<meta property=\"og:site_name\" content=\"Najada diving\" \/>\n<meta property=\"article:publisher\" content=\"https:\/\/www.facebook.com\/NajadaDiving\" \/>\n<meta property=\"article:modified_time\" content=\"2023-09-23T11:02:16+00:00\" \/>\n<meta name=\"twitter:card\" content=\"summary_large_image\" \/>\n<meta name=\"twitter:label1\" content=\"Est. reading time\" \/>\n\t<meta name=\"twitter:data1\" content=\"2 minutes\" \/>\n<script type=\"application\/ld+json\" class=\"yoast-schema-graph\">{\"@context\":\"https:\/\/schema.org\",\"@graph\":[{\"@type\":\"WebPage\",\"@id\":\"https:\/\/www.najada.com\/word-press\/dn_francesca\/\",\"url\":\"https:\/\/www.najada.com\/word-press\/dn_francesca\/\",\"name\":\"dn_francesca - Najada diving\",\"isPartOf\":{\"@id\":\"https:\/\/www.najada.com\/word-press\/#website\"},\"datePublished\":\"2023-06-21T11:35:26+00:00\",\"dateModified\":\"2023-09-23T11:02:16+00:00\",\"breadcrumb\":{\"@id\":\"https:\/\/www.najada.com\/word-press\/dn_francesca\/#breadcrumb\"},\"inLanguage\":\"en-US\",\"potentialAction\":[{\"@type\":\"ReadAction\",\"target\":[\"https:\/\/www.najada.com\/word-press\/dn_francesca\/\"]}]},{\"@type\":\"BreadcrumbList\",\"@id\":\"https:\/\/www.najada.com\/word-press\/dn_francesca\/#breadcrumb\",\"itemListElement\":[{\"@type\":\"ListItem\",\"position\":1,\"name\":\"Startseite\",\"item\":\"https:\/\/www.najada.com\/word-press\/\"},{\"@type\":\"ListItem\",\"position\":2,\"name\":\"dn_francesca\"}]},{\"@type\":\"WebSite\",\"@id\":\"https:\/\/www.najada.com\/word-press\/#website\",\"url\":\"https:\/\/www.najada.com\/word-press\/\",\"name\":\"Najada diving\",\"description\":\"Tauchen in Kroatien \/ Diving in Croatia\",\"publisher\":{\"@id\":\"https:\/\/www.najada.com\/word-press\/#organization\"},\"potentialAction\":[{\"@type\":\"SearchAction\",\"target\":{\"@type\":\"EntryPoint\",\"urlTemplate\":\"https:\/\/www.najada.com\/word-press\/?s={search_term_string}\"},\"query-input\":\"required name=search_term_string\"}],\"inLanguage\":\"en-US\"},{\"@type\":\"Organization\",\"@id\":\"https:\/\/www.najada.com\/word-press\/#organization\",\"name\":\"Najada d.o.o.\",\"url\":\"https:\/\/www.najada.com\/word-press\/\",\"logo\":{\"@type\":\"ImageObject\",\"inLanguage\":\"en-US\",\"@id\":\"https:\/\/www.najada.com\/word-press\/#\/schema\/logo\/image\/\",\"url\":\"https:\/\/www.najada.com\/word-press\/wp-content\/uploads\/logonurnajada-Kopie.png\",\"contentUrl\":\"https:\/\/www.najada.com\/word-press\/wp-content\/uploads\/logonurnajada-Kopie.png\",\"width\":400,\"height\":405,\"caption\":\"Najada d.o.o.\"},\"image\":{\"@id\":\"https:\/\/www.najada.com\/word-press\/#\/schema\/logo\/image\/\"},\"sameAs\":[\"https:\/\/www.facebook.com\/NajadaDiving\",\"https:\/\/www.instagram.com\/najadadiving\/\",\"https:\/\/www.youtube.com\/user\/najadadiving\/videos\"]}]}<\/script>\n<!-- \/ Yoast SEO Premium plugin. -->","yoast_head_json":{"title":"dn_francesca - Najada diving","robots":{"index":"index","follow":"follow","max-snippet":"max-snippet:-1","max-image-preview":"max-image-preview:large","max-video-preview":"max-video-preview:-1"},"canonical":"https:\/\/www.najada.com\/word-press\/dn_francesca\/","og_locale":"en_US","og_type":"article","og_title":"dn_francesca","og_description":"FRANCESCA &nbsp; ZUR\u00dcCK ZUR AUSWAHL Francesca da Rimini, Frachtschiff, gebaut 1942, 281BRT, Eigent\u00fcmer: R. Gattoni, Fiume09.09.43 von Deutschland \u00fcbernommen, gesunken 24.1.1944Obwohl noch einige Augenzeugen leben, ist \u00fcber das Wrack, das da in 50m Tiefe ruht, nicht allzu viel bekannt. Anfang 1944 lag die Francesca di (oder \u201eda\u201c) Rimini mit einem Motorschaden vor der Insel Kaprije. [&hellip;]","og_url":"https:\/\/www.najada.com\/word-press\/dn_francesca\/","og_site_name":"Najada diving","article_publisher":"https:\/\/www.facebook.com\/NajadaDiving","article_modified_time":"2023-09-23T11:02:16+00:00","twitter_card":"summary_large_image","twitter_misc":{"Est. reading time":"2 minutes"},"schema":{"@context":"https:\/\/schema.org","@graph":[{"@type":"WebPage","@id":"https:\/\/www.najada.com\/word-press\/dn_francesca\/","url":"https:\/\/www.najada.com\/word-press\/dn_francesca\/","name":"dn_francesca - Najada diving","isPartOf":{"@id":"https:\/\/www.najada.com\/word-press\/#website"},"datePublished":"2023-06-21T11:35:26+00:00","dateModified":"2023-09-23T11:02:16+00:00","breadcrumb":{"@id":"https:\/\/www.najada.com\/word-press\/dn_francesca\/#breadcrumb"},"inLanguage":"en-US","potentialAction":[{"@type":"ReadAction","target":["https:\/\/www.najada.com\/word-press\/dn_francesca\/"]}]},{"@type":"BreadcrumbList","@id":"https:\/\/www.najada.com\/word-press\/dn_francesca\/#breadcrumb","itemListElement":[{"@type":"ListItem","position":1,"name":"Startseite","item":"https:\/\/www.najada.com\/word-press\/"},{"@type":"ListItem","position":2,"name":"dn_francesca"}]},{"@type":"WebSite","@id":"https:\/\/www.najada.com\/word-press\/#website","url":"https:\/\/www.najada.com\/word-press\/","name":"Najada diving","description":"Tauchen in Kroatien \/ Diving in Croatia","publisher":{"@id":"https:\/\/www.najada.com\/word-press\/#organization"},"potentialAction":[{"@type":"SearchAction","target":{"@type":"EntryPoint","urlTemplate":"https:\/\/www.najada.com\/word-press\/?s={search_term_string}"},"query-input":"required name=search_term_string"}],"inLanguage":"en-US"},{"@type":"Organization","@id":"https:\/\/www.najada.com\/word-press\/#organization","name":"Najada d.o.o.","url":"https:\/\/www.najada.com\/word-press\/","logo":{"@type":"ImageObject","inLanguage":"en-US","@id":"https:\/\/www.najada.com\/word-press\/#\/schema\/logo\/image\/","url":"https:\/\/www.najada.com\/word-press\/wp-content\/uploads\/logonurnajada-Kopie.png","contentUrl":"https:\/\/www.najada.com\/word-press\/wp-content\/uploads\/logonurnajada-Kopie.png","width":400,"height":405,"caption":"Najada d.o.o."},"image":{"@id":"https:\/\/www.najada.com\/word-press\/#\/schema\/logo\/image\/"},"sameAs":["https:\/\/www.facebook.com\/NajadaDiving","https:\/\/www.instagram.com\/najadadiving\/","https:\/\/www.youtube.com\/user\/najadadiving\/videos"]}]}},"_links":{"self":[{"href":"https:\/\/www.najada.com\/word-press\/wp-json\/wp\/v2\/pages\/7916"}],"collection":[{"href":"https:\/\/www.najada.com\/word-press\/wp-json\/wp\/v2\/pages"}],"about":[{"href":"https:\/\/www.najada.com\/word-press\/wp-json\/wp\/v2\/types\/page"}],"author":[{"embeddable":true,"href":"https:\/\/www.najada.com\/word-press\/wp-json\/wp\/v2\/users\/3"}],"replies":[{"embeddable":true,"href":"https:\/\/www.najada.com\/word-press\/wp-json\/wp\/v2\/comments?post=7916"}],"version-history":[{"count":10,"href":"https:\/\/www.najada.com\/word-press\/wp-json\/wp\/v2\/pages\/7916\/revisions"}],"predecessor-version":[{"id":8232,"href":"https:\/\/www.najada.com\/word-press\/wp-json\/wp\/v2\/pages\/7916\/revisions\/8232"}],"wp:attachment":[{"href":"https:\/\/www.najada.com\/word-press\/wp-json\/wp\/v2\/media?parent=7916"}],"curies":[{"name":"wp","href":"https:\/\/api.w.org\/{rel}","templated":true}]}}