{"id":7868,"date":"2023-06-09T09:34:27","date_gmt":"2023-06-09T09:34:27","guid":{"rendered":"https:\/\/www.najada.com\/word-press\/?page_id=7868"},"modified":"2023-09-23T07:38:24","modified_gmt":"2023-09-23T07:38:24","slug":"dn_borko","status":"publish","type":"page","link":"https:\/\/www.najada.com\/word-press\/language\/de\/dn_borko\/","title":{"rendered":"dn_borko"},"content":{"rendered":"\n<h2 id=\"h-basvica-borko\">BASVICA BORKO&nbsp; &nbsp; &nbsp; &nbsp;<\/h2>\n\n\n<div id=\"image-map-pro-6067\"><\/div>\n\n\n\n<p><\/p>\n\n\n\n<figure class=\"wp-block-table\"><table class=\"has-white-color has-text-color has-fixed-layout\"><tbody><tr><td class=\"has-text-align-left\" data-align=\"left\">Von Murter kommend, nach Samograd und in der Verl\u00e4ngerung von Kurba Vela (\u201eDie gro\u00dfe Hure\u201c), ragt ein kleiner Felsen kaum sichtbar aus dem Wasser. Er markiert die Spitze einer Steilwand, die sich von NW nach SO erstreckt. Im SO endet sie in 30m Tiefe in einem dicht mit roten F\u00e4cherkorallen bewachsenen H\u00fcgel. Im NW findet man Teile eines gesunkenen Fischerboots ab 10 m Tiefe. Folgt man den Teilen \u00fcber das Seegras, st\u00f6\u00dft man auf die Borko, die in 44m liegt.<br>Entfernung von MURTER:11 M<br>Schwierigkeitsgrad: alle, Borko nur f\u00fcr erfahrene Taucher<br><a href=\"https:\/\/www.najada.com\/word-press\/language\/de\/tauchplatz-menu\/\">ZUR\u00dcCK ZUR AUSWAHL<\/a><\/td><td>Pass by the island of Samograd, in the prolongation of Kurba Vela (the big prostitute) you will find a small rock hardly above the water level. A wall, from NW to SE offers you an underwater landscape with two Gorgonian walls. In NW you will find parts of Borko already in 10m. Follow this direction; after seagrass and sand at a depth of 44 m you see the wreck of Borko.<br>Distance from Murter:11 M<br>Level: Walls for all levels, wreck experienced<br><a href=\"https:\/\/www.najada.com\/word-press\/divesite_menu\/\">BACK to SELECTION<\/a><br><br><br><br><br><br><br><br><br><\/td><\/tr><\/tbody><\/table><\/figure>\n\n\n\n<p><\/p>\n","protected":false},"excerpt":{"rendered":"<p>BASVICA BORKO&nbsp; &nbsp; &nbsp; &nbsp; Von Murter kommend, nach Samograd und in der Verl\u00e4ngerung von Kurba Vela (\u201eDie gro\u00dfe Hure\u201c), ragt ein kleiner Felsen kaum sichtbar aus dem Wasser. Er markiert die Spitze einer Steilwand, die sich von NW nach SO erstreckt. Im SO endet sie in 30m Tiefe in einem dicht mit roten F\u00e4cherkorallen [&hellip;]<\/p>\n","protected":false},"author":1,"featured_media":0,"parent":0,"menu_order":0,"comment_status":"closed","ping_status":"closed","template":"","meta":{"ngg_post_thumbnail":0},"yoast_head":"<!-- This site is optimized with the Yoast SEO Premium plugin v20.2 (Yoast SEO v20.2) - https:\/\/yoast.com\/wordpress\/plugins\/seo\/ -->\n<title>dn_borko - Najada diving<\/title>\n<meta name=\"robots\" content=\"index, follow, max-snippet:-1, max-image-preview:large, max-video-preview:-1\" \/>\n<link rel=\"canonical\" href=\"https:\/\/www.najada.com\/word-press\/language\/de\/dn_borko\/\" \/>\n<meta property=\"og:locale\" content=\"en_US\" \/>\n<meta property=\"og:type\" content=\"article\" \/>\n<meta property=\"og:title\" content=\"dn_borko\" \/>\n<meta property=\"og:description\" content=\"BASVICA BORKO&nbsp; &nbsp; &nbsp; &nbsp; Von Murter kommend, nach Samograd und in der Verl\u00e4ngerung von Kurba Vela (\u201eDie gro\u00dfe Hure\u201c), ragt ein kleiner Felsen kaum sichtbar aus dem Wasser. Er markiert die Spitze einer Steilwand, die sich von NW nach SO erstreckt. Im SO endet sie in 30m Tiefe in einem dicht mit roten F\u00e4cherkorallen [&hellip;]\" \/>\n<meta property=\"og:url\" content=\"https:\/\/www.najada.com\/word-press\/language\/de\/dn_borko\/\" \/>\n<meta property=\"og:site_name\" content=\"Najada diving\" \/>\n<meta property=\"article:publisher\" content=\"https:\/\/www.facebook.com\/NajadaDiving\" \/>\n<meta property=\"article:modified_time\" content=\"2023-09-23T07:38:24+00:00\" \/>\n<meta name=\"twitter:card\" content=\"summary_large_image\" \/>\n<meta name=\"twitter:label1\" content=\"Est. reading time\" \/>\n\t<meta name=\"twitter:data1\" content=\"2 minutes\" \/>\n<script type=\"application\/ld+json\" class=\"yoast-schema-graph\">{\"@context\":\"https:\/\/schema.org\",\"@graph\":[{\"@type\":\"WebPage\",\"@id\":\"https:\/\/www.najada.com\/word-press\/language\/de\/dn_borko\/\",\"url\":\"https:\/\/www.najada.com\/word-press\/language\/de\/dn_borko\/\",\"name\":\"dn_borko - Najada diving\",\"isPartOf\":{\"@id\":\"https:\/\/www.najada.com\/word-press\/#website\"},\"datePublished\":\"2023-06-09T09:34:27+00:00\",\"dateModified\":\"2023-09-23T07:38:24+00:00\",\"breadcrumb\":{\"@id\":\"https:\/\/www.najada.com\/word-press\/language\/de\/dn_borko\/#breadcrumb\"},\"inLanguage\":\"en-US\",\"potentialAction\":[{\"@type\":\"ReadAction\",\"target\":[\"https:\/\/www.najada.com\/word-press\/language\/de\/dn_borko\/\"]}]},{\"@type\":\"BreadcrumbList\",\"@id\":\"https:\/\/www.najada.com\/word-press\/language\/de\/dn_borko\/#breadcrumb\",\"itemListElement\":[{\"@type\":\"ListItem\",\"position\":1,\"name\":\"Startseite\",\"item\":\"https:\/\/www.najada.com\/word-press\/\"},{\"@type\":\"ListItem\",\"position\":2,\"name\":\"dn_borko\"}]},{\"@type\":\"WebSite\",\"@id\":\"https:\/\/www.najada.com\/word-press\/#website\",\"url\":\"https:\/\/www.najada.com\/word-press\/\",\"name\":\"Najada diving\",\"description\":\"Tauchen in Kroatien \/ Diving in Croatia\",\"publisher\":{\"@id\":\"https:\/\/www.najada.com\/word-press\/#organization\"},\"potentialAction\":[{\"@type\":\"SearchAction\",\"target\":{\"@type\":\"EntryPoint\",\"urlTemplate\":\"https:\/\/www.najada.com\/word-press\/?s={search_term_string}\"},\"query-input\":\"required name=search_term_string\"}],\"inLanguage\":\"en-US\"},{\"@type\":\"Organization\",\"@id\":\"https:\/\/www.najada.com\/word-press\/#organization\",\"name\":\"Najada d.o.o.\",\"url\":\"https:\/\/www.najada.com\/word-press\/\",\"logo\":{\"@type\":\"ImageObject\",\"inLanguage\":\"en-US\",\"@id\":\"https:\/\/www.najada.com\/word-press\/#\/schema\/logo\/image\/\",\"url\":\"https:\/\/www.najada.com\/word-press\/wp-content\/uploads\/logonurnajada-Kopie.png\",\"contentUrl\":\"https:\/\/www.najada.com\/word-press\/wp-content\/uploads\/logonurnajada-Kopie.png\",\"width\":400,\"height\":405,\"caption\":\"Najada d.o.o.\"},\"image\":{\"@id\":\"https:\/\/www.najada.com\/word-press\/#\/schema\/logo\/image\/\"},\"sameAs\":[\"https:\/\/www.facebook.com\/NajadaDiving\",\"https:\/\/www.instagram.com\/najadadiving\/\",\"https:\/\/www.youtube.com\/user\/najadadiving\/videos\"]}]}<\/script>\n<!-- \/ Yoast SEO Premium plugin. -->","yoast_head_json":{"title":"dn_borko - Najada diving","robots":{"index":"index","follow":"follow","max-snippet":"max-snippet:-1","max-image-preview":"max-image-preview:large","max-video-preview":"max-video-preview:-1"},"canonical":"https:\/\/www.najada.com\/word-press\/language\/de\/dn_borko\/","og_locale":"en_US","og_type":"article","og_title":"dn_borko","og_description":"BASVICA BORKO&nbsp; &nbsp; &nbsp; &nbsp; Von Murter kommend, nach Samograd und in der Verl\u00e4ngerung von Kurba Vela (\u201eDie gro\u00dfe Hure\u201c), ragt ein kleiner Felsen kaum sichtbar aus dem Wasser. Er markiert die Spitze einer Steilwand, die sich von NW nach SO erstreckt. Im SO endet sie in 30m Tiefe in einem dicht mit roten F\u00e4cherkorallen [&hellip;]","og_url":"https:\/\/www.najada.com\/word-press\/language\/de\/dn_borko\/","og_site_name":"Najada diving","article_publisher":"https:\/\/www.facebook.com\/NajadaDiving","article_modified_time":"2023-09-23T07:38:24+00:00","twitter_card":"summary_large_image","twitter_misc":{"Est. reading time":"2 minutes"},"schema":{"@context":"https:\/\/schema.org","@graph":[{"@type":"WebPage","@id":"https:\/\/www.najada.com\/word-press\/language\/de\/dn_borko\/","url":"https:\/\/www.najada.com\/word-press\/language\/de\/dn_borko\/","name":"dn_borko - Najada diving","isPartOf":{"@id":"https:\/\/www.najada.com\/word-press\/#website"},"datePublished":"2023-06-09T09:34:27+00:00","dateModified":"2023-09-23T07:38:24+00:00","breadcrumb":{"@id":"https:\/\/www.najada.com\/word-press\/language\/de\/dn_borko\/#breadcrumb"},"inLanguage":"en-US","potentialAction":[{"@type":"ReadAction","target":["https:\/\/www.najada.com\/word-press\/language\/de\/dn_borko\/"]}]},{"@type":"BreadcrumbList","@id":"https:\/\/www.najada.com\/word-press\/language\/de\/dn_borko\/#breadcrumb","itemListElement":[{"@type":"ListItem","position":1,"name":"Startseite","item":"https:\/\/www.najada.com\/word-press\/"},{"@type":"ListItem","position":2,"name":"dn_borko"}]},{"@type":"WebSite","@id":"https:\/\/www.najada.com\/word-press\/#website","url":"https:\/\/www.najada.com\/word-press\/","name":"Najada diving","description":"Tauchen in Kroatien \/ Diving in Croatia","publisher":{"@id":"https:\/\/www.najada.com\/word-press\/#organization"},"potentialAction":[{"@type":"SearchAction","target":{"@type":"EntryPoint","urlTemplate":"https:\/\/www.najada.com\/word-press\/?s={search_term_string}"},"query-input":"required name=search_term_string"}],"inLanguage":"en-US"},{"@type":"Organization","@id":"https:\/\/www.najada.com\/word-press\/#organization","name":"Najada d.o.o.","url":"https:\/\/www.najada.com\/word-press\/","logo":{"@type":"ImageObject","inLanguage":"en-US","@id":"https:\/\/www.najada.com\/word-press\/#\/schema\/logo\/image\/","url":"https:\/\/www.najada.com\/word-press\/wp-content\/uploads\/logonurnajada-Kopie.png","contentUrl":"https:\/\/www.najada.com\/word-press\/wp-content\/uploads\/logonurnajada-Kopie.png","width":400,"height":405,"caption":"Najada d.o.o."},"image":{"@id":"https:\/\/www.najada.com\/word-press\/#\/schema\/logo\/image\/"},"sameAs":["https:\/\/www.facebook.com\/NajadaDiving","https:\/\/www.instagram.com\/najadadiving\/","https:\/\/www.youtube.com\/user\/najadadiving\/videos"]}]}},"_links":{"self":[{"href":"https:\/\/www.najada.com\/word-press\/wp-json\/wp\/v2\/pages\/7868"}],"collection":[{"href":"https:\/\/www.najada.com\/word-press\/wp-json\/wp\/v2\/pages"}],"about":[{"href":"https:\/\/www.najada.com\/word-press\/wp-json\/wp\/v2\/types\/page"}],"author":[{"embeddable":true,"href":"https:\/\/www.najada.com\/word-press\/wp-json\/wp\/v2\/users\/1"}],"replies":[{"embeddable":true,"href":"https:\/\/www.najada.com\/word-press\/wp-json\/wp\/v2\/comments?post=7868"}],"version-history":[{"count":6,"href":"https:\/\/www.najada.com\/word-press\/wp-json\/wp\/v2\/pages\/7868\/revisions"}],"predecessor-version":[{"id":8212,"href":"https:\/\/www.najada.com\/word-press\/wp-json\/wp\/v2\/pages\/7868\/revisions\/8212"}],"wp:attachment":[{"href":"https:\/\/www.najada.com\/word-press\/wp-json\/wp\/v2\/media?parent=7868"}],"curies":[{"name":"wp","href":"https:\/\/api.w.org\/{rel}","templated":true}]}}