{"id":7863,"date":"2023-06-09T09:22:55","date_gmt":"2023-06-09T09:22:55","guid":{"rendered":"https:\/\/www.najada.com\/word-press\/?page_id=7863"},"modified":"2023-09-23T06:36:30","modified_gmt":"2023-09-23T06:36:30","slug":"dn_balun","status":"publish","type":"page","link":"https:\/\/www.najada.com\/word-press\/language\/de\/dn_balun\/","title":{"rendered":"dn_balun"},"content":{"rendered":"\n<h2 id=\"h-balun\">BALUN &nbsp; &nbsp; &nbsp; &nbsp; &nbsp;<\/h2>\n\n\n<div id=\"image-map-pro-4517\"><\/div>\n\n\n\n<p><\/p>\n\n\n\n<figure class=\"wp-block-table\"><table class=\"has-white-color has-text-color has-fixed-layout\"><tbody><tr><td>Balun ist eine der n\u00f6rdlichen Inseln im Natonalpark Kornaten. Vom Ankerplatz in Richtung SO sto\u00dft du in ca. 20m auf die Steilwand. Folge der Steilwand (rechte Schulter) bis zu einem Felsr\u00fccken der sich in S Richtung erstreckt. Speziell die O Seite ist mit Gorgonien (auch hellgelbe!) und Schw\u00e4mmen dichtest bedeckt. Der Bewuchs ist hier so dicht wie auf kaum einem anderen lokalen Tauchplatz. Eine andere M\u00f6glichkeit ist, am Felsr\u00fccken abzutauchen bis zu einem kleinen Plateau unter dem sich die oben beschriebene Wand befindet.<br>Entfernung von Murter: 20 M<br>Schwierigkeitsgrad: alle<br><a href=\"https:\/\/www.najada.com\/word-press\/language\/de\/tauchplatz-menu\/\">ZUR\u00dcCK ZUR AUSWAHL<\/a><\/td><td>Balun is one of the more northern Kornati islands. Swim to the SE till you approach the wall in 20m depth. Follow the wall with your right shoulder until you hit a ridge that goes southward. The eastern part in 26m after a small terrace is covered with red fan corals and sponges in a unique density. The growth and multifold of the Gorgonians are really impressive here. An alternative route is to follow the wall westward and then the ridge to the south till the small terrace.<br>Distance from Murter: 19 M<br>Levels: all<br><a href=\"https:\/\/www.najada.com\/word-press\/divesite_menu\/\">BACK to SELECTION<\/a><\/td><\/tr><\/tbody><\/table><\/figure>\n","protected":false},"excerpt":{"rendered":"<p>BALUN &nbsp; &nbsp; &nbsp; &nbsp; &nbsp; Balun ist eine der n\u00f6rdlichen Inseln im Natonalpark Kornaten. Vom Ankerplatz in Richtung SO sto\u00dft du in ca. 20m auf die Steilwand. Folge der Steilwand (rechte Schulter) bis zu einem Felsr\u00fccken der sich in S Richtung erstreckt. Speziell die O Seite ist mit Gorgonien (auch hellgelbe!) und Schw\u00e4mmen dichtest [&hellip;]<\/p>\n","protected":false},"author":1,"featured_media":0,"parent":0,"menu_order":0,"comment_status":"closed","ping_status":"closed","template":"","meta":{"ngg_post_thumbnail":0},"yoast_head":"<!-- This site is optimized with the Yoast SEO Premium plugin v20.2 (Yoast SEO v20.2) - https:\/\/yoast.com\/wordpress\/plugins\/seo\/ -->\n<title>dn_balun - Najada diving<\/title>\n<meta name=\"robots\" content=\"index, follow, max-snippet:-1, max-image-preview:large, max-video-preview:-1\" \/>\n<link rel=\"canonical\" href=\"https:\/\/www.najada.com\/word-press\/language\/de\/dn_balun\/\" \/>\n<meta property=\"og:locale\" content=\"en_US\" \/>\n<meta property=\"og:type\" content=\"article\" \/>\n<meta property=\"og:title\" content=\"dn_balun\" \/>\n<meta property=\"og:description\" content=\"BALUN &nbsp; &nbsp; &nbsp; &nbsp; &nbsp; Balun ist eine der n\u00f6rdlichen Inseln im Natonalpark Kornaten. Vom Ankerplatz in Richtung SO sto\u00dft du in ca. 20m auf die Steilwand. Folge der Steilwand (rechte Schulter) bis zu einem Felsr\u00fccken der sich in S Richtung erstreckt. Speziell die O Seite ist mit Gorgonien (auch hellgelbe!) und Schw\u00e4mmen dichtest [&hellip;]\" \/>\n<meta property=\"og:url\" content=\"https:\/\/www.najada.com\/word-press\/language\/de\/dn_balun\/\" \/>\n<meta property=\"og:site_name\" content=\"Najada diving\" \/>\n<meta property=\"article:publisher\" content=\"https:\/\/www.facebook.com\/NajadaDiving\" \/>\n<meta property=\"article:modified_time\" content=\"2023-09-23T06:36:30+00:00\" \/>\n<meta name=\"twitter:card\" content=\"summary_large_image\" \/>\n<meta name=\"twitter:label1\" content=\"Est. reading time\" \/>\n\t<meta name=\"twitter:data1\" content=\"2 minutes\" \/>\n<script type=\"application\/ld+json\" class=\"yoast-schema-graph\">{\"@context\":\"https:\/\/schema.org\",\"@graph\":[{\"@type\":\"WebPage\",\"@id\":\"https:\/\/www.najada.com\/word-press\/language\/de\/dn_balun\/\",\"url\":\"https:\/\/www.najada.com\/word-press\/language\/de\/dn_balun\/\",\"name\":\"dn_balun - Najada diving\",\"isPartOf\":{\"@id\":\"https:\/\/www.najada.com\/word-press\/#website\"},\"datePublished\":\"2023-06-09T09:22:55+00:00\",\"dateModified\":\"2023-09-23T06:36:30+00:00\",\"breadcrumb\":{\"@id\":\"https:\/\/www.najada.com\/word-press\/language\/de\/dn_balun\/#breadcrumb\"},\"inLanguage\":\"en-US\",\"potentialAction\":[{\"@type\":\"ReadAction\",\"target\":[\"https:\/\/www.najada.com\/word-press\/language\/de\/dn_balun\/\"]}]},{\"@type\":\"BreadcrumbList\",\"@id\":\"https:\/\/www.najada.com\/word-press\/language\/de\/dn_balun\/#breadcrumb\",\"itemListElement\":[{\"@type\":\"ListItem\",\"position\":1,\"name\":\"Startseite\",\"item\":\"https:\/\/www.najada.com\/word-press\/\"},{\"@type\":\"ListItem\",\"position\":2,\"name\":\"dn_balun\"}]},{\"@type\":\"WebSite\",\"@id\":\"https:\/\/www.najada.com\/word-press\/#website\",\"url\":\"https:\/\/www.najada.com\/word-press\/\",\"name\":\"Najada diving\",\"description\":\"Tauchen in Kroatien \/ Diving in Croatia\",\"publisher\":{\"@id\":\"https:\/\/www.najada.com\/word-press\/#organization\"},\"potentialAction\":[{\"@type\":\"SearchAction\",\"target\":{\"@type\":\"EntryPoint\",\"urlTemplate\":\"https:\/\/www.najada.com\/word-press\/?s={search_term_string}\"},\"query-input\":\"required name=search_term_string\"}],\"inLanguage\":\"en-US\"},{\"@type\":\"Organization\",\"@id\":\"https:\/\/www.najada.com\/word-press\/#organization\",\"name\":\"Najada d.o.o.\",\"url\":\"https:\/\/www.najada.com\/word-press\/\",\"logo\":{\"@type\":\"ImageObject\",\"inLanguage\":\"en-US\",\"@id\":\"https:\/\/www.najada.com\/word-press\/#\/schema\/logo\/image\/\",\"url\":\"https:\/\/www.najada.com\/word-press\/wp-content\/uploads\/logonurnajada-Kopie.png\",\"contentUrl\":\"https:\/\/www.najada.com\/word-press\/wp-content\/uploads\/logonurnajada-Kopie.png\",\"width\":400,\"height\":405,\"caption\":\"Najada d.o.o.\"},\"image\":{\"@id\":\"https:\/\/www.najada.com\/word-press\/#\/schema\/logo\/image\/\"},\"sameAs\":[\"https:\/\/www.facebook.com\/NajadaDiving\",\"https:\/\/www.instagram.com\/najadadiving\/\",\"https:\/\/www.youtube.com\/user\/najadadiving\/videos\"]}]}<\/script>\n<!-- \/ Yoast SEO Premium plugin. -->","yoast_head_json":{"title":"dn_balun - Najada diving","robots":{"index":"index","follow":"follow","max-snippet":"max-snippet:-1","max-image-preview":"max-image-preview:large","max-video-preview":"max-video-preview:-1"},"canonical":"https:\/\/www.najada.com\/word-press\/language\/de\/dn_balun\/","og_locale":"en_US","og_type":"article","og_title":"dn_balun","og_description":"BALUN &nbsp; &nbsp; &nbsp; &nbsp; &nbsp; Balun ist eine der n\u00f6rdlichen Inseln im Natonalpark Kornaten. Vom Ankerplatz in Richtung SO sto\u00dft du in ca. 20m auf die Steilwand. Folge der Steilwand (rechte Schulter) bis zu einem Felsr\u00fccken der sich in S Richtung erstreckt. Speziell die O Seite ist mit Gorgonien (auch hellgelbe!) und Schw\u00e4mmen dichtest [&hellip;]","og_url":"https:\/\/www.najada.com\/word-press\/language\/de\/dn_balun\/","og_site_name":"Najada diving","article_publisher":"https:\/\/www.facebook.com\/NajadaDiving","article_modified_time":"2023-09-23T06:36:30+00:00","twitter_card":"summary_large_image","twitter_misc":{"Est. reading time":"2 minutes"},"schema":{"@context":"https:\/\/schema.org","@graph":[{"@type":"WebPage","@id":"https:\/\/www.najada.com\/word-press\/language\/de\/dn_balun\/","url":"https:\/\/www.najada.com\/word-press\/language\/de\/dn_balun\/","name":"dn_balun - Najada diving","isPartOf":{"@id":"https:\/\/www.najada.com\/word-press\/#website"},"datePublished":"2023-06-09T09:22:55+00:00","dateModified":"2023-09-23T06:36:30+00:00","breadcrumb":{"@id":"https:\/\/www.najada.com\/word-press\/language\/de\/dn_balun\/#breadcrumb"},"inLanguage":"en-US","potentialAction":[{"@type":"ReadAction","target":["https:\/\/www.najada.com\/word-press\/language\/de\/dn_balun\/"]}]},{"@type":"BreadcrumbList","@id":"https:\/\/www.najada.com\/word-press\/language\/de\/dn_balun\/#breadcrumb","itemListElement":[{"@type":"ListItem","position":1,"name":"Startseite","item":"https:\/\/www.najada.com\/word-press\/"},{"@type":"ListItem","position":2,"name":"dn_balun"}]},{"@type":"WebSite","@id":"https:\/\/www.najada.com\/word-press\/#website","url":"https:\/\/www.najada.com\/word-press\/","name":"Najada diving","description":"Tauchen in Kroatien \/ Diving in Croatia","publisher":{"@id":"https:\/\/www.najada.com\/word-press\/#organization"},"potentialAction":[{"@type":"SearchAction","target":{"@type":"EntryPoint","urlTemplate":"https:\/\/www.najada.com\/word-press\/?s={search_term_string}"},"query-input":"required name=search_term_string"}],"inLanguage":"en-US"},{"@type":"Organization","@id":"https:\/\/www.najada.com\/word-press\/#organization","name":"Najada d.o.o.","url":"https:\/\/www.najada.com\/word-press\/","logo":{"@type":"ImageObject","inLanguage":"en-US","@id":"https:\/\/www.najada.com\/word-press\/#\/schema\/logo\/image\/","url":"https:\/\/www.najada.com\/word-press\/wp-content\/uploads\/logonurnajada-Kopie.png","contentUrl":"https:\/\/www.najada.com\/word-press\/wp-content\/uploads\/logonurnajada-Kopie.png","width":400,"height":405,"caption":"Najada d.o.o."},"image":{"@id":"https:\/\/www.najada.com\/word-press\/#\/schema\/logo\/image\/"},"sameAs":["https:\/\/www.facebook.com\/NajadaDiving","https:\/\/www.instagram.com\/najadadiving\/","https:\/\/www.youtube.com\/user\/najadadiving\/videos"]}]}},"_links":{"self":[{"href":"https:\/\/www.najada.com\/word-press\/wp-json\/wp\/v2\/pages\/7863"}],"collection":[{"href":"https:\/\/www.najada.com\/word-press\/wp-json\/wp\/v2\/pages"}],"about":[{"href":"https:\/\/www.najada.com\/word-press\/wp-json\/wp\/v2\/types\/page"}],"author":[{"embeddable":true,"href":"https:\/\/www.najada.com\/word-press\/wp-json\/wp\/v2\/users\/1"}],"replies":[{"embeddable":true,"href":"https:\/\/www.najada.com\/word-press\/wp-json\/wp\/v2\/comments?post=7863"}],"version-history":[{"count":8,"href":"https:\/\/www.najada.com\/word-press\/wp-json\/wp\/v2\/pages\/7863\/revisions"}],"predecessor-version":[{"id":8210,"href":"https:\/\/www.najada.com\/word-press\/wp-json\/wp\/v2\/pages\/7863\/revisions\/8210"}],"wp:attachment":[{"href":"https:\/\/www.najada.com\/word-press\/wp-json\/wp\/v2\/media?parent=7863"}],"curies":[{"name":"wp","href":"https:\/\/api.w.org\/{rel}","templated":true}]}}