{"id":7848,"date":"2023-06-09T08:28:54","date_gmt":"2023-06-09T08:28:54","guid":{"rendered":"https:\/\/www.najada.com\/word-press\/?page_id=7848"},"modified":"2023-09-23T06:21:57","modified_gmt":"2023-09-23T06:21:57","slug":"dn_malibabuljasi","status":"publish","type":"page","link":"https:\/\/www.najada.com\/word-press\/language\/de\/dn_malibabuljasi\/","title":{"rendered":"dn_malibabuljasi"},"content":{"rendered":"\n<h2 id=\"h-mali-babuljasi\">Mali BABULJASI &nbsp; &nbsp;<\/h2>\n\n\n\n<h2 id=\"h-n-mbabuljasi\"><div id=\"image-map-pro-1350\"><\/div> &nbsp; &nbsp; &nbsp;<\/h2>\n\n\n\n<figure class=\"wp-block-table alignleft\"><table class=\"has-white-color has-text-color\"><tbody><tr><td class=\"has-text-align-left\" data-align=\"left\">Die beiden Babuljasi Inseln befinden sich im NO von Zut. Mali Babuljasi ist ein sanfter H\u00fcgel. Wenn es Wind und Str\u00f6mung erlauben ankert man am besten im Norden der Insel. F\u00fcr Fortgeschrittene empfiehlt es sich in Richtung N auf ca. 25-30m frei zu den Gorgonien abzusteigen. Weniger ge\u00fcbte k\u00f6nnen vom Ankerplatz \u00fcber Seegras Richtung W -NW schwimmen wo einige Gorgonien bereits in 20m wachsen.<br>Entfernung von MURTER: 12M<br>Schwierigkeitsstufe: mittel<br><br><a href=\"https:\/\/www.najada.com\/word-press\/language\/de\/tauchplatz-menu\/\">&lt;- ZUR\u00dcCK ZUR AUSWAHL<\/a><\/td><td class=\"has-text-align-left\" data-align=\"left\">Mali Babuljasi is a gently dropping slope. If the weather allows, you anchor on the north cape of the island. For advanced divers we recommend swimming direction N and to make a blue descent to 20-25m, directly to the red Gorgonian. The less experienced can follow the slope from the anchor place, over the Posedonia W-NW, where the first Gorgonian start on 20m.<br>Distance from Murter: 12 M<br>Level: advanced<br><br><a href=\"https:\/\/www.najada.com\/word-press\/divesite_menu\/\">&lt;- BACK TO SELECTION<\/a><\/td><\/tr><\/tbody><\/table><\/figure>\n\n\n\n<p><\/p>\n\n\n\n<p class=\"has-text-align-left\"><\/p>\n","protected":false},"excerpt":{"rendered":"<p>Mali BABULJASI &nbsp; &nbsp; &nbsp; &nbsp; &nbsp; Die beiden Babuljasi Inseln befinden sich im NO von Zut. Mali Babuljasi ist ein sanfter H\u00fcgel. Wenn es Wind und Str\u00f6mung erlauben ankert man am besten im Norden der Insel. F\u00fcr Fortgeschrittene empfiehlt es sich in Richtung N auf ca. 25-30m frei zu den Gorgonien abzusteigen. Weniger ge\u00fcbte [&hellip;]<\/p>\n","protected":false},"author":1,"featured_media":0,"parent":0,"menu_order":0,"comment_status":"closed","ping_status":"closed","template":"","meta":{"ngg_post_thumbnail":0},"yoast_head":"<!-- This site is optimized with the Yoast SEO Premium plugin v20.2 (Yoast SEO v20.2) - https:\/\/yoast.com\/wordpress\/plugins\/seo\/ -->\n<title>dn_malibabuljasi - Najada diving<\/title>\n<meta name=\"robots\" content=\"index, follow, max-snippet:-1, max-image-preview:large, max-video-preview:-1\" \/>\n<link rel=\"canonical\" href=\"https:\/\/www.najada.com\/word-press\/language\/de\/dn_malibabuljasi\/\" \/>\n<meta property=\"og:locale\" content=\"en_US\" \/>\n<meta property=\"og:type\" content=\"article\" \/>\n<meta property=\"og:title\" content=\"dn_malibabuljasi\" \/>\n<meta property=\"og:description\" content=\"Mali BABULJASI &nbsp; &nbsp; &nbsp; &nbsp; &nbsp; Die beiden Babuljasi Inseln befinden sich im NO von Zut. Mali Babuljasi ist ein sanfter H\u00fcgel. Wenn es Wind und Str\u00f6mung erlauben ankert man am besten im Norden der Insel. F\u00fcr Fortgeschrittene empfiehlt es sich in Richtung N auf ca. 25-30m frei zu den Gorgonien abzusteigen. Weniger ge\u00fcbte [&hellip;]\" \/>\n<meta property=\"og:url\" content=\"https:\/\/www.najada.com\/word-press\/language\/de\/dn_malibabuljasi\/\" \/>\n<meta property=\"og:site_name\" content=\"Najada diving\" \/>\n<meta property=\"article:publisher\" content=\"https:\/\/www.facebook.com\/NajadaDiving\" \/>\n<meta property=\"article:modified_time\" content=\"2023-09-23T06:21:57+00:00\" \/>\n<meta name=\"twitter:card\" content=\"summary_large_image\" \/>\n<meta name=\"twitter:label1\" content=\"Est. reading time\" \/>\n\t<meta name=\"twitter:data1\" content=\"1 minute\" \/>\n<script type=\"application\/ld+json\" class=\"yoast-schema-graph\">{\"@context\":\"https:\/\/schema.org\",\"@graph\":[{\"@type\":\"WebPage\",\"@id\":\"https:\/\/www.najada.com\/word-press\/language\/de\/dn_malibabuljasi\/\",\"url\":\"https:\/\/www.najada.com\/word-press\/language\/de\/dn_malibabuljasi\/\",\"name\":\"dn_malibabuljasi - Najada diving\",\"isPartOf\":{\"@id\":\"https:\/\/www.najada.com\/word-press\/#website\"},\"datePublished\":\"2023-06-09T08:28:54+00:00\",\"dateModified\":\"2023-09-23T06:21:57+00:00\",\"breadcrumb\":{\"@id\":\"https:\/\/www.najada.com\/word-press\/language\/de\/dn_malibabuljasi\/#breadcrumb\"},\"inLanguage\":\"en-US\",\"potentialAction\":[{\"@type\":\"ReadAction\",\"target\":[\"https:\/\/www.najada.com\/word-press\/language\/de\/dn_malibabuljasi\/\"]}]},{\"@type\":\"BreadcrumbList\",\"@id\":\"https:\/\/www.najada.com\/word-press\/language\/de\/dn_malibabuljasi\/#breadcrumb\",\"itemListElement\":[{\"@type\":\"ListItem\",\"position\":1,\"name\":\"Startseite\",\"item\":\"https:\/\/www.najada.com\/word-press\/\"},{\"@type\":\"ListItem\",\"position\":2,\"name\":\"dn_malibabuljasi\"}]},{\"@type\":\"WebSite\",\"@id\":\"https:\/\/www.najada.com\/word-press\/#website\",\"url\":\"https:\/\/www.najada.com\/word-press\/\",\"name\":\"Najada diving\",\"description\":\"Tauchen in Kroatien \/ Diving in Croatia\",\"publisher\":{\"@id\":\"https:\/\/www.najada.com\/word-press\/#organization\"},\"potentialAction\":[{\"@type\":\"SearchAction\",\"target\":{\"@type\":\"EntryPoint\",\"urlTemplate\":\"https:\/\/www.najada.com\/word-press\/?s={search_term_string}\"},\"query-input\":\"required name=search_term_string\"}],\"inLanguage\":\"en-US\"},{\"@type\":\"Organization\",\"@id\":\"https:\/\/www.najada.com\/word-press\/#organization\",\"name\":\"Najada d.o.o.\",\"url\":\"https:\/\/www.najada.com\/word-press\/\",\"logo\":{\"@type\":\"ImageObject\",\"inLanguage\":\"en-US\",\"@id\":\"https:\/\/www.najada.com\/word-press\/#\/schema\/logo\/image\/\",\"url\":\"https:\/\/www.najada.com\/word-press\/wp-content\/uploads\/logonurnajada-Kopie.png\",\"contentUrl\":\"https:\/\/www.najada.com\/word-press\/wp-content\/uploads\/logonurnajada-Kopie.png\",\"width\":400,\"height\":405,\"caption\":\"Najada d.o.o.\"},\"image\":{\"@id\":\"https:\/\/www.najada.com\/word-press\/#\/schema\/logo\/image\/\"},\"sameAs\":[\"https:\/\/www.facebook.com\/NajadaDiving\",\"https:\/\/www.instagram.com\/najadadiving\/\",\"https:\/\/www.youtube.com\/user\/najadadiving\/videos\"]}]}<\/script>\n<!-- \/ Yoast SEO Premium plugin. -->","yoast_head_json":{"title":"dn_malibabuljasi - Najada diving","robots":{"index":"index","follow":"follow","max-snippet":"max-snippet:-1","max-image-preview":"max-image-preview:large","max-video-preview":"max-video-preview:-1"},"canonical":"https:\/\/www.najada.com\/word-press\/language\/de\/dn_malibabuljasi\/","og_locale":"en_US","og_type":"article","og_title":"dn_malibabuljasi","og_description":"Mali BABULJASI &nbsp; &nbsp; &nbsp; &nbsp; &nbsp; Die beiden Babuljasi Inseln befinden sich im NO von Zut. Mali Babuljasi ist ein sanfter H\u00fcgel. Wenn es Wind und Str\u00f6mung erlauben ankert man am besten im Norden der Insel. F\u00fcr Fortgeschrittene empfiehlt es sich in Richtung N auf ca. 25-30m frei zu den Gorgonien abzusteigen. Weniger ge\u00fcbte [&hellip;]","og_url":"https:\/\/www.najada.com\/word-press\/language\/de\/dn_malibabuljasi\/","og_site_name":"Najada diving","article_publisher":"https:\/\/www.facebook.com\/NajadaDiving","article_modified_time":"2023-09-23T06:21:57+00:00","twitter_card":"summary_large_image","twitter_misc":{"Est. reading time":"1 minute"},"schema":{"@context":"https:\/\/schema.org","@graph":[{"@type":"WebPage","@id":"https:\/\/www.najada.com\/word-press\/language\/de\/dn_malibabuljasi\/","url":"https:\/\/www.najada.com\/word-press\/language\/de\/dn_malibabuljasi\/","name":"dn_malibabuljasi - Najada diving","isPartOf":{"@id":"https:\/\/www.najada.com\/word-press\/#website"},"datePublished":"2023-06-09T08:28:54+00:00","dateModified":"2023-09-23T06:21:57+00:00","breadcrumb":{"@id":"https:\/\/www.najada.com\/word-press\/language\/de\/dn_malibabuljasi\/#breadcrumb"},"inLanguage":"en-US","potentialAction":[{"@type":"ReadAction","target":["https:\/\/www.najada.com\/word-press\/language\/de\/dn_malibabuljasi\/"]}]},{"@type":"BreadcrumbList","@id":"https:\/\/www.najada.com\/word-press\/language\/de\/dn_malibabuljasi\/#breadcrumb","itemListElement":[{"@type":"ListItem","position":1,"name":"Startseite","item":"https:\/\/www.najada.com\/word-press\/"},{"@type":"ListItem","position":2,"name":"dn_malibabuljasi"}]},{"@type":"WebSite","@id":"https:\/\/www.najada.com\/word-press\/#website","url":"https:\/\/www.najada.com\/word-press\/","name":"Najada diving","description":"Tauchen in Kroatien \/ Diving in Croatia","publisher":{"@id":"https:\/\/www.najada.com\/word-press\/#organization"},"potentialAction":[{"@type":"SearchAction","target":{"@type":"EntryPoint","urlTemplate":"https:\/\/www.najada.com\/word-press\/?s={search_term_string}"},"query-input":"required name=search_term_string"}],"inLanguage":"en-US"},{"@type":"Organization","@id":"https:\/\/www.najada.com\/word-press\/#organization","name":"Najada d.o.o.","url":"https:\/\/www.najada.com\/word-press\/","logo":{"@type":"ImageObject","inLanguage":"en-US","@id":"https:\/\/www.najada.com\/word-press\/#\/schema\/logo\/image\/","url":"https:\/\/www.najada.com\/word-press\/wp-content\/uploads\/logonurnajada-Kopie.png","contentUrl":"https:\/\/www.najada.com\/word-press\/wp-content\/uploads\/logonurnajada-Kopie.png","width":400,"height":405,"caption":"Najada d.o.o."},"image":{"@id":"https:\/\/www.najada.com\/word-press\/#\/schema\/logo\/image\/"},"sameAs":["https:\/\/www.facebook.com\/NajadaDiving","https:\/\/www.instagram.com\/najadadiving\/","https:\/\/www.youtube.com\/user\/najadadiving\/videos"]}]}},"_links":{"self":[{"href":"https:\/\/www.najada.com\/word-press\/wp-json\/wp\/v2\/pages\/7848"}],"collection":[{"href":"https:\/\/www.najada.com\/word-press\/wp-json\/wp\/v2\/pages"}],"about":[{"href":"https:\/\/www.najada.com\/word-press\/wp-json\/wp\/v2\/types\/page"}],"author":[{"embeddable":true,"href":"https:\/\/www.najada.com\/word-press\/wp-json\/wp\/v2\/users\/1"}],"replies":[{"embeddable":true,"href":"https:\/\/www.najada.com\/word-press\/wp-json\/wp\/v2\/comments?post=7848"}],"version-history":[{"count":29,"href":"https:\/\/www.najada.com\/word-press\/wp-json\/wp\/v2\/pages\/7848\/revisions"}],"predecessor-version":[{"id":8209,"href":"https:\/\/www.najada.com\/word-press\/wp-json\/wp\/v2\/pages\/7848\/revisions\/8209"}],"wp:attachment":[{"href":"https:\/\/www.najada.com\/word-press\/wp-json\/wp\/v2\/media?parent=7848"}],"curies":[{"name":"wp","href":"https:\/\/api.w.org\/{rel}","templated":true}]}}