{"id":6233,"date":"2020-08-10T13:16:07","date_gmt":"2020-08-10T13:16:07","guid":{"rendered":"https:\/\/www.najada.com\/word-press\/?page_id=6233"},"modified":"2024-04-24T21:07:17","modified_gmt":"2024-04-24T21:07:17","slug":"covid-19-d","status":"publish","type":"page","link":"https:\/\/www.najada.com\/word-press\/language\/de\/covid-19-d\/","title":{"rendered":"Check-in d"},"content":{"rendered":"\n<p><\/p>\n\n\n\n<p><\/p>\n\n\n\n<p><\/p>\n\n\n\n<p><\/p>\n\n\n\n<p><\/p>\n\n\n\n<p class=\"has-very-light-gray-background-color has-background\">Werte Tauchg\u00e4ste,<br>wie in vielen L\u00e4ndern wurden die Restriktionen im Zusammenhang mit Corona in Kroatien \u00fcberdacht. Generell gilt ab 15. April, dass die untenstehenden Regeln nicht mehr Vorschriften sind sondern Empfehlungen und Appelle an die Einzelnen und deren Vernunft. D.h. jeder ist selbst verantwortlich, welche Ma\u00dfnahmen in der jeweiligen Situation angewendet werden. Wir hoffen, dass sich alle unsere G\u00e4ste der neu gewonnenen Freiheit erfreuen, bitten jedoch gleichzeitig Vernunft walten zu lassen und Masken, Distanz und andere Schutzma\u00dfnahmen anzuwenden wenn es die Situation erfordert.<br><br><strong><em>Covid-19 Verfahren<\/em><\/strong><br><strong><em>(Teil 1 mit direkter Einbeziehung der Klienten)<br>Einchecken Verwaltung<\/em><\/strong><br><br>Wann immer m\u00f6glich, f\u00fcllen Sie unseren Online-Check-in f\u00fcr im Voraus aus:<a href=\"https:\/\/www.najada.com\/checkin\/form.html?lang=de\" target=\"_blank\" rel=\"noreferrer noopener\"> <mark style=\"background-color:rgba(0, 0, 0, 0);color:#3127eb\" class=\"has-inline-color\">https:\/\/www.najada.com\/checkin\/form.html<\/mark><\/a><br>Schicken Sie im Voraus per E-Mail Ihren Tauchschein, eine Krankenversicherung und eine Versicherung, falls Sie eine g\u00fcltige haben<br>Kunden werden ermutigt, ihre eigene Maske und Schnorchel mitzubringen.<br>Sobald Sie in Murter angekommen sind, kontaktieren Sie uns f\u00fcr Ihre pers\u00f6nliche Check-in-Zeit in der Tauchbasis.<br>Kommen Sie in den Terrassenbereich und warten Sie auf Anweisungen des Personals.<br>Waschen \/ desinfizieren Sie Ihre H\u00e4nde.<br>Geben Sie nacheinander in die Rezeption.<br>Das Personal kann Ihre Temperatur messen.<br>Halten Sie einen Mindestabstand von 1,5 m ein.<br>F\u00fcllen Sie die erforderlichen Unterlagen aus, unterzeichnen Sie sie und teilen Sie uns mit, ob Sie bar bezahlen oder eine Bank\u00fcberweisung vornehmen m\u00f6chten (im Falle einer Bank\u00fcberweisung ist die Rechnung 2 Tage vor der Abreise f\u00e4llig).<br>Nachdem Sie den Stift benutzt haben, werfen Sie ihn in die Box f\u00fcr gebrauchte Stifte und folgen Sie den Anweisungen des Personals.<br><br><strong>Einchecken der Ausr\u00fcstung<\/strong><br>Sie erhalten Ihre Box, Netz (f\u00fcr ABC und Atemregler), Aufh\u00e4nger und Schrank.<br>Falls Sie \u00fcber private Ausr\u00fcstung verf\u00fcgen, sind Sie f\u00fcr das Sp\u00fclen und die Lagerung Ihrer Ausr\u00fcstung verantwortlich, entweder an einem vom Personal in den Einrichtungen in Najada bestimmten Ort oder Sie k\u00f6nnen Ihre Ausr\u00fcstung jeden Tag mit nach Hause nehmen.\u00a0 Sie sollten Ihre Maske, Atemregler und Schnorchel unter flie\u00dfendem Wasser absp\u00fclen. Falls Sie diese Gegenst\u00e4nde nicht mit nach Hause nehmen m\u00f6chten, k\u00f6nnen Sie sie in unseren Schlie\u00dff\u00e4chern einschlie\u00dfen.<br>Desinfizierte Ausr\u00fcstung erhalten Sie vom Personal in Najada. Sobald Sie die Ausr\u00fcstung anprobiert haben, sind Sie daf\u00fcr verantwortlich, keine Teile mit einem anderen Taucher zu teilen. Falls Sie Leihausr\u00fcstung haben, sind Sie f\u00fcr das Sp\u00fclen und die Aufbewahrung Ihrer Ausr\u00fcstung verantwortlich, entweder an einem vom Personal in den Einrichtungen von Najada bestimmten Ort oder Sie k\u00f6nnen Ihre Ausr\u00fcstung jeden Tag mit nach Hause nehmen.\u00a0 Sie sollten Ihre Maske, Atemregler und Schnorchel unter flie\u00dfendem Wasser absp\u00fclen. Falls Sie diese Gegenst\u00e4nde nicht mit nach Hause nehmen m\u00f6chten, k\u00f6nnen Sie sie in unseren Schlie\u00dff\u00e4chern einschlie\u00dfen.<br>Verfahren werden befolgt, wobei ein Mindestabstand zu anderen Tauchern in der Tauchbasis eingehalten und Menschenansammlungen vermieden werden.<br><br><strong>Boot und oder Strand<\/strong><br>Unser Mitarbeiter wird Sie zum Boot oder Auto f\u00fchren, falls Sie an den Strand gehen. Vermeiden Sie Menschenmassen, montieren Sie Ihre Atemregler an den Tank und nehmen Sie einen Platz ein, der Ihnen gewidmet ist. Falls Sie ein Familienmitglied als Begleitung haben, wird er\/sie neben Ihnen stehen, halten Sie den notwendigen Mindestabstand ein. Vermeiden Sie es, die Ausr\u00fcstung anderer Leute zu ber\u00fchren, wenn immer m\u00f6glich. Benutzen Sie w\u00e4hrend des Buddy-Checks die Sp\u00fclung, anstatt vom Oktopus des anderen zu atmen. Bitten Sie das Najada-Personal um Antibeschlagmittel f\u00fcr die Maske, falls Sie Ihre nicht dabei haben.<br>Verwenden Sie an der Oberfl\u00e4che eine Bojenleine oder \u00c4hnliches, um einen Mindestabstand einzuhalten.<br>Teilen Sie keine Wasserflaschen, es sei denn, Sie leben im selben Haushalt (Familienmitglied).<br>Gebrauchen Sie Ihren gesunden Menschenverstand, versuchen Sie, das Kontaminationsrisiko zu minimieren, aber \u00fcbertreiben Sie nicht!<br><br><strong>Erste Hilfe und HLW<br><\/strong>Befolgen Sie im Falle eines Unfalls die Notfallverfahren von Najada<br><br><strong>Geselligkeit in der Tauchbasis<br><\/strong>Verwenden Sie einzelne Tassen und L\u00f6ffel f\u00fcr Kaffee und Wasser und entsorgen Sie Ihr eigenes Wegwerfgeschirr in einem Abfallkorb.<br>Teilen Sie Getr\u00e4nke aus dem K\u00fchlschrank nicht au\u00dferhalb des eigenen Haushalts (Familienmitglieder) und bringen Sie leere Flaschen in die Kisten nach drau\u00dfen.<br>Tische und St\u00fchle werden vom Personal in Najada aufgestellt, um die Anzahl der Personen, die sich in der Tauchbasis aufhalten, zu optimieren, ohne die Mindestabst\u00e4nde zu verletzen.<br><br><strong>Sanit\u00e4re Einrichtungen<\/strong><br>Werden t\u00e4glich desinfiziert, neben dem H\u00e4ndewaschen gibt es die M\u00f6glichkeit, eine Dusche zu benutzen, wir empfehlen Ihnen, die Benutzung zu minimieren, aber zu Hause zu duschen. Falls Sie es vorziehen, in Najada zu duschen, desinfizieren Sie bitte die Dusche nach der Benutzung.<br><br><strong>Check-out der Ausr\u00fcstung<\/strong><br>Sie bringen Ihre Box, das Netz (f\u00fcr ABC und Regulator), den Aufh\u00e4nger und den Schlie\u00dffachschl\u00fcssel zu einem daf\u00fcr vorgesehenen Check-out-Bereich.<br>Falls Sie eine private Ausr\u00fcstung haben, sind Sie daf\u00fcr verantwortlich, Ihre Ausr\u00fcstung nach dem letzten Tauchtag nach Hause zu bringen.<br>Falls Sie Leihausr\u00fcstung haben, sind Sie f\u00fcr das Sp\u00fclen und die Lagerung Ihrer gebrauchten Ausr\u00fcstung in einem Check-out-Bereich verantwortlich.\u00a0 Sie sollten Ihre Maske, Atemregler und Schnorchel unter flie\u00dfendem Wasser absp\u00fclen.<br>T\u00e4gliche Prozduren werden befolgt, wobei ein Mindestabstand zu anderen Tauchern in der Tauchbasis eingehalten und Menschenansammlungen vermieden werden m\u00fcssen.<br><br><strong><em>Covid-19 Verfahren Najada-Tauchen (Teil 2: Indirekte Beteiligung von Kunden)<\/em><\/strong><br><br><strong>Schutz<\/strong><br>Plexiglas trennt Klient und Empfangsdame<br>Ein Gesichtsvisir (+ Maske ist optional) wird vom Personal an der Rezeption getragen<br>Es wird empfohlen, im Empfangsbereich w\u00e4hrend des Ein- und Auscheckens des Klienten Mund- und Nasenmaske zu tragen.<br>Handschuhe sind optional<br>Eine Mund- und Nasenmaske wird vom Personal im Kompressorraum getragen, wenn der Kunde mit seinen privaten Tanks zum Ein- und Auschecken eintritt. Der Kunde h\u00e4lt einen Mindestabstand von 1,5 m zum Eingang ein.<br>Masken auf den Booten f\u00fcr das Personal sind nicht notwendig, die Boote haben einen Plexiglasschutz im Cockpit.<br><br><strong>Desinfektion<\/strong><br>Leihger\u00e4te werden vor der Benutzung desinfiziert. Im Internet hei\u00dft es, dass 70% Ethanol den Virus abt\u00f6tet. Die gemieteten Anz\u00fcge und Stiefel werden nach jedem Auschecken in der Waschmaschine bei niedrigen Temperaturen mit einem hygienischen Waschmittel gewaschen.<br>Tanks und BCDs werden t\u00e4glich nach jedem Gebrauch mit frischem Wasser gesp\u00fclt, Inflator, Lungenautomaten, Masken und Schnorchel desinfizieren wir nach dem Auschecken.<br>O2-Notfallkits &amp; Kompressorbereich werden SORGF\u00c4LTIG desinfiziert<br>Oberfl\u00e4chen\/B\u00f6den\/T\u00fcrkn\u00f6pfe\/Boote\/Tische usw. werden t\u00e4glich gereinigt und mit Desinfektionsmittel abgewischt<br><br><strong>Gebrauchen Sie Ihren gesunden Menschenverstand, versuchen Sie, das Kontaminationsrisiko zu minimieren, aber \u00fcbertreiben Sie nicht!<\/strong><br><strong>Kroatische und ausl\u00e4ndische Staatsb\u00fcrger k\u00f6nnen zus\u00e4tzliche Informationen und Erl\u00e4uterungen unter der Info-Nummer 112 Notfall oder 113 Covid-19 Infozentrum anfordern.<\/strong><br><\/p>\n\n\n\n<p class=\"has-very-light-gray-background-color has-background\"><strong>N\u00fctzliche Links:<\/strong><br><a rel=\"noreferrer noopener\" href=\"http:\/\/www.zzjz-sibenik.hr\/testing-of-persons-who-need-a-certificate-of-testing-for-sars-cov-2\/\" target=\"_blank\">PCR Test Sibenik<\/a><br><a rel=\"noreferrer noopener\" href=\"https:\/\/poliklinika-analiza.hr\/sibenik\/\" target=\"_blank\">Antigen Test Sibenik<\/a><br><a rel=\"noreferrer noopener\" href=\"https:\/\/www.koronavirus.hr\/en\" target=\"_blank\">General Information about Covid-19<\/a><br><a rel=\"noreferrer noopener\" href=\"https:\/\/entercroatia.mup.hr\/\" target=\"_blank\">Registration form enter Croatia<\/a><br><\/p>\n\n\n\n<p><\/p>\n","protected":false},"excerpt":{"rendered":"<p>Werte Tauchg\u00e4ste,wie in vielen L\u00e4ndern wurden die Restriktionen im Zusammenhang mit Corona in Kroatien \u00fcberdacht. Generell gilt ab 15. April, dass die untenstehenden Regeln nicht mehr Vorschriften sind sondern Empfehlungen und Appelle an die Einzelnen und deren Vernunft. D.h. jeder ist selbst verantwortlich, welche Ma\u00dfnahmen in der jeweiligen Situation angewendet werden. Wir hoffen, dass sich [&hellip;]<\/p>\n","protected":false},"author":1,"featured_media":0,"parent":0,"menu_order":0,"comment_status":"closed","ping_status":"closed","template":"","meta":{"ngg_post_thumbnail":0},"yoast_head":"<!-- This site is optimized with the Yoast SEO Premium plugin v20.2 (Yoast SEO v20.2) - https:\/\/yoast.com\/wordpress\/plugins\/seo\/ -->\n<title>Check-in d - Najada diving<\/title>\n<meta name=\"robots\" content=\"index, follow, max-snippet:-1, max-image-preview:large, max-video-preview:-1\" \/>\n<link rel=\"canonical\" href=\"https:\/\/www.najada.com\/word-press\/language\/de\/covid-19-d\/\" \/>\n<meta property=\"og:locale\" content=\"en_US\" \/>\n<meta property=\"og:type\" content=\"article\" \/>\n<meta property=\"og:title\" content=\"Check-in d\" \/>\n<meta property=\"og:description\" content=\"Werte Tauchg\u00e4ste,wie in vielen L\u00e4ndern wurden die Restriktionen im Zusammenhang mit Corona in Kroatien \u00fcberdacht. Generell gilt ab 15. April, dass die untenstehenden Regeln nicht mehr Vorschriften sind sondern Empfehlungen und Appelle an die Einzelnen und deren Vernunft. D.h. jeder ist selbst verantwortlich, welche Ma\u00dfnahmen in der jeweiligen Situation angewendet werden. Wir hoffen, dass sich [&hellip;]\" \/>\n<meta property=\"og:url\" content=\"https:\/\/www.najada.com\/word-press\/language\/de\/covid-19-d\/\" \/>\n<meta property=\"og:site_name\" content=\"Najada diving\" \/>\n<meta property=\"article:publisher\" content=\"https:\/\/www.facebook.com\/NajadaDiving\" \/>\n<meta property=\"article:modified_time\" content=\"2024-04-24T21:07:17+00:00\" \/>\n<meta name=\"twitter:card\" content=\"summary_large_image\" \/>\n<meta name=\"twitter:label1\" content=\"Est. reading time\" \/>\n\t<meta name=\"twitter:data1\" content=\"5 minutes\" \/>\n<script type=\"application\/ld+json\" class=\"yoast-schema-graph\">{\"@context\":\"https:\/\/schema.org\",\"@graph\":[{\"@type\":\"WebPage\",\"@id\":\"https:\/\/www.najada.com\/word-press\/language\/de\/covid-19-d\/\",\"url\":\"https:\/\/www.najada.com\/word-press\/language\/de\/covid-19-d\/\",\"name\":\"Check-in d - Najada diving\",\"isPartOf\":{\"@id\":\"https:\/\/www.najada.com\/word-press\/#website\"},\"datePublished\":\"2020-08-10T13:16:07+00:00\",\"dateModified\":\"2024-04-24T21:07:17+00:00\",\"breadcrumb\":{\"@id\":\"https:\/\/www.najada.com\/word-press\/language\/de\/covid-19-d\/#breadcrumb\"},\"inLanguage\":\"en-US\",\"potentialAction\":[{\"@type\":\"ReadAction\",\"target\":[\"https:\/\/www.najada.com\/word-press\/language\/de\/covid-19-d\/\"]}]},{\"@type\":\"BreadcrumbList\",\"@id\":\"https:\/\/www.najada.com\/word-press\/language\/de\/covid-19-d\/#breadcrumb\",\"itemListElement\":[{\"@type\":\"ListItem\",\"position\":1,\"name\":\"Startseite\",\"item\":\"https:\/\/www.najada.com\/word-press\/\"},{\"@type\":\"ListItem\",\"position\":2,\"name\":\"Check-in d\"}]},{\"@type\":\"WebSite\",\"@id\":\"https:\/\/www.najada.com\/word-press\/#website\",\"url\":\"https:\/\/www.najada.com\/word-press\/\",\"name\":\"Najada diving\",\"description\":\"Tauchen in Kroatien \/ Diving in Croatia\",\"publisher\":{\"@id\":\"https:\/\/www.najada.com\/word-press\/#organization\"},\"potentialAction\":[{\"@type\":\"SearchAction\",\"target\":{\"@type\":\"EntryPoint\",\"urlTemplate\":\"https:\/\/www.najada.com\/word-press\/?s={search_term_string}\"},\"query-input\":\"required name=search_term_string\"}],\"inLanguage\":\"en-US\"},{\"@type\":\"Organization\",\"@id\":\"https:\/\/www.najada.com\/word-press\/#organization\",\"name\":\"Najada d.o.o.\",\"url\":\"https:\/\/www.najada.com\/word-press\/\",\"logo\":{\"@type\":\"ImageObject\",\"inLanguage\":\"en-US\",\"@id\":\"https:\/\/www.najada.com\/word-press\/#\/schema\/logo\/image\/\",\"url\":\"https:\/\/www.najada.com\/word-press\/wp-content\/uploads\/logonurnajada-Kopie.png\",\"contentUrl\":\"https:\/\/www.najada.com\/word-press\/wp-content\/uploads\/logonurnajada-Kopie.png\",\"width\":400,\"height\":405,\"caption\":\"Najada d.o.o.\"},\"image\":{\"@id\":\"https:\/\/www.najada.com\/word-press\/#\/schema\/logo\/image\/\"},\"sameAs\":[\"https:\/\/www.facebook.com\/NajadaDiving\",\"https:\/\/www.instagram.com\/najadadiving\/\",\"https:\/\/www.youtube.com\/user\/najadadiving\/videos\"]}]}<\/script>\n<!-- \/ Yoast SEO Premium plugin. -->","yoast_head_json":{"title":"Check-in d - Najada diving","robots":{"index":"index","follow":"follow","max-snippet":"max-snippet:-1","max-image-preview":"max-image-preview:large","max-video-preview":"max-video-preview:-1"},"canonical":"https:\/\/www.najada.com\/word-press\/language\/de\/covid-19-d\/","og_locale":"en_US","og_type":"article","og_title":"Check-in d","og_description":"Werte Tauchg\u00e4ste,wie in vielen L\u00e4ndern wurden die Restriktionen im Zusammenhang mit Corona in Kroatien \u00fcberdacht. Generell gilt ab 15. April, dass die untenstehenden Regeln nicht mehr Vorschriften sind sondern Empfehlungen und Appelle an die Einzelnen und deren Vernunft. D.h. jeder ist selbst verantwortlich, welche Ma\u00dfnahmen in der jeweiligen Situation angewendet werden. Wir hoffen, dass sich [&hellip;]","og_url":"https:\/\/www.najada.com\/word-press\/language\/de\/covid-19-d\/","og_site_name":"Najada diving","article_publisher":"https:\/\/www.facebook.com\/NajadaDiving","article_modified_time":"2024-04-24T21:07:17+00:00","twitter_card":"summary_large_image","twitter_misc":{"Est. reading time":"5 minutes"},"schema":{"@context":"https:\/\/schema.org","@graph":[{"@type":"WebPage","@id":"https:\/\/www.najada.com\/word-press\/language\/de\/covid-19-d\/","url":"https:\/\/www.najada.com\/word-press\/language\/de\/covid-19-d\/","name":"Check-in d - Najada diving","isPartOf":{"@id":"https:\/\/www.najada.com\/word-press\/#website"},"datePublished":"2020-08-10T13:16:07+00:00","dateModified":"2024-04-24T21:07:17+00:00","breadcrumb":{"@id":"https:\/\/www.najada.com\/word-press\/language\/de\/covid-19-d\/#breadcrumb"},"inLanguage":"en-US","potentialAction":[{"@type":"ReadAction","target":["https:\/\/www.najada.com\/word-press\/language\/de\/covid-19-d\/"]}]},{"@type":"BreadcrumbList","@id":"https:\/\/www.najada.com\/word-press\/language\/de\/covid-19-d\/#breadcrumb","itemListElement":[{"@type":"ListItem","position":1,"name":"Startseite","item":"https:\/\/www.najada.com\/word-press\/"},{"@type":"ListItem","position":2,"name":"Check-in d"}]},{"@type":"WebSite","@id":"https:\/\/www.najada.com\/word-press\/#website","url":"https:\/\/www.najada.com\/word-press\/","name":"Najada diving","description":"Tauchen in Kroatien \/ Diving in Croatia","publisher":{"@id":"https:\/\/www.najada.com\/word-press\/#organization"},"potentialAction":[{"@type":"SearchAction","target":{"@type":"EntryPoint","urlTemplate":"https:\/\/www.najada.com\/word-press\/?s={search_term_string}"},"query-input":"required name=search_term_string"}],"inLanguage":"en-US"},{"@type":"Organization","@id":"https:\/\/www.najada.com\/word-press\/#organization","name":"Najada d.o.o.","url":"https:\/\/www.najada.com\/word-press\/","logo":{"@type":"ImageObject","inLanguage":"en-US","@id":"https:\/\/www.najada.com\/word-press\/#\/schema\/logo\/image\/","url":"https:\/\/www.najada.com\/word-press\/wp-content\/uploads\/logonurnajada-Kopie.png","contentUrl":"https:\/\/www.najada.com\/word-press\/wp-content\/uploads\/logonurnajada-Kopie.png","width":400,"height":405,"caption":"Najada d.o.o."},"image":{"@id":"https:\/\/www.najada.com\/word-press\/#\/schema\/logo\/image\/"},"sameAs":["https:\/\/www.facebook.com\/NajadaDiving","https:\/\/www.instagram.com\/najadadiving\/","https:\/\/www.youtube.com\/user\/najadadiving\/videos"]}]}},"_links":{"self":[{"href":"https:\/\/www.najada.com\/word-press\/wp-json\/wp\/v2\/pages\/6233"}],"collection":[{"href":"https:\/\/www.najada.com\/word-press\/wp-json\/wp\/v2\/pages"}],"about":[{"href":"https:\/\/www.najada.com\/word-press\/wp-json\/wp\/v2\/types\/page"}],"author":[{"embeddable":true,"href":"https:\/\/www.najada.com\/word-press\/wp-json\/wp\/v2\/users\/1"}],"replies":[{"embeddable":true,"href":"https:\/\/www.najada.com\/word-press\/wp-json\/wp\/v2\/comments?post=6233"}],"version-history":[{"count":27,"href":"https:\/\/www.najada.com\/word-press\/wp-json\/wp\/v2\/pages\/6233\/revisions"}],"predecessor-version":[{"id":8700,"href":"https:\/\/www.najada.com\/word-press\/wp-json\/wp\/v2\/pages\/6233\/revisions\/8700"}],"wp:attachment":[{"href":"https:\/\/www.najada.com\/word-press\/wp-json\/wp\/v2\/media?parent=6233"}],"curies":[{"name":"wp","href":"https:\/\/api.w.org\/{rel}","templated":true}]}}