{"id":5316,"date":"2019-02-24T06:49:29","date_gmt":"2019-02-24T06:49:29","guid":{"rendered":"https:\/\/www.najada.com\/word-press\/?page_id=5316"},"modified":"2022-03-14T14:02:02","modified_gmt":"2022-03-14T14:02:02","slug":"kurse","status":"publish","type":"page","link":"https:\/\/www.najada.com\/word-press\/language\/de\/kurse\/","title":{"rendered":"Kurse"},"content":{"rendered":"<div id=\"Ebene1\" style=\"position: absolute; width: 100px; height: 100px; z-index: 1; left: 30px; top: 50px;\">&nbsp;<\/div>\n<h1><span style=\"color: #ffcc00;\"><img decoding=\"async\" loading=\"lazy\" class=\"alignnone wp-image-1478\" src=\"https:\/\/www.najada.com\/word-press\/wp-content\/uploads\/cropped-logonurnajada-Kopie.png\" alt=\"\" width=\"196\" height=\"198\">Tauchkurse <a href=\"https:\/\/www.padi.com\/de\" target=\"_blank\" rel=\"noopener\">PADI<\/a> und <a href=\"https:\/\/www.divessi.com\/de\/\" target=\"_blank\" rel=\"noopener\">SSI<\/a> in Kroatien<\/span><\/h1>\n<table class=\" alignright\" style=\"background-color: #8ce9fa;\" width=\"100%\">\n<tbody>\n<tr>\n<td>\n<h2 style=\"text-align: center;\">&nbsp;<\/h2>\n<p>Wir bieten Tauchkurse <strong>PADI<\/strong> und<strong> SSI<\/strong> in Kroatien vom Anf\u00e4nger bis zum Profi an &#8211; zum Beispiel&nbsp; &nbsp;Schnuppertauchg\u00e4nge. Open Water Diver Kurse bis hin zu Tec-Kursen f\u00fcr erfahrene Taucher.&nbsp;<br \/>\nUnsere Tauchkurse sind strukturiert, mehrsprachig und leicht verst\u00e4ndlich. Die meisten Studenten ziehen es vor, die Theorie zu Hause <strong>on-line<\/strong> zu erledigen jedoch vor Ort kann man sich auf den praktischen Teil konzentrieren. Es ist auch m\u00f6glich, in unserem modernen <strong>Klassenzimmer<\/strong> zu lernen. jedenfalls steht dir unser Team zur Seite.<br \/>\nF\u00fcr das Tauchen ist eine gute und gesunde k\u00f6rperliche Verfassung erforderlich. Jeder Taucher und Sch\u00fcler muss daher entweder eine <strong>\u00e4rztliche Bescheinigung<\/strong> ausf\u00fcllen und unterschreiben oder eine solche mitbringen.<br \/>\nDie <strong>Kurspreise beinhalten<\/strong> Ausr\u00fcstung, Lehrmaterial und au\u00dferdem Zertifizierungsgeb\u00fchren f\u00fcr Kinder-, Discovery, OWD- und AOWD-Kurse. Jedoch alle anderen Kurse beinhalten nur Lehrmaterial und Zertifizierung.<\/td>\n<\/tr>\n<\/tbody>\n<\/table>\n<script type=\"text\/javascript\">\r\ndocument.addEventListener(\"DOMContentLoaded\", function(event) { \r\n\tjQuery( '#slider-pro-3-3552' ).sliderPro({\r\n\t\t\/\/width\r\n\t\t\t\tforceSize: 'fullWidth',\r\n\t\t\t\t\r\n\t\t\/\/height\r\n\t\t\t\tautoHeight: true,\r\n\t\t\t\t\r\n\t\t\/\/auto play\r\n\t\t\t\tautoplay:  true,\r\n\t\tautoplayOnHover: 'none',\r\n\t\t\t\t\t\t\t\tautoplayDelay: 5000,\r\n\t\t\r\n\t\t\r\n\t\tarrows: true,\r\n\t\tbuttons: true,\r\n\t\tsmallSize: 500,\r\n\t\tmediumSize: 1000,\r\n\t\tlargeSize: 3000,\r\n\t\tfade: true,\r\n\t\t\r\n\t\t\/\/thumbnail\r\n\t\tthumbnailArrows: true,\r\n\t\tthumbnailWidth: 30,\r\n\t\tthumbnailHeight: 30,\r\n\t\t\t\t\t\tthumbnailsPosition: 'bottom',\r\n\t\t\t\t\t\tcenterImage: true,\r\n\t\timageScaleMode: 'contain',\r\n\t\tallowScaleUp: true,\r\n\t\t\t\tstartSlide: 0,\r\n\t\tloop: true,\r\n\t\tslideDistance: 5,\r\n\t\tautoplayDirection: 'normal',\r\n\t\ttouchSwipe: true,\r\n\t\tfullScreen: true,\r\n\t});\r\n});\r\n<\/script>\r\n<style>\r\n\/* Layout 3 *\/\r\n\/* border *\/\r\n#slider-pro-3-3552 .sp-selected-thumbnail {\r\n\tborder: 4px solid #000000;\r\n}\r\n\r\n\/* font + color *\/\r\n.title-in  {\r\n\tfont-family: Arial !important;\r\n\tcolor: #000000 !important;\r\n\tbackground-color: #FFFFFF !important;\r\n\topacity: 0.7 !important;\r\n}\r\n.desc-in  {\r\n\tfont-family: Arial !important;\r\n\tcolor: #FFFFFF !important;\r\n\tbackground-color: #000000 !important;\r\n\topacity: 0.7 !important;\r\n}\r\n\r\n\/* bullets color *\/\r\n.sp-button  {\r\n\tborder: 2px solid #000000 !important;\r\n}\r\n.sp-selected-button  {\r\n\tbackground-color: #000000 !important;\r\n}\r\n\r\n\/* pointer color - bottom *\/\r\n.sp-selected-thumbnail::before {\r\n\tborder-bottom: 5px solid #000000 !important;\r\n}\r\n.sp-selected-thumbnail::after {\r\n\tborder-bottom: 13px solid #000000 !important;\r\n}\r\n\r\n\/* pointer color - top *\/\r\n\r\n\/* full screen icon *\/\r\n.sp-full-screen-button::before {\r\n    color: #FFFFFF !important;\r\n}\r\n\r\n\/* hover navigation icon color *\/\r\n.sp-next-arrow::after, .sp-next-arrow::before {\r\n\tbackground-color: #FFFFFF !important;\r\n}\r\n.sp-previous-arrow::after, .sp-previous-arrow::before {\r\n\tbackground-color: #FFFFFF !important;\r\n}\r\n\r\n#slider-pro-3-3552 .title-in {\r\n\tcolor: #000000 !important;\r\n\tfont-weight: bolder;\r\n\ttext-align: center;\r\n}\r\n\r\n#slider-pro-3-3552 .title-in-bg {\r\n\tbackground: rgba(255, 255, 255, 0.7); !important;\r\n\twhite-space: unset !important;\r\n\tmax-width: 90%;\r\n\tmin-width: 40%;\r\n\ttransform: initial !important;\r\n\t-webkit-transform: initial !important;\r\n\tfont-size: 14px !important;\r\n}\r\n\r\n#slider-pro-3-3552 .desc-in {\r\n\tcolor: #FFFFFF !important;\r\n\ttext-align: center;\r\n}\r\n#slider-pro-3-3552 .desc-in-bg {\r\n\tbackground: rgba(#000000, 0.7) !important;\r\n\twhite-space: unset !important;\r\n\twidth: 80% !important;\r\n\tmin-width: 30%;\r\n\ttransform: initial !important;\r\n\t-webkit-transform: initial !important;\r\n\tfont-size: 13px !important;\r\n}\r\n\r\n@media (max-width: 640px) {\r\n\t#slider-pro-3-3552 .hide-small-screen {\r\n\t\tdisplay: none;\r\n\t}\r\n}\r\n\r\n@media (max-width: 860px) {\r\n\t#slider-pro-3-3552 .sp-layer {\r\n\t\tfont-size: 18px;\r\n\t}\r\n\t\r\n\t#slider-pro-3-3552 .hide-medium-screen {\r\n\t\tdisplay: none;\r\n\t}\r\n}\r\n.slides-not-found {\r\n\tbackground-color: #a92929;\r\n\tborder-radius: 5px;\r\n\tcolor: #fff;\r\n\tfont-family: initial;\r\n\ttext-align: center;\r\n\tpadding:12px;\r\n}\r\n\/* Custom CSS *\/\r\n<\/style>\r\n\t\t<div id=\"slider-pro-3-3552\" class=\"slider-pro\">\r\n\t\t\t<!---- slides div start ---->\r\n\t\t\t<div class=\"sp-slides\">\r\n\t\t\t\t\t\t\t\t\t\t<div class=\"sp-slide\">\r\n\t\t\t\t\t\t\t<img class=\"sp-image\" loading=\"lazy\" alt=\"\" src=\"https:\/\/www.najada.com\/word-press\/wp-content\/plugins\/ultimate-responsive-image-slider\/assets\/css\/images\/blank.gif\" data-src=\"https:\/\/www.najada.com\/word-press\/wp-content\/uploads\/school1.jpg.jpg\" \/>\r\n\r\n\t\t\t\t\t\t\t\r\n\t\t\t\t\t\t\t\t\t\t\t\t\t<\/div>\r\n\t\t\t\t\t\t\t\t\t\t\t\t<div class=\"sp-slide\">\r\n\t\t\t\t\t\t\t<img class=\"sp-image\" loading=\"lazy\" alt=\"\" src=\"https:\/\/www.najada.com\/word-press\/wp-content\/plugins\/ultimate-responsive-image-slider\/assets\/css\/images\/blank.gif\" data-src=\"https:\/\/www.najada.com\/word-press\/wp-content\/uploads\/school2.jpg\" \/>\r\n\r\n\t\t\t\t\t\t\t\r\n\t\t\t\t\t\t\t\t\t\t\t\t\t<\/div>\r\n\t\t\t\t\t\t\t\t\t\t\t\t<div class=\"sp-slide\">\r\n\t\t\t\t\t\t\t<img class=\"sp-image\" loading=\"lazy\" alt=\"\" src=\"https:\/\/www.najada.com\/word-press\/wp-content\/plugins\/ultimate-responsive-image-slider\/assets\/css\/images\/blank.gif\" data-src=\"https:\/\/www.najada.com\/word-press\/wp-content\/uploads\/school4.jpg\" \/>\r\n\r\n\t\t\t\t\t\t\t\r\n\t\t\t\t\t\t\t\t\t\t\t\t\t<\/div>\r\n\t\t\t\t\t\t\t\t\t\t\t\t<div class=\"sp-slide\">\r\n\t\t\t\t\t\t\t<img class=\"sp-image\" loading=\"lazy\" alt=\"\" src=\"https:\/\/www.najada.com\/word-press\/wp-content\/plugins\/ultimate-responsive-image-slider\/assets\/css\/images\/blank.gif\" data-src=\"https:\/\/www.najada.com\/word-press\/wp-content\/uploads\/school3.jpg\" \/>\r\n\r\n\t\t\t\t\t\t\t\r\n\t\t\t\t\t\t\t\t\t\t\t\t\t<\/div>\r\n\t\t\t\t\t\t\t\t\t\t\t\t<div class=\"sp-slide\">\r\n\t\t\t\t\t\t\t<img class=\"sp-image\" loading=\"lazy\" alt=\"\" src=\"https:\/\/www.najada.com\/word-press\/wp-content\/plugins\/ultimate-responsive-image-slider\/assets\/css\/images\/blank.gif\" data-src=\"https:\/\/www.najada.com\/word-press\/wp-content\/uploads\/school7.jpg\" \/>\r\n\r\n\t\t\t\t\t\t\t\r\n\t\t\t\t\t\t\t\t\t\t\t\t\t<\/div>\r\n\t\t\t\t\t\t\t\t\t\t\t\t<div class=\"sp-slide\">\r\n\t\t\t\t\t\t\t<img class=\"sp-image\" loading=\"lazy\" alt=\"\" src=\"https:\/\/www.najada.com\/word-press\/wp-content\/plugins\/ultimate-responsive-image-slider\/assets\/css\/images\/blank.gif\" data-src=\"https:\/\/www.najada.com\/word-press\/wp-content\/uploads\/school5.jpg\" \/>\r\n\r\n\t\t\t\t\t\t\t\r\n\t\t\t\t\t\t\t\t\t\t\t\t\t<\/div>\r\n\t\t\t\t\t\t\t\t\t\t\t\t<div class=\"sp-slide\">\r\n\t\t\t\t\t\t\t<img class=\"sp-image\" loading=\"lazy\" alt=\"\" src=\"https:\/\/www.najada.com\/word-press\/wp-content\/plugins\/ultimate-responsive-image-slider\/assets\/css\/images\/blank.gif\" data-src=\"https:\/\/www.najada.com\/word-press\/wp-content\/uploads\/school8.jpg\" \/>\r\n\r\n\t\t\t\t\t\t\t\r\n\t\t\t\t\t\t\t\t\t\t\t\t\t<\/div>\r\n\t\t\t\t\t\t\t\t\t\t\t\t<div class=\"sp-slide\">\r\n\t\t\t\t\t\t\t<img class=\"sp-image\" loading=\"lazy\" alt=\"\" src=\"https:\/\/www.najada.com\/word-press\/wp-content\/plugins\/ultimate-responsive-image-slider\/assets\/css\/images\/blank.gif\" data-src=\"https:\/\/www.najada.com\/word-press\/wp-content\/uploads\/school6.jpg\" \/>\r\n\r\n\t\t\t\t\t\t\t\r\n\t\t\t\t\t\t\t\t\t\t\t\t\t<\/div>\r\n\t\t\t\t\t\t\t\t\t<\/div>\r\n\t\t\t\r\n\t\t\t<!---- slides div end ---->\r\n\t\t\t\t\t\t<!-- slides thumbnails div end -->\r\n\t\t<\/div>\r\n\n<hr>\n<table style=\"background-color: #efdda8;\" width=\"100%\">\n<tbody>\n<tr>\n<td>\n<h2 style=\"text-align: left;\"><strong><span style=\"color: #0000ff;\">Kinder und Schnupperkurse<\/span><\/strong><\/h2>\n<p><img decoding=\"async\" loading=\"lazy\" class=\"wp-image-1227 alignleft\" src=\"https:\/\/www.najada.com\/word-press\/wp-content\/uploads\/ku_sasy2.jpg\" alt=\"\" width=\"300\" height=\"225\">Tauchbegeisterte Eltern k\u00f6nnen ihren Kindern mit <strong>SASY<\/strong> (ab 5 Jahren) einen sanften und sicheren Einstieg in die Unterwasser- Welt erm\u00f6glichen. Ab 8 gibt es au\u00dferdem den <strong>BUBBLE MAKER<\/strong> Kurs.<br \/>\nSchlie\u00dflich bieten wir f\u00fcr Kinder ab 10 und Erwachsene, die es einmal probieren wollen,&nbsp; das <strong>SCHNUPPERTAUCHEN<\/strong> oder <strong>DISCOVER SCUBA DIVIN<\/strong>G an. <strong>SCUBA DIVER<\/strong> ist zudem schon ein Einstieg in die Tauchlizenz.<\/p>\n<p><a href=\"https:\/\/www.najada.com\/word-press\/?page_id=1580&amp;lang=de\"><img decoding=\"async\" loading=\"lazy\" class=\"alignright wp-image-1559\" src=\"https:\/\/www.najada.com\/word-press\/wp-content\/uploads\/ssi_logo.jpg\" alt=\"\" width=\"78\" height=\"77\" srcset=\"https:\/\/www.najada.com\/word-press\/wp-content\/uploads\/ssi_logo.jpg 400w, https:\/\/www.najada.com\/word-press\/wp-content\/uploads\/ssi_logo-300x300.jpg 300w, https:\/\/www.najada.com\/word-press\/wp-content\/uploads\/ssi_logo-150x150.jpg 150w\" sizes=\"(max-width: 78px) 100vw, 78px\" \/><\/a><a href=\"https:\/\/www.najada.com\/word-press\/?page_id=1587&amp;lang=de\"><img decoding=\"async\" loading=\"lazy\" class=\"wp-image-1558 alignright\" src=\"https:\/\/www.najada.com\/word-press\/wp-content\/uploads\/padi_logo.jpg\" alt=\"\" width=\"78\" height=\"77\" srcset=\"https:\/\/www.najada.com\/word-press\/wp-content\/uploads\/padi_logo.jpg 400w, https:\/\/www.najada.com\/word-press\/wp-content\/uploads\/padi_logo-300x300.jpg 300w, https:\/\/www.najada.com\/word-press\/wp-content\/uploads\/padi_logo-150x150.jpg 150w\" sizes=\"(max-width: 78px) 100vw, 78px\" \/><\/a> <a href=\"https:\/\/www.najada.com\/word-press\/?page_id=1753&amp;lang=de\"><img decoding=\"async\" loading=\"lazy\" class=\"wp-image-1751 alignright\" src=\"https:\/\/www.najada.com\/word-press\/wp-content\/uploads\/logomeremaid_web.jpg\" alt=\"\" width=\"64\" height=\"76\" srcset=\"https:\/\/www.najada.com\/word-press\/wp-content\/uploads\/logomeremaid_web.jpg 600w, https:\/\/www.najada.com\/word-press\/wp-content\/uploads\/logomeremaid_web-500x598.jpg 500w\" sizes=\"(max-width: 64px) 100vw, 64px\" \/><\/a><\/td>\n<\/tr>\n<\/tbody>\n<\/table>\n<hr>\n<table style=\"background-color: #efdda8;\" width=\"100%\">\n<tbody>\n<tr>\n<td>\n<h2 style=\"text-align: right;\"><strong><span style=\"color: #0000ff;\">Kurse f\u00fcr Freizeittaucher<\/span><\/strong><\/h2>\n<p><img decoding=\"async\" loading=\"lazy\" class=\"alignright wp-image-1227\" src=\"https:\/\/www.najada.com\/word-press\/wp-content\/uploads\/ku_openwater.jpg\" alt=\"\" width=\"300\" height=\"225\">Mit dem OPEN WATER DIVER &#8211; Kurs beginnt schlie\u00dflich das Taucherleben. Du bist danach berechtigt selbstst\u00e4ndig (nat\u00fcrlich mit Buddy) bis 18m zu&nbsp;tauchen. Auf diesem Level stehen dir dann etliche spezielle Kurse zu Verf\u00fcgung (z.B. NITROX, TROCKI).<br \/>\nDer ADVANCED OPEN WATER &#8211; Kurs ist eine Vertiefung und Erweiterung deiner Kenntnisse. Anchlie\u00dfend kannst du Spezialausbildungen wie zum Beispiel TIEFTAUCHEN und WRACKTAUCHEN absolvieren.<\/p>\n<p>&nbsp;<\/p>\n<p><a href=\"https:\/\/www.najada.com\/word-press\/?page_id=1901&amp;lang=de\"><img decoding=\"async\" loading=\"lazy\" class=\"wp-image-1558 alignleft\" src=\"https:\/\/www.najada.com\/word-press\/wp-content\/uploads\/padi_logo.jpg\" alt=\"\" width=\"78\" height=\"77\" srcset=\"https:\/\/www.najada.com\/word-press\/wp-content\/uploads\/padi_logo.jpg 400w, https:\/\/www.najada.com\/word-press\/wp-content\/uploads\/padi_logo-300x300.jpg 300w, https:\/\/www.najada.com\/word-press\/wp-content\/uploads\/padi_logo-150x150.jpg 150w\" sizes=\"(max-width: 78px) 100vw, 78px\" \/><\/a> <a href=\"https:\/\/www.najada.com\/word-press\/?page_id=1819&amp;lang=de\"><img decoding=\"async\" loading=\"lazy\" class=\"alignleft wp-image-1559\" src=\"https:\/\/www.najada.com\/word-press\/wp-content\/uploads\/ssi_logo.jpg\" alt=\"\" width=\"78\" height=\"77\" srcset=\"https:\/\/www.najada.com\/word-press\/wp-content\/uploads\/ssi_logo.jpg 400w, https:\/\/www.najada.com\/word-press\/wp-content\/uploads\/ssi_logo-300x300.jpg 300w, https:\/\/www.najada.com\/word-press\/wp-content\/uploads\/ssi_logo-150x150.jpg 150w\" sizes=\"(max-width: 78px) 100vw, 78px\" \/><\/a><\/td>\n<\/tr>\n<\/tbody>\n<\/table>\n<hr>\n<table style=\"background-color: #efdda8;\" width=\"100%\">\n<tbody>\n<tr>\n<td>\n<h2 style=\"text-align: left;\"><strong><span style=\"color: #0000ff;\">Technisches Tauchen<\/span><\/strong><\/h2>\n<p><img decoding=\"async\" loading=\"lazy\" class=\"wp-image-1227 alignleft\" src=\"https:\/\/www.najada.com\/word-press\/wp-content\/uploads\/ku_tec1.jpg\" alt=\"\" width=\"300\" height=\"225\">Ab einer gewissen Tiefe beginnt Stickstoff (und etliche Meter tiefer) auch Sauerstoff gef\u00e4hrlich zu werden. Daher bed\u00fcrfen Tauchg\u00e4nge in solche Tiefen&nbsp; spezieller Gasgemische und angepasster Ausr\u00fcstung. Als TEK TAUCHER kannst du schlie\u00dflich die Planung und Durchf\u00fchrung vom tieferen Dekompressionstauchg\u00e4nge mit verschieden Gasmischungen optimieren.<\/p>\n<p><a href=\"https:\/\/www.najada.com\/word-press\/?page_id=1979&amp;lang=de\"><img decoding=\"async\" loading=\"lazy\" class=\"alignright wp-image-1559\" src=\"https:\/\/www.najada.com\/word-press\/wp-content\/uploads\/ssi_logo.jpg\" alt=\"\" width=\"78\" height=\"77\" srcset=\"https:\/\/www.najada.com\/word-press\/wp-content\/uploads\/ssi_logo.jpg 400w, https:\/\/www.najada.com\/word-press\/wp-content\/uploads\/ssi_logo-300x300.jpg 300w, https:\/\/www.najada.com\/word-press\/wp-content\/uploads\/ssi_logo-150x150.jpg 150w\" sizes=\"(max-width: 78px) 100vw, 78px\" \/><\/a><\/td>\n<\/tr>\n<\/tbody>\n<\/table>\n<hr>\n<table style=\"background-color: #efdda8;\" width=\"100%\">\n<tbody>\n<tr>\n<td>\n<h2 style=\"text-align: right;\"><strong><span style=\"color: #0000ff;\">Der Weg zum Profi<\/span><\/strong><\/h2>\n<p><img decoding=\"async\" loading=\"lazy\" class=\"alignright wp-image-1227\" src=\"https:\/\/www.najada.com\/word-press\/wp-content\/uploads\/ku_ecdive.jpg\" alt=\"\" width=\"204\" height=\"260\">&#8230;beginnt mit dem DIVEMASTER. Die Ausbildung daf\u00fcr und Kurse zum&nbsp; INSTRUCTOR sind jedenfalls w\u00e4hrend der ganzen Saison m\u00f6glich.&nbsp;<br \/>\n<a href=\"https:\/\/www.najada.com\/word-press\/?page_id=1662&amp;lang=de\"><img decoding=\"async\" loading=\"lazy\" class=\"wp-image-1558 alignleft\" src=\"https:\/\/www.najada.com\/word-press\/wp-content\/uploads\/padi_logo.jpg\" alt=\"\" width=\"78\" height=\"77\" srcset=\"https:\/\/www.najada.com\/word-press\/wp-content\/uploads\/padi_logo.jpg 400w, https:\/\/www.najada.com\/word-press\/wp-content\/uploads\/padi_logo-300x300.jpg 300w, https:\/\/www.najada.com\/word-press\/wp-content\/uploads\/padi_logo-150x150.jpg 150w\" sizes=\"(max-width: 78px) 100vw, 78px\" \/><\/a> <a href=\"https:\/\/www.najada.com\/word-press\/language\/de\/ssi-der-wg-zum-profi\/\"><img decoding=\"async\" loading=\"lazy\" class=\"alignleft wp-image-1559\" src=\"https:\/\/www.najada.com\/word-press\/wp-content\/uploads\/ssi_logo.jpg\" alt=\"\" width=\"78\" height=\"77\" srcset=\"https:\/\/www.najada.com\/word-press\/wp-content\/uploads\/ssi_logo.jpg 400w, https:\/\/www.najada.com\/word-press\/wp-content\/uploads\/ssi_logo-300x300.jpg 300w, https:\/\/www.najada.com\/word-press\/wp-content\/uploads\/ssi_logo-150x150.jpg 150w\" sizes=\"(max-width: 78px) 100vw, 78px\" \/><\/a><\/td>\n<\/tr>\n<\/tbody>\n<\/table>\n<hr>\n<p>&nbsp;<\/p>\n","protected":false},"excerpt":{"rendered":"<p>&nbsp; Tauchkurse PADI und SSI in Kroatien &nbsp; Wir bieten Tauchkurse PADI und SSI in Kroatien vom Anf\u00e4nger bis zum Profi an &#8211; zum Beispiel&nbsp; &nbsp;Schnuppertauchg\u00e4nge. Open Water Diver Kurse bis hin zu Tec-Kursen f\u00fcr erfahrene Taucher.&nbsp; Unsere Tauchkurse sind strukturiert, mehrsprachig und leicht verst\u00e4ndlich. Die meisten Studenten ziehen es vor, die Theorie zu Hause [&hellip;]<\/p>\n","protected":false},"author":1,"featured_media":0,"parent":0,"menu_order":0,"comment_status":"closed","ping_status":"closed","template":"","meta":{"ngg_post_thumbnail":0},"yoast_head":"<!-- This site is optimized with the Yoast SEO Premium plugin v20.2 (Yoast SEO v20.2) - https:\/\/yoast.com\/wordpress\/plugins\/seo\/ -->\n<title>Tauchkurse PADI und SSI in Kroatien vom Anf\u00e4nger bis zum Profi<\/title>\n<meta name=\"description\" content=\"Wir bieten Tauchkurse PADI und SSI in Kroatien vom Anf\u00e4nger bis zum Profi an - zum Beispiel Schnuppertauchg\u00e4nge, Open Water Diver Kurse\" \/>\n<meta name=\"robots\" content=\"index, follow, max-snippet:-1, max-image-preview:large, max-video-preview:-1\" \/>\n<link rel=\"canonical\" href=\"https:\/\/www.najada.com\/word-press\/language\/de\/kurse\/\" \/>\n<meta property=\"og:locale\" content=\"en_US\" \/>\n<meta property=\"og:type\" content=\"article\" \/>\n<meta property=\"og:title\" content=\"Kurse\" \/>\n<meta property=\"og:description\" content=\"Wir bieten Tauchkurse PADI und SSI in Kroatien vom Anf\u00e4nger bis zum Profi an - zum Beispiel Schnuppertauchg\u00e4nge, Open Water Diver Kurse\" \/>\n<meta property=\"og:url\" content=\"https:\/\/www.najada.com\/word-press\/language\/de\/kurse\/\" \/>\n<meta property=\"og:site_name\" content=\"Najada diving\" \/>\n<meta property=\"article:publisher\" content=\"https:\/\/www.facebook.com\/NajadaDiving\" \/>\n<meta property=\"article:modified_time\" content=\"2022-03-14T14:02:02+00:00\" \/>\n<meta property=\"og:image\" content=\"https:\/\/www.najada.com\/word-press\/wp-content\/uploads\/cropped-logonurnajada-Kopie.png\" \/>\n<meta name=\"twitter:card\" content=\"summary_large_image\" \/>\n<meta name=\"twitter:label1\" content=\"Est. reading time\" \/>\n\t<meta name=\"twitter:data1\" content=\"5 minutes\" \/>\n<script type=\"application\/ld+json\" class=\"yoast-schema-graph\">{\"@context\":\"https:\/\/schema.org\",\"@graph\":[{\"@type\":\"WebPage\",\"@id\":\"https:\/\/www.najada.com\/word-press\/language\/de\/kurse\/\",\"url\":\"https:\/\/www.najada.com\/word-press\/language\/de\/kurse\/\",\"name\":\"Tauchkurse PADI und SSI in Kroatien vom Anf\u00e4nger bis zum Profi\",\"isPartOf\":{\"@id\":\"https:\/\/www.najada.com\/word-press\/#website\"},\"datePublished\":\"2019-02-24T06:49:29+00:00\",\"dateModified\":\"2022-03-14T14:02:02+00:00\",\"description\":\"Wir bieten Tauchkurse PADI und SSI in Kroatien vom Anf\u00e4nger bis zum Profi an - zum Beispiel Schnuppertauchg\u00e4nge, Open Water Diver Kurse\",\"breadcrumb\":{\"@id\":\"https:\/\/www.najada.com\/word-press\/language\/de\/kurse\/#breadcrumb\"},\"inLanguage\":\"en-US\",\"potentialAction\":[{\"@type\":\"ReadAction\",\"target\":[\"https:\/\/www.najada.com\/word-press\/language\/de\/kurse\/\"]}]},{\"@type\":\"BreadcrumbList\",\"@id\":\"https:\/\/www.najada.com\/word-press\/language\/de\/kurse\/#breadcrumb\",\"itemListElement\":[{\"@type\":\"ListItem\",\"position\":1,\"name\":\"Startseite\",\"item\":\"https:\/\/www.najada.com\/word-press\/\"},{\"@type\":\"ListItem\",\"position\":2,\"name\":\"Kurse\"}]},{\"@type\":\"WebSite\",\"@id\":\"https:\/\/www.najada.com\/word-press\/#website\",\"url\":\"https:\/\/www.najada.com\/word-press\/\",\"name\":\"Najada diving\",\"description\":\"Tauchen in Kroatien \/ Diving in Croatia\",\"publisher\":{\"@id\":\"https:\/\/www.najada.com\/word-press\/#organization\"},\"potentialAction\":[{\"@type\":\"SearchAction\",\"target\":{\"@type\":\"EntryPoint\",\"urlTemplate\":\"https:\/\/www.najada.com\/word-press\/?s={search_term_string}\"},\"query-input\":\"required name=search_term_string\"}],\"inLanguage\":\"en-US\"},{\"@type\":\"Organization\",\"@id\":\"https:\/\/www.najada.com\/word-press\/#organization\",\"name\":\"Najada d.o.o.\",\"url\":\"https:\/\/www.najada.com\/word-press\/\",\"logo\":{\"@type\":\"ImageObject\",\"inLanguage\":\"en-US\",\"@id\":\"https:\/\/www.najada.com\/word-press\/#\/schema\/logo\/image\/\",\"url\":\"https:\/\/www.najada.com\/word-press\/wp-content\/uploads\/logonurnajada-Kopie.png\",\"contentUrl\":\"https:\/\/www.najada.com\/word-press\/wp-content\/uploads\/logonurnajada-Kopie.png\",\"width\":400,\"height\":405,\"caption\":\"Najada d.o.o.\"},\"image\":{\"@id\":\"https:\/\/www.najada.com\/word-press\/#\/schema\/logo\/image\/\"},\"sameAs\":[\"https:\/\/www.facebook.com\/NajadaDiving\",\"https:\/\/www.instagram.com\/najadadiving\/\",\"https:\/\/www.youtube.com\/user\/najadadiving\/videos\"]}]}<\/script>\n<!-- \/ Yoast SEO Premium plugin. -->","yoast_head_json":{"title":"Tauchkurse PADI und SSI in Kroatien vom Anf\u00e4nger bis zum Profi","description":"Wir bieten Tauchkurse PADI und SSI in Kroatien vom Anf\u00e4nger bis zum Profi an - zum Beispiel Schnuppertauchg\u00e4nge, Open Water Diver Kurse","robots":{"index":"index","follow":"follow","max-snippet":"max-snippet:-1","max-image-preview":"max-image-preview:large","max-video-preview":"max-video-preview:-1"},"canonical":"https:\/\/www.najada.com\/word-press\/language\/de\/kurse\/","og_locale":"en_US","og_type":"article","og_title":"Kurse","og_description":"Wir bieten Tauchkurse PADI und SSI in Kroatien vom Anf\u00e4nger bis zum Profi an - zum Beispiel Schnuppertauchg\u00e4nge, Open Water Diver Kurse","og_url":"https:\/\/www.najada.com\/word-press\/language\/de\/kurse\/","og_site_name":"Najada diving","article_publisher":"https:\/\/www.facebook.com\/NajadaDiving","article_modified_time":"2022-03-14T14:02:02+00:00","og_image":[{"url":"https:\/\/www.najada.com\/word-press\/wp-content\/uploads\/cropped-logonurnajada-Kopie.png"}],"twitter_card":"summary_large_image","twitter_misc":{"Est. reading time":"5 minutes"},"schema":{"@context":"https:\/\/schema.org","@graph":[{"@type":"WebPage","@id":"https:\/\/www.najada.com\/word-press\/language\/de\/kurse\/","url":"https:\/\/www.najada.com\/word-press\/language\/de\/kurse\/","name":"Tauchkurse PADI und SSI in Kroatien vom Anf\u00e4nger bis zum Profi","isPartOf":{"@id":"https:\/\/www.najada.com\/word-press\/#website"},"datePublished":"2019-02-24T06:49:29+00:00","dateModified":"2022-03-14T14:02:02+00:00","description":"Wir bieten Tauchkurse PADI und SSI in Kroatien vom Anf\u00e4nger bis zum Profi an - zum Beispiel Schnuppertauchg\u00e4nge, Open Water Diver Kurse","breadcrumb":{"@id":"https:\/\/www.najada.com\/word-press\/language\/de\/kurse\/#breadcrumb"},"inLanguage":"en-US","potentialAction":[{"@type":"ReadAction","target":["https:\/\/www.najada.com\/word-press\/language\/de\/kurse\/"]}]},{"@type":"BreadcrumbList","@id":"https:\/\/www.najada.com\/word-press\/language\/de\/kurse\/#breadcrumb","itemListElement":[{"@type":"ListItem","position":1,"name":"Startseite","item":"https:\/\/www.najada.com\/word-press\/"},{"@type":"ListItem","position":2,"name":"Kurse"}]},{"@type":"WebSite","@id":"https:\/\/www.najada.com\/word-press\/#website","url":"https:\/\/www.najada.com\/word-press\/","name":"Najada diving","description":"Tauchen in Kroatien \/ Diving in Croatia","publisher":{"@id":"https:\/\/www.najada.com\/word-press\/#organization"},"potentialAction":[{"@type":"SearchAction","target":{"@type":"EntryPoint","urlTemplate":"https:\/\/www.najada.com\/word-press\/?s={search_term_string}"},"query-input":"required name=search_term_string"}],"inLanguage":"en-US"},{"@type":"Organization","@id":"https:\/\/www.najada.com\/word-press\/#organization","name":"Najada d.o.o.","url":"https:\/\/www.najada.com\/word-press\/","logo":{"@type":"ImageObject","inLanguage":"en-US","@id":"https:\/\/www.najada.com\/word-press\/#\/schema\/logo\/image\/","url":"https:\/\/www.najada.com\/word-press\/wp-content\/uploads\/logonurnajada-Kopie.png","contentUrl":"https:\/\/www.najada.com\/word-press\/wp-content\/uploads\/logonurnajada-Kopie.png","width":400,"height":405,"caption":"Najada d.o.o."},"image":{"@id":"https:\/\/www.najada.com\/word-press\/#\/schema\/logo\/image\/"},"sameAs":["https:\/\/www.facebook.com\/NajadaDiving","https:\/\/www.instagram.com\/najadadiving\/","https:\/\/www.youtube.com\/user\/najadadiving\/videos"]}]}},"_links":{"self":[{"href":"https:\/\/www.najada.com\/word-press\/wp-json\/wp\/v2\/pages\/5316"}],"collection":[{"href":"https:\/\/www.najada.com\/word-press\/wp-json\/wp\/v2\/pages"}],"about":[{"href":"https:\/\/www.najada.com\/word-press\/wp-json\/wp\/v2\/types\/page"}],"author":[{"embeddable":true,"href":"https:\/\/www.najada.com\/word-press\/wp-json\/wp\/v2\/users\/1"}],"replies":[{"embeddable":true,"href":"https:\/\/www.najada.com\/word-press\/wp-json\/wp\/v2\/comments?post=5316"}],"version-history":[{"count":12,"href":"https:\/\/www.najada.com\/word-press\/wp-json\/wp\/v2\/pages\/5316\/revisions"}],"predecessor-version":[{"id":7284,"href":"https:\/\/www.najada.com\/word-press\/wp-json\/wp\/v2\/pages\/5316\/revisions\/7284"}],"wp:attachment":[{"href":"https:\/\/www.najada.com\/word-press\/wp-json\/wp\/v2\/media?parent=5316"}],"curies":[{"name":"wp","href":"https:\/\/api.w.org\/{rel}","templated":true}]}}