{"id":30,"date":"2017-07-26T11:13:48","date_gmt":"2017-07-26T11:13:48","guid":{"rendered":"https:\/\/www.najada.com\/word-press\/?page_id=30"},"modified":"2017-09-21T08:42:25","modified_gmt":"2017-09-21T08:42:25","slug":"versuch","status":"publish","type":"page","link":"https:\/\/www.najada.com\/word-press\/versuch\/","title":{"rendered":"TAUCHPL\u00c4TZE"},"content":{"rendered":"<p><span style=\"color: #ffffff;\">k<\/span><a id=\"karte\"><\/a><\/p>\n<p>[devvn_ihotspot id=&#8221;40&#8243;]<\/p>\n\n<table id=\"tablepress-4\" class=\"tablepress tablepress-id-4\">\n<thead>\n<tr class=\"row-1 odd\">\n\t<th class=\"column-1\">TAUCHPLATZ<\/th><th class=\"column-2\">LINK<\/th>\n<\/tr>\n<\/thead>\n<tbody class=\"row-hover\">\n<tr class=\"row-2 even\">\n\t<td class=\"column-1\"><a href=\"#babuljasi\">Babuljasi<\/a><\/td><td class=\"column-2\"><a href=\"#babuljasi\"><img src= \"https:\/\/www.najada.com\/word-press\/wp-content\/uploads\/2017\/07\/babuljasi.jpg\" alt=\"kurt\" width=\"180\" height=\"auto\" class=\"alignnone size-medium wp-image-212\" \/<\/a>><\/td>\n<\/tr>\n<tr class=\"row-3 odd\">\n\t<td class=\"column-1\"><a href=\"#mbabuljasi\">Babuljasi  Mali<\/a><\/td><td class=\"column-2\"><a href=\"#mbabuljasi\"><img src=\"https:\/\/www.najada.com\/word-press\/wp-content\/uploads\/2017\/08\/pi_babuljasimala.jpg\" alt=\"kurt\" width=\"180\" height=\"auto\" class=\"alignnone size-medium wp-image-212\" \/<\/a>><\/td>\n<\/tr>\n<tr class=\"row-4 even\">\n\t<td class=\"column-1\"><a href=\"#borko\">Bacvica\/Borko<\/a><\/td><td class=\"column-2\"><a href=\"#borko\"><img src=\"https:\/\/www.najada.com\/word-press\/wp-content\/uploads\/2017\/09\/pi_borko-300x212.jpg\" alt=\"\" width=\"180\" height=\"auto\" class=\"alignnone size-medium wp-image-212\" \/<\/a>><\/td>\n<\/tr>\n<tr class=\"row-5 odd\">\n\t<td class=\"column-1\"><a href=\"#balun\">Balun<\/a><\/td><td class=\"column-2\"><a href=\"#balun\"><img src=\"https:\/\/www.najada.com\/word-press\/wp-content\/uploads\/2017\/09\/pi_balun-300x212.jpg\" alt=\"kurt\" width=\"180\" height=\"auto\" class=\"alignnone size-medium wp-image-212\" \/<\/a>><\/td>\n<\/tr>\n<tr class=\"row-6 even\">\n\t<td class=\"column-1\"><a href=\"#cavlinn\">Cavlin North<\/a><\/td><td class=\"column-2\"><a href=\"#cavlinn\"><img src=\" https:\/\/www.najada.com\/word-press\/wp-content\/uploads\/2017\/09\/pi_cavlinnorth.jpg\" alt=\"kurt\" width=\"180\" height=\"auto\" class=\"alignnone size-medium wp-image-212\" \/<\/a><\/td>\n<\/tr>\n<tr class=\"row-7 odd\">\n\t<td class=\"column-1\"><a href=\"#dome\">Dome<\/a><\/td><td class=\"column-2\"><a href=\"#dome\"><img src=\" https:\/\/www.najada.com\/word-press\/wp-content\/uploads\/pi_dome.jpg\" alt=\"kurt\" width=\"180\" height=\"auto\" class=\"alignnone size-medium wp-image-212\" \/<\/a>><\/td>\n<\/tr>\n<tr class=\"row-8 even\">\n\t<td class=\"column-1\"><a href=\"#franc\">Francesca<\/a><\/td><td class=\"column-2\"><a href=\"#franc\"><img src=\" https:\/\/www.najada.com\/word-press\/wp-content\/uploads\/pi_franc.png\" alt=\"kurt\" width=\"180\" height=\"auto\" class=\"alignnone size-medium wp-image-212\" \/<\/a>><\/td>\n<\/tr>\n<tr class=\"row-9 odd\">\n\t<td class=\"column-1\"><a href=\"#gladi\">Gladiator<\/a><\/td><td class=\"column-2\"><a href=\"#gladi\"><img src=\"https:\/\/www.najada.com\/word-press\/wp-content\/uploads\/pi_gladi.png\" alt=\"kurt\" width=\"180\" height=\"auto\" class=\"alignnone size-medium wp-image-212\" \/<\/a>><\/td>\n<\/tr>\n<tr class=\"row-10 even\">\n\t<td class=\"column-1\"><a href=\"#kabl\">Kablinac<\/a><\/td><td class=\"column-2\"><a href=\"#kabl\"><img src=\"https:\/\/www.najada.com\/word-press\/wp-content\/uploads\/pi_kablinac.jpg\" alt=\"kurt\" width=\"180\" height=\"auto\" class=\"alignnone size-medium wp-image-212\" \/<\/a>><\/td>\n<\/tr>\n<tr class=\"row-11 odd\">\n\t<td class=\"column-1\"><a href=\"#kamen\">Kamenar<\/a><\/td><td class=\"column-2\"><a href=\"#kamen\"><img src=\"https:\/\/www.najada.com\/word-press\/wp-content\/uploads\/pi_kamenar.jpg\" alt=\"kurt\" width=\"180\" height=\"auto\" class=\"alignnone size-medium wp-image-212\" \/<\/a>><\/td>\n<\/tr>\n<tr class=\"row-12 even\">\n\t<td class=\"column-1\"><a href=\"#kamic\">Kamicac<\/a><\/td><td class=\"column-2\"><a href=\"#kamic\"><img src=\"https:\/\/www.najada.com\/word-press\/wp-content\/uploads\/pi_kamicac.png\" alt=\"kurt\" width=\"180\" height=\"auto\" class=\"alignnone size-medium wp-image-212\" \/<\/a>><\/td>\n<\/tr>\n<tr class=\"row-13 odd\">\n\t<td class=\"column-1\"><a href=\"#kapri\">Kaprije<\/a><\/td><td class=\"column-2\"><a href=\"#kapri\"><img src=\"https:\/\/www.najada.com\/word-press\/wp-content\/uploads\/pi_kaprije.jpg\" alt=\"kurt\" width=\"180\" height=\"auto\" class=\"alignnone size-medium wp-image-212\" \/<\/a>><\/td>\n<\/tr>\n<tr class=\"row-14 even\">\n\t<td class=\"column-1\"><a href=\"#kasel\">Kasela<\/a><\/td><td class=\"column-2\"><a href=\"#kasel\"><img src=\"https:\/\/www.najada.com\/word-press\/wp-content\/uploads\/pi_kasela.jpg\" alt=\"kurt\" width=\"180\" height=\"auto\" class=\"alignnone size-medium wp-image-212\" \/<\/a>><\/td>\n<\/tr>\n<tr class=\"row-15 odd\">\n\t<td class=\"column-1\"><a href=\"#kornate\">Kornat East<\/a><\/td><td class=\"column-2\"><a href=\"#kornate\"><img src=\"https:\/\/www.najada.com\/word-press\/wp-content\/uploads\/pi_kornateast.jpg\" alt=\"kurt\" width=\"180\" height=\"auto\" class=\"alignnone size-medium wp-image-212\" \/<\/a>><\/td>\n<\/tr>\n<tr class=\"row-16 even\">\n\t<td class=\"column-1\"><a href=\"#kukul\">Kukuljari<\/a><\/td><td class=\"column-2\"><a href=\"#kukul\"><img src=\"https:\/\/www.najada.com\/word-press\/wp-content\/uploads\/pi_kukuljari.jpg\" alt=\"kurt\" width=\"180\" height=\"auto\" class=\"alignnone size-medium wp-image-212\" \/<\/a>><\/td>\n<\/tr>\n<tr class=\"row-17 odd\">\n\t<td class=\"column-1\"><a href=\"#ljuta\">Ljuta<\/a><\/td><td class=\"column-2\"><a href=\"#ljuta\"><img src=\"https:\/\/www.najada.com\/word-press\/wp-content\/uploads\/pi_ljuta.jpg\" alt=\"kurt\" width=\"180\" height=\"auto\" class=\"alignnone size-medium wp-image-212\" \/<\/a>><\/td>\n<\/tr>\n<tr class=\"row-18 even\">\n\t<td class=\"column-1\"><a href=\"#lumb\">Lumbarda<\/a><\/td><td class=\"column-2\"><a href=\"#lumb\"><img src=\"https:\/\/www.najada.com\/word-press\/wp-content\/uploads\/pi_lumbarda.jpg\" alt=\"kurt\" width=\"180\" height=\"auto\" class=\"alignnone size-medium wp-image-212\" \/<\/a>><\/td>\n<\/tr>\n<tr class=\"row-19 odd\">\n\t<td class=\"column-1\"><a href=\"#mana\">Mana<\/a><\/td><td class=\"column-2\"><a href=\"#mana\"><img src=\"https:\/\/www.najada.com\/word-press\/wp-content\/uploads\/pi_mana.jpg\" alt=\"kurt\" width=\"180\" height=\"auto\" class=\"alignnone size-medium wp-image-212\" \/<\/a>><\/td>\n<\/tr>\n<tr class=\"row-20 even\">\n\t<td class=\"column-1\"><a href=\"#misi\">Misi<\/a><\/td><td class=\"column-2\"><a href=\"#misi\"><img src=\"https:\/\/www.najada.com\/word-press\/wp-content\/uploads\/pi_misi.jpg\" alt=\"kurt\" width=\"180\" height=\"auto\" class=\"alignnone size-medium wp-image-212\" \/<\/a>><\/td>\n<\/tr>\n<tr class=\"row-21 odd\">\n\t<td class=\"column-1\"><a href=\"#nozdra\">Nozdra<\/a><\/td><td class=\"column-2\"><a href=\"#nozdra\"><img src=\"https:\/\/www.najada.com\/word-press\/wp-content\/uploads\/pi_nozdra.jpg\" alt=\"kurt\" width=\"180\" height=\"auto\" class=\"alignnone size-medium wp-image-212\" \/<\/a>><\/td>\n<\/tr>\n<tr class=\"row-22 even\">\n\t<td class=\"column-1\"><a href=\"#okljuc\">Okljuc<\/a><\/td><td class=\"column-2\"><a href=\"#okljuc\"><img src=\"https:\/\/www.najada.com\/word-press\/wp-content\/uploads\/pi_okljuc.jpg\" alt=\"kurt\" width=\"180\" height=\"auto\" class=\"alignnone size-medium wp-image-212\" \/<\/a>><\/td>\n<\/tr>\n<tr class=\"row-23 odd\">\n\t<td class=\"column-1\"><a href=\"#opat\">Opat<\/a><\/td><td class=\"column-2\"><a href=\"#opat\"><img src=\"https:\/\/www.najada.com\/word-press\/wp-content\/uploads\/pi_opat.jpg\" alt=\"kurt\" width=\"180\" height=\"auto\" class=\"alignnone size-medium wp-image-212\" \/<\/a>><\/td>\n<\/tr>\n<tr class=\"row-24 even\">\n\t<td class=\"column-1\"><a href=\"#plavi jadran\">Plavi Jadran<\/a><\/td><td class=\"column-2\"><a href=\"#plavi jadran\"><img src=\"https:\/\/www.najada.com\/word-press\/wp-content\/uploads\/plavi-jadran_wp.jpg\" alt=\"kurt\" width=\"180\" height=\"auto\" class=\"alignnone size-medium wp-image-212\" \/<\/a>><\/td>\n<\/tr>\n<tr class=\"row-25 odd\">\n\t<td class=\"column-1\"><a href=\"#pliccav\">Pliccavlin<\/a><\/td><td class=\"column-2\"><a href=\"#pliccav\"><img src=\"https:\/\/www.najada.com\/word-press\/wp-content\/uploads\/pi_pliccavlin.jpg\" alt=\"kurt\" width=\"180\" height=\"auto\" class=\"alignnone size-medium wp-image-212\" \/<\/a>><\/td>\n<\/tr>\n<tr class=\"row-26 even\">\n\t<td class=\"column-1\"><a href=\"#plicgr\">Plicgrmeni<\/a><\/td><td class=\"column-2\"><a href=\"#plicgr\"><img src=\"https:\/\/www.najada.com\/word-press\/wp-content\/uploads\/pi_plicgrmen.jpg\" alt=\"kurt\" width=\"180\" height=\"auto\" class=\"alignnone size-medium wp-image-212\" \/<\/a>><\/td>\n<\/tr>\n<tr class=\"row-27 odd\">\n\t<td class=\"column-1\"><a href=\"#samogr\">Samograd<\/a><\/td><td class=\"column-2\"><a href=\"#samogr\"><img src=\"https:\/\/www.najada.com\/word-press\/wp-content\/uploads\/pi_samograd.jpg\" alt=\"kurt\" width=\"180\" height=\"auto\" class=\"alignnone size-medium wp-image-212\" \/<\/a>><\/td>\n<\/tr>\n<tr class=\"row-28 even\">\n\t<td class=\"column-1\"><a href=\"#sedlo\">Sedlo<\/a><\/td><td class=\"column-2\"><a href=\"#sedlo\"><img src=\"https:\/\/www.najada.com\/word-press\/wp-content\/uploads\/pi_sedlo_wall.jpg\" alt=\"kurt\" width=\"180\" height=\"auto\" class=\"alignnone size-medium wp-image-212\" \/<\/a>><\/td>\n<\/tr>\n<tr class=\"row-29 odd\">\n\t<td class=\"column-1\"><a href=\"#smok\">Smokvica<\/a><\/td><td class=\"column-2\"><a href=\"#smok\"><img src=\"https:\/\/www.najada.com\/word-press\/wp-content\/uploads\/pi_smokvica.jpg\" alt=\"kurt\" width=\"180\" height=\"auto\" class=\"alignnone size-medium wp-image-212\" \/<\/a>><\/td>\n<\/tr>\n<tr class=\"row-30 even\">\n\t<td class=\"column-1\"><a href=\"#stuka\">Stuka<\/a><\/td><td class=\"column-2\"><a href=\"#stuka\"><img src=\"https:\/\/www.najada.com\/word-press\/wp-content\/uploads\/pi_stuka.jpg\" alt=\"kurt\" width=\"180\" height=\"auto\" class=\"alignnone size-medium wp-image-212\" \/<\/a>><\/td>\n<\/tr>\n<tr class=\"row-31 odd\">\n\t<td class=\"column-1\"><a href=\"#tripl\">Triplice<\/a><\/td><td class=\"column-2\"><a href=\"#tripl\"><img src=\"https:\/\/www.najada.com\/word-press\/wp-content\/uploads\/pi_triplice.jpg\" alt=\"kurt\" width=\"180\" height=\"auto\" class=\"alignnone size-medium wp-image-212\" \/<\/a>><\/td>\n<\/tr>\n<tr class=\"row-32 even\">\n\t<td class=\"column-1\"><a href=\"#visov\">Visovac<\/a><\/td><td class=\"column-2\"><a href=\"#visov\"><img src=\"https:\/\/www.najada.com\/word-press\/wp-content\/uploads\/pi_visovac.jpg\" alt=\"kurt\" width=\"180\" height=\"auto\" class=\"alignnone size-medium wp-image-212\" \/<\/a>><\/td>\n<\/tr>\n<tr class=\"row-33 odd\">\n\t<td class=\"column-1\"><a href=\"#vodnj\">Vodnjak<\/a><\/td><td class=\"column-2\"><a href=\"#vodnj\"><img src=\"https:\/\/www.najada.com\/word-press\/wp-content\/uploads\/pi_vodnjak.jpg\" alt=\"kurt\" width=\"180\" height=\"auto\" class=\"alignnone size-medium wp-image-212\" \/<\/a>><\/td>\n<\/tr>\n<\/tbody>\n<\/table>\n\n<p>&nbsp;<\/p>\n<p>&nbsp;<\/p>\n<p>&nbsp;<\/p>\n<h3>BABULJASI &nbsp; &nbsp; &nbsp; &nbsp; &nbsp; &nbsp; &nbsp; <a href=\"#karte\">zur\u00fcck zur Karte <\/a><\/h3>\n<p>Babuljasi und Mali (klein) Babuljasi befinden sich im NO von Zut. Im S\u00fcden befindet sich eine Wand die in der N\u00e4he der Insel ziemlich seicht ist&nbsp;(10m-15m) jedoch dann auf 45 m abf\u00e4llt. Die Roten Gorgonien,f\u00fcr die beide Babuljasis ber\u00fchmt sind, wachsen hier am Grund und auf dem sanft abfallenden H\u00fcgel. Sie wachsen hier bis auf 22m herauf und auch die hellgelbe Farbvariante kann hier beobachtet werden.<br \/>\nEntfernung von MURTER: 12 M<br \/>\nLEVEL: alle<\/p>\n<p>[babuljasi]<\/p>\n<h2>&nbsp;<\/h2>\n<p><a id=\"malibabuljasi\"><\/a> <span style=\"color: #ffffff;\">Tauchplatz<\/span><\/p>\n<p>&nbsp;<\/p>\n<p>&nbsp;<\/p>\n<p>&nbsp;<\/p>\n<h2>Mali BABULJASI &nbsp; &nbsp; &nbsp; &nbsp; &nbsp; &nbsp; &nbsp; <a href=\"#karte\">zur\u00fcck zur Karte <\/a><\/h2>\n<p>Small and Big Babuljasi are located in the NE of Zut. Mala Babuljasi is a soft hill. Anchor in front of the north end of the island. Swim in the N direction appr. 30m where the ring of red fan corals start after a small wall in 28m and goes all the way around the island to the East. Opposite to other places the Gorgonia grow on the flat ground.<br \/>\nDISTANCE from MURTER: 11 M<br \/>\nLEVEL: all levels<\/p>\n<p>[mbabuljasi]<\/p>\n<p>&nbsp;<\/p>\n<p><a id=\"balun\"><\/a> <span style=\"color: #ffffff;\">Tauchplatz<\/span><\/p>\n<p>&nbsp;<\/p>\n<p>&nbsp;<\/p>\n<p>&nbsp;<\/p>\n<h2>BALUN &nbsp; &nbsp; &nbsp; &nbsp; &nbsp; &nbsp; &nbsp;&nbsp;<a href=\"#karte\">zur\u00fcck zur Karte <\/a><\/h2>\n<p>Balun ist eine der n\u00f6rdlichen Inseln im Natonalpark Kornaten. Vom Ankerplatz in Richtung SO sto\u00dft du in ca. 20m auf die Steilwand.&nbsp;Folge der Steilwand (rechte Schulter) bis zu einem Felsr\u00fccken der sich in S Richtung erstreckt. Speziell die O Seite ist mit Gorgonien (auch hellgelbe!) und Schw\u00e4mmen dichtest bedeckt. Der Bewuchs ist hier so dicht wie auf kaum einem anderen lokalen Tauchplatz. Eine andere M\u00f6glichkeit ist, am Felsr\u00fccken abzutauchen bis zu einem kleinen Plateau unter dem sich die oben beschriebene Wand befindet.<br \/>\nEntfernung von&nbsp;Murter: 20 M<br \/>\nSchwierigkeitsgrad: alle<\/p>\n<p>[balun]<\/p>\n<p>&nbsp;<\/p>\n<p>&nbsp;<\/p>\n<p>&nbsp;<\/p>\n<p><a id=\"blitvenica\"><\/a> <span style=\"color: #ffffff;\">Tauchplatz<\/span><\/p>\n<h2>&nbsp;<\/h2>\n<h2>&nbsp;<\/h2>\n<h2>BLITVENICA &nbsp; &nbsp; &nbsp; &nbsp; &nbsp; &nbsp;&nbsp;<a href=\"#karte\">zur\u00fcck zur Karte <\/a><\/h2>\n<p>Wenn man von Murter nach S\u00fcden blickt sieht man am Horizont den Leuchtturm von Blitvenica. Der Turm selbst blickt nach S, darunter befindet sich eine wundersch\u00f6ne Steilwand. Die Mitte markiert ein gro\u00dfer Betonblock von dem aus man nach rechts oder links tauchen kann. In beiden Richtungen ist die Wand mit roten und gelben Gorgonien bewachsen. Im SO steht eine gro\u00dfe Schule von Fahnenbarschen, die hier nur noch im Dome anzutreffen sind. Entfernung von Murter: 15 M<br \/>\nSchwierigkeitsrad: mittel<\/p>\n<p>[blitvenica]<\/p>\n","protected":false},"excerpt":{"rendered":"<p>k [devvn_ihotspot id=&#8221;40&#8243;] &nbsp; &nbsp; &nbsp; BABULJASI &nbsp; &nbsp; &nbsp; &nbsp; &nbsp; &nbsp; &nbsp; zur\u00fcck zur Karte Babuljasi und Mali (klein) Babuljasi befinden sich im NO von Zut. Im S\u00fcden befindet sich eine Wand die in der N\u00e4he der Insel ziemlich seicht ist&nbsp;(10m-15m) jedoch dann auf 45 m abf\u00e4llt. Die Roten Gorgonien,f\u00fcr die beide Babuljasis [&hellip;]<\/p>\n","protected":false},"author":1,"featured_media":0,"parent":0,"menu_order":0,"comment_status":"closed","ping_status":"closed","template":"","meta":{"ngg_post_thumbnail":0},"yoast_head":"<!-- This site is optimized with the Yoast SEO Premium plugin v20.2 (Yoast SEO v20.2) - https:\/\/yoast.com\/wordpress\/plugins\/seo\/ -->\n<title>TAUCHPL\u00c4TZE - Najada diving<\/title>\n<meta name=\"robots\" content=\"index, follow, max-snippet:-1, max-image-preview:large, max-video-preview:-1\" \/>\n<link rel=\"canonical\" href=\"https:\/\/www.najada.com\/word-press\/versuch\/\" \/>\n<meta property=\"og:locale\" content=\"en_US\" \/>\n<meta property=\"og:type\" content=\"article\" \/>\n<meta property=\"og:title\" content=\"TAUCHPL\u00c4TZE\" \/>\n<meta property=\"og:description\" content=\"k [devvn_ihotspot id=&#8221;40&#8243;] &nbsp; &nbsp; &nbsp; BABULJASI &nbsp; &nbsp; &nbsp; &nbsp; &nbsp; &nbsp; &nbsp; zur\u00fcck zur Karte Babuljasi und Mali (klein) Babuljasi befinden sich im NO von Zut. Im S\u00fcden befindet sich eine Wand die in der N\u00e4he der Insel ziemlich seicht ist&nbsp;(10m-15m) jedoch dann auf 45 m abf\u00e4llt. Die Roten Gorgonien,f\u00fcr die beide Babuljasis [&hellip;]\" \/>\n<meta property=\"og:url\" content=\"https:\/\/www.najada.com\/word-press\/versuch\/\" \/>\n<meta property=\"og:site_name\" content=\"Najada diving\" \/>\n<meta property=\"article:publisher\" content=\"https:\/\/www.facebook.com\/NajadaDiving\" \/>\n<meta property=\"article:modified_time\" content=\"2017-09-21T08:42:25+00:00\" \/>\n<meta name=\"twitter:card\" content=\"summary_large_image\" \/>\n<meta name=\"twitter:label1\" content=\"Est. reading time\" \/>\n\t<meta name=\"twitter:data1\" content=\"2 minutes\" \/>\n<script type=\"application\/ld+json\" class=\"yoast-schema-graph\">{\"@context\":\"https:\/\/schema.org\",\"@graph\":[{\"@type\":\"WebPage\",\"@id\":\"https:\/\/www.najada.com\/word-press\/versuch\/\",\"url\":\"https:\/\/www.najada.com\/word-press\/versuch\/\",\"name\":\"TAUCHPL\u00c4TZE - Najada diving\",\"isPartOf\":{\"@id\":\"https:\/\/www.najada.com\/word-press\/#website\"},\"datePublished\":\"2017-07-26T11:13:48+00:00\",\"dateModified\":\"2017-09-21T08:42:25+00:00\",\"breadcrumb\":{\"@id\":\"https:\/\/www.najada.com\/word-press\/versuch\/#breadcrumb\"},\"inLanguage\":\"en-US\",\"potentialAction\":[{\"@type\":\"ReadAction\",\"target\":[\"https:\/\/www.najada.com\/word-press\/versuch\/\"]}]},{\"@type\":\"BreadcrumbList\",\"@id\":\"https:\/\/www.najada.com\/word-press\/versuch\/#breadcrumb\",\"itemListElement\":[{\"@type\":\"ListItem\",\"position\":1,\"name\":\"Startseite\",\"item\":\"https:\/\/www.najada.com\/word-press\/\"},{\"@type\":\"ListItem\",\"position\":2,\"name\":\"TAUCHPL\u00c4TZE\"}]},{\"@type\":\"WebSite\",\"@id\":\"https:\/\/www.najada.com\/word-press\/#website\",\"url\":\"https:\/\/www.najada.com\/word-press\/\",\"name\":\"Najada diving\",\"description\":\"Tauchen in Kroatien \/ Diving in Croatia\",\"publisher\":{\"@id\":\"https:\/\/www.najada.com\/word-press\/#organization\"},\"potentialAction\":[{\"@type\":\"SearchAction\",\"target\":{\"@type\":\"EntryPoint\",\"urlTemplate\":\"https:\/\/www.najada.com\/word-press\/?s={search_term_string}\"},\"query-input\":\"required name=search_term_string\"}],\"inLanguage\":\"en-US\"},{\"@type\":\"Organization\",\"@id\":\"https:\/\/www.najada.com\/word-press\/#organization\",\"name\":\"Najada d.o.o.\",\"url\":\"https:\/\/www.najada.com\/word-press\/\",\"logo\":{\"@type\":\"ImageObject\",\"inLanguage\":\"en-US\",\"@id\":\"https:\/\/www.najada.com\/word-press\/#\/schema\/logo\/image\/\",\"url\":\"https:\/\/www.najada.com\/word-press\/wp-content\/uploads\/logonurnajada-Kopie.png\",\"contentUrl\":\"https:\/\/www.najada.com\/word-press\/wp-content\/uploads\/logonurnajada-Kopie.png\",\"width\":400,\"height\":405,\"caption\":\"Najada d.o.o.\"},\"image\":{\"@id\":\"https:\/\/www.najada.com\/word-press\/#\/schema\/logo\/image\/\"},\"sameAs\":[\"https:\/\/www.facebook.com\/NajadaDiving\",\"https:\/\/www.instagram.com\/najadadiving\/\",\"https:\/\/www.youtube.com\/user\/najadadiving\/videos\"]}]}<\/script>\n<!-- \/ Yoast SEO Premium plugin. -->","yoast_head_json":{"title":"TAUCHPL\u00c4TZE - Najada diving","robots":{"index":"index","follow":"follow","max-snippet":"max-snippet:-1","max-image-preview":"max-image-preview:large","max-video-preview":"max-video-preview:-1"},"canonical":"https:\/\/www.najada.com\/word-press\/versuch\/","og_locale":"en_US","og_type":"article","og_title":"TAUCHPL\u00c4TZE","og_description":"k [devvn_ihotspot id=&#8221;40&#8243;] &nbsp; &nbsp; &nbsp; BABULJASI &nbsp; &nbsp; &nbsp; &nbsp; &nbsp; &nbsp; &nbsp; zur\u00fcck zur Karte Babuljasi und Mali (klein) Babuljasi befinden sich im NO von Zut. Im S\u00fcden befindet sich eine Wand die in der N\u00e4he der Insel ziemlich seicht ist&nbsp;(10m-15m) jedoch dann auf 45 m abf\u00e4llt. Die Roten Gorgonien,f\u00fcr die beide Babuljasis [&hellip;]","og_url":"https:\/\/www.najada.com\/word-press\/versuch\/","og_site_name":"Najada diving","article_publisher":"https:\/\/www.facebook.com\/NajadaDiving","article_modified_time":"2017-09-21T08:42:25+00:00","twitter_card":"summary_large_image","twitter_misc":{"Est. reading time":"2 minutes"},"schema":{"@context":"https:\/\/schema.org","@graph":[{"@type":"WebPage","@id":"https:\/\/www.najada.com\/word-press\/versuch\/","url":"https:\/\/www.najada.com\/word-press\/versuch\/","name":"TAUCHPL\u00c4TZE - Najada diving","isPartOf":{"@id":"https:\/\/www.najada.com\/word-press\/#website"},"datePublished":"2017-07-26T11:13:48+00:00","dateModified":"2017-09-21T08:42:25+00:00","breadcrumb":{"@id":"https:\/\/www.najada.com\/word-press\/versuch\/#breadcrumb"},"inLanguage":"en-US","potentialAction":[{"@type":"ReadAction","target":["https:\/\/www.najada.com\/word-press\/versuch\/"]}]},{"@type":"BreadcrumbList","@id":"https:\/\/www.najada.com\/word-press\/versuch\/#breadcrumb","itemListElement":[{"@type":"ListItem","position":1,"name":"Startseite","item":"https:\/\/www.najada.com\/word-press\/"},{"@type":"ListItem","position":2,"name":"TAUCHPL\u00c4TZE"}]},{"@type":"WebSite","@id":"https:\/\/www.najada.com\/word-press\/#website","url":"https:\/\/www.najada.com\/word-press\/","name":"Najada diving","description":"Tauchen in Kroatien \/ Diving in Croatia","publisher":{"@id":"https:\/\/www.najada.com\/word-press\/#organization"},"potentialAction":[{"@type":"SearchAction","target":{"@type":"EntryPoint","urlTemplate":"https:\/\/www.najada.com\/word-press\/?s={search_term_string}"},"query-input":"required name=search_term_string"}],"inLanguage":"en-US"},{"@type":"Organization","@id":"https:\/\/www.najada.com\/word-press\/#organization","name":"Najada d.o.o.","url":"https:\/\/www.najada.com\/word-press\/","logo":{"@type":"ImageObject","inLanguage":"en-US","@id":"https:\/\/www.najada.com\/word-press\/#\/schema\/logo\/image\/","url":"https:\/\/www.najada.com\/word-press\/wp-content\/uploads\/logonurnajada-Kopie.png","contentUrl":"https:\/\/www.najada.com\/word-press\/wp-content\/uploads\/logonurnajada-Kopie.png","width":400,"height":405,"caption":"Najada d.o.o."},"image":{"@id":"https:\/\/www.najada.com\/word-press\/#\/schema\/logo\/image\/"},"sameAs":["https:\/\/www.facebook.com\/NajadaDiving","https:\/\/www.instagram.com\/najadadiving\/","https:\/\/www.youtube.com\/user\/najadadiving\/videos"]}]}},"_links":{"self":[{"href":"https:\/\/www.najada.com\/word-press\/wp-json\/wp\/v2\/pages\/30"}],"collection":[{"href":"https:\/\/www.najada.com\/word-press\/wp-json\/wp\/v2\/pages"}],"about":[{"href":"https:\/\/www.najada.com\/word-press\/wp-json\/wp\/v2\/types\/page"}],"author":[{"embeddable":true,"href":"https:\/\/www.najada.com\/word-press\/wp-json\/wp\/v2\/users\/1"}],"replies":[{"embeddable":true,"href":"https:\/\/www.najada.com\/word-press\/wp-json\/wp\/v2\/comments?post=30"}],"version-history":[{"count":93,"href":"https:\/\/www.najada.com\/word-press\/wp-json\/wp\/v2\/pages\/30\/revisions"}],"predecessor-version":[{"id":790,"href":"https:\/\/www.najada.com\/word-press\/wp-json\/wp\/v2\/pages\/30\/revisions\/790"}],"wp:attachment":[{"href":"https:\/\/www.najada.com\/word-press\/wp-json\/wp\/v2\/media?parent=30"}],"curies":[{"name":"wp","href":"https:\/\/api.w.org\/{rel}","templated":true}]}}