{"id":2216,"date":"2017-11-18T15:59:02","date_gmt":"2017-11-18T15:59:02","guid":{"rendered":"https:\/\/www.najada.com\/word-press\/?page_id=2216"},"modified":"2024-09-15T10:01:12","modified_gmt":"2024-09-15T10:01:12","slug":"preisliste-2","status":"publish","type":"page","link":"https:\/\/www.najada.com\/word-press\/language\/de\/preisliste-2\/","title":{"rendered":"Preisliste"},"content":{"rendered":"<div id=\"Ebene1\" style=\"position: absolute; width: 100px; height: 100px; z-index: 1; left: 30px; top: 50px;\">&nbsp;<\/div>\n<h1><span style=\"color: #ffcc00;\"><img decoding=\"async\" loading=\"lazy\" class=\"alignnone wp-image-1478\" src=\"https:\/\/www.najada.com\/word-press\/wp-content\/uploads\/cropped-logonurnajada-Kopie.png\" alt=\"\" width=\"196\" height=\"198\">&nbsp;Preisliste Najada diving<\/span><\/h1>\n<p><span style=\"color: #ffffff;\">Die Preisliste zeigt die Preise in Haupt- und Nebensaison, inklusive MWSt. Ebenso findet ihr die Vorbucher Konditionen.<\/span><\/p>\n<table style=\"background-color: #8ce9fa;\" width=\"100%\">\n<tbody>\n<tr>\n<td>\n<h2 style=\"text-align: center;\"><strong><span style=\"color: #0000ff;\">Allgemeine Informationen<\/span><\/strong><\/h2>\n<p>Besonders f\u00fcr die Hauptsaison empfehlen wir eine Vorbuchung. Gerne erstellen wir Euch ein individuelles Anbot: <span style=\"text-decoration: underline;\"><span style=\"color: #0000ff;\"><a style=\"color: #0000ff; text-decoration: underline;\" href=\"mailto:hello@najada.com?subject=Info%20Homepage\/Preisliste\">&nbsp;&nbsp;<span class=\"naviklein1\">hello@najada.com<\/span><\/a><\/span><\/span><\/td>\n<\/tr>\n<\/tbody>\n<\/table>\n<table style=\"background-color: #efdda8; height: 467px;\" width=\"839\">\n<tbody>\n<tr>\n<td style=\"background-color: #0070b4;\">&nbsp;<\/td>\n<td width=\"100%\">\n<h1 style=\"text-align: start;\"><a href=\"https:\/\/www.najada.com\/word-press\/wp-content\/uploads\/Prices_all_2023_de_euro.pdf\" target=\"_blank\" rel=\"noopener noreferrer\"><br \/>\n<\/a><a href=\"https:\/\/www.najada.com\/word-press\/wp-content\/uploads\/Prices_all_2025_de.pdf\" target=\"_blank\" rel=\"noopener noreferrer\"><img decoding=\"async\" loading=\"lazy\" class=\"aligncenter wp-image-2828\" src=\"https:\/\/www.najada.com\/word-press\/wp-content\/uploads\/preisliste_euro_symb.jpg\" alt=\"\" width=\"183\" height=\"274\"><\/a><\/h1>\n<p style=\"text-align: center;\"><span style=\"text-decoration: underline;\"><span style=\"color: #0000ff;\"><a style=\"color: #0000ff;\" href=\"https:\/\/www.najada.com\/word-press\/wp-content\/uploads\/Prices_all_2025_de.pdf\" target=\"_blank\" rel=\"noopener noreferrer\"><strong><span style=\"text-align: start;\">PREISLISTE EURO&nbsp;<\/span><\/strong><\/a><\/span><\/span><\/p>\n<\/td>\n<\/tr>\n<\/tbody>\n<\/table>\n","protected":false},"excerpt":{"rendered":"<p>&nbsp; &nbsp;Preisliste Najada diving Die Preisliste zeigt die Preise in Haupt- und Nebensaison, inklusive MWSt. Ebenso findet ihr die Vorbucher Konditionen. Allgemeine Informationen Besonders f\u00fcr die Hauptsaison empfehlen wir eine Vorbuchung. Gerne erstellen wir Euch ein individuelles Anbot: &nbsp;&nbsp;hello@najada.com &nbsp; PREISLISTE EURO&nbsp;<\/p>\n","protected":false},"author":1,"featured_media":0,"parent":0,"menu_order":0,"comment_status":"closed","ping_status":"closed","template":"","meta":{"ngg_post_thumbnail":0},"yoast_head":"<!-- This site is optimized with the Yoast SEO Premium plugin v20.2 (Yoast SEO v20.2) - https:\/\/yoast.com\/wordpress\/plugins\/seo\/ -->\n<title>Preisliste - Najada diving - g\u00fcltig in Landesw\u00e4hrung Kuna<\/title>\n<meta name=\"description\" content=\"Besonders f\u00fcrdie Hauptsaison empfehlen wir eine Vorbuchung. Gerne erstellen wir Euch ein individuelles Anbot\" \/>\n<meta name=\"robots\" content=\"index, follow, max-snippet:-1, max-image-preview:large, max-video-preview:-1\" \/>\n<link rel=\"canonical\" href=\"https:\/\/www.najada.com\/word-press\/language\/de\/preisliste-2\/\" \/>\n<meta property=\"og:locale\" content=\"en_US\" \/>\n<meta property=\"og:type\" content=\"article\" \/>\n<meta property=\"og:title\" content=\"Preisliste\" \/>\n<meta property=\"og:description\" content=\"Besonders f\u00fcrdie Hauptsaison empfehlen wir eine Vorbuchung. Gerne erstellen wir Euch ein individuelles Anbot\" \/>\n<meta property=\"og:url\" content=\"https:\/\/www.najada.com\/word-press\/language\/de\/preisliste-2\/\" \/>\n<meta property=\"og:site_name\" content=\"Najada diving\" \/>\n<meta property=\"article:publisher\" content=\"https:\/\/www.facebook.com\/NajadaDiving\" \/>\n<meta property=\"article:modified_time\" content=\"2024-09-15T10:01:12+00:00\" \/>\n<meta property=\"og:image\" content=\"https:\/\/www.najada.com\/word-press\/wp-content\/uploads\/cropped-logonurnajada-Kopie.png\" \/>\n<meta name=\"twitter:card\" content=\"summary_large_image\" \/>\n<meta name=\"twitter:label1\" content=\"Est. reading time\" \/>\n\t<meta name=\"twitter:data1\" content=\"1 minute\" \/>\n<script type=\"application\/ld+json\" class=\"yoast-schema-graph\">{\"@context\":\"https:\/\/schema.org\",\"@graph\":[{\"@type\":\"WebPage\",\"@id\":\"https:\/\/www.najada.com\/word-press\/language\/de\/preisliste-2\/\",\"url\":\"https:\/\/www.najada.com\/word-press\/language\/de\/preisliste-2\/\",\"name\":\"Preisliste - Najada diving - g\u00fcltig in Landesw\u00e4hrung Kuna\",\"isPartOf\":{\"@id\":\"https:\/\/www.najada.com\/word-press\/#website\"},\"datePublished\":\"2017-11-18T15:59:02+00:00\",\"dateModified\":\"2024-09-15T10:01:12+00:00\",\"description\":\"Besonders f\u00fcrdie Hauptsaison empfehlen wir eine Vorbuchung. Gerne erstellen wir Euch ein individuelles Anbot\",\"breadcrumb\":{\"@id\":\"https:\/\/www.najada.com\/word-press\/language\/de\/preisliste-2\/#breadcrumb\"},\"inLanguage\":\"en-US\",\"potentialAction\":[{\"@type\":\"ReadAction\",\"target\":[\"https:\/\/www.najada.com\/word-press\/language\/de\/preisliste-2\/\"]}]},{\"@type\":\"BreadcrumbList\",\"@id\":\"https:\/\/www.najada.com\/word-press\/language\/de\/preisliste-2\/#breadcrumb\",\"itemListElement\":[{\"@type\":\"ListItem\",\"position\":1,\"name\":\"Startseite\",\"item\":\"https:\/\/www.najada.com\/word-press\/\"},{\"@type\":\"ListItem\",\"position\":2,\"name\":\"Preisliste\"}]},{\"@type\":\"WebSite\",\"@id\":\"https:\/\/www.najada.com\/word-press\/#website\",\"url\":\"https:\/\/www.najada.com\/word-press\/\",\"name\":\"Najada diving\",\"description\":\"Tauchen in Kroatien \/ Diving in Croatia\",\"publisher\":{\"@id\":\"https:\/\/www.najada.com\/word-press\/#organization\"},\"potentialAction\":[{\"@type\":\"SearchAction\",\"target\":{\"@type\":\"EntryPoint\",\"urlTemplate\":\"https:\/\/www.najada.com\/word-press\/?s={search_term_string}\"},\"query-input\":\"required name=search_term_string\"}],\"inLanguage\":\"en-US\"},{\"@type\":\"Organization\",\"@id\":\"https:\/\/www.najada.com\/word-press\/#organization\",\"name\":\"Najada d.o.o.\",\"url\":\"https:\/\/www.najada.com\/word-press\/\",\"logo\":{\"@type\":\"ImageObject\",\"inLanguage\":\"en-US\",\"@id\":\"https:\/\/www.najada.com\/word-press\/#\/schema\/logo\/image\/\",\"url\":\"https:\/\/www.najada.com\/word-press\/wp-content\/uploads\/logonurnajada-Kopie.png\",\"contentUrl\":\"https:\/\/www.najada.com\/word-press\/wp-content\/uploads\/logonurnajada-Kopie.png\",\"width\":400,\"height\":405,\"caption\":\"Najada d.o.o.\"},\"image\":{\"@id\":\"https:\/\/www.najada.com\/word-press\/#\/schema\/logo\/image\/\"},\"sameAs\":[\"https:\/\/www.facebook.com\/NajadaDiving\",\"https:\/\/www.instagram.com\/najadadiving\/\",\"https:\/\/www.youtube.com\/user\/najadadiving\/videos\"]}]}<\/script>\n<!-- \/ Yoast SEO Premium plugin. -->","yoast_head_json":{"title":"Preisliste - Najada diving - g\u00fcltig in Landesw\u00e4hrung Kuna","description":"Besonders f\u00fcrdie Hauptsaison empfehlen wir eine Vorbuchung. Gerne erstellen wir Euch ein individuelles Anbot","robots":{"index":"index","follow":"follow","max-snippet":"max-snippet:-1","max-image-preview":"max-image-preview:large","max-video-preview":"max-video-preview:-1"},"canonical":"https:\/\/www.najada.com\/word-press\/language\/de\/preisliste-2\/","og_locale":"en_US","og_type":"article","og_title":"Preisliste","og_description":"Besonders f\u00fcrdie Hauptsaison empfehlen wir eine Vorbuchung. Gerne erstellen wir Euch ein individuelles Anbot","og_url":"https:\/\/www.najada.com\/word-press\/language\/de\/preisliste-2\/","og_site_name":"Najada diving","article_publisher":"https:\/\/www.facebook.com\/NajadaDiving","article_modified_time":"2024-09-15T10:01:12+00:00","og_image":[{"url":"https:\/\/www.najada.com\/word-press\/wp-content\/uploads\/cropped-logonurnajada-Kopie.png"}],"twitter_card":"summary_large_image","twitter_misc":{"Est. reading time":"1 minute"},"schema":{"@context":"https:\/\/schema.org","@graph":[{"@type":"WebPage","@id":"https:\/\/www.najada.com\/word-press\/language\/de\/preisliste-2\/","url":"https:\/\/www.najada.com\/word-press\/language\/de\/preisliste-2\/","name":"Preisliste - Najada diving - g\u00fcltig in Landesw\u00e4hrung Kuna","isPartOf":{"@id":"https:\/\/www.najada.com\/word-press\/#website"},"datePublished":"2017-11-18T15:59:02+00:00","dateModified":"2024-09-15T10:01:12+00:00","description":"Besonders f\u00fcrdie Hauptsaison empfehlen wir eine Vorbuchung. Gerne erstellen wir Euch ein individuelles Anbot","breadcrumb":{"@id":"https:\/\/www.najada.com\/word-press\/language\/de\/preisliste-2\/#breadcrumb"},"inLanguage":"en-US","potentialAction":[{"@type":"ReadAction","target":["https:\/\/www.najada.com\/word-press\/language\/de\/preisliste-2\/"]}]},{"@type":"BreadcrumbList","@id":"https:\/\/www.najada.com\/word-press\/language\/de\/preisliste-2\/#breadcrumb","itemListElement":[{"@type":"ListItem","position":1,"name":"Startseite","item":"https:\/\/www.najada.com\/word-press\/"},{"@type":"ListItem","position":2,"name":"Preisliste"}]},{"@type":"WebSite","@id":"https:\/\/www.najada.com\/word-press\/#website","url":"https:\/\/www.najada.com\/word-press\/","name":"Najada diving","description":"Tauchen in Kroatien \/ Diving in Croatia","publisher":{"@id":"https:\/\/www.najada.com\/word-press\/#organization"},"potentialAction":[{"@type":"SearchAction","target":{"@type":"EntryPoint","urlTemplate":"https:\/\/www.najada.com\/word-press\/?s={search_term_string}"},"query-input":"required name=search_term_string"}],"inLanguage":"en-US"},{"@type":"Organization","@id":"https:\/\/www.najada.com\/word-press\/#organization","name":"Najada d.o.o.","url":"https:\/\/www.najada.com\/word-press\/","logo":{"@type":"ImageObject","inLanguage":"en-US","@id":"https:\/\/www.najada.com\/word-press\/#\/schema\/logo\/image\/","url":"https:\/\/www.najada.com\/word-press\/wp-content\/uploads\/logonurnajada-Kopie.png","contentUrl":"https:\/\/www.najada.com\/word-press\/wp-content\/uploads\/logonurnajada-Kopie.png","width":400,"height":405,"caption":"Najada d.o.o."},"image":{"@id":"https:\/\/www.najada.com\/word-press\/#\/schema\/logo\/image\/"},"sameAs":["https:\/\/www.facebook.com\/NajadaDiving","https:\/\/www.instagram.com\/najadadiving\/","https:\/\/www.youtube.com\/user\/najadadiving\/videos"]}]}},"_links":{"self":[{"href":"https:\/\/www.najada.com\/word-press\/wp-json\/wp\/v2\/pages\/2216"}],"collection":[{"href":"https:\/\/www.najada.com\/word-press\/wp-json\/wp\/v2\/pages"}],"about":[{"href":"https:\/\/www.najada.com\/word-press\/wp-json\/wp\/v2\/types\/page"}],"author":[{"embeddable":true,"href":"https:\/\/www.najada.com\/word-press\/wp-json\/wp\/v2\/users\/1"}],"replies":[{"embeddable":true,"href":"https:\/\/www.najada.com\/word-press\/wp-json\/wp\/v2\/comments?post=2216"}],"version-history":[{"count":39,"href":"https:\/\/www.najada.com\/word-press\/wp-json\/wp\/v2\/pages\/2216\/revisions"}],"predecessor-version":[{"id":8719,"href":"https:\/\/www.najada.com\/word-press\/wp-json\/wp\/v2\/pages\/2216\/revisions\/8719"}],"wp:attachment":[{"href":"https:\/\/www.najada.com\/word-press\/wp-json\/wp\/v2\/media?parent=2216"}],"curies":[{"name":"wp","href":"https:\/\/api.w.org\/{rel}","templated":true}]}}