{"id":2084,"date":"2017-11-18T06:10:17","date_gmt":"2017-11-18T06:10:17","guid":{"rendered":"https:\/\/www.najada.com\/word-press\/?page_id=2084"},"modified":"2024-04-24T11:20:24","modified_gmt":"2024-04-24T11:20:24","slug":"ssi-der-wg-zum-profi","status":"publish","type":"page","link":"https:\/\/www.najada.com\/word-press\/language\/de\/ssi-der-wg-zum-profi\/","title":{"rendered":"SSI der Weg zum Profi"},"content":{"rendered":"<p>&nbsp;<\/p>\n<table style=\"background-color: #8ce9fa;\" width=\"100%\">\n<tbody>\n<tr>\n<td>\n<h2 style=\"text-align: center;\"><span style=\"color: #0000ff;\">DIVE GUIDE<\/span><\/h2>\n<h3 class=\"accordion-heading opened\" data-attribute-id=\"72\">BESCHREIBUNG<\/h3>\n<div class=\"accordion-content description\">\n<p>Dieses Programm vermittelt die notwendigen Fertigkeiten und Erfahrungen f\u00fcr die sichere F\u00fchrung von Gruppen zertifizierter Taucher und ist der erste Schritt zu einer spannenden Karriere als SSI Dive Professional, ohne dass Du ein Instruktor Programm absolvieren musst. Professionelle Dive Guides k\u00f6nnen f\u00fcr SSI Dive Center arbeiten und Tauchg\u00e4nge in den verschiedensten Umgebungen und Bedingungen durchf\u00fchren. Du erh\u00e4ltst nach Abschluss dieses Programms die SSI Dive Guide Zertifizierung.<\/p>\n<h3 class=\"accordion-heading opened\" data-attribute-id=\"848\">DETAILS<\/h3>\n<p><b>Mindestalter: 15\/18 bei aktiven Status<\/b><strong><span style=\"color: #0000ff;\"><img decoding=\"async\" loading=\"lazy\" class=\"wp-image-2158 alignright\" src=\"https:\/\/www.najada.com\/word-press\/wp-content\/uploads\/ssi_diveguide.jpg\" alt=\"\" width=\"423\" height=\"258\"><br \/>\n<\/span><\/strong><b>Voraussetzungen:&nbsp;Advanced Adventurer , Sress &amp; Rescue (oder \u00e4quivalent, Navigation, Nacht &amp; Tief Erfahrung), 40 geloggte Tauchg\u00e4nge<br \/>\nTheorielektionen: Variiert<br \/>\nPool\/begrenztes Freiwasser Lektionen: Variiert<br \/>\nFreiwassertauchg\u00e4nge: 10 oder min. 50 insgesamt<br \/>\nTiefenlimit: 40 Meter<br \/>\nEmpfohlene Kursdauer: 5-7 Tage<br \/>\nWeitere Informationen: Siehe SSI Standards<br \/>\n<\/b><br \/>\nAnbot\/Termine: <span style=\"text-decoration: underline;\"><span style=\"color: #0000ff;\"><a style=\"color: #0000ff; text-decoration: underline;\" href=\"mailto:hello@najada.com\"><span class=\"naviklein1\">hello@najada.com<\/span><\/a><\/span><br \/>\n<\/span><\/p>\n<\/div>\n<\/td>\n<\/tr>\n<\/tbody>\n<\/table>\n<hr>\n<table style=\"background-color: #8ce9fa;\" width=\"100%\">\n<tbody>\n<tr>\n<td>\n<h2 style=\"text-align: center;\"><span style=\"color: #0000ff;\">DIVEMASTER<\/span><\/h2>\n<h3 class=\"accordion-heading opened\" data-attribute-id=\"72\">BESCHREIBUNG<\/h3>\n<div class=\"accordion-content description\">\n<p>NACH ABSCHLUSS DER SCIENCE OF DIVING UND DIVE GUIDE AUSBILDUNG IM AKTIVEN STATUS ERH\u00c4LTST DU AUTOMATISCH DIE BEGEHRTE ANERKENNUNG ZUM DIVEMASTER UND DIE ERLAUBNIS, OPEN WATER INSTRUCTOR W\u00c4HREND DER AUSBILDUNG ZU UNTERST\u00dcTZEN. DEIN N\u00c4CHSTER SCHRITT AUF DEM SSI KARRIEREWEG IST DIVE CONTROL SPECIALIST \/ ASSISTANT INSTRUCTOR.<\/p>\n<h3 class=\"accordion-heading opened\" data-attribute-id=\"848\">DETAILS<\/h3>\n<p><b>Mindestalter: 18 bei aktiven Status<\/b><strong><span style=\"color: #0000ff;\"><img decoding=\"async\" loading=\"lazy\" class=\"wp-image-2166 alignright\" src=\"https:\/\/www.najada.com\/word-press\/wp-content\/uploads\/ssi-DM.jpg\" alt=\"\" width=\"414\" height=\"258\"><br \/>\n<\/span><\/strong><b>Voraussetzungen:&nbsp;Advanced Adventurer, Sress &amp; Rescue (oder \u00e4quivalent, Navigation, Nacht &amp; Tief), 40 geloggte Tauchg\u00e4nge, Science of Diving<br \/>\nTheorielektionen: Variiert<br \/>\nPool\/begrenztes Freiwasser Lektionen: Variiert<br \/>\nFreiwassertauchg\u00e4nge: 10 oder min. 50 insgesamt<br \/>\nTiefenlimit: 40 Meter<br \/>\nEmpfohlene Kursdauer: 5-7 Tage<br \/>\nWeitere Informationen: Siehe SSI Standards<br \/>\n<\/b><br \/>\nAnbot\/Termine: <span style=\"text-decoration: underline;\"><span style=\"color: #0000ff;\"><a style=\"color: #0000ff; text-decoration: underline;\" href=\"mailto:hello@najada.com\">&nbsp;hello<span class=\"naviklein1\">@najada.com<\/span><\/a><\/span><br \/>\n<\/span><\/p>\n<\/div>\n<\/td>\n<\/tr>\n<\/tbody>\n<\/table>\n<hr>\n<table style=\"background-color: #8ce9fa;\" width=\"100%\">\n<tbody>\n<tr>\n<td>\n<h2 style=\"text-align: center;\"><span style=\"color: #0000ff;\">ASSISTANT INSTRUCTOR<\/span><\/h2>\n<h3 class=\"accordion-heading opened\" data-attribute-id=\"72\">BESCHREIBUNG<\/h3>\n<div class=\"accordion-content description\">\n<p>Dieses Programm vermittelt das notwendige Wissen, die Fertigkeiten und Lehrerfahrungen, um ein effektiver SSI Assistant Instructor zu werden. Du wirst das SSI Ausbildungssystem und die Philosophie kennen lernen, wie man bei Open Water Diver Programmen assistiert und, wie man selbst\u00e4ndig eine Vielzahl an SSI Ausbildungsprogrammen unterrichten kann. Kandidaten, die dieses Programm abschlie\u00dfen, erhalten die SSI Assistant Instructor Zertifizierung.<\/p>\n<h3 class=\"accordion-heading opened\" data-attribute-id=\"848\">DETAILS<\/h3>\n<p><b>Mindestalter: 18<\/b><strong><span style=\"color: #0000ff;\"><br \/>\n<\/span><\/strong><b>Voraussetzungen: Divemaster, 60 geloggte Tauchg\u00e4nge<\/b><\/p>\n<p><strong>Empfohlene Kursdauer: 4-5 Tage<\/strong><br \/>\n<strong> Weitere Informationen: Siehe SSI Standards<\/strong><\/p>\n<p>Anbot\/Termine: <span style=\"text-decoration: underline;\"><span style=\"color: #0000ff;\"><a style=\"color: #0000ff; text-decoration: underline;\" href=\"mailto:hello@najada.com?subject=Info%20Kurse\">hello<span class=\"naviklein1\">@najada.com<\/span><\/a><\/span>&nbsp;<\/span><\/p>\n<\/div>\n<\/td>\n<\/tr>\n<\/tbody>\n<\/table>\n<hr>\n<table style=\"background-color: #8ce9fa;\" width=\"100%\">\n<tbody>\n<tr>\n<td>\n<h2 style=\"text-align: center;\"><span style=\"color: #0000ff;\">OPEN WATER INSTRUCTOR<\/span><\/h2>\n<h3 class=\"accordion-heading opened\" data-attribute-id=\"72\">BESCHREIBUNG<\/h3>\n<div class=\"accordion-content description\">\n<p>Bist du bereit, deine Tauchleidenschaft zum Beruf zu machen und deine Karriere im Tauchsport zu starten? Deinen Lieblingstauchplatz zu deinem Arbeitsplatz zu machen und SSI Taucher auszubilden? Als SSI Open Water Instructor bist du qualifiziert, eine Auswahl bekannter SSI Kurse zu unterrichten. Worauf wartest du? Werde noch heute ein Open Water Instructor!<\/p>\n<h3 class=\"accordion-heading opened\" data-attribute-id=\"848\">DETAILS<\/h3>\n<p><b>Mindestalter: 18<\/b><strong><span style=\"color: #0000ff;\"><br \/>\n<\/span><\/strong><b>Voraussetzungen:<br \/>\n<\/b><strong>Instructor Training Course Abschluss<\/strong><br \/>\n<strong>Open Water Diver Zertifizierung seit mindestens 6 Monaten<\/strong><\/p>\n<p><strong>Empfohlene Kursdauer: 5-7 Tage<\/strong><br \/>\n<strong> Weitere Informationen: Siehe SSI Standards<\/strong><\/p>\n<p>Anbot\/Termine: <span style=\"text-decoration: underline;\"><span style=\"color: #0000ff;\"><a style=\"color: #0000ff; text-decoration: underline;\" href=\"mailto:hello@najada.com\">&nbsp;hello<span class=\"naviklein1\">@najada.com<\/span><\/a><\/span>&nbsp;<\/span><\/p>\n<\/div>\n<\/td>\n<\/tr>\n<\/tbody>\n<\/table>\n<hr>\n","protected":false},"excerpt":{"rendered":"<p>&nbsp; DIVE GUIDE BESCHREIBUNG Dieses Programm vermittelt die notwendigen Fertigkeiten und Erfahrungen f\u00fcr die sichere F\u00fchrung von Gruppen zertifizierter Taucher und ist der erste Schritt zu einer spannenden Karriere als SSI Dive Professional, ohne dass Du ein Instruktor Programm absolvieren musst. Professionelle Dive Guides k\u00f6nnen f\u00fcr SSI Dive Center arbeiten und Tauchg\u00e4nge in den verschiedensten [&hellip;]<\/p>\n","protected":false},"author":1,"featured_media":0,"parent":0,"menu_order":0,"comment_status":"closed","ping_status":"closed","template":"","meta":{"ngg_post_thumbnail":0},"yoast_head":"<!-- This site is optimized with the Yoast SEO Premium plugin v20.2 (Yoast SEO v20.2) - https:\/\/yoast.com\/wordpress\/plugins\/seo\/ -->\n<title>SSI der Weg zum Profi - Najada diving<\/title>\n<meta name=\"robots\" content=\"index, follow, max-snippet:-1, max-image-preview:large, max-video-preview:-1\" \/>\n<link rel=\"canonical\" href=\"https:\/\/www.najada.com\/word-press\/language\/de\/ssi-der-wg-zum-profi\/\" \/>\n<meta property=\"og:locale\" content=\"en_US\" \/>\n<meta property=\"og:type\" content=\"article\" \/>\n<meta property=\"og:title\" content=\"SSI der Weg zum Profi\" \/>\n<meta property=\"og:description\" content=\"&nbsp; DIVE GUIDE BESCHREIBUNG Dieses Programm vermittelt die notwendigen Fertigkeiten und Erfahrungen f\u00fcr die sichere F\u00fchrung von Gruppen zertifizierter Taucher und ist der erste Schritt zu einer spannenden Karriere als SSI Dive Professional, ohne dass Du ein Instruktor Programm absolvieren musst. Professionelle Dive Guides k\u00f6nnen f\u00fcr SSI Dive Center arbeiten und Tauchg\u00e4nge in den verschiedensten [&hellip;]\" \/>\n<meta property=\"og:url\" content=\"https:\/\/www.najada.com\/word-press\/language\/de\/ssi-der-wg-zum-profi\/\" \/>\n<meta property=\"og:site_name\" content=\"Najada diving\" \/>\n<meta property=\"article:publisher\" content=\"https:\/\/www.facebook.com\/NajadaDiving\" \/>\n<meta property=\"article:modified_time\" content=\"2024-04-24T11:20:24+00:00\" \/>\n<meta property=\"og:image\" content=\"https:\/\/www.najada.com\/word-press\/wp-content\/uploads\/ssi_diveguide.jpg\" \/>\n<meta name=\"twitter:card\" content=\"summary_large_image\" \/>\n<meta name=\"twitter:label1\" content=\"Est. reading time\" \/>\n\t<meta name=\"twitter:data1\" content=\"3 minutes\" \/>\n<script type=\"application\/ld+json\" class=\"yoast-schema-graph\">{\"@context\":\"https:\/\/schema.org\",\"@graph\":[{\"@type\":\"WebPage\",\"@id\":\"https:\/\/www.najada.com\/word-press\/language\/de\/ssi-der-wg-zum-profi\/\",\"url\":\"https:\/\/www.najada.com\/word-press\/language\/de\/ssi-der-wg-zum-profi\/\",\"name\":\"SSI der Weg zum Profi - Najada diving\",\"isPartOf\":{\"@id\":\"https:\/\/www.najada.com\/word-press\/#website\"},\"datePublished\":\"2017-11-18T06:10:17+00:00\",\"dateModified\":\"2024-04-24T11:20:24+00:00\",\"breadcrumb\":{\"@id\":\"https:\/\/www.najada.com\/word-press\/language\/de\/ssi-der-wg-zum-profi\/#breadcrumb\"},\"inLanguage\":\"en-US\",\"potentialAction\":[{\"@type\":\"ReadAction\",\"target\":[\"https:\/\/www.najada.com\/word-press\/language\/de\/ssi-der-wg-zum-profi\/\"]}]},{\"@type\":\"BreadcrumbList\",\"@id\":\"https:\/\/www.najada.com\/word-press\/language\/de\/ssi-der-wg-zum-profi\/#breadcrumb\",\"itemListElement\":[{\"@type\":\"ListItem\",\"position\":1,\"name\":\"Startseite\",\"item\":\"https:\/\/www.najada.com\/word-press\/\"},{\"@type\":\"ListItem\",\"position\":2,\"name\":\"SSI der Weg zum Profi\"}]},{\"@type\":\"WebSite\",\"@id\":\"https:\/\/www.najada.com\/word-press\/#website\",\"url\":\"https:\/\/www.najada.com\/word-press\/\",\"name\":\"Najada diving\",\"description\":\"Tauchen in Kroatien \/ Diving in Croatia\",\"publisher\":{\"@id\":\"https:\/\/www.najada.com\/word-press\/#organization\"},\"potentialAction\":[{\"@type\":\"SearchAction\",\"target\":{\"@type\":\"EntryPoint\",\"urlTemplate\":\"https:\/\/www.najada.com\/word-press\/?s={search_term_string}\"},\"query-input\":\"required name=search_term_string\"}],\"inLanguage\":\"en-US\"},{\"@type\":\"Organization\",\"@id\":\"https:\/\/www.najada.com\/word-press\/#organization\",\"name\":\"Najada d.o.o.\",\"url\":\"https:\/\/www.najada.com\/word-press\/\",\"logo\":{\"@type\":\"ImageObject\",\"inLanguage\":\"en-US\",\"@id\":\"https:\/\/www.najada.com\/word-press\/#\/schema\/logo\/image\/\",\"url\":\"https:\/\/www.najada.com\/word-press\/wp-content\/uploads\/logonurnajada-Kopie.png\",\"contentUrl\":\"https:\/\/www.najada.com\/word-press\/wp-content\/uploads\/logonurnajada-Kopie.png\",\"width\":400,\"height\":405,\"caption\":\"Najada d.o.o.\"},\"image\":{\"@id\":\"https:\/\/www.najada.com\/word-press\/#\/schema\/logo\/image\/\"},\"sameAs\":[\"https:\/\/www.facebook.com\/NajadaDiving\",\"https:\/\/www.instagram.com\/najadadiving\/\",\"https:\/\/www.youtube.com\/user\/najadadiving\/videos\"]}]}<\/script>\n<!-- \/ Yoast SEO Premium plugin. -->","yoast_head_json":{"title":"SSI der Weg zum Profi - Najada diving","robots":{"index":"index","follow":"follow","max-snippet":"max-snippet:-1","max-image-preview":"max-image-preview:large","max-video-preview":"max-video-preview:-1"},"canonical":"https:\/\/www.najada.com\/word-press\/language\/de\/ssi-der-wg-zum-profi\/","og_locale":"en_US","og_type":"article","og_title":"SSI der Weg zum Profi","og_description":"&nbsp; DIVE GUIDE BESCHREIBUNG Dieses Programm vermittelt die notwendigen Fertigkeiten und Erfahrungen f\u00fcr die sichere F\u00fchrung von Gruppen zertifizierter Taucher und ist der erste Schritt zu einer spannenden Karriere als SSI Dive Professional, ohne dass Du ein Instruktor Programm absolvieren musst. Professionelle Dive Guides k\u00f6nnen f\u00fcr SSI Dive Center arbeiten und Tauchg\u00e4nge in den verschiedensten [&hellip;]","og_url":"https:\/\/www.najada.com\/word-press\/language\/de\/ssi-der-wg-zum-profi\/","og_site_name":"Najada diving","article_publisher":"https:\/\/www.facebook.com\/NajadaDiving","article_modified_time":"2024-04-24T11:20:24+00:00","og_image":[{"url":"https:\/\/www.najada.com\/word-press\/wp-content\/uploads\/ssi_diveguide.jpg"}],"twitter_card":"summary_large_image","twitter_misc":{"Est. reading time":"3 minutes"},"schema":{"@context":"https:\/\/schema.org","@graph":[{"@type":"WebPage","@id":"https:\/\/www.najada.com\/word-press\/language\/de\/ssi-der-wg-zum-profi\/","url":"https:\/\/www.najada.com\/word-press\/language\/de\/ssi-der-wg-zum-profi\/","name":"SSI der Weg zum Profi - Najada diving","isPartOf":{"@id":"https:\/\/www.najada.com\/word-press\/#website"},"datePublished":"2017-11-18T06:10:17+00:00","dateModified":"2024-04-24T11:20:24+00:00","breadcrumb":{"@id":"https:\/\/www.najada.com\/word-press\/language\/de\/ssi-der-wg-zum-profi\/#breadcrumb"},"inLanguage":"en-US","potentialAction":[{"@type":"ReadAction","target":["https:\/\/www.najada.com\/word-press\/language\/de\/ssi-der-wg-zum-profi\/"]}]},{"@type":"BreadcrumbList","@id":"https:\/\/www.najada.com\/word-press\/language\/de\/ssi-der-wg-zum-profi\/#breadcrumb","itemListElement":[{"@type":"ListItem","position":1,"name":"Startseite","item":"https:\/\/www.najada.com\/word-press\/"},{"@type":"ListItem","position":2,"name":"SSI der Weg zum Profi"}]},{"@type":"WebSite","@id":"https:\/\/www.najada.com\/word-press\/#website","url":"https:\/\/www.najada.com\/word-press\/","name":"Najada diving","description":"Tauchen in Kroatien \/ Diving in Croatia","publisher":{"@id":"https:\/\/www.najada.com\/word-press\/#organization"},"potentialAction":[{"@type":"SearchAction","target":{"@type":"EntryPoint","urlTemplate":"https:\/\/www.najada.com\/word-press\/?s={search_term_string}"},"query-input":"required name=search_term_string"}],"inLanguage":"en-US"},{"@type":"Organization","@id":"https:\/\/www.najada.com\/word-press\/#organization","name":"Najada d.o.o.","url":"https:\/\/www.najada.com\/word-press\/","logo":{"@type":"ImageObject","inLanguage":"en-US","@id":"https:\/\/www.najada.com\/word-press\/#\/schema\/logo\/image\/","url":"https:\/\/www.najada.com\/word-press\/wp-content\/uploads\/logonurnajada-Kopie.png","contentUrl":"https:\/\/www.najada.com\/word-press\/wp-content\/uploads\/logonurnajada-Kopie.png","width":400,"height":405,"caption":"Najada d.o.o."},"image":{"@id":"https:\/\/www.najada.com\/word-press\/#\/schema\/logo\/image\/"},"sameAs":["https:\/\/www.facebook.com\/NajadaDiving","https:\/\/www.instagram.com\/najadadiving\/","https:\/\/www.youtube.com\/user\/najadadiving\/videos"]}]}},"_links":{"self":[{"href":"https:\/\/www.najada.com\/word-press\/wp-json\/wp\/v2\/pages\/2084"}],"collection":[{"href":"https:\/\/www.najada.com\/word-press\/wp-json\/wp\/v2\/pages"}],"about":[{"href":"https:\/\/www.najada.com\/word-press\/wp-json\/wp\/v2\/types\/page"}],"author":[{"embeddable":true,"href":"https:\/\/www.najada.com\/word-press\/wp-json\/wp\/v2\/users\/1"}],"replies":[{"embeddable":true,"href":"https:\/\/www.najada.com\/word-press\/wp-json\/wp\/v2\/comments?post=2084"}],"version-history":[{"count":22,"href":"https:\/\/www.najada.com\/word-press\/wp-json\/wp\/v2\/pages\/2084\/revisions"}],"predecessor-version":[{"id":8689,"href":"https:\/\/www.najada.com\/word-press\/wp-json\/wp\/v2\/pages\/2084\/revisions\/8689"}],"wp:attachment":[{"href":"https:\/\/www.najada.com\/word-press\/wp-json\/wp\/v2\/media?parent=2084"}],"curies":[{"name":"wp","href":"https:\/\/api.w.org\/{rel}","templated":true}]}}