{"id":1979,"date":"2017-11-16T15:24:35","date_gmt":"2017-11-16T15:24:35","guid":{"rendered":"https:\/\/www.najada.com\/word-press\/?page_id=1979"},"modified":"2024-04-24T10:31:14","modified_gmt":"2024-04-24T10:31:14","slug":"technisches-tauchen","status":"publish","type":"page","link":"https:\/\/www.najada.com\/word-press\/language\/de\/technisches-tauchen\/","title":{"rendered":"Technisches Tauchen SSI"},"content":{"rendered":"<table style=\"background-color: #8ce9fa;\" width=\"100%\">\n<tbody>\n<tr>\n<td>\n<h2 style=\"text-align: center;\"><span style=\"color: #0000ff;\">Extended Range Nitrox Tauchen<\/span><\/h2>\n<h3 class=\"accordion-heading opened\" data-attribute-id=\"72\">BESCHREIBUNG<\/h3>\n<div class=\"accordion-content description\">\n<p>Dieses Programm vermittelt das notwendige Wissen und die Fertigkeiten f\u00fcr die Planung und Durchf\u00fchrung begrenzter Dekompressionstauchg\u00e4nge bis zu einer maximalen Tiefe von 40 Metern und Nitrox-Mischungen bis zu 50%. Es ist der Einstieg zu den Extended Range Ausbildungstechniken und Fertigkeiten und kann, durch Tragen einer Standard Single-Zylinder-Ausr\u00fcstung, abgeschlossen werden. Du erh\u00e4ltst nach Abschluss dieses Programms die SSI Extended Range Nitrox Diving Zertifizierung.<\/p>\n<h3 class=\"accordion-heading opened\" data-attribute-id=\"848\">DETAILS<\/h3>\n<p><b>Mindestalter: 16<\/b><strong><span style=\"color: #0000ff;\"><img decoding=\"async\" loading=\"lazy\" class=\"wp-image-2000 size-full alignright\" src=\"https:\/\/www.najada.com\/word-press\/wp-content\/uploads\/ssi-xrnitrox1.jpg\" alt=\"\" width=\"323\" height=\"209\"><br \/>\n<\/span><\/strong><b>Voraussetzungen:&nbsp;EAN 40% &amp; Deep Diving Zertifizierung, 24 geloggte Tauchg\u00e4nge<br \/>\nTheorielektionen: Online Programm<br \/>\nPool\/begrenztes Freiwasser Lektionen: Optional<br \/>\nFreiwassertauchg\u00e4nge: 4<br \/>\nTiefenlimit: 40 Meter<br \/>\nEmpfohlene Kursdauer: 2-3 Tage<br \/>\nBesondere Ausr\u00fcstungsanforderung: Siehe SSI Standards<br \/>\n<\/b><\/p>\n<p>Anbot\/Termine: <span style=\"text-decoration: underline;\"><span style=\"color: #0000ff;\"><a style=\"color: #0000ff; text-decoration: underline;\" href=\"mailto:hello@najada.com?subject=Info%20Kurse\">&nbsp;hello<span class=\"naviklein1\">@najada.com<\/span><\/a><\/span><\/span><\/p>\n<\/div>\n<p>&nbsp;<\/p>\n<div class=\"accordion-content description\">&nbsp;<\/div>\n<\/td>\n<\/tr>\n<\/tbody>\n<\/table>\n<hr>\n<table style=\"background-color: #8ce9fa;\" width=\"100%\">\n<tbody>\n<tr>\n<td>\n<h2 style=\"text-align: center;\"><span style=\"color: #0000ff;\">Extended Range<\/span><\/h2>\n<h3 class=\"accordion-heading opened\" data-attribute-id=\"72\">BESCHREIBUNG<\/h3>\n<div class=\"accordion-content description\">\n<p>Das SSI Extended Range Diving Programm qualifiziert Dich, unter der Verwendung von Nitrox Gemischen bis zu 100%, bis zu einer Tiefe von 45 Metern zu tauchen. Das Programm kann mit Deinem Standard Total Diving System, einer gro\u00dfen Tauchflasche mit einem H oder Y Ventil oder sogar einem kompletten Twinset durchgef\u00fchrt werden. Nach Fertigstellung des Programms erh\u00e4ltst Du die SSI Extended Range Zertifizierung.<\/p>\n<h3 class=\"accordion-heading opened\" data-attribute-id=\"848\">DETAILS<\/h3>\n<p><b>Mindestalter: 18<\/b><strong><span style=\"color: #0000ff;\"><img decoding=\"async\" loading=\"lazy\" class=\"wp-image-1998 alignright\" src=\"https:\/\/www.najada.com\/word-press\/wp-content\/uploads\/ssi-extended-range1.jpg\" alt=\"\" width=\"312\" height=\"191\"><br \/>\n<\/span><\/strong><b>Voraussetzungen: EAN 40% &amp; Deep Diving Zertifizierung, 50 geloggte Tauchg\u00e4nge<br \/>\nTheorielektionen: Online Programm<br \/>\nPool\/begrenztes Freiwasser Lektionen:&nbsp;1<br \/>\nFreiwassertauchg\u00e4nge: 6<br \/>\nTiefenlimit: 45 Meter<br \/>\nEmpfohlene Kursdauer: 3-4 Tage<br \/>\nBesondere Ausr\u00fcstungsanforderung: Siehe SSI Standards<br \/>\n<\/b><\/p>\n<p>Anbot\/Termine: <span style=\"text-decoration: underline;\"><span style=\"color: #0000ff;\"><a style=\"color: #0000ff; text-decoration: underline;\" href=\"mailto:hello@najada.com?subject=Info%20Kurse\">&nbsp;hello<span class=\"naviklein1\">@najada.com<\/span><\/a><\/span><\/span><\/p>\n<\/div>\n<p>&nbsp;<\/p>\n<div class=\"accordion-content description\">&nbsp;<\/div>\n<\/td>\n<\/tr>\n<\/tbody>\n<\/table>\n<hr>\n<table style=\"background-color: #8ce9fa;\" width=\"100%\">\n<tbody>\n<tr>\n<td>\n<h2 style=\"text-align: center;\"><span style=\"color: #0000ff;\">Technical Extended Range<\/span><\/h2>\n<h3 class=\"accordion-heading opened\" data-attribute-id=\"72\">BESCHREIBUNG<\/h3>\n<div class=\"accordion-content description\">\n<p>Das Ziel des SSI Technical Extended Range Diving Programms ist es, Taucher zu trainieren, gemeinsam mit ihrem gleich hoch qualifizierten Tauchpartner und Spezialausr\u00fcstung, unabh\u00e4ngig Tauchg\u00e4nge bis auf 60 Meter Tiefe, mit zwei Gaswechseln und mehreren Dekompressionsstopps planen und durchzuf\u00fchren k\u00f6nnen. Du wirst nach Durchf\u00fchrung dieses Programms zum SSI Technical Extended Range (mit oder ohne Trimix) zertifiziert werden.<\/p>\n<h3 class=\"accordion-heading opened\" data-attribute-id=\"848\">DETAILS<\/h3>\n<p><b>Mindestalter: 18<\/b><strong><span style=\"color: #0000ff;\"><img decoding=\"async\" loading=\"lazy\" class=\"alignright wp-image-5777\" src=\"https:\/\/www.najada.com\/word-press\/wp-content\/uploads\/598.jpg\" alt=\"\" width=\"312\" height=\"198\" srcset=\"https:\/\/www.najada.com\/word-press\/wp-content\/uploads\/598.jpg 598w, https:\/\/www.najada.com\/word-press\/wp-content\/uploads\/598-500x318.jpg 500w\" sizes=\"(max-width: 312px) 100vw, 312px\" \/><br \/>\n<\/span><\/strong><b>Voraussetzungen: Zertifizierung: Science of Diving, Diver Stress &amp; Rescue, Extended Range Diving oder Full Cave Diving oder Technical Wreck Diving<br \/>\n70 geloggte Tauchg\u00e4nge (Siehe aktuelle SSI Training Standards)<br \/>\nTheorielektionen: Online Programm<br \/>\nPool\/begrenztes Freiwasser Lektionen:&nbsp;1<br \/>\nFreiwassertauchg\u00e4nge: 6<br \/>\nTiefenlimit: variiert<br \/>\nEmpfohlene Kursdauer: 4-5 Tage<br \/>\nBesondere Ausr\u00fcstungsanforderung: Siehe SSI Standards<br \/>\n<\/b><\/p>\n<p>Anbot\/Termine: <span style=\"text-decoration: underline;\"><span style=\"color: #0000ff;\"><a style=\"color: #0000ff; text-decoration: underline;\" href=\"mailto:hello@najada.com?subject=Info%20Kurse\">&nbsp;hello<span class=\"naviklein1\">@najada.com<\/span><\/a><\/span><\/span><\/p>\n<\/div>\n<p>&nbsp;<\/p>\n<div class=\"accordion-content description\">&nbsp;<\/div>\n<\/td>\n<\/tr>\n<\/tbody>\n<\/table>\n<hr>\n<table style=\"background-color: #8ce9fa;\" width=\"100%\">\n<tbody>\n<tr>\n<td>\n<h2 style=\"text-align: center;\"><span style=\"color: #0000ff;\">Hypoxic Trimix<\/span><\/h2>\n<h3 class=\"accordion-heading opened\" data-attribute-id=\"72\">BESCHREIBUNG<\/h3>\n<div class=\"accordion-content description\">\n<p>Dies ist der Gipfel des Technischen Tauchens. Hier wirst du all Dein Wissen, die Fertigkeiten, Deine Ausr\u00fcstung und Erfahrung aller vorherigen Ausbildungen ben\u00f6tigen und Deine Grenzen ins Extreme pushen. Es gibt 2 Wege; einer bringt Dich auf 80 Meter, der andere auf 100 Meter, unter Verwendung des gleichen Extended Range Total Diving Systems, mit dem Du die vorherigen Programme gemeistert hast. Du wirst jedoch mindestens 3 Stages f\u00fcr Dekompression und Travel Gase verwenden. Du wirst nach Durchf\u00fchrung des Programms die SSI Hypoxic Trimix Zertifizierung erhalten.<\/p>\n<h3 class=\"accordion-heading opened\" data-attribute-id=\"848\">DETAILS<\/h3>\n<p><b>Mindestalter: 18<\/b><strong><span style=\"color: #0000ff;\"><img decoding=\"async\" loading=\"lazy\" class=\"wp-image-5840 alignright\" src=\"https:\/\/www.najada.com\/word-press\/wp-content\/uploads\/hypo598.jpg\" alt=\"\" width=\"312\" height=\"198\"><br \/>\n<\/span><\/strong><b>Voraussetzungen: Zertifizierung:Zertifiziert als: Science of Diving, Diver Stress &amp; Rescue, Technical Extended Range<br \/>\n100 geloggte Tauchg\u00e4nge.<br \/>\nTheorielektionen: Online Programm<br \/>\nPool\/begrenztes Freiwasser Lektionen:&nbsp;1<br \/>\nFreiwassertauchg\u00e4nge: 6<br \/>\nTiefenlimit: 100 m<br \/>\nEmpfohlene Kursdauer: 4-5 Tage<br \/>\nBesondere Ausr\u00fcstungsanforderung: Siehe SSI Standards<\/b><\/p>\n<p><b>&nbsp;<\/b><\/p>\n<p>Anbot\/Termine:: <span style=\"text-decoration: underline;\"><span style=\"color: #0000ff;\"><a style=\"color: #0000ff; text-decoration: underline;\" href=\"mailto:hello@najada.com?subject=Info%20Kurse\">&nbsp;hello<span class=\"naviklein1\">.nokela@najada.com<\/span><\/a><\/span><\/span><\/p>\n<\/div>\n<\/td>\n<\/tr>\n<\/tbody>\n<\/table>\n<hr>\n<table style=\"background-color: #8ce9fa;\" width=\"100%\">\n<tbody>\n<tr>\n<td>\n<p style=\"text-align: center;\"><span style=\"color: #0000ff;\"><span style=\"color: #333333;\">Wir zeigen hier nur eine kleine Auswahl von Kursen. F\u00fcr weitere Informationen klick hier:<\/span><\/span><\/p>\n<p style=\"text-align: center;\"><span style=\"color: #0000ff;\"><span style=\"color: #333333;\"><a href=\"https:\/\/www.divessi.com\/en-IC\/home\/\" target=\"_blank\" rel=\"noopener noreferrer\"><img decoding=\"async\" loading=\"lazy\" class=\"wp-image-1963 aligncenter\" src=\"https:\/\/www.najada.com\/word-press\/wp-content\/uploads\/ssi_logo.jpg\" alt=\"\" width=\"118\" height=\"118\"><\/a><\/span><\/span><\/p>\n<\/td>\n<\/tr>\n<\/tbody>\n<\/table>\n<hr>\n","protected":false},"excerpt":{"rendered":"<p>Extended Range Nitrox Tauchen BESCHREIBUNG Dieses Programm vermittelt das notwendige Wissen und die Fertigkeiten f\u00fcr die Planung und Durchf\u00fchrung begrenzter Dekompressionstauchg\u00e4nge bis zu einer maximalen Tiefe von 40 Metern und Nitrox-Mischungen bis zu 50%. Es ist der Einstieg zu den Extended Range Ausbildungstechniken und Fertigkeiten und kann, durch Tragen einer Standard Single-Zylinder-Ausr\u00fcstung, abgeschlossen werden. Du [&hellip;]<\/p>\n","protected":false},"author":1,"featured_media":0,"parent":0,"menu_order":0,"comment_status":"closed","ping_status":"closed","template":"","meta":{"ngg_post_thumbnail":0},"yoast_head":"<!-- This site is optimized with the Yoast SEO Premium plugin v20.2 (Yoast SEO v20.2) - https:\/\/yoast.com\/wordpress\/plugins\/seo\/ -->\n<title>Technisches Tauchen SSI - Najada diving - Kornaten &amp; Wracks - SSI Kurse<\/title>\n<meta name=\"description\" content=\"Der SSI Extended Range Nitrox Kurs ist der erste Schritt ins technische Tauchen. Najada diving bietet alle Tec Kurse an, einschlie\u00dflich Trimix Tauchen.\" \/>\n<meta name=\"robots\" content=\"index, follow, max-snippet:-1, max-image-preview:large, max-video-preview:-1\" \/>\n<link rel=\"canonical\" href=\"https:\/\/www.najada.com\/word-press\/language\/de\/technisches-tauchen\/\" \/>\n<meta property=\"og:locale\" content=\"en_US\" \/>\n<meta property=\"og:type\" content=\"article\" \/>\n<meta property=\"og:title\" content=\"Technisches Tauchen SSI\" \/>\n<meta property=\"og:description\" content=\"Der SSI Extended Range Nitrox Kurs ist der erste Schritt ins technische Tauchen. Najada diving bietet alle Tec Kurse an, einschlie\u00dflich Trimix Tauchen.\" \/>\n<meta property=\"og:url\" content=\"https:\/\/www.najada.com\/word-press\/language\/de\/technisches-tauchen\/\" \/>\n<meta property=\"og:site_name\" content=\"Najada diving\" \/>\n<meta property=\"article:publisher\" content=\"https:\/\/www.facebook.com\/NajadaDiving\" \/>\n<meta property=\"article:modified_time\" content=\"2024-04-24T10:31:14+00:00\" \/>\n<meta property=\"og:image\" content=\"https:\/\/www.najada.com\/word-press\/wp-content\/uploads\/ssi-xrnitrox1.jpg\" \/>\n<meta name=\"twitter:card\" content=\"summary_large_image\" \/>\n<meta name=\"twitter:label1\" content=\"Est. reading time\" \/>\n\t<meta name=\"twitter:data1\" content=\"4 minutes\" \/>\n<script type=\"application\/ld+json\" class=\"yoast-schema-graph\">{\"@context\":\"https:\/\/schema.org\",\"@graph\":[{\"@type\":\"WebPage\",\"@id\":\"https:\/\/www.najada.com\/word-press\/language\/de\/technisches-tauchen\/\",\"url\":\"https:\/\/www.najada.com\/word-press\/language\/de\/technisches-tauchen\/\",\"name\":\"Technisches Tauchen SSI - Najada diving - Kornaten & Wracks - SSI Kurse\",\"isPartOf\":{\"@id\":\"https:\/\/www.najada.com\/word-press\/#website\"},\"datePublished\":\"2017-11-16T15:24:35+00:00\",\"dateModified\":\"2024-04-24T10:31:14+00:00\",\"description\":\"Der SSI Extended Range Nitrox Kurs ist der erste Schritt ins technische Tauchen. Najada diving bietet alle Tec Kurse an, einschlie\u00dflich Trimix Tauchen.\",\"breadcrumb\":{\"@id\":\"https:\/\/www.najada.com\/word-press\/language\/de\/technisches-tauchen\/#breadcrumb\"},\"inLanguage\":\"en-US\",\"potentialAction\":[{\"@type\":\"ReadAction\",\"target\":[\"https:\/\/www.najada.com\/word-press\/language\/de\/technisches-tauchen\/\"]}]},{\"@type\":\"BreadcrumbList\",\"@id\":\"https:\/\/www.najada.com\/word-press\/language\/de\/technisches-tauchen\/#breadcrumb\",\"itemListElement\":[{\"@type\":\"ListItem\",\"position\":1,\"name\":\"Startseite\",\"item\":\"https:\/\/www.najada.com\/word-press\/\"},{\"@type\":\"ListItem\",\"position\":2,\"name\":\"Technisches Tauchen SSI\"}]},{\"@type\":\"WebSite\",\"@id\":\"https:\/\/www.najada.com\/word-press\/#website\",\"url\":\"https:\/\/www.najada.com\/word-press\/\",\"name\":\"Najada diving\",\"description\":\"Tauchen in Kroatien \/ Diving in Croatia\",\"publisher\":{\"@id\":\"https:\/\/www.najada.com\/word-press\/#organization\"},\"potentialAction\":[{\"@type\":\"SearchAction\",\"target\":{\"@type\":\"EntryPoint\",\"urlTemplate\":\"https:\/\/www.najada.com\/word-press\/?s={search_term_string}\"},\"query-input\":\"required name=search_term_string\"}],\"inLanguage\":\"en-US\"},{\"@type\":\"Organization\",\"@id\":\"https:\/\/www.najada.com\/word-press\/#organization\",\"name\":\"Najada d.o.o.\",\"url\":\"https:\/\/www.najada.com\/word-press\/\",\"logo\":{\"@type\":\"ImageObject\",\"inLanguage\":\"en-US\",\"@id\":\"https:\/\/www.najada.com\/word-press\/#\/schema\/logo\/image\/\",\"url\":\"https:\/\/www.najada.com\/word-press\/wp-content\/uploads\/logonurnajada-Kopie.png\",\"contentUrl\":\"https:\/\/www.najada.com\/word-press\/wp-content\/uploads\/logonurnajada-Kopie.png\",\"width\":400,\"height\":405,\"caption\":\"Najada d.o.o.\"},\"image\":{\"@id\":\"https:\/\/www.najada.com\/word-press\/#\/schema\/logo\/image\/\"},\"sameAs\":[\"https:\/\/www.facebook.com\/NajadaDiving\",\"https:\/\/www.instagram.com\/najadadiving\/\",\"https:\/\/www.youtube.com\/user\/najadadiving\/videos\"]}]}<\/script>\n<!-- \/ Yoast SEO Premium plugin. -->","yoast_head_json":{"title":"Technisches Tauchen SSI - Najada diving - Kornaten & Wracks - SSI Kurse","description":"Der SSI Extended Range Nitrox Kurs ist der erste Schritt ins technische Tauchen. Najada diving bietet alle Tec Kurse an, einschlie\u00dflich Trimix Tauchen.","robots":{"index":"index","follow":"follow","max-snippet":"max-snippet:-1","max-image-preview":"max-image-preview:large","max-video-preview":"max-video-preview:-1"},"canonical":"https:\/\/www.najada.com\/word-press\/language\/de\/technisches-tauchen\/","og_locale":"en_US","og_type":"article","og_title":"Technisches Tauchen SSI","og_description":"Der SSI Extended Range Nitrox Kurs ist der erste Schritt ins technische Tauchen. Najada diving bietet alle Tec Kurse an, einschlie\u00dflich Trimix Tauchen.","og_url":"https:\/\/www.najada.com\/word-press\/language\/de\/technisches-tauchen\/","og_site_name":"Najada diving","article_publisher":"https:\/\/www.facebook.com\/NajadaDiving","article_modified_time":"2024-04-24T10:31:14+00:00","og_image":[{"url":"https:\/\/www.najada.com\/word-press\/wp-content\/uploads\/ssi-xrnitrox1.jpg"}],"twitter_card":"summary_large_image","twitter_misc":{"Est. reading time":"4 minutes"},"schema":{"@context":"https:\/\/schema.org","@graph":[{"@type":"WebPage","@id":"https:\/\/www.najada.com\/word-press\/language\/de\/technisches-tauchen\/","url":"https:\/\/www.najada.com\/word-press\/language\/de\/technisches-tauchen\/","name":"Technisches Tauchen SSI - Najada diving - Kornaten & Wracks - SSI Kurse","isPartOf":{"@id":"https:\/\/www.najada.com\/word-press\/#website"},"datePublished":"2017-11-16T15:24:35+00:00","dateModified":"2024-04-24T10:31:14+00:00","description":"Der SSI Extended Range Nitrox Kurs ist der erste Schritt ins technische Tauchen. Najada diving bietet alle Tec Kurse an, einschlie\u00dflich Trimix Tauchen.","breadcrumb":{"@id":"https:\/\/www.najada.com\/word-press\/language\/de\/technisches-tauchen\/#breadcrumb"},"inLanguage":"en-US","potentialAction":[{"@type":"ReadAction","target":["https:\/\/www.najada.com\/word-press\/language\/de\/technisches-tauchen\/"]}]},{"@type":"BreadcrumbList","@id":"https:\/\/www.najada.com\/word-press\/language\/de\/technisches-tauchen\/#breadcrumb","itemListElement":[{"@type":"ListItem","position":1,"name":"Startseite","item":"https:\/\/www.najada.com\/word-press\/"},{"@type":"ListItem","position":2,"name":"Technisches Tauchen SSI"}]},{"@type":"WebSite","@id":"https:\/\/www.najada.com\/word-press\/#website","url":"https:\/\/www.najada.com\/word-press\/","name":"Najada diving","description":"Tauchen in Kroatien \/ Diving in Croatia","publisher":{"@id":"https:\/\/www.najada.com\/word-press\/#organization"},"potentialAction":[{"@type":"SearchAction","target":{"@type":"EntryPoint","urlTemplate":"https:\/\/www.najada.com\/word-press\/?s={search_term_string}"},"query-input":"required name=search_term_string"}],"inLanguage":"en-US"},{"@type":"Organization","@id":"https:\/\/www.najada.com\/word-press\/#organization","name":"Najada d.o.o.","url":"https:\/\/www.najada.com\/word-press\/","logo":{"@type":"ImageObject","inLanguage":"en-US","@id":"https:\/\/www.najada.com\/word-press\/#\/schema\/logo\/image\/","url":"https:\/\/www.najada.com\/word-press\/wp-content\/uploads\/logonurnajada-Kopie.png","contentUrl":"https:\/\/www.najada.com\/word-press\/wp-content\/uploads\/logonurnajada-Kopie.png","width":400,"height":405,"caption":"Najada d.o.o."},"image":{"@id":"https:\/\/www.najada.com\/word-press\/#\/schema\/logo\/image\/"},"sameAs":["https:\/\/www.facebook.com\/NajadaDiving","https:\/\/www.instagram.com\/najadadiving\/","https:\/\/www.youtube.com\/user\/najadadiving\/videos"]}]}},"_links":{"self":[{"href":"https:\/\/www.najada.com\/word-press\/wp-json\/wp\/v2\/pages\/1979"}],"collection":[{"href":"https:\/\/www.najada.com\/word-press\/wp-json\/wp\/v2\/pages"}],"about":[{"href":"https:\/\/www.najada.com\/word-press\/wp-json\/wp\/v2\/types\/page"}],"author":[{"embeddable":true,"href":"https:\/\/www.najada.com\/word-press\/wp-json\/wp\/v2\/users\/1"}],"replies":[{"embeddable":true,"href":"https:\/\/www.najada.com\/word-press\/wp-json\/wp\/v2\/comments?post=1979"}],"version-history":[{"count":16,"href":"https:\/\/www.najada.com\/word-press\/wp-json\/wp\/v2\/pages\/1979\/revisions"}],"predecessor-version":[{"id":8685,"href":"https:\/\/www.najada.com\/word-press\/wp-json\/wp\/v2\/pages\/1979\/revisions\/8685"}],"wp:attachment":[{"href":"https:\/\/www.najada.com\/word-press\/wp-json\/wp\/v2\/media?parent=1979"}],"curies":[{"name":"wp","href":"https:\/\/api.w.org\/{rel}","templated":true}]}}