{"id":1901,"date":"2017-11-14T06:12:15","date_gmt":"2017-11-14T06:12:15","guid":{"rendered":"https:\/\/www.najada.com\/word-press\/?page_id=1901"},"modified":"2024-04-24T10:15:36","modified_gmt":"2024-04-24T10:15:36","slug":"padi-kurse-fuer-freizeittaucher-2","status":"publish","type":"page","link":"https:\/\/www.najada.com\/word-press\/language\/de\/padi-kurse-fuer-freizeittaucher-2\/","title":{"rendered":"PADI Kurse f\u00fcr Freizeittaucher"},"content":{"rendered":"<table style=\"background-color: #8ce9fa;\" width=\"100%\">\n<tbody>\n<tr>\n<td>\n<h2 style=\"text-align: center;\"><span style=\"color: #0000ff;\">OPEN WATER DIVER<\/span><\/h2>\n<h3 class=\"accordion-heading opened\" data-attribute-id=\"72\">BESCHREIBUNG<\/h3>\n<div class=\"accordion-content description\">\n<p>Das ist der entscheidende Schritt in die faszinierende Welt unter Wasser. Der OPEN WATER DIVER Kurs dauert 4-5 Tage und vermittelt dir die theoretischen und praktischen Kenntnisse f\u00fcr den Tauchsport. Das Zertifikat wird weltweit anerkannt und berechtigt dich zum selbstst\u00e4ndigen Tauchen bis 18m (wenn du noch nicht 12 bist darfst du nur auf 12m gehen).<\/p>\n<h3 class=\"accordion-heading opened\" data-attribute-id=\"848\">DETAILS<\/h3>\n<p><img decoding=\"async\" loading=\"lazy\" class=\"wp-image-1837 alignright\" src=\"https:\/\/www.najada.com\/word-press\/wp-content\/uploads\/GOPR3085-1024x803.jpg\" alt=\"\" width=\"392\" height=\"308\" srcset=\"https:\/\/www.najada.com\/word-press\/wp-content\/uploads\/GOPR3085-1024x803.jpg 1024w, https:\/\/www.najada.com\/word-press\/wp-content\/uploads\/GOPR3085-768x602.jpg 768w, https:\/\/www.najada.com\/word-press\/wp-content\/uploads\/GOPR3085-500x392.jpg 500w, https:\/\/www.najada.com\/word-press\/wp-content\/uploads\/GOPR3085.jpg 2040w\" sizes=\"(max-width: 392px) 100vw, 392px\" \/><\/p>\n<p><b>Mindestalter: 10<\/b><strong><span style=\"color: #0000ff;\"><br \/>\n<\/span><\/strong><b>Voraussetzungen: Keine (Schwimmen)<br \/>\nTheorielektionen: Online Programm (oder Klassenzimmer)<br \/>\nPool\/ begrenztes Freiwasser Lektionen: 5<br \/>\nFreiwassertauchg\u00e4nge: 4<br \/>\nTiefenlimit: 18m<br \/>\nEmpfohlene Kursdauer: 4-5 Tage<\/b><\/p>\n<\/div>\n<p>Anbot\/Termine: <span style=\"text-decoration: underline;\"><span style=\"color: #0000ff;\"><a style=\"color: #0000ff; text-decoration: underline;\" href=\"mailto:hello@najada.com?subject=Info%20Kurse\">&nbsp;hello<span class=\"naviklein1\">@najada.com<\/span><\/a><\/span><\/span><\/td>\n<\/tr>\n<\/tbody>\n<\/table>\n<hr>\n<table style=\"background-color: #8ce9fa;\" width=\"100%\">\n<tbody>\n<tr>\n<td>\n<h2 style=\"text-align: center;\"><span style=\"color: #0000ff;\">ADVANCED OPEN WATER DIVER<\/span><\/h2>\n<h3 class=\"accordion-heading opened\" data-attribute-id=\"72\">BESCHREIBUNG<\/h3>\n<div class=\"accordion-content description\">\n<p>Ab 12 Jahren kannst du nach dem OPEN WATER die n\u00e4chste Ausbildungsstufe absolvieren. Der Kurs umfasst f\u00fcnf verschiedene \u00dcbungsmodule. Drei davon kannst du w\u00e4hlen, zwei, n\u00e4mlich Tieftauchen und Unterwassernavigation sind verpflichtend. Der Kurs dauert zwei Tage, international berechtigt dich dieser Schein bis zu 30m tief zu tauchen. Wenn du j\u00fcnger als 15 bist ist die Tauchtiefe auf 21m beschr\u00e4nkt.<\/p>\n<h3 class=\"accordion-heading opened\" data-attribute-id=\"848\">DETAILS<\/h3>\n<p><b>M<\/b><strong><span style=\"color: #0000ff;\"><img decoding=\"async\" loading=\"lazy\" class=\"wp-image-1844 alignright\" src=\"https:\/\/www.najada.com\/word-press\/wp-content\/uploads\/image-0-02-05-ec73076620aced7696714c4be2f922159ac75429ce8c4a1c07f584c801294785-V.jpg\" alt=\"\" width=\"384\" height=\"289\" srcset=\"https:\/\/www.najada.com\/word-press\/wp-content\/uploads\/image-0-02-05-ec73076620aced7696714c4be2f922159ac75429ce8c4a1c07f584c801294785-V.jpg 1280w, https:\/\/www.najada.com\/word-press\/wp-content\/uploads\/image-0-02-05-ec73076620aced7696714c4be2f922159ac75429ce8c4a1c07f584c801294785-V-768x576.jpg 768w, https:\/\/www.najada.com\/word-press\/wp-content\/uploads\/image-0-02-05-ec73076620aced7696714c4be2f922159ac75429ce8c4a1c07f584c801294785-V-1024x768.jpg 1024w, https:\/\/www.najada.com\/word-press\/wp-content\/uploads\/image-0-02-05-ec73076620aced7696714c4be2f922159ac75429ce8c4a1c07f584c801294785-V-500x375.jpg 500w\" sizes=\"(max-width: 384px) 100vw, 384px\" \/><\/span><\/strong><b>indestalter: 12<\/b><strong><br \/>\n<\/strong><b>Voraussetzungen: Open Water Diver<br \/>\nTheorielektionen: Online Programm (oder Klassenzimmer)<br \/>\nPool\/ begrenztes Freiwasser Lektionen: Keine<br \/>\nFreiwassertauchg\u00e4nge: 5<br \/>\nTiefenlimit: 30m<br \/>\nEmpfohlene Kursdauer: 2-3 Tage<\/b><\/p>\n<\/div>\n<p>Anbot\/Termine: <span style=\"text-decoration: underline;\"><span style=\"color: #0000ff;\"><a style=\"color: #0000ff; text-decoration: underline;\" href=\"mailto:hello@najada.com?subject=Info%20Kurse\">&nbsp;hello<span class=\"naviklein1\">@najada.com<\/span><\/a><\/span><\/span><\/td>\n<\/tr>\n<\/tbody>\n<\/table>\n<hr>\n<table style=\"background-color: #8ce9fa;\" width=\"100%\">\n<tbody>\n<tr>\n<td>\n<h2 style=\"text-align: center;\"><span style=\"color: #0000ff;\">DEEP DIVER<\/span><\/h2>\n<h3 class=\"accordion-heading opened\" data-attribute-id=\"72\">BESCHREIBUNG<\/h3>\n<div class=\"accordion-content description\">\n<p>Zum Unterschied zu tropischen Meeren erschlie\u00dft sich die Sch\u00f6nheit des Mittelmeeres oft erst in gr\u00f6\u00dferen Tiefen. Hier ist eine solide Ausbildung besonders wichtig um bis zu 40m ohne erh\u00f6htes Risiko zu tauchen.<\/p>\n<h3 class=\"accordion-heading opened\" data-attribute-id=\"848\">DETAILS<\/h3>\n<p><b style=\"font-family: inherit; font-size: inherit;\">Mindestalter: 15<\/b><strong><span style=\"color: #0000ff;\"><img decoding=\"async\" loading=\"lazy\" class=\"wp-image-1918 alignright\" src=\"https:\/\/www.najada.com\/word-press\/wp-content\/uploads\/deepdive.jpg\" alt=\"\" width=\"376\" height=\"283\"><\/span><\/strong><b><br \/>\nVoraussetzungen: Adventure Diver oder h\u00f6heres Brevet<br \/>\nTheorielektionen: 2 Klassenzimmer<br \/>\nPool\/ begrenztes Freiwasser Lektionen: keine<br \/>\nFreiwassertauchg\u00e4nge: 4<br \/>\nTiefenlimit: 40m<br \/>\nEmpfohlene Kursdauer: 2 Tage<\/b><\/p>\n<\/div>\n<p>Anbot\/Termine: <span style=\"text-decoration: underline;\"><span style=\"color: #0000ff;\"><a style=\"color: #0000ff; text-decoration: underline;\" href=\"mailto:hello@najada.com?subject=Info%20Kurse\">&nbsp;hello<span class=\"naviklein1\">@najada.com<\/span><\/a><\/span><\/span><\/td>\n<\/tr>\n<\/tbody>\n<\/table>\n<hr>\n<table style=\"background-color: #8ce9fa;\" width=\"100%\">\n<tbody>\n<tr>\n<td>\n<h2 style=\"text-align: center;\"><span style=\"color: #0000ff;\">WRECK DIVER<\/span><\/h2>\n<h3 class=\"accordion-heading opened\" data-attribute-id=\"72\">BESCHREIBUNG<\/h3>\n<div class=\"accordion-content description\">\n<p>Wracks z\u00e4hlen zu den faszinierendsten Unterwasserobjekten. Allerdings sollte man dazu einige Techniken beherrschen um die mit dem Wracktauchen verbundenen Risken zu minimieren. Mit Misi und Stuka verf\u00fcgen wir \u00fcber ideale \u00dcbungspl\u00e4tze, wo auch der Anf\u00e4nger gefahrlos seine ersten Erfahrungen sammeln kann.<\/p>\n<h3 class=\"accordion-heading opened\" data-attribute-id=\"848\">DETAILS<\/h3>\n<p><img decoding=\"async\" loading=\"lazy\" class=\"wp-image-1939 alignright\" src=\"https:\/\/www.najada.com\/word-press\/wp-content\/uploads\/misi.jpg\" alt=\"\" width=\"376\" height=\"283\" srcset=\"https:\/\/www.najada.com\/word-press\/wp-content\/uploads\/misi.jpg 1200w, https:\/\/www.najada.com\/word-press\/wp-content\/uploads\/misi-768x576.jpg 768w, https:\/\/www.najada.com\/word-press\/wp-content\/uploads\/misi-1024x768.jpg 1024w, https:\/\/www.najada.com\/word-press\/wp-content\/uploads\/misi-500x375.jpg 500w\" sizes=\"(max-width: 376px) 100vw, 376px\" \/><\/p>\n<p><b style=\"font-family: inherit; font-size: inherit;\">Mindestalter: 15<\/b><b><br \/>\nVoraussetzungen: Adventure Diver oder h\u00f6heres Brevet<br \/>\nTheorielektionen: 2 Klassenzimmer<br \/>\nPool\/ begrenztes Freiwasser Lektionen: keine<br \/>\nFreiwassertauchg\u00e4nge: 4<br \/>\nTiefenlimit: 40m<br \/>\nEmpfohlene Kursdauer: 2 Tage<\/b><\/p>\n<\/div>\n<p>Anbot\/Termine: <span style=\"text-decoration: underline;\"><span style=\"color: #0000ff;\"><a style=\"color: #0000ff; text-decoration: underline;\" href=\"mailto:hello@najada.com?subject=Info%20Kurse\">&nbsp;hello<span class=\"naviklein1\">@najada.com<\/span><\/a><\/span><\/span><\/td>\n<\/tr>\n<\/tbody>\n<\/table>\n<hr>\n<table style=\"background-color: #8ce9fa;\" width=\"100%\">\n<tbody>\n<tr>\n<td>\n<h2 style=\"text-align: center;\"><span style=\"color: #0000ff;\">DRY SUIT DIVER<\/span><\/h2>\n<h3 class=\"accordion-heading opened\" data-attribute-id=\"72\">BESCHREIBUNG<\/h3>\n<div class=\"accordion-content description\">\n<p>Najada ist ein Testcenter f\u00fcr URSUIT&nbsp; Trockies und bietet eine Reihe von verschiedene Modelle zum probieren an. Trockentauchanz\u00fcge erweitern signifikant die Tauchm\u00f6glichkeiten indem sie dich von den Wassertemperaturen weitgehend unabh\u00e4ngig machen. Im Kurs erf\u00e4hrst du welches Material am besten deinen Bed\u00fcrfnissen entspricht, wie du deinen Anzug pflegst und nat\u00fcrlich was du beim Tauchen beachten musst. Du musst kein Experte sein, auch Anf\u00e4nger k\u00f6nnen mit Trocki tauchen.<\/p>\n<h3 class=\"accordion-heading opened\" data-attribute-id=\"848\">DETAILS<\/h3>\n<p><img decoding=\"async\" loading=\"lazy\" class=\"wp-image-1946 alignright\" src=\"https:\/\/www.najada.com\/word-press\/wp-content\/uploads\/kevlar.jpg\" alt=\"\" width=\"380\" height=\"291\" srcset=\"https:\/\/www.najada.com\/word-press\/wp-content\/uploads\/kevlar.jpg 800w, https:\/\/www.najada.com\/word-press\/wp-content\/uploads\/kevlar-768x588.jpg 768w, https:\/\/www.najada.com\/word-press\/wp-content\/uploads\/kevlar-500x383.jpg 500w\" sizes=\"(max-width: 380px) 100vw, 380px\" \/><\/p>\n<p><b style=\"font-family: inherit; font-size: inherit;\">Mindestalter: 10<\/b><b><br \/>\nVoraussetzungen: Open Water Diver<br \/>\nTheorielektionen: 1-2 Klassenzimmer<br \/>\nPool\/ begrenztes Freiwasser Lektionen: 1<br \/>\nFreiwassertauchg\u00e4nge: 2<br \/>\nTiefenlimit: 18m (empfohlene)<br \/>\nEmpfohlene Kursdauer: 1-2 Tage<\/b><\/p>\n<\/div>\n<p>Anbot\/Termine: <span style=\"text-decoration: underline;\"><span style=\"color: #0000ff;\"><a style=\"color: #0000ff; text-decoration: underline;\" href=\"mailto:hello@najada.com?subject=Info%20Kurse\">&nbsp;hello<span class=\"naviklein1\">@najada.com<\/span><\/a><\/span><\/span><\/td>\n<\/tr>\n<\/tbody>\n<\/table>\n<hr>\n<table style=\"background-color: #8ce9fa;\" width=\"100%\">\n<tbody>\n<tr>\n<td>\n<h2 style=\"text-align: center;\"><span style=\"color: #0000ff;\">ENRICHED AIR DIVER<\/span><\/h2>\n<h3 class=\"accordion-heading opened\" data-attribute-id=\"72\">BESCHREIBUNG<\/h3>\n<div class=\"accordion-content description\">\n<p>Haben du jemals davon getr\u00e4umt, l\u00e4ngere Nullzeiten zu haben, um zu fotografieren oder Wracks erforschen zu k\u00f6nnen? Oder willst du vielleicht mehr Sicherheit in Bezug auf die Dekompression beim Tauchen? Nitrox erm\u00f6glicht dir genau dies. Durch den geringeren Stickstoffanteil im Atemgas wird auch der K\u00f6per weniger belastet und die Ents\u00e4ttigungszeiten werden drastisch verk\u00fcrzt.Im ENRICHED AIR NITROX Programm erlernst du jene Regeln, die unbedingt bei der Planung von Tauchg\u00e4ngen und Nutzung von Nitrox ber\u00fccksichtigt werden m\u00fcssen, sowie die Gasanalyse deiner Flasche.<\/p>\n<h3 class=\"accordion-heading opened\" data-attribute-id=\"848\">DETAILS<\/h3>\n<p><img decoding=\"async\" loading=\"lazy\" class=\"wp-image-1949 alignright\" src=\"https:\/\/www.najada.com\/word-press\/wp-content\/uploads\/nitrox.jpg\" alt=\"\" width=\"401\" height=\"267\" srcset=\"https:\/\/www.najada.com\/word-press\/wp-content\/uploads\/nitrox.jpg 500w, https:\/\/www.najada.com\/word-press\/wp-content\/uploads\/nitrox-450x300.jpg 450w\" sizes=\"(max-width: 401px) 100vw, 401px\" \/><\/p>\n<p><b style=\"font-family: inherit; font-size: inherit;\">Mindestalter: 15<\/b><b><br \/>\nVoraussetzungen: Open Water Diver<br \/>\nTheorielektionen: 1-2 Klassenzimmer<br \/>\nPool\/ begrenztes Freiwasser Lektionen: Keine<br \/>\nFreiwassertauchg\u00e4nge: 1-2 (optional)<br \/>\nTiefenlimit: variiert<br \/>\nEmpfohlene Kursdauer: 1 Tag<br \/>\nSpezialausr\u00fcstung: siehe PADI Standards<\/b><\/p>\n<\/div>\n<p>Anbot\/Termine: <span style=\"text-decoration: underline;\"><span style=\"color: #0000ff;\"><a style=\"color: #0000ff; text-decoration: underline;\" href=\"mailto:hello@najada.com?subject=Info%20Kurse\">&nbsp;hello<span class=\"naviklein1\">@najada.com<\/span><\/a><\/span><\/span><\/td>\n<\/tr>\n<\/tbody>\n<\/table>\n<hr>\n<table style=\"background-color: #8ce9fa;\" width=\"100%\">\n<tbody>\n<tr>\n<td>\n<p style=\"text-align: center;\"><span style=\"color: #0000ff;\"><span style=\"color: #333333;\">Wir zeigen hier nur eine kleine Auswahl von Kursen. F\u00fcr weitere Informationen klick hier:<br \/>\n<\/span><\/span><\/p>\n<p style=\"text-align: center;\"><span style=\"color: #0000ff;\"><span style=\"color: #333333;\"><a href=\"https:\/\/www.padi.com\" target=\"_blank\" rel=\"noopener\"><img decoding=\"async\" loading=\"lazy\" class=\"aligncenter wp-image-1558\" src=\"https:\/\/www.najada.com\/word-press\/wp-content\/uploads\/padi_logo.jpg\" alt=\"\" width=\"85\" height=\"85\" srcset=\"https:\/\/www.najada.com\/word-press\/wp-content\/uploads\/padi_logo.jpg 400w, https:\/\/www.najada.com\/word-press\/wp-content\/uploads\/padi_logo-300x300.jpg 300w, https:\/\/www.najada.com\/word-press\/wp-content\/uploads\/padi_logo-150x150.jpg 150w\" sizes=\"(max-width: 85px) 100vw, 85px\" \/><\/a><\/span><\/span><\/p>\n<\/td>\n<\/tr>\n<\/tbody>\n<\/table>\n<hr>\n","protected":false},"excerpt":{"rendered":"<p>OPEN WATER DIVER BESCHREIBUNG Das ist der entscheidende Schritt in die faszinierende Welt unter Wasser. Der OPEN WATER DIVER Kurs dauert 4-5 Tage und vermittelt dir die theoretischen und praktischen Kenntnisse f\u00fcr den Tauchsport. Das Zertifikat wird weltweit anerkannt und berechtigt dich zum selbstst\u00e4ndigen Tauchen bis 18m (wenn du noch nicht 12 bist darfst du [&hellip;]<\/p>\n","protected":false},"author":1,"featured_media":0,"parent":0,"menu_order":0,"comment_status":"closed","ping_status":"closed","template":"","meta":{"ngg_post_thumbnail":0},"yoast_head":"<!-- This site is optimized with the Yoast SEO Premium plugin v20.2 (Yoast SEO v20.2) - https:\/\/yoast.com\/wordpress\/plugins\/seo\/ -->\n<title>PADI Open Water Tauchkurse in Kroatien - Najada diving<\/title>\n<meta name=\"description\" content=\"Der PADI OPEN WATER DIVER Kurs ist der entscheidende Schritt in die faszinierende Welt unter Wasser. Das Zertifikat wird weltweit anerkannt.\" \/>\n<meta name=\"robots\" content=\"index, follow, max-snippet:-1, max-image-preview:large, max-video-preview:-1\" \/>\n<link rel=\"canonical\" href=\"https:\/\/www.najada.com\/word-press\/language\/de\/padi-kurse-fuer-freizeittaucher-2\/\" \/>\n<meta property=\"og:locale\" content=\"en_US\" \/>\n<meta property=\"og:type\" content=\"article\" \/>\n<meta property=\"og:title\" content=\"PADI Kurse f\u00fcr Freizeittaucher\" \/>\n<meta property=\"og:description\" content=\"Der PADI OPEN WATER DIVER Kurs ist der entscheidende Schritt in die faszinierende Welt unter Wasser. Das Zertifikat wird weltweit anerkannt.\" \/>\n<meta property=\"og:url\" content=\"https:\/\/www.najada.com\/word-press\/language\/de\/padi-kurse-fuer-freizeittaucher-2\/\" \/>\n<meta property=\"og:site_name\" content=\"Najada diving\" \/>\n<meta property=\"article:publisher\" content=\"https:\/\/www.facebook.com\/NajadaDiving\" \/>\n<meta property=\"article:modified_time\" content=\"2024-04-24T10:15:36+00:00\" \/>\n<meta property=\"og:image\" content=\"https:\/\/www.najada.com\/word-press\/wp-content\/uploads\/GOPR3085-1024x803.jpg\" \/>\n<meta name=\"twitter:card\" content=\"summary_large_image\" \/>\n<meta name=\"twitter:label1\" content=\"Est. reading time\" \/>\n\t<meta name=\"twitter:data1\" content=\"4 minutes\" \/>\n<script type=\"application\/ld+json\" class=\"yoast-schema-graph\">{\"@context\":\"https:\/\/schema.org\",\"@graph\":[{\"@type\":\"WebPage\",\"@id\":\"https:\/\/www.najada.com\/word-press\/language\/de\/padi-kurse-fuer-freizeittaucher-2\/\",\"url\":\"https:\/\/www.najada.com\/word-press\/language\/de\/padi-kurse-fuer-freizeittaucher-2\/\",\"name\":\"PADI Open Water Tauchkurse in Kroatien - Najada diving\",\"isPartOf\":{\"@id\":\"https:\/\/www.najada.com\/word-press\/#website\"},\"datePublished\":\"2017-11-14T06:12:15+00:00\",\"dateModified\":\"2024-04-24T10:15:36+00:00\",\"description\":\"Der PADI OPEN WATER DIVER Kurs ist der entscheidende Schritt in die faszinierende Welt unter Wasser. Das Zertifikat wird weltweit anerkannt.\",\"breadcrumb\":{\"@id\":\"https:\/\/www.najada.com\/word-press\/language\/de\/padi-kurse-fuer-freizeittaucher-2\/#breadcrumb\"},\"inLanguage\":\"en-US\",\"potentialAction\":[{\"@type\":\"ReadAction\",\"target\":[\"https:\/\/www.najada.com\/word-press\/language\/de\/padi-kurse-fuer-freizeittaucher-2\/\"]}]},{\"@type\":\"BreadcrumbList\",\"@id\":\"https:\/\/www.najada.com\/word-press\/language\/de\/padi-kurse-fuer-freizeittaucher-2\/#breadcrumb\",\"itemListElement\":[{\"@type\":\"ListItem\",\"position\":1,\"name\":\"Startseite\",\"item\":\"https:\/\/www.najada.com\/word-press\/\"},{\"@type\":\"ListItem\",\"position\":2,\"name\":\"PADI Kurse f\u00fcr Freizeittaucher\"}]},{\"@type\":\"WebSite\",\"@id\":\"https:\/\/www.najada.com\/word-press\/#website\",\"url\":\"https:\/\/www.najada.com\/word-press\/\",\"name\":\"Najada diving\",\"description\":\"Tauchen in Kroatien \/ Diving in Croatia\",\"publisher\":{\"@id\":\"https:\/\/www.najada.com\/word-press\/#organization\"},\"potentialAction\":[{\"@type\":\"SearchAction\",\"target\":{\"@type\":\"EntryPoint\",\"urlTemplate\":\"https:\/\/www.najada.com\/word-press\/?s={search_term_string}\"},\"query-input\":\"required name=search_term_string\"}],\"inLanguage\":\"en-US\"},{\"@type\":\"Organization\",\"@id\":\"https:\/\/www.najada.com\/word-press\/#organization\",\"name\":\"Najada d.o.o.\",\"url\":\"https:\/\/www.najada.com\/word-press\/\",\"logo\":{\"@type\":\"ImageObject\",\"inLanguage\":\"en-US\",\"@id\":\"https:\/\/www.najada.com\/word-press\/#\/schema\/logo\/image\/\",\"url\":\"https:\/\/www.najada.com\/word-press\/wp-content\/uploads\/logonurnajada-Kopie.png\",\"contentUrl\":\"https:\/\/www.najada.com\/word-press\/wp-content\/uploads\/logonurnajada-Kopie.png\",\"width\":400,\"height\":405,\"caption\":\"Najada d.o.o.\"},\"image\":{\"@id\":\"https:\/\/www.najada.com\/word-press\/#\/schema\/logo\/image\/\"},\"sameAs\":[\"https:\/\/www.facebook.com\/NajadaDiving\",\"https:\/\/www.instagram.com\/najadadiving\/\",\"https:\/\/www.youtube.com\/user\/najadadiving\/videos\"]}]}<\/script>\n<!-- \/ Yoast SEO Premium plugin. -->","yoast_head_json":{"title":"PADI Open Water Tauchkurse in Kroatien - Najada diving","description":"Der PADI OPEN WATER DIVER Kurs ist der entscheidende Schritt in die faszinierende Welt unter Wasser. Das Zertifikat wird weltweit anerkannt.","robots":{"index":"index","follow":"follow","max-snippet":"max-snippet:-1","max-image-preview":"max-image-preview:large","max-video-preview":"max-video-preview:-1"},"canonical":"https:\/\/www.najada.com\/word-press\/language\/de\/padi-kurse-fuer-freizeittaucher-2\/","og_locale":"en_US","og_type":"article","og_title":"PADI Kurse f\u00fcr Freizeittaucher","og_description":"Der PADI OPEN WATER DIVER Kurs ist der entscheidende Schritt in die faszinierende Welt unter Wasser. Das Zertifikat wird weltweit anerkannt.","og_url":"https:\/\/www.najada.com\/word-press\/language\/de\/padi-kurse-fuer-freizeittaucher-2\/","og_site_name":"Najada diving","article_publisher":"https:\/\/www.facebook.com\/NajadaDiving","article_modified_time":"2024-04-24T10:15:36+00:00","og_image":[{"url":"https:\/\/www.najada.com\/word-press\/wp-content\/uploads\/GOPR3085-1024x803.jpg"}],"twitter_card":"summary_large_image","twitter_misc":{"Est. reading time":"4 minutes"},"schema":{"@context":"https:\/\/schema.org","@graph":[{"@type":"WebPage","@id":"https:\/\/www.najada.com\/word-press\/language\/de\/padi-kurse-fuer-freizeittaucher-2\/","url":"https:\/\/www.najada.com\/word-press\/language\/de\/padi-kurse-fuer-freizeittaucher-2\/","name":"PADI Open Water Tauchkurse in Kroatien - Najada diving","isPartOf":{"@id":"https:\/\/www.najada.com\/word-press\/#website"},"datePublished":"2017-11-14T06:12:15+00:00","dateModified":"2024-04-24T10:15:36+00:00","description":"Der PADI OPEN WATER DIVER Kurs ist der entscheidende Schritt in die faszinierende Welt unter Wasser. Das Zertifikat wird weltweit anerkannt.","breadcrumb":{"@id":"https:\/\/www.najada.com\/word-press\/language\/de\/padi-kurse-fuer-freizeittaucher-2\/#breadcrumb"},"inLanguage":"en-US","potentialAction":[{"@type":"ReadAction","target":["https:\/\/www.najada.com\/word-press\/language\/de\/padi-kurse-fuer-freizeittaucher-2\/"]}]},{"@type":"BreadcrumbList","@id":"https:\/\/www.najada.com\/word-press\/language\/de\/padi-kurse-fuer-freizeittaucher-2\/#breadcrumb","itemListElement":[{"@type":"ListItem","position":1,"name":"Startseite","item":"https:\/\/www.najada.com\/word-press\/"},{"@type":"ListItem","position":2,"name":"PADI Kurse f\u00fcr Freizeittaucher"}]},{"@type":"WebSite","@id":"https:\/\/www.najada.com\/word-press\/#website","url":"https:\/\/www.najada.com\/word-press\/","name":"Najada diving","description":"Tauchen in Kroatien \/ Diving in Croatia","publisher":{"@id":"https:\/\/www.najada.com\/word-press\/#organization"},"potentialAction":[{"@type":"SearchAction","target":{"@type":"EntryPoint","urlTemplate":"https:\/\/www.najada.com\/word-press\/?s={search_term_string}"},"query-input":"required name=search_term_string"}],"inLanguage":"en-US"},{"@type":"Organization","@id":"https:\/\/www.najada.com\/word-press\/#organization","name":"Najada d.o.o.","url":"https:\/\/www.najada.com\/word-press\/","logo":{"@type":"ImageObject","inLanguage":"en-US","@id":"https:\/\/www.najada.com\/word-press\/#\/schema\/logo\/image\/","url":"https:\/\/www.najada.com\/word-press\/wp-content\/uploads\/logonurnajada-Kopie.png","contentUrl":"https:\/\/www.najada.com\/word-press\/wp-content\/uploads\/logonurnajada-Kopie.png","width":400,"height":405,"caption":"Najada d.o.o."},"image":{"@id":"https:\/\/www.najada.com\/word-press\/#\/schema\/logo\/image\/"},"sameAs":["https:\/\/www.facebook.com\/NajadaDiving","https:\/\/www.instagram.com\/najadadiving\/","https:\/\/www.youtube.com\/user\/najadadiving\/videos"]}]}},"_links":{"self":[{"href":"https:\/\/www.najada.com\/word-press\/wp-json\/wp\/v2\/pages\/1901"}],"collection":[{"href":"https:\/\/www.najada.com\/word-press\/wp-json\/wp\/v2\/pages"}],"about":[{"href":"https:\/\/www.najada.com\/word-press\/wp-json\/wp\/v2\/types\/page"}],"author":[{"embeddable":true,"href":"https:\/\/www.najada.com\/word-press\/wp-json\/wp\/v2\/users\/1"}],"replies":[{"embeddable":true,"href":"https:\/\/www.najada.com\/word-press\/wp-json\/wp\/v2\/comments?post=1901"}],"version-history":[{"count":32,"href":"https:\/\/www.najada.com\/word-press\/wp-json\/wp\/v2\/pages\/1901\/revisions"}],"predecessor-version":[{"id":8682,"href":"https:\/\/www.najada.com\/word-press\/wp-json\/wp\/v2\/pages\/1901\/revisions\/8682"}],"wp:attachment":[{"href":"https:\/\/www.najada.com\/word-press\/wp-json\/wp\/v2\/media?parent=1901"}],"curies":[{"name":"wp","href":"https:\/\/api.w.org\/{rel}","templated":true}]}}