{"id":1819,"date":"2017-11-12T14:52:37","date_gmt":"2017-11-12T14:52:37","guid":{"rendered":"https:\/\/www.najada.com\/word-press\/?page_id=1819"},"modified":"2024-04-24T10:22:52","modified_gmt":"2024-04-24T10:22:52","slug":"ssi-de-open-water-diver","status":"publish","type":"page","link":"https:\/\/www.najada.com\/word-press\/language\/de\/ssi-de-open-water-diver\/","title":{"rendered":"SSI de Sport Diving"},"content":{"rendered":"<p>&nbsp;<\/p>\n<table style=\"background-color: #8ce9fa;\" width=\"100%\">\n<tbody>\n<tr>\n<td>\n<h2 style=\"text-align: center;\"><span style=\"color: #0000ff;\">SSI OPEN WATER DIVER<\/span><\/h2>\n<h3 class=\"accordion-heading opened\" data-attribute-id=\"72\">BESCHREIBUNG<\/h3>\n<div class=\"accordion-content description\">\n<p>SSI Open Water Diver ist ein weltweit anerkannte Zertifizierungsprogramm ist der beste Weg, ein lebenslanges Abenteuer als zertifizierter Taucher zu beginnen. Durch eine individuell angepasste Ausbildung, die mit \u00dcbungen im Wasser kombiniert wird, erh\u00e4ltst Du die erforderlichen F\u00e4higkeiten und Erfahrungen um Dich komfortabel und sicher unter Wasser zu f\u00fchlen. Du erh\u00e4ltst die SSI Open Water Diver Zertifizierung.<\/p>\n<h3 class=\"accordion-heading opened\" data-attribute-id=\"848\">DETAILS<\/h3>\n<p><b>Mindestalter: 10<\/b><strong><span style=\"color: #0000ff;\"><img decoding=\"async\" loading=\"lazy\" class=\"wp-image-1809 alignright\" src=\"https:\/\/www.najada.com\/word-press\/wp-content\/uploads\/ssi-owd.jpg\" alt=\"\" width=\"406\" height=\"258\" srcset=\"https:\/\/www.najada.com\/word-press\/wp-content\/uploads\/ssi-owd.jpg 598w, https:\/\/www.najada.com\/word-press\/wp-content\/uploads\/ssi-owd-500x318.jpg 500w\" sizes=\"(max-width: 406px) 100vw, 406px\" \/><br \/>\n<\/span><\/strong><b>Voraussetzungen: Keine<br \/>\nTheorielektionen: Online Programm<br \/>\nPool\/begrenztes Freiwasser Lektionen: 6<br \/>\nFreiwassertauchg\u00e4nge: 4<br \/>\nTiefenlimit: 18m<br \/>\nEmpfohlene Kursdauer: 4-5 Tage<\/b><\/p>\n<p>Anbot\/Termine: <span style=\"text-decoration: underline;\"><span style=\"color: #0000ff;\"><a style=\"color: #0000ff; text-decoration: underline;\" href=\"mailto:hello@najada.com?subject=Info%20Kurse\"><span class=\"naviklein1\">hello@najada.com<\/span><\/a><\/span><\/span><\/p>\n<\/div>\n<\/td>\n<\/tr>\n<\/tbody>\n<\/table>\n<hr>\n<table style=\"background-color: #8ce9fa;\" width=\"100%\">\n<tbody>\n<tr>\n<td>\n<h2 style=\"text-align: center;\"><span style=\"color: #0000ff;\">ADVANCED ADVENTURER<\/span><\/h2>\n<h3 class=\"accordion-heading opened\" data-attribute-id=\"72\">BESCHREIBUNG<\/h3>\n<div class=\"accordion-content description\">\n<p>Dieses Programm erm\u00f6glicht Dir, f\u00fcnf verschiedene Freiwassertauchg\u00e4nge aus f\u00fcnf SSI Specialty Programmen zu erleben, ohne die gesamten Specialties abschlie\u00dfen zu m\u00fcssen. Wenn Du nicht sicher bist, wie Du weiter machen m\u00f6chtest, ist dies der perfekte Weg, um Deine Tauchfertigkeiten und Erfahrungen zu verbessern und herauszufinden, welche Specialty Programme dich interessieren k\u00f6nnten. Diese Tauchg\u00e4nge werden nat\u00fcrlich angerechnet solltest Du Dich entschliessen ein oder mehrere der Specialtys komplett zu absolvieren.Du erh\u00e4ltst nach Abschluss dieses Programms die SSI Advanced Adventurer Zertifizierung.<\/p>\n<h3 class=\"accordion-heading opened\" data-attribute-id=\"848\">DETAILS<\/h3>\n<p><b>Mindestalter:&nbsp;10; 12 wenn ein Deep Diving Tauchgang enthalten ist<\/b><strong><span style=\"color: #0000ff;\"><img decoding=\"async\" loading=\"lazy\" class=\"wp-image-1816 alignright\" src=\"https:\/\/www.najada.com\/word-press\/wp-content\/uploads\/ssi-adv-1.jpg\" alt=\"\" width=\"388\" height=\"248\"><br \/>\n<\/span><\/strong><b>Voraussetzungen: Open Water Diver<br \/>\nTheorielektionen: Online Programm<br \/>\nPool\/begrenztes Freiwasser Lektionen: nicht mehr als 5<br \/>\nFreiwassertauchg\u00e4nge: nicht mehr als 5<br \/>\nTiefenlimit: 30m (variiert)<br \/>\nEmpfohlene Kursdauer: 2-3 Tage<\/b><\/p>\n<p>Anbot\/Termine: <span style=\"text-decoration: underline;\"><span style=\"color: #0000ff;\"><a style=\"color: #0000ff; text-decoration: underline;\" href=\"mailto:hello@najada.com?subject=Info%20Kurse\">&nbsp;hello<span class=\"naviklein1\">@najada.com<\/span><\/a><\/span><\/span><\/p>\n<\/div>\n<\/td>\n<\/tr>\n<\/tbody>\n<\/table>\n<hr>\n<table style=\"background-color: #8ce9fa;\" width=\"100%\">\n<tbody>\n<tr>\n<td>\n<h2 style=\"text-align: center;\"><span style=\"color: #0000ff;\">DEEP DIVING<\/span><\/h2>\n<h3 class=\"accordion-heading opened\" data-attribute-id=\"72\">BESCHREIBUNG<\/h3>\n<div class=\"accordion-content description\">\n<p>Viele spannende Tauchpl\u00e4tze befinden sich in tieferen Gew\u00e4ssern. Ohne entsprechende Ausbildung, k\u00f6nnen Tieftauchg\u00e4nge sehr gef\u00e4hrlich werden. Das SSI Deep Diving Specialty bietet Dir die M\u00f6glichkeit, Tauchg\u00e4nge unter 18 Meter sicher und komfortabel zu planen und durchzuf\u00fchren und ist Voraussetzung f\u00fcr Deine weitere Tauchkarriere. Du erh\u00e4ltst nach Abschluss dieses Programms, die SSI Deep Diving Specialty Zertifizierung.<\/p>\n<h3 class=\"accordion-heading opened\" data-attribute-id=\"848\">DETAILS<\/h3>\n<p><b>Mindestalter:&nbsp;15<\/b><strong><span style=\"color: #0000ff;\"><img decoding=\"async\" loading=\"lazy\" class=\"wp-image-1927 alignright\" src=\"https:\/\/www.najada.com\/word-press\/wp-content\/uploads\/deep-ssi.jpg\" alt=\"\" width=\"387\" height=\"246\" srcset=\"https:\/\/www.najada.com\/word-press\/wp-content\/uploads\/deep-ssi.jpg 598w, https:\/\/www.najada.com\/word-press\/wp-content\/uploads\/deep-ssi-500x318.jpg 500w\" sizes=\"(max-width: 387px) 100vw, 387px\" \/><br \/>\n<\/span><\/strong><b>Voraussetzungen: Open Water Diver<br \/>\nTheorielektionen: 1<br \/>\nPool\/begrenztes Freiwasser Lektionen: optional<br \/>\nFreiwassertauchg\u00e4nge: 3<br \/>\nTiefenlimit: 40m<br \/>\nEmpfohlene Kursdauer: 2 Tage<\/b><\/p>\n<p>Anbot\/Termine: <span style=\"text-decoration: underline;\"><span style=\"color: #0000ff;\"><a style=\"color: #0000ff; text-decoration: underline;\" href=\"mailto:hello@najada.com?subject=Info%20Kurse\">&nbsp;hello<span class=\"naviklein1\">@najada.com<\/span><\/a><\/span><\/span><\/p>\n<\/div>\n<\/td>\n<\/tr>\n<\/tbody>\n<\/table>\n<hr>\n<table style=\"background-color: #8ce9fa;\" width=\"100%\">\n<tbody>\n<tr>\n<td>\n<h2 style=\"text-align: center;\"><span style=\"color: #0000ff;\">WRECK DIVING<\/span><\/h2>\n<h3 class=\"accordion-heading opened\" data-attribute-id=\"72\">BESCHREIBUNG<\/h3>\n<div class=\"accordion-content description\">\n<p>Viele der besten Tauchpl\u00e4tze der Ozeane haben k\u00fcnstliche Riffe oder Wracks. Dieses Programm vermittelt das notwendige Wissen und die Fertigkeiten, um sicher \u00fcber und um diese Unterwassersch\u00e4tze zu tauchen. Du erh\u00e4ltst nach Abschluss dieses Programms die SSI Wreck Diving Specialty Zertifizierung.<\/p>\n<h3 class=\"accordion-heading opened\" data-attribute-id=\"848\">DETAILS<\/h3>\n<p><b>Mindestalter:&nbsp;10<\/b><strong><span style=\"color: #0000ff;\"><img decoding=\"async\" loading=\"lazy\" class=\"wp-image-1958 alignright\" src=\"https:\/\/www.najada.com\/word-press\/wp-content\/uploads\/ssi-wreck.jpg\" alt=\"\" width=\"385\" height=\"245\" srcset=\"https:\/\/www.najada.com\/word-press\/wp-content\/uploads\/ssi-wreck.jpg 598w, https:\/\/www.najada.com\/word-press\/wp-content\/uploads\/ssi-wreck-500x318.jpg 500w\" sizes=\"(max-width: 385px) 100vw, 385px\" \/><br \/>\n<\/span><\/strong><b>Voraussetzungen: Open Water Diver<br \/>\nTheorielektionen: Online Programm<br \/>\nPool\/begrenztes Freiwasser Lektionen: 1 optional<br \/>\nFreiwassertauchg\u00e4nge: 2<br \/>\nTiefenlimit: Variiert je nach Alter<br \/>\nEmpfohlene Kursdauer: 1-2 Tage<\/b><\/p>\n<p>Anbot\/Termine: <span style=\"text-decoration: underline;\"><span style=\"color: #0000ff;\"><a style=\"color: #0000ff; text-decoration: underline;\" href=\"mailto:hello@najada.com?subject=Info%20Kurse\">&nbsp;hello<span class=\"naviklein1\">@najada.com<\/span><\/a><\/span><\/span><\/p>\n<\/div>\n<\/td>\n<\/tr>\n<\/tbody>\n<\/table>\n<hr>\n<table style=\"background-color: #8ce9fa;\" width=\"100%\">\n<tbody>\n<tr>\n<td>\n<h2 style=\"text-align: center;\"><span style=\"color: #0000ff;\">DRY SUIT DIVING<\/span><\/h2>\n<h3 class=\"accordion-heading opened\" data-attribute-id=\"72\">BESCHREIBUNG<\/h3>\n<div class=\"accordion-content description\">\n<p>Dieses Programm vermittelt das notwendige Wissen und die Fertigkeiten, um mit einem Trockentauchanzug sicher und komfortabel tauchen zu k\u00f6nnen. Du lernst alles \u00fcber die speziellen Anforderungen beim Tauchen mit einem Trockentauchanzug und \u00fcber die korrekte Benutzung Deiner neuen Ausr\u00fcstung. Au\u00dferdem lernst Du viel \u00fcber die Vorteile eines Trockentauchanzugs und das korrekte Verhalten in Notfallsituationen, das beim Dry Suit Diving anders ist. Du erh\u00e4ltst nach Abschluss dieses Programms die SSI Dry Suit Diving Specialty Zertifizierung.<\/p>\n<h3 class=\"accordion-heading opened\" data-attribute-id=\"848\">DETAILS<\/h3>\n<p><b>Mindestalter:&nbsp;10<\/b><strong><span style=\"color: #0000ff;\"><img decoding=\"async\" loading=\"lazy\" class=\"wp-image-1961 alignright\" src=\"https:\/\/www.najada.com\/word-press\/wp-content\/uploads\/ssi-dry.jpg\" alt=\"\" width=\"386\" height=\"246\" srcset=\"https:\/\/www.najada.com\/word-press\/wp-content\/uploads\/ssi-dry.jpg 598w, https:\/\/www.najada.com\/word-press\/wp-content\/uploads\/ssi-dry-500x318.jpg 500w\" sizes=\"(max-width: 386px) 100vw, 386px\" \/><br \/>\n<\/span><\/strong><b>Voraussetzungen: Open Water Diver<br \/>\nTheorielektionen: 6<br \/>\nPool\/begrenztes Freiwasser Lektionen: 1 obligatorisch vor dem Freiwassertg<br \/>\nFreiwassertauchg\u00e4nge: 2<br \/>\nTiefenlimit: 30m (12-14 Jahre:18m)<br \/>\nEmpfohlene Kursdauer: 2 Tage<\/b><\/p>\n<p>Anbot\/Termine: <a href=\"mailto:hello@najada.com?subject=Info%20Kurse\"><span style=\"text-decoration: underline;\"><span style=\"color: #0000ff; text-decoration: underline;\">&nbsp;hello<\/span><\/span><span class=\"naviklein1\"><span style=\"color: #0000ff;\"><span style=\"text-decoration: underline;\">@najada.co<\/span>m<\/span><\/span><\/a><\/p>\n<\/div>\n<\/td>\n<\/tr>\n<\/tbody>\n<\/table>\n<hr>\n<table style=\"background-color: #8ce9fa;\" width=\"100%\">\n<tbody>\n<tr>\n<td>\n<h2 style=\"text-align: center;\"><span style=\"color: #0000ff;\">ENRICHED AIR NITROX<\/span><\/h2>\n<h3 class=\"accordion-heading opened\" data-attribute-id=\"72\">BESCHREIBUNG<\/h3>\n<div class=\"accordion-content description\">\n<p>Das SSI Enriched Air Nitrox Programm zeigt Dir, wie Du mit angereicherten Luftgemischen von bis zu 40% Sauerstoff Tauchg\u00e4nge sicher planen und durchf\u00fchren kannst. Tauchen mit durch Sauerstoff angereicherter Luft (EAN) erh\u00f6ht Deine Dekompressionsgrenzen und Deine Sicherheit und reduziert die erforderliche L\u00e4nge der Oberfl\u00e4chenintervalle im Vergleich zu Luft. Du erh\u00e4ltst die SSI Enriched Air Nitrox 32% oder 40% Zertifizierung nach Abschluss dieses Programms.<\/p>\n<h3 class=\"accordion-heading opened\" data-attribute-id=\"848\">DETAILS<\/h3>\n<p><b>Mindestalter:&nbsp;10<\/b><strong><span style=\"color: #0000ff;\"><img decoding=\"async\" loading=\"lazy\" class=\"wp-image-1963 alignright\" src=\"https:\/\/www.najada.com\/word-press\/wp-content\/uploads\/ssi-nitrox.jpg\" alt=\"\" width=\"386\" height=\"245\" srcset=\"https:\/\/www.najada.com\/word-press\/wp-content\/uploads\/ssi-nitrox.jpg 598w, https:\/\/www.najada.com\/word-press\/wp-content\/uploads\/ssi-nitrox-500x318.jpg 500w\" sizes=\"(max-width: 386px) 100vw, 386px\" \/><br \/>\n<\/span><\/strong><b>Voraussetzungen: Open Water Diver (falls eine Ausbildung im Wasser einschl)<br \/>\nTheorielektionen: Online Programm<br \/>\nPool\/begrenztes Freiwasser Lektionen: optional<br \/>\nFreiwassertauchg\u00e4nge: optional<br \/>\nTiefenlimit: optional<br \/>\nEmpfohlene Kursdauer: 1 Tag<br \/>\nSpezialausr\u00fcstung: siehe SSI Standards<\/b><\/p>\n<p>Anbot\/Termine:<span style=\"text-decoration: underline;\"><span style=\"color: #0000ff;\"> <a style=\"color: #0000ff; text-decoration: underline;\" href=\"mailto:hello@najada.com?subject=Info%20Kurse\">&nbsp;hello<span class=\"naviklein1\">@najada.com<\/span><\/a><\/span><\/span><\/p>\n<\/div>\n<\/td>\n<\/tr>\n<\/tbody>\n<\/table>\n<hr>\n<table style=\"background-color: #8ce9fa;\" width=\"100%\">\n<tbody>\n<tr>\n<td>\n<p style=\"text-align: center;\"><span style=\"color: #0000ff;\"><span style=\"color: #333333;\">Wir zeigen hier nur eine kleine Auswahl von Kursen. F\u00fcr weitere Informationen klick hier:<br \/>\n<\/span><\/span><\/p>\n<p style=\"text-align: center;\"><span style=\"color: #0000ff;\"><span style=\"color: #333333;\"><a href=\"https:\/\/www.divessi.com\/en-IC\/home\/\" target=\"_blank\" rel=\"noopener\"><img decoding=\"async\" loading=\"lazy\" class=\"wp-image-1963 aligncenter\" src=\"https:\/\/www.najada.com\/word-press\/wp-content\/uploads\/ssi_logo.jpg\" alt=\"\" width=\"118\" height=\"118\"><\/a><\/span><\/span><\/p>\n<\/td>\n<\/tr>\n<\/tbody>\n<\/table>\n<hr>\n","protected":false},"excerpt":{"rendered":"<p>&nbsp; SSI OPEN WATER DIVER BESCHREIBUNG SSI Open Water Diver ist ein weltweit anerkannte Zertifizierungsprogramm ist der beste Weg, ein lebenslanges Abenteuer als zertifizierter Taucher zu beginnen. Durch eine individuell angepasste Ausbildung, die mit \u00dcbungen im Wasser kombiniert wird, erh\u00e4ltst Du die erforderlichen F\u00e4higkeiten und Erfahrungen um Dich komfortabel und sicher unter Wasser zu f\u00fchlen. [&hellip;]<\/p>\n","protected":false},"author":3,"featured_media":0,"parent":0,"menu_order":0,"comment_status":"closed","ping_status":"closed","template":"","meta":{"ngg_post_thumbnail":0},"yoast_head":"<!-- This site is optimized with the Yoast SEO Premium plugin v20.2 (Yoast SEO v20.2) - https:\/\/yoast.com\/wordpress\/plugins\/seo\/ -->\n<title>SSI Open Water Diver Tauchkurse in Kroatien - Najada diving<\/title>\n<meta name=\"description\" content=\"In der SSI Open Water Ausbildung, die mit \u00dcbungen im Wasser kombiniert wird, erh\u00e4ltst Du die erforderlichen F\u00e4higkeiten und Erfahrungen\" \/>\n<meta name=\"robots\" content=\"index, follow, max-snippet:-1, max-image-preview:large, max-video-preview:-1\" \/>\n<link rel=\"canonical\" href=\"https:\/\/www.najada.com\/word-press\/language\/de\/ssi-de-open-water-diver\/\" \/>\n<meta property=\"og:locale\" content=\"en_US\" \/>\n<meta property=\"og:type\" content=\"article\" \/>\n<meta property=\"og:title\" content=\"SSI de Sport Diving\" \/>\n<meta property=\"og:description\" content=\"In der SSI Open Water Ausbildung, die mit \u00dcbungen im Wasser kombiniert wird, erh\u00e4ltst Du die erforderlichen F\u00e4higkeiten und Erfahrungen\" \/>\n<meta property=\"og:url\" content=\"https:\/\/www.najada.com\/word-press\/language\/de\/ssi-de-open-water-diver\/\" \/>\n<meta property=\"og:site_name\" content=\"Najada diving\" \/>\n<meta property=\"article:publisher\" content=\"https:\/\/www.facebook.com\/NajadaDiving\" \/>\n<meta property=\"article:modified_time\" content=\"2024-04-24T10:22:52+00:00\" \/>\n<meta property=\"og:image\" content=\"https:\/\/www.najada.com\/word-press\/wp-content\/uploads\/ssi-owd.jpg\" \/>\n<meta name=\"twitter:card\" content=\"summary_large_image\" \/>\n<meta name=\"twitter:label1\" content=\"Est. reading time\" \/>\n\t<meta name=\"twitter:data1\" content=\"4 minutes\" \/>\n<script type=\"application\/ld+json\" class=\"yoast-schema-graph\">{\"@context\":\"https:\/\/schema.org\",\"@graph\":[{\"@type\":\"WebPage\",\"@id\":\"https:\/\/www.najada.com\/word-press\/language\/de\/ssi-de-open-water-diver\/\",\"url\":\"https:\/\/www.najada.com\/word-press\/language\/de\/ssi-de-open-water-diver\/\",\"name\":\"SSI Open Water Diver Tauchkurse in Kroatien - Najada diving\",\"isPartOf\":{\"@id\":\"https:\/\/www.najada.com\/word-press\/#website\"},\"datePublished\":\"2017-11-12T14:52:37+00:00\",\"dateModified\":\"2024-04-24T10:22:52+00:00\",\"description\":\"In der SSI Open Water Ausbildung, die mit \u00dcbungen im Wasser kombiniert wird, erh\u00e4ltst Du die erforderlichen F\u00e4higkeiten und Erfahrungen\",\"breadcrumb\":{\"@id\":\"https:\/\/www.najada.com\/word-press\/language\/de\/ssi-de-open-water-diver\/#breadcrumb\"},\"inLanguage\":\"en-US\",\"potentialAction\":[{\"@type\":\"ReadAction\",\"target\":[\"https:\/\/www.najada.com\/word-press\/language\/de\/ssi-de-open-water-diver\/\"]}]},{\"@type\":\"BreadcrumbList\",\"@id\":\"https:\/\/www.najada.com\/word-press\/language\/de\/ssi-de-open-water-diver\/#breadcrumb\",\"itemListElement\":[{\"@type\":\"ListItem\",\"position\":1,\"name\":\"Startseite\",\"item\":\"https:\/\/www.najada.com\/word-press\/\"},{\"@type\":\"ListItem\",\"position\":2,\"name\":\"SSI de Sport Diving\"}]},{\"@type\":\"WebSite\",\"@id\":\"https:\/\/www.najada.com\/word-press\/#website\",\"url\":\"https:\/\/www.najada.com\/word-press\/\",\"name\":\"Najada diving\",\"description\":\"Tauchen in Kroatien \/ Diving in Croatia\",\"publisher\":{\"@id\":\"https:\/\/www.najada.com\/word-press\/#organization\"},\"potentialAction\":[{\"@type\":\"SearchAction\",\"target\":{\"@type\":\"EntryPoint\",\"urlTemplate\":\"https:\/\/www.najada.com\/word-press\/?s={search_term_string}\"},\"query-input\":\"required name=search_term_string\"}],\"inLanguage\":\"en-US\"},{\"@type\":\"Organization\",\"@id\":\"https:\/\/www.najada.com\/word-press\/#organization\",\"name\":\"Najada d.o.o.\",\"url\":\"https:\/\/www.najada.com\/word-press\/\",\"logo\":{\"@type\":\"ImageObject\",\"inLanguage\":\"en-US\",\"@id\":\"https:\/\/www.najada.com\/word-press\/#\/schema\/logo\/image\/\",\"url\":\"https:\/\/www.najada.com\/word-press\/wp-content\/uploads\/logonurnajada-Kopie.png\",\"contentUrl\":\"https:\/\/www.najada.com\/word-press\/wp-content\/uploads\/logonurnajada-Kopie.png\",\"width\":400,\"height\":405,\"caption\":\"Najada d.o.o.\"},\"image\":{\"@id\":\"https:\/\/www.najada.com\/word-press\/#\/schema\/logo\/image\/\"},\"sameAs\":[\"https:\/\/www.facebook.com\/NajadaDiving\",\"https:\/\/www.instagram.com\/najadadiving\/\",\"https:\/\/www.youtube.com\/user\/najadadiving\/videos\"]}]}<\/script>\n<!-- \/ Yoast SEO Premium plugin. -->","yoast_head_json":{"title":"SSI Open Water Diver Tauchkurse in Kroatien - Najada diving","description":"In der SSI Open Water Ausbildung, die mit \u00dcbungen im Wasser kombiniert wird, erh\u00e4ltst Du die erforderlichen F\u00e4higkeiten und Erfahrungen","robots":{"index":"index","follow":"follow","max-snippet":"max-snippet:-1","max-image-preview":"max-image-preview:large","max-video-preview":"max-video-preview:-1"},"canonical":"https:\/\/www.najada.com\/word-press\/language\/de\/ssi-de-open-water-diver\/","og_locale":"en_US","og_type":"article","og_title":"SSI de Sport Diving","og_description":"In der SSI Open Water Ausbildung, die mit \u00dcbungen im Wasser kombiniert wird, erh\u00e4ltst Du die erforderlichen F\u00e4higkeiten und Erfahrungen","og_url":"https:\/\/www.najada.com\/word-press\/language\/de\/ssi-de-open-water-diver\/","og_site_name":"Najada diving","article_publisher":"https:\/\/www.facebook.com\/NajadaDiving","article_modified_time":"2024-04-24T10:22:52+00:00","og_image":[{"url":"https:\/\/www.najada.com\/word-press\/wp-content\/uploads\/ssi-owd.jpg"}],"twitter_card":"summary_large_image","twitter_misc":{"Est. reading time":"4 minutes"},"schema":{"@context":"https:\/\/schema.org","@graph":[{"@type":"WebPage","@id":"https:\/\/www.najada.com\/word-press\/language\/de\/ssi-de-open-water-diver\/","url":"https:\/\/www.najada.com\/word-press\/language\/de\/ssi-de-open-water-diver\/","name":"SSI Open Water Diver Tauchkurse in Kroatien - Najada diving","isPartOf":{"@id":"https:\/\/www.najada.com\/word-press\/#website"},"datePublished":"2017-11-12T14:52:37+00:00","dateModified":"2024-04-24T10:22:52+00:00","description":"In der SSI Open Water Ausbildung, die mit \u00dcbungen im Wasser kombiniert wird, erh\u00e4ltst Du die erforderlichen F\u00e4higkeiten und Erfahrungen","breadcrumb":{"@id":"https:\/\/www.najada.com\/word-press\/language\/de\/ssi-de-open-water-diver\/#breadcrumb"},"inLanguage":"en-US","potentialAction":[{"@type":"ReadAction","target":["https:\/\/www.najada.com\/word-press\/language\/de\/ssi-de-open-water-diver\/"]}]},{"@type":"BreadcrumbList","@id":"https:\/\/www.najada.com\/word-press\/language\/de\/ssi-de-open-water-diver\/#breadcrumb","itemListElement":[{"@type":"ListItem","position":1,"name":"Startseite","item":"https:\/\/www.najada.com\/word-press\/"},{"@type":"ListItem","position":2,"name":"SSI de Sport Diving"}]},{"@type":"WebSite","@id":"https:\/\/www.najada.com\/word-press\/#website","url":"https:\/\/www.najada.com\/word-press\/","name":"Najada diving","description":"Tauchen in Kroatien \/ Diving in Croatia","publisher":{"@id":"https:\/\/www.najada.com\/word-press\/#organization"},"potentialAction":[{"@type":"SearchAction","target":{"@type":"EntryPoint","urlTemplate":"https:\/\/www.najada.com\/word-press\/?s={search_term_string}"},"query-input":"required name=search_term_string"}],"inLanguage":"en-US"},{"@type":"Organization","@id":"https:\/\/www.najada.com\/word-press\/#organization","name":"Najada d.o.o.","url":"https:\/\/www.najada.com\/word-press\/","logo":{"@type":"ImageObject","inLanguage":"en-US","@id":"https:\/\/www.najada.com\/word-press\/#\/schema\/logo\/image\/","url":"https:\/\/www.najada.com\/word-press\/wp-content\/uploads\/logonurnajada-Kopie.png","contentUrl":"https:\/\/www.najada.com\/word-press\/wp-content\/uploads\/logonurnajada-Kopie.png","width":400,"height":405,"caption":"Najada d.o.o."},"image":{"@id":"https:\/\/www.najada.com\/word-press\/#\/schema\/logo\/image\/"},"sameAs":["https:\/\/www.facebook.com\/NajadaDiving","https:\/\/www.instagram.com\/najadadiving\/","https:\/\/www.youtube.com\/user\/najadadiving\/videos"]}]}},"_links":{"self":[{"href":"https:\/\/www.najada.com\/word-press\/wp-json\/wp\/v2\/pages\/1819"}],"collection":[{"href":"https:\/\/www.najada.com\/word-press\/wp-json\/wp\/v2\/pages"}],"about":[{"href":"https:\/\/www.najada.com\/word-press\/wp-json\/wp\/v2\/types\/page"}],"author":[{"embeddable":true,"href":"https:\/\/www.najada.com\/word-press\/wp-json\/wp\/v2\/users\/3"}],"replies":[{"embeddable":true,"href":"https:\/\/www.najada.com\/word-press\/wp-json\/wp\/v2\/comments?post=1819"}],"version-history":[{"count":32,"href":"https:\/\/www.najada.com\/word-press\/wp-json\/wp\/v2\/pages\/1819\/revisions"}],"predecessor-version":[{"id":8683,"href":"https:\/\/www.najada.com\/word-press\/wp-json\/wp\/v2\/pages\/1819\/revisions\/8683"}],"wp:attachment":[{"href":"https:\/\/www.najada.com\/word-press\/wp-json\/wp\/v2\/media?parent=1819"}],"curies":[{"name":"wp","href":"https:\/\/api.w.org\/{rel}","templated":true}]}}