{"id":1753,"date":"2017-11-12T07:56:29","date_gmt":"2017-11-12T07:56:29","guid":{"rendered":"https:\/\/www.najada.com\/word-press\/?page_id=1753"},"modified":"2024-04-24T10:00:44","modified_gmt":"2024-04-24T10:00:44","slug":"naj-kinder-und-schnupperkurse","status":"publish","type":"page","link":"https:\/\/www.najada.com\/word-press\/language\/de\/naj-kinder-und-schnupperkurse\/","title":{"rendered":"naj-kinder-und-schnupperkurse"},"content":{"rendered":"<table style=\"background-color: #8ce9fa;\" width=\"100%\">\n<tbody>\n<tr>\n<td>\n<h2 style=\"text-align: center;\"><strong><span style=\"color: #0000ff;\">SASY<\/span><\/strong><\/h2>\n<h3 class=\"accordion-heading opened\" data-attribute-id=\"72\">BESCHREIBUNG<\/h3>\n<div class=\"accordion-content description\">\n<p>F\u00fcr Kinder zwischen 5 und 7 gibt es ein besonderes Taucherlebnis &#8211; SASY (&#8216;Supplied Air Snorkeling for Youth&#8217;). Anstelle eines Schnorchels wird aus einem Kinder-Regler geatmet. Aus medizinischen Gr\u00fcnden d\u00fcrfen Kinder in diesem Alter noch nicht in die Tiefe tauchen. Ein spezielles Jacket h\u00e4lt dein Kind sicher an der Oberfl\u00e4che.<\/p>\n<h3 class=\"accordion-heading opened\" data-attribute-id=\"848\">DETAILS<\/h3>\n<p><b>Mindestalter: 5<\/b><strong><span style=\"color: #0000ff;\"><img decoding=\"async\" loading=\"lazy\" class=\"alignright wp-image-1227\" src=\"https:\/\/www.najada.com\/word-press\/wp-content\/uploads\/ku_sasy2.jpg\" alt=\"\" width=\"302\" height=\"227\"><br \/>\n<\/span><\/strong><b>Voraussetzungen:&nbsp;Keine<br \/>\nTheorielektionen:&nbsp; Keine<br \/>\nPool\/begrenztes Freiwasser Lektionen: 0<br \/>\nFreiwassertauchg\u00e4nge: 1<br \/>\nTiefenlimit: 0 Meter<\/b><\/p>\n<p>&nbsp;<\/p>\n<p>Anbot\/Termin:<span style=\"text-decoration: underline;\"><span style=\"color: #0000ff; text-decoration: underline;\">&nbsp;<a style=\"color: #0000ff; text-decoration: underline;\" href=\"mailto:hello@najada.com?subject=Info%20Kurse\"> hello<span class=\"naviklein1\">@najada.com<\/span><\/a><\/span><\/span><\/p>\n<\/div>\n<p>&nbsp;<\/p>\n<div class=\"accordion-content description\">&nbsp;<\/div>\n<\/td>\n<\/tr>\n<\/tbody>\n<\/table>\n<p>&nbsp;<\/p>\n<hr>\n<table style=\"background-color: #8ce9fa;\" width=\"100%\">\n<tbody>\n<tr>\n<td>\n<h2 style=\"text-align: center;\"><strong><span style=\"color: #0000ff;\">SCHNUPPERTAUCHEN<\/span><\/strong><\/h2>\n<h3 class=\"accordion-heading opened\" data-attribute-id=\"72\">BESCHREIBUNG<\/h3>\n<div class=\"accordion-content description\">\n<p>Wenn du dir nicht ganz sicher bist (und mehr als 10 Jahre alt), ob du dich in der Unterwasserwelt wohl f\u00fchlst, ist der Schnuppertauchgang der ideale Beginn. Du wirst von einem Tauchlehrer behutsam in die Geheimnisse und Sch\u00f6nheiten des Tauchens im Meer eingef\u00fchrt. Nach einer kurzen Erkl\u00e4rung geht es schon los. Um die ersten Atemz\u00fcge unter Wasser zu erleben steigst du auf maximal 6m ab.<\/p>\n<h3 class=\"accordion-heading opened\" data-attribute-id=\"848\">DETAILS<\/h3>\n<\/div>\n<p><img decoding=\"async\" loading=\"lazy\" class=\"wp-image-1766 alignright\" src=\"https:\/\/www.najada.com\/word-press\/wp-content\/uploads\/GOPR0658-1024x803.jpg\" alt=\"\" width=\"288\" height=\"226\" srcset=\"https:\/\/www.najada.com\/word-press\/wp-content\/uploads\/GOPR0658-1024x803.jpg 1024w, https:\/\/www.najada.com\/word-press\/wp-content\/uploads\/GOPR0658-768x602.jpg 768w, https:\/\/www.najada.com\/word-press\/wp-content\/uploads\/GOPR0658-500x392.jpg 500w, https:\/\/www.najada.com\/word-press\/wp-content\/uploads\/GOPR0658.jpg 2040w\" sizes=\"(max-width: 288px) 100vw, 288px\" \/><\/p>\n<p><b>Mindestalter: 10<\/b><b><br \/>\nVoraussetzungen:&nbsp;Keine<br \/>\nTheorielektionen:&nbsp; Keine<br \/>\nPool\/begrenztes Freiwasser Lektionen: Keine<br \/>\nFreiwassertauchg\u00e4nge: 1<br \/>\nTiefenlimit: 6 Meter<br \/>\n<\/b><\/p>\n<p>f\u00fcr Anbot\/Termin:&nbsp;<span style=\"text-decoration: underline;\"><span style=\"color: #0000ff;\"><a style=\"color: #0000ff; text-decoration: underline;\" href=\"mailto:hello@najada.com?subject=Info%20Homepage\/Unterkunft\">&nbsp;<span class=\"naviklein1\">hello@najada.com<\/span><\/a><\/span><\/span><\/p>\n<div class=\"accordion-content description\">&nbsp;<\/div>\n<\/td>\n<\/tr>\n<\/tbody>\n<\/table>\n","protected":false},"excerpt":{"rendered":"<p>SASY BESCHREIBUNG F\u00fcr Kinder zwischen 5 und 7 gibt es ein besonderes Taucherlebnis &#8211; SASY (&#8216;Supplied Air Snorkeling for Youth&#8217;). Anstelle eines Schnorchels wird aus einem Kinder-Regler geatmet. Aus medizinischen Gr\u00fcnden d\u00fcrfen Kinder in diesem Alter noch nicht in die Tiefe tauchen. Ein spezielles Jacket h\u00e4lt dein Kind sicher an der Oberfl\u00e4che. DETAILS Mindestalter: 5 [&hellip;]<\/p>\n","protected":false},"author":3,"featured_media":0,"parent":0,"menu_order":0,"comment_status":"closed","ping_status":"closed","template":"","meta":{"ngg_post_thumbnail":0},"yoast_head":"<!-- This site is optimized with the Yoast SEO Premium plugin v20.2 (Yoast SEO v20.2) - https:\/\/yoast.com\/wordpress\/plugins\/seo\/ -->\n<title>SASY und SCHNUPPERTAUCHEN - Tauchkurse in Kroatien<\/title>\n<meta name=\"description\" content=\"SASY und SCHNUPPERTAUCHEN sind ein besonderes Taucherlebnis f\u00fcr Kinder und Anf\u00e4nger. Nach einer kurzen Erkl\u00e4rung geht es schon los.\" \/>\n<meta name=\"robots\" content=\"index, follow, max-snippet:-1, max-image-preview:large, max-video-preview:-1\" \/>\n<link rel=\"canonical\" href=\"https:\/\/www.najada.com\/word-press\/language\/de\/naj-kinder-und-schnupperkurse\/\" \/>\n<meta property=\"og:locale\" content=\"en_US\" \/>\n<meta property=\"og:type\" content=\"article\" \/>\n<meta property=\"og:title\" content=\"naj-kinder-und-schnupperkurse\" \/>\n<meta property=\"og:description\" content=\"SASY und SCHNUPPERTAUCHEN sind ein besonderes Taucherlebnis f\u00fcr Kinder und Anf\u00e4nger. Nach einer kurzen Erkl\u00e4rung geht es schon los.\" \/>\n<meta property=\"og:url\" content=\"https:\/\/www.najada.com\/word-press\/language\/de\/naj-kinder-und-schnupperkurse\/\" \/>\n<meta property=\"og:site_name\" content=\"Najada diving\" \/>\n<meta property=\"article:publisher\" content=\"https:\/\/www.facebook.com\/NajadaDiving\" \/>\n<meta property=\"article:modified_time\" content=\"2024-04-24T10:00:44+00:00\" \/>\n<meta property=\"og:image\" content=\"https:\/\/www.najada.com\/word-press\/wp-content\/uploads\/ku_sasy2.jpg\" \/>\n<meta name=\"twitter:card\" content=\"summary_large_image\" \/>\n<meta name=\"twitter:label1\" content=\"Est. reading time\" \/>\n\t<meta name=\"twitter:data1\" content=\"2 minutes\" \/>\n<script type=\"application\/ld+json\" class=\"yoast-schema-graph\">{\"@context\":\"https:\/\/schema.org\",\"@graph\":[{\"@type\":\"WebPage\",\"@id\":\"https:\/\/www.najada.com\/word-press\/language\/de\/naj-kinder-und-schnupperkurse\/\",\"url\":\"https:\/\/www.najada.com\/word-press\/language\/de\/naj-kinder-und-schnupperkurse\/\",\"name\":\"SASY und SCHNUPPERTAUCHEN - Tauchkurse in Kroatien\",\"isPartOf\":{\"@id\":\"https:\/\/www.najada.com\/word-press\/#website\"},\"datePublished\":\"2017-11-12T07:56:29+00:00\",\"dateModified\":\"2024-04-24T10:00:44+00:00\",\"description\":\"SASY und SCHNUPPERTAUCHEN sind ein besonderes Taucherlebnis f\u00fcr Kinder und Anf\u00e4nger. Nach einer kurzen Erkl\u00e4rung geht es schon los.\",\"breadcrumb\":{\"@id\":\"https:\/\/www.najada.com\/word-press\/language\/de\/naj-kinder-und-schnupperkurse\/#breadcrumb\"},\"inLanguage\":\"en-US\",\"potentialAction\":[{\"@type\":\"ReadAction\",\"target\":[\"https:\/\/www.najada.com\/word-press\/language\/de\/naj-kinder-und-schnupperkurse\/\"]}]},{\"@type\":\"BreadcrumbList\",\"@id\":\"https:\/\/www.najada.com\/word-press\/language\/de\/naj-kinder-und-schnupperkurse\/#breadcrumb\",\"itemListElement\":[{\"@type\":\"ListItem\",\"position\":1,\"name\":\"Startseite\",\"item\":\"https:\/\/www.najada.com\/word-press\/\"},{\"@type\":\"ListItem\",\"position\":2,\"name\":\"naj-kinder-und-schnupperkurse\"}]},{\"@type\":\"WebSite\",\"@id\":\"https:\/\/www.najada.com\/word-press\/#website\",\"url\":\"https:\/\/www.najada.com\/word-press\/\",\"name\":\"Najada diving\",\"description\":\"Tauchen in Kroatien \/ Diving in Croatia\",\"publisher\":{\"@id\":\"https:\/\/www.najada.com\/word-press\/#organization\"},\"potentialAction\":[{\"@type\":\"SearchAction\",\"target\":{\"@type\":\"EntryPoint\",\"urlTemplate\":\"https:\/\/www.najada.com\/word-press\/?s={search_term_string}\"},\"query-input\":\"required name=search_term_string\"}],\"inLanguage\":\"en-US\"},{\"@type\":\"Organization\",\"@id\":\"https:\/\/www.najada.com\/word-press\/#organization\",\"name\":\"Najada d.o.o.\",\"url\":\"https:\/\/www.najada.com\/word-press\/\",\"logo\":{\"@type\":\"ImageObject\",\"inLanguage\":\"en-US\",\"@id\":\"https:\/\/www.najada.com\/word-press\/#\/schema\/logo\/image\/\",\"url\":\"https:\/\/www.najada.com\/word-press\/wp-content\/uploads\/logonurnajada-Kopie.png\",\"contentUrl\":\"https:\/\/www.najada.com\/word-press\/wp-content\/uploads\/logonurnajada-Kopie.png\",\"width\":400,\"height\":405,\"caption\":\"Najada d.o.o.\"},\"image\":{\"@id\":\"https:\/\/www.najada.com\/word-press\/#\/schema\/logo\/image\/\"},\"sameAs\":[\"https:\/\/www.facebook.com\/NajadaDiving\",\"https:\/\/www.instagram.com\/najadadiving\/\",\"https:\/\/www.youtube.com\/user\/najadadiving\/videos\"]}]}<\/script>\n<!-- \/ Yoast SEO Premium plugin. -->","yoast_head_json":{"title":"SASY und SCHNUPPERTAUCHEN - Tauchkurse in Kroatien","description":"SASY und SCHNUPPERTAUCHEN sind ein besonderes Taucherlebnis f\u00fcr Kinder und Anf\u00e4nger. Nach einer kurzen Erkl\u00e4rung geht es schon los.","robots":{"index":"index","follow":"follow","max-snippet":"max-snippet:-1","max-image-preview":"max-image-preview:large","max-video-preview":"max-video-preview:-1"},"canonical":"https:\/\/www.najada.com\/word-press\/language\/de\/naj-kinder-und-schnupperkurse\/","og_locale":"en_US","og_type":"article","og_title":"naj-kinder-und-schnupperkurse","og_description":"SASY und SCHNUPPERTAUCHEN sind ein besonderes Taucherlebnis f\u00fcr Kinder und Anf\u00e4nger. Nach einer kurzen Erkl\u00e4rung geht es schon los.","og_url":"https:\/\/www.najada.com\/word-press\/language\/de\/naj-kinder-und-schnupperkurse\/","og_site_name":"Najada diving","article_publisher":"https:\/\/www.facebook.com\/NajadaDiving","article_modified_time":"2024-04-24T10:00:44+00:00","og_image":[{"url":"https:\/\/www.najada.com\/word-press\/wp-content\/uploads\/ku_sasy2.jpg"}],"twitter_card":"summary_large_image","twitter_misc":{"Est. reading time":"2 minutes"},"schema":{"@context":"https:\/\/schema.org","@graph":[{"@type":"WebPage","@id":"https:\/\/www.najada.com\/word-press\/language\/de\/naj-kinder-und-schnupperkurse\/","url":"https:\/\/www.najada.com\/word-press\/language\/de\/naj-kinder-und-schnupperkurse\/","name":"SASY und SCHNUPPERTAUCHEN - Tauchkurse in Kroatien","isPartOf":{"@id":"https:\/\/www.najada.com\/word-press\/#website"},"datePublished":"2017-11-12T07:56:29+00:00","dateModified":"2024-04-24T10:00:44+00:00","description":"SASY und SCHNUPPERTAUCHEN sind ein besonderes Taucherlebnis f\u00fcr Kinder und Anf\u00e4nger. Nach einer kurzen Erkl\u00e4rung geht es schon los.","breadcrumb":{"@id":"https:\/\/www.najada.com\/word-press\/language\/de\/naj-kinder-und-schnupperkurse\/#breadcrumb"},"inLanguage":"en-US","potentialAction":[{"@type":"ReadAction","target":["https:\/\/www.najada.com\/word-press\/language\/de\/naj-kinder-und-schnupperkurse\/"]}]},{"@type":"BreadcrumbList","@id":"https:\/\/www.najada.com\/word-press\/language\/de\/naj-kinder-und-schnupperkurse\/#breadcrumb","itemListElement":[{"@type":"ListItem","position":1,"name":"Startseite","item":"https:\/\/www.najada.com\/word-press\/"},{"@type":"ListItem","position":2,"name":"naj-kinder-und-schnupperkurse"}]},{"@type":"WebSite","@id":"https:\/\/www.najada.com\/word-press\/#website","url":"https:\/\/www.najada.com\/word-press\/","name":"Najada diving","description":"Tauchen in Kroatien \/ Diving in Croatia","publisher":{"@id":"https:\/\/www.najada.com\/word-press\/#organization"},"potentialAction":[{"@type":"SearchAction","target":{"@type":"EntryPoint","urlTemplate":"https:\/\/www.najada.com\/word-press\/?s={search_term_string}"},"query-input":"required name=search_term_string"}],"inLanguage":"en-US"},{"@type":"Organization","@id":"https:\/\/www.najada.com\/word-press\/#organization","name":"Najada d.o.o.","url":"https:\/\/www.najada.com\/word-press\/","logo":{"@type":"ImageObject","inLanguage":"en-US","@id":"https:\/\/www.najada.com\/word-press\/#\/schema\/logo\/image\/","url":"https:\/\/www.najada.com\/word-press\/wp-content\/uploads\/logonurnajada-Kopie.png","contentUrl":"https:\/\/www.najada.com\/word-press\/wp-content\/uploads\/logonurnajada-Kopie.png","width":400,"height":405,"caption":"Najada d.o.o."},"image":{"@id":"https:\/\/www.najada.com\/word-press\/#\/schema\/logo\/image\/"},"sameAs":["https:\/\/www.facebook.com\/NajadaDiving","https:\/\/www.instagram.com\/najadadiving\/","https:\/\/www.youtube.com\/user\/najadadiving\/videos"]}]}},"_links":{"self":[{"href":"https:\/\/www.najada.com\/word-press\/wp-json\/wp\/v2\/pages\/1753"}],"collection":[{"href":"https:\/\/www.najada.com\/word-press\/wp-json\/wp\/v2\/pages"}],"about":[{"href":"https:\/\/www.najada.com\/word-press\/wp-json\/wp\/v2\/types\/page"}],"author":[{"embeddable":true,"href":"https:\/\/www.najada.com\/word-press\/wp-json\/wp\/v2\/users\/3"}],"replies":[{"embeddable":true,"href":"https:\/\/www.najada.com\/word-press\/wp-json\/wp\/v2\/comments?post=1753"}],"version-history":[{"count":20,"href":"https:\/\/www.najada.com\/word-press\/wp-json\/wp\/v2\/pages\/1753\/revisions"}],"predecessor-version":[{"id":8677,"href":"https:\/\/www.najada.com\/word-press\/wp-json\/wp\/v2\/pages\/1753\/revisions\/8677"}],"wp:attachment":[{"href":"https:\/\/www.najada.com\/word-press\/wp-json\/wp\/v2\/media?parent=1753"}],"curies":[{"name":"wp","href":"https:\/\/api.w.org\/{rel}","templated":true}]}}