{"id":1587,"date":"2017-10-23T13:30:38","date_gmt":"2017-10-23T13:30:38","guid":{"rendered":"https:\/\/www.najada.com\/word-press\/?page_id=1587"},"modified":"2024-04-24T10:08:28","modified_gmt":"2024-04-24T10:08:28","slug":"padi-kinder-und-schnupperkurse-2","status":"publish","type":"page","link":"https:\/\/www.najada.com\/word-press\/language\/de\/padi-kinder-und-schnupperkurse-2\/","title":{"rendered":"PADI Kinder und Schnupperkurse"},"content":{"rendered":"<p>&nbsp;<\/p>\n<table style=\"background-color: #8ce9fa;\" width=\"100%\">\n<tbody>\n<tr>\n<td>\n<h2 style=\"text-align: center;\"><strong><span style=\"color: #0000ff;\">BUBBLEMAKER<\/span><\/strong><\/h2>\n<h3 class=\"accordion-heading opened\" data-attribute-id=\"72\">BESCHREIBUNG<\/h3>\n<div class=\"accordion-content description\">\n<p>&#8216;Bubblemaker&#8217; macht so viel Spa\u00df, wie es klingt \u2013 es bietet Kindern Gelegenheit, mit ihrer Tauchausr\u00fcstung unter Wasser Blasen zu machen. Kinder, die mindestens 8&nbsp;Jahre alt sind, k\u00f6nnen Tauchausr\u00fcstung verwenden, um unter Wasser zu atmen und in flachem Wasser herumzuschwimmen.<br \/>\nUm teilnehmen zu k\u00f6nnen, muss ein Kind mindestens 8&nbsp;Jahre alt sein. Kinder m\u00fcssen sich im Wasser wohlf\u00fchlen, vorherige Taucherfahrung ist jedoch nicht erforderlich. Das schriftliche Einverst\u00e4ndnis der Eltern oder des Erziehungsberechtigten muss vorliegen.<\/p>\n<h3 class=\"accordion-heading opened\" data-attribute-id=\"848\">DETAILS<\/h3>\n<p><b>Mindestalter: 8<\/b><strong><span style=\"color: #0000ff;\"><img decoding=\"async\" loading=\"lazy\" class=\"wp-image-1595 alignright\" src=\"https:\/\/www.najada.com\/word-press\/wp-content\/uploads\/bubble_M.jpg\" alt=\"\" width=\"329\" height=\"210\"><br \/>\n<\/span><\/strong><b>Voraussetzungen:&nbsp;Keine<br \/>\nTheorielektionen:&nbsp; Keine<br \/>\nPool\/begrenztes Freiwasser Lektionen: 0<br \/>\nFreiwassertauchg\u00e4nge: 1<br \/>\nTiefenlimit: 2 Meter<\/b><\/p>\n<p>f\u00fcr Anbot\/Termin:<span style=\"text-decoration: underline;\"><span style=\"color: #0000ff;\"> <a style=\"color: #0000ff; text-decoration: underline;\" href=\"mailto:hello@najada.com?subject=Info%20Kurse\">&nbsp;hello<span class=\"naviklein1\">@najada.com<\/span><\/a><\/span><\/span><\/p>\n<\/div>\n<p>&nbsp;<\/p>\n<div class=\"accordion-content description\">&nbsp;<\/div>\n<\/td>\n<\/tr>\n<\/tbody>\n<\/table>\n<p>&nbsp;<\/p>\n<hr>\n<table style=\"background-color: #8ce9fa;\" width=\"100%\">\n<tbody>\n<tr>\n<td>\n<h2 style=\"text-align: center;\"><strong><span style=\"color: #0000ff;\">DISCOVER SCUBA DIVING<\/span><\/strong><\/h2>\n<h3 class=\"accordion-heading opened\" data-attribute-id=\"72\">BESCHREIBUNG<\/h3>\n<div class=\"accordion-content description\">\n<p>Hast du dich schon immer gefragt, wie es wohl ist, unter Wasser atmen zu k\u00f6nnen? Wenn du das Tauchen einmal ausprobieren m\u00f6chtest, aber noch nicht f\u00fcr einen kompletten Kurs bereit bist, der mit einem \u201eBrevet\u201c abschlie\u00dft (d.&nbsp;h. mit einem PADI Taucherausweis), ist Discover Scuba Diving (das oft auch als \u00abSchnuppertauchen\u00bb bezeichet wird) genau das Richtige f\u00fcr dich. PADI Tauchcenter bieten dieses Programm entweder in einem Schwimmbad, im flachen Wasser vor dem Strand oder von einem Tauchboot aus an. Du kannst das Tauchen bei dir in der N\u00e4he oder im Urlaub auf einer Tauchbasis ausprobieren. Discover Scuba Diving ist&nbsp;<em>kein&nbsp;<\/em>Tauchkurs mit \u201eBrevet\u201c, sondern eine schnelle und einfache Einf\u00fchrung, bei der man mit einem Tauchger\u00e4t ein wenig in die Unterwasserwelt abtaucht.<\/p>\n<h3 class=\"accordion-heading opened\" data-attribute-id=\"848\">DETAILS<\/h3>\n<\/div>\n<p><b>Mindestalter: 10<\/b><img decoding=\"async\" loading=\"lazy\" class=\"wp-image-1595 alignright\" src=\"https:\/\/www.najada.com\/word-press\/wp-content\/uploads\/disoerscubadiving.jpg\" alt=\"\" width=\"259\" height=\"388\"><b><br \/>\nVoraussetzungen:&nbsp;Keine<br \/>\nTheorielektionen:&nbsp; 1<br \/>\nPool\/begrenztes Freiwasser Lektionen: 1<br \/>\nFreiwassertauchg\u00e4nge: 1<br \/>\nTiefenlimit: 6\/12 Meter<\/b><\/p>\n<p>f\u00fcr Anbot\/Termin: <span style=\"text-decoration: underline;\"><span style=\"color: #0000ff;\"><a style=\"color: #0000ff; text-decoration: underline;\" href=\"mailto:hello@najada.com?subject=Info%20Kurse\">&nbsp;hello<span class=\"naviklein1\">@najada.com<\/span><\/a><\/span><\/span><\/p>\n<div class=\"accordion-content description\">&nbsp;<\/div>\n<\/td>\n<\/tr>\n<\/tbody>\n<\/table>\n","protected":false},"excerpt":{"rendered":"<p>&nbsp; BUBBLEMAKER BESCHREIBUNG &#8216;Bubblemaker&#8217; macht so viel Spa\u00df, wie es klingt \u2013 es bietet Kindern Gelegenheit, mit ihrer Tauchausr\u00fcstung unter Wasser Blasen zu machen. Kinder, die mindestens 8&nbsp;Jahre alt sind, k\u00f6nnen Tauchausr\u00fcstung verwenden, um unter Wasser zu atmen und in flachem Wasser herumzuschwimmen. Um teilnehmen zu k\u00f6nnen, muss ein Kind mindestens 8&nbsp;Jahre alt sein. Kinder [&hellip;]<\/p>\n","protected":false},"author":1,"featured_media":0,"parent":0,"menu_order":0,"comment_status":"closed","ping_status":"closed","template":"","meta":{"ngg_post_thumbnail":0},"yoast_head":"<!-- This site is optimized with the Yoast SEO Premium plugin v20.2 (Yoast SEO v20.2) - https:\/\/yoast.com\/wordpress\/plugins\/seo\/ -->\n<title>PADI BUBBLEMAKER und DISCOVER SCUBA DIVING - Najada diving<\/title>\n<meta name=\"description\" content=\"Bubblemaker bietet Kindern Gelegenheit unter Wasser zu atmen. Discover Scuba Diving ist\u00a0 eine schnelle und einfache Einf\u00fchrung in die Unterwasserwelt.\" \/>\n<meta name=\"robots\" content=\"index, follow, max-snippet:-1, max-image-preview:large, max-video-preview:-1\" \/>\n<link rel=\"canonical\" href=\"https:\/\/www.najada.com\/word-press\/language\/de\/padi-kinder-und-schnupperkurse-2\/\" \/>\n<meta property=\"og:locale\" content=\"en_US\" \/>\n<meta property=\"og:type\" content=\"article\" \/>\n<meta property=\"og:title\" content=\"PADI Kinder und Schnupperkurse\" \/>\n<meta property=\"og:description\" content=\"Bubblemaker bietet Kindern Gelegenheit unter Wasser zu atmen. Discover Scuba Diving ist\u00a0 eine schnelle und einfache Einf\u00fchrung in die Unterwasserwelt.\" \/>\n<meta property=\"og:url\" content=\"https:\/\/www.najada.com\/word-press\/language\/de\/padi-kinder-und-schnupperkurse-2\/\" \/>\n<meta property=\"og:site_name\" content=\"Najada diving\" \/>\n<meta property=\"article:publisher\" content=\"https:\/\/www.facebook.com\/NajadaDiving\" \/>\n<meta property=\"article:modified_time\" content=\"2024-04-24T10:08:28+00:00\" \/>\n<meta property=\"og:image\" content=\"https:\/\/www.najada.com\/word-press\/wp-content\/uploads\/bubble_M.jpg\" \/>\n<meta name=\"twitter:card\" content=\"summary_large_image\" \/>\n<meta name=\"twitter:label1\" content=\"Est. reading time\" \/>\n\t<meta name=\"twitter:data1\" content=\"2 minutes\" \/>\n<script type=\"application\/ld+json\" class=\"yoast-schema-graph\">{\"@context\":\"https:\/\/schema.org\",\"@graph\":[{\"@type\":\"WebPage\",\"@id\":\"https:\/\/www.najada.com\/word-press\/language\/de\/padi-kinder-und-schnupperkurse-2\/\",\"url\":\"https:\/\/www.najada.com\/word-press\/language\/de\/padi-kinder-und-schnupperkurse-2\/\",\"name\":\"PADI BUBBLEMAKER und DISCOVER SCUBA DIVING - Najada diving\",\"isPartOf\":{\"@id\":\"https:\/\/www.najada.com\/word-press\/#website\"},\"datePublished\":\"2017-10-23T13:30:38+00:00\",\"dateModified\":\"2024-04-24T10:08:28+00:00\",\"description\":\"Bubblemaker bietet Kindern Gelegenheit unter Wasser zu atmen. Discover Scuba Diving ist\u00a0 eine schnelle und einfache Einf\u00fchrung in die Unterwasserwelt.\",\"breadcrumb\":{\"@id\":\"https:\/\/www.najada.com\/word-press\/language\/de\/padi-kinder-und-schnupperkurse-2\/#breadcrumb\"},\"inLanguage\":\"en-US\",\"potentialAction\":[{\"@type\":\"ReadAction\",\"target\":[\"https:\/\/www.najada.com\/word-press\/language\/de\/padi-kinder-und-schnupperkurse-2\/\"]}]},{\"@type\":\"BreadcrumbList\",\"@id\":\"https:\/\/www.najada.com\/word-press\/language\/de\/padi-kinder-und-schnupperkurse-2\/#breadcrumb\",\"itemListElement\":[{\"@type\":\"ListItem\",\"position\":1,\"name\":\"Startseite\",\"item\":\"https:\/\/www.najada.com\/word-press\/\"},{\"@type\":\"ListItem\",\"position\":2,\"name\":\"PADI Kinder und Schnupperkurse\"}]},{\"@type\":\"WebSite\",\"@id\":\"https:\/\/www.najada.com\/word-press\/#website\",\"url\":\"https:\/\/www.najada.com\/word-press\/\",\"name\":\"Najada diving\",\"description\":\"Tauchen in Kroatien \/ Diving in Croatia\",\"publisher\":{\"@id\":\"https:\/\/www.najada.com\/word-press\/#organization\"},\"potentialAction\":[{\"@type\":\"SearchAction\",\"target\":{\"@type\":\"EntryPoint\",\"urlTemplate\":\"https:\/\/www.najada.com\/word-press\/?s={search_term_string}\"},\"query-input\":\"required name=search_term_string\"}],\"inLanguage\":\"en-US\"},{\"@type\":\"Organization\",\"@id\":\"https:\/\/www.najada.com\/word-press\/#organization\",\"name\":\"Najada d.o.o.\",\"url\":\"https:\/\/www.najada.com\/word-press\/\",\"logo\":{\"@type\":\"ImageObject\",\"inLanguage\":\"en-US\",\"@id\":\"https:\/\/www.najada.com\/word-press\/#\/schema\/logo\/image\/\",\"url\":\"https:\/\/www.najada.com\/word-press\/wp-content\/uploads\/logonurnajada-Kopie.png\",\"contentUrl\":\"https:\/\/www.najada.com\/word-press\/wp-content\/uploads\/logonurnajada-Kopie.png\",\"width\":400,\"height\":405,\"caption\":\"Najada d.o.o.\"},\"image\":{\"@id\":\"https:\/\/www.najada.com\/word-press\/#\/schema\/logo\/image\/\"},\"sameAs\":[\"https:\/\/www.facebook.com\/NajadaDiving\",\"https:\/\/www.instagram.com\/najadadiving\/\",\"https:\/\/www.youtube.com\/user\/najadadiving\/videos\"]}]}<\/script>\n<!-- \/ Yoast SEO Premium plugin. -->","yoast_head_json":{"title":"PADI BUBBLEMAKER und DISCOVER SCUBA DIVING - Najada diving","description":"Bubblemaker bietet Kindern Gelegenheit unter Wasser zu atmen. Discover Scuba Diving ist\u00a0 eine schnelle und einfache Einf\u00fchrung in die Unterwasserwelt.","robots":{"index":"index","follow":"follow","max-snippet":"max-snippet:-1","max-image-preview":"max-image-preview:large","max-video-preview":"max-video-preview:-1"},"canonical":"https:\/\/www.najada.com\/word-press\/language\/de\/padi-kinder-und-schnupperkurse-2\/","og_locale":"en_US","og_type":"article","og_title":"PADI Kinder und Schnupperkurse","og_description":"Bubblemaker bietet Kindern Gelegenheit unter Wasser zu atmen. Discover Scuba Diving ist\u00a0 eine schnelle und einfache Einf\u00fchrung in die Unterwasserwelt.","og_url":"https:\/\/www.najada.com\/word-press\/language\/de\/padi-kinder-und-schnupperkurse-2\/","og_site_name":"Najada diving","article_publisher":"https:\/\/www.facebook.com\/NajadaDiving","article_modified_time":"2024-04-24T10:08:28+00:00","og_image":[{"url":"https:\/\/www.najada.com\/word-press\/wp-content\/uploads\/bubble_M.jpg"}],"twitter_card":"summary_large_image","twitter_misc":{"Est. reading time":"2 minutes"},"schema":{"@context":"https:\/\/schema.org","@graph":[{"@type":"WebPage","@id":"https:\/\/www.najada.com\/word-press\/language\/de\/padi-kinder-und-schnupperkurse-2\/","url":"https:\/\/www.najada.com\/word-press\/language\/de\/padi-kinder-und-schnupperkurse-2\/","name":"PADI BUBBLEMAKER und DISCOVER SCUBA DIVING - Najada diving","isPartOf":{"@id":"https:\/\/www.najada.com\/word-press\/#website"},"datePublished":"2017-10-23T13:30:38+00:00","dateModified":"2024-04-24T10:08:28+00:00","description":"Bubblemaker bietet Kindern Gelegenheit unter Wasser zu atmen. Discover Scuba Diving ist\u00a0 eine schnelle und einfache Einf\u00fchrung in die Unterwasserwelt.","breadcrumb":{"@id":"https:\/\/www.najada.com\/word-press\/language\/de\/padi-kinder-und-schnupperkurse-2\/#breadcrumb"},"inLanguage":"en-US","potentialAction":[{"@type":"ReadAction","target":["https:\/\/www.najada.com\/word-press\/language\/de\/padi-kinder-und-schnupperkurse-2\/"]}]},{"@type":"BreadcrumbList","@id":"https:\/\/www.najada.com\/word-press\/language\/de\/padi-kinder-und-schnupperkurse-2\/#breadcrumb","itemListElement":[{"@type":"ListItem","position":1,"name":"Startseite","item":"https:\/\/www.najada.com\/word-press\/"},{"@type":"ListItem","position":2,"name":"PADI Kinder und Schnupperkurse"}]},{"@type":"WebSite","@id":"https:\/\/www.najada.com\/word-press\/#website","url":"https:\/\/www.najada.com\/word-press\/","name":"Najada diving","description":"Tauchen in Kroatien \/ Diving in Croatia","publisher":{"@id":"https:\/\/www.najada.com\/word-press\/#organization"},"potentialAction":[{"@type":"SearchAction","target":{"@type":"EntryPoint","urlTemplate":"https:\/\/www.najada.com\/word-press\/?s={search_term_string}"},"query-input":"required name=search_term_string"}],"inLanguage":"en-US"},{"@type":"Organization","@id":"https:\/\/www.najada.com\/word-press\/#organization","name":"Najada d.o.o.","url":"https:\/\/www.najada.com\/word-press\/","logo":{"@type":"ImageObject","inLanguage":"en-US","@id":"https:\/\/www.najada.com\/word-press\/#\/schema\/logo\/image\/","url":"https:\/\/www.najada.com\/word-press\/wp-content\/uploads\/logonurnajada-Kopie.png","contentUrl":"https:\/\/www.najada.com\/word-press\/wp-content\/uploads\/logonurnajada-Kopie.png","width":400,"height":405,"caption":"Najada d.o.o."},"image":{"@id":"https:\/\/www.najada.com\/word-press\/#\/schema\/logo\/image\/"},"sameAs":["https:\/\/www.facebook.com\/NajadaDiving","https:\/\/www.instagram.com\/najadadiving\/","https:\/\/www.youtube.com\/user\/najadadiving\/videos"]}]}},"_links":{"self":[{"href":"https:\/\/www.najada.com\/word-press\/wp-json\/wp\/v2\/pages\/1587"}],"collection":[{"href":"https:\/\/www.najada.com\/word-press\/wp-json\/wp\/v2\/pages"}],"about":[{"href":"https:\/\/www.najada.com\/word-press\/wp-json\/wp\/v2\/types\/page"}],"author":[{"embeddable":true,"href":"https:\/\/www.najada.com\/word-press\/wp-json\/wp\/v2\/users\/1"}],"replies":[{"embeddable":true,"href":"https:\/\/www.najada.com\/word-press\/wp-json\/wp\/v2\/comments?post=1587"}],"version-history":[{"count":24,"href":"https:\/\/www.najada.com\/word-press\/wp-json\/wp\/v2\/pages\/1587\/revisions"}],"predecessor-version":[{"id":8680,"href":"https:\/\/www.najada.com\/word-press\/wp-json\/wp\/v2\/pages\/1587\/revisions\/8680"}],"wp:attachment":[{"href":"https:\/\/www.najada.com\/word-press\/wp-json\/wp\/v2\/media?parent=1587"}],"curies":[{"name":"wp","href":"https:\/\/api.w.org\/{rel}","templated":true}]}}