{"id":1580,"date":"2017-10-23T13:16:35","date_gmt":"2017-10-23T13:16:35","guid":{"rendered":"https:\/\/www.najada.com\/word-press\/?page_id=1580"},"modified":"2024-04-24T10:10:20","modified_gmt":"2024-04-24T10:10:20","slug":"kinder-und-schnuperkurse","status":"publish","type":"page","link":"https:\/\/www.najada.com\/word-press\/language\/de\/kinder-und-schnuperkurse\/","title":{"rendered":"SSI Kinder und Schnupperkurse"},"content":{"rendered":"<p>&nbsp;<\/p>\n<table style=\"background-color: #8ce9fa;\" width=\"100%\">\n<tbody>\n<tr>\n<td>\n<h2 style=\"text-align: center;\"><strong><span style=\"color: #0000ff;\">TRY SCUBA<\/span><\/strong><\/h2>\n<h3 class=\"accordion-heading opened\" data-attribute-id=\"72\">BESCHREIBUNG<\/h3>\n<div class=\"accordion-content description\">\n<p>Das SSI Try Scuba oder Try Scuba Diving Programm ist deine Einf\u00fchrung in die Unterwasserwelt. Dieses Einsteigerprogramm bietet dir die M\u00f6glichkeit die Unterwasserwelt in begrenztem Freiwasser oder in einem Freiwasserbereich zu erleben, ohne ein l\u00e4ngeres Zertifizierungsprogramm durchlaufen zu m\u00fcssen. Au\u00dferdem wirst du mit der SSI Try Scuba oder SSI Try Scuba Diving Zertifizierung ausgezeichnet.<\/p>\n<h3 class=\"accordion-heading opened\" data-attribute-id=\"848\">DETAILS<\/h3>\n<p><b>Mindestalter: 8\/10<\/b><strong><span style=\"color: #0000ff;\"><img decoding=\"async\" loading=\"lazy\" class=\"wp-image-1595 alignright\" src=\"https:\/\/www.najada.com\/word-press\/wp-content\/uploads\/ssi_try.jpg\" alt=\"\" width=\"329\" height=\"210\"><br \/>\n<\/span><\/strong><b>Voraussetzungen:&nbsp;Keine<br \/>\nTheorielektionen: Try Scuba Pool\/ Try Scuba Diving<br \/>\nPool\/begrenztes Freiwasser Lektionen:&nbsp;1\/0<br \/>\nFreiwassertauchg\u00e4nge:&nbsp;0\/1<br \/>\nTiefenlimit:&nbsp;5 Meter\/ 12 Meter<br \/>\nEmpfohlene Kursdauer:&nbsp;Keine<br \/>\nBesondere Ausr\u00fcstungsanforderung: DE<br \/>\n<\/b><\/p>\n<\/div>\n<p>f\u00fcr Anbot\/Termin:<span style=\"text-decoration: underline;\"><span style=\"color: #0000ff;\"> <a style=\"color: #0000ff; text-decoration: underline;\" href=\"mailto:hello@najada.com?subject=Info%20Kurse\">&nbsp;hello<span class=\"naviklein1\">@najada.com<\/span><\/a><\/span><\/span><\/p>\n<div class=\"accordion-content description\">&nbsp;<\/div>\n<\/td>\n<\/tr>\n<\/tbody>\n<\/table>\n<hr>\n","protected":false},"excerpt":{"rendered":"<p>&nbsp; TRY SCUBA BESCHREIBUNG Das SSI Try Scuba oder Try Scuba Diving Programm ist deine Einf\u00fchrung in die Unterwasserwelt. Dieses Einsteigerprogramm bietet dir die M\u00f6glichkeit die Unterwasserwelt in begrenztem Freiwasser oder in einem Freiwasserbereich zu erleben, ohne ein l\u00e4ngeres Zertifizierungsprogramm durchlaufen zu m\u00fcssen. Au\u00dferdem wirst du mit der SSI Try Scuba oder SSI Try Scuba [&hellip;]<\/p>\n","protected":false},"author":1,"featured_media":0,"parent":0,"menu_order":0,"comment_status":"closed","ping_status":"closed","template":"","meta":{"ngg_post_thumbnail":0},"yoast_head":"<!-- This site is optimized with the Yoast SEO Premium plugin v20.2 (Yoast SEO v20.2) - https:\/\/yoast.com\/wordpress\/plugins\/seo\/ -->\n<title>SSI - TRY SCUBA - Kinder und Schnupperkurse - Najada diving<\/title>\n<meta name=\"description\" content=\"Das SSI Try Scuba oder Try Scuba Diving Programm ist Deine Einf\u00fchrung in die Unterwasserwelt, daher der erste Schritt unter Wasser zu atmen.\" \/>\n<meta name=\"robots\" content=\"index, follow, max-snippet:-1, max-image-preview:large, max-video-preview:-1\" \/>\n<link rel=\"canonical\" href=\"https:\/\/www.najada.com\/word-press\/language\/de\/kinder-und-schnuperkurse\/\" \/>\n<meta property=\"og:locale\" content=\"en_US\" \/>\n<meta property=\"og:type\" content=\"article\" \/>\n<meta property=\"og:title\" content=\"SSI Kinder und Schnupperkurse\" \/>\n<meta property=\"og:description\" content=\"Das SSI Try Scuba oder Try Scuba Diving Programm ist Deine Einf\u00fchrung in die Unterwasserwelt, daher der erste Schritt unter Wasser zu atmen.\" \/>\n<meta property=\"og:url\" content=\"https:\/\/www.najada.com\/word-press\/language\/de\/kinder-und-schnuperkurse\/\" \/>\n<meta property=\"og:site_name\" content=\"Najada diving\" \/>\n<meta property=\"article:publisher\" content=\"https:\/\/www.facebook.com\/NajadaDiving\" \/>\n<meta property=\"article:modified_time\" content=\"2024-04-24T10:10:20+00:00\" \/>\n<meta property=\"og:image\" content=\"https:\/\/www.najada.com\/word-press\/wp-content\/uploads\/ssi_try.jpg\" \/>\n<meta name=\"twitter:card\" content=\"summary_large_image\" \/>\n<meta name=\"twitter:label1\" content=\"Est. reading time\" \/>\n\t<meta name=\"twitter:data1\" content=\"1 minute\" \/>\n<script type=\"application\/ld+json\" class=\"yoast-schema-graph\">{\"@context\":\"https:\/\/schema.org\",\"@graph\":[{\"@type\":\"WebPage\",\"@id\":\"https:\/\/www.najada.com\/word-press\/language\/de\/kinder-und-schnuperkurse\/\",\"url\":\"https:\/\/www.najada.com\/word-press\/language\/de\/kinder-und-schnuperkurse\/\",\"name\":\"SSI - TRY SCUBA - Kinder und Schnupperkurse - Najada diving\",\"isPartOf\":{\"@id\":\"https:\/\/www.najada.com\/word-press\/#website\"},\"datePublished\":\"2017-10-23T13:16:35+00:00\",\"dateModified\":\"2024-04-24T10:10:20+00:00\",\"description\":\"Das SSI Try Scuba oder Try Scuba Diving Programm ist Deine Einf\u00fchrung in die Unterwasserwelt, daher der erste Schritt unter Wasser zu atmen.\",\"breadcrumb\":{\"@id\":\"https:\/\/www.najada.com\/word-press\/language\/de\/kinder-und-schnuperkurse\/#breadcrumb\"},\"inLanguage\":\"en-US\",\"potentialAction\":[{\"@type\":\"ReadAction\",\"target\":[\"https:\/\/www.najada.com\/word-press\/language\/de\/kinder-und-schnuperkurse\/\"]}]},{\"@type\":\"BreadcrumbList\",\"@id\":\"https:\/\/www.najada.com\/word-press\/language\/de\/kinder-und-schnuperkurse\/#breadcrumb\",\"itemListElement\":[{\"@type\":\"ListItem\",\"position\":1,\"name\":\"Startseite\",\"item\":\"https:\/\/www.najada.com\/word-press\/\"},{\"@type\":\"ListItem\",\"position\":2,\"name\":\"SSI Kinder und Schnupperkurse\"}]},{\"@type\":\"WebSite\",\"@id\":\"https:\/\/www.najada.com\/word-press\/#website\",\"url\":\"https:\/\/www.najada.com\/word-press\/\",\"name\":\"Najada diving\",\"description\":\"Tauchen in Kroatien \/ Diving in Croatia\",\"publisher\":{\"@id\":\"https:\/\/www.najada.com\/word-press\/#organization\"},\"potentialAction\":[{\"@type\":\"SearchAction\",\"target\":{\"@type\":\"EntryPoint\",\"urlTemplate\":\"https:\/\/www.najada.com\/word-press\/?s={search_term_string}\"},\"query-input\":\"required name=search_term_string\"}],\"inLanguage\":\"en-US\"},{\"@type\":\"Organization\",\"@id\":\"https:\/\/www.najada.com\/word-press\/#organization\",\"name\":\"Najada d.o.o.\",\"url\":\"https:\/\/www.najada.com\/word-press\/\",\"logo\":{\"@type\":\"ImageObject\",\"inLanguage\":\"en-US\",\"@id\":\"https:\/\/www.najada.com\/word-press\/#\/schema\/logo\/image\/\",\"url\":\"https:\/\/www.najada.com\/word-press\/wp-content\/uploads\/logonurnajada-Kopie.png\",\"contentUrl\":\"https:\/\/www.najada.com\/word-press\/wp-content\/uploads\/logonurnajada-Kopie.png\",\"width\":400,\"height\":405,\"caption\":\"Najada d.o.o.\"},\"image\":{\"@id\":\"https:\/\/www.najada.com\/word-press\/#\/schema\/logo\/image\/\"},\"sameAs\":[\"https:\/\/www.facebook.com\/NajadaDiving\",\"https:\/\/www.instagram.com\/najadadiving\/\",\"https:\/\/www.youtube.com\/user\/najadadiving\/videos\"]}]}<\/script>\n<!-- \/ Yoast SEO Premium plugin. -->","yoast_head_json":{"title":"SSI - TRY SCUBA - Kinder und Schnupperkurse - Najada diving","description":"Das SSI Try Scuba oder Try Scuba Diving Programm ist Deine Einf\u00fchrung in die Unterwasserwelt, daher der erste Schritt unter Wasser zu atmen.","robots":{"index":"index","follow":"follow","max-snippet":"max-snippet:-1","max-image-preview":"max-image-preview:large","max-video-preview":"max-video-preview:-1"},"canonical":"https:\/\/www.najada.com\/word-press\/language\/de\/kinder-und-schnuperkurse\/","og_locale":"en_US","og_type":"article","og_title":"SSI Kinder und Schnupperkurse","og_description":"Das SSI Try Scuba oder Try Scuba Diving Programm ist Deine Einf\u00fchrung in die Unterwasserwelt, daher der erste Schritt unter Wasser zu atmen.","og_url":"https:\/\/www.najada.com\/word-press\/language\/de\/kinder-und-schnuperkurse\/","og_site_name":"Najada diving","article_publisher":"https:\/\/www.facebook.com\/NajadaDiving","article_modified_time":"2024-04-24T10:10:20+00:00","og_image":[{"url":"https:\/\/www.najada.com\/word-press\/wp-content\/uploads\/ssi_try.jpg"}],"twitter_card":"summary_large_image","twitter_misc":{"Est. reading time":"1 minute"},"schema":{"@context":"https:\/\/schema.org","@graph":[{"@type":"WebPage","@id":"https:\/\/www.najada.com\/word-press\/language\/de\/kinder-und-schnuperkurse\/","url":"https:\/\/www.najada.com\/word-press\/language\/de\/kinder-und-schnuperkurse\/","name":"SSI - TRY SCUBA - Kinder und Schnupperkurse - Najada diving","isPartOf":{"@id":"https:\/\/www.najada.com\/word-press\/#website"},"datePublished":"2017-10-23T13:16:35+00:00","dateModified":"2024-04-24T10:10:20+00:00","description":"Das SSI Try Scuba oder Try Scuba Diving Programm ist Deine Einf\u00fchrung in die Unterwasserwelt, daher der erste Schritt unter Wasser zu atmen.","breadcrumb":{"@id":"https:\/\/www.najada.com\/word-press\/language\/de\/kinder-und-schnuperkurse\/#breadcrumb"},"inLanguage":"en-US","potentialAction":[{"@type":"ReadAction","target":["https:\/\/www.najada.com\/word-press\/language\/de\/kinder-und-schnuperkurse\/"]}]},{"@type":"BreadcrumbList","@id":"https:\/\/www.najada.com\/word-press\/language\/de\/kinder-und-schnuperkurse\/#breadcrumb","itemListElement":[{"@type":"ListItem","position":1,"name":"Startseite","item":"https:\/\/www.najada.com\/word-press\/"},{"@type":"ListItem","position":2,"name":"SSI Kinder und Schnupperkurse"}]},{"@type":"WebSite","@id":"https:\/\/www.najada.com\/word-press\/#website","url":"https:\/\/www.najada.com\/word-press\/","name":"Najada diving","description":"Tauchen in Kroatien \/ Diving in Croatia","publisher":{"@id":"https:\/\/www.najada.com\/word-press\/#organization"},"potentialAction":[{"@type":"SearchAction","target":{"@type":"EntryPoint","urlTemplate":"https:\/\/www.najada.com\/word-press\/?s={search_term_string}"},"query-input":"required name=search_term_string"}],"inLanguage":"en-US"},{"@type":"Organization","@id":"https:\/\/www.najada.com\/word-press\/#organization","name":"Najada d.o.o.","url":"https:\/\/www.najada.com\/word-press\/","logo":{"@type":"ImageObject","inLanguage":"en-US","@id":"https:\/\/www.najada.com\/word-press\/#\/schema\/logo\/image\/","url":"https:\/\/www.najada.com\/word-press\/wp-content\/uploads\/logonurnajada-Kopie.png","contentUrl":"https:\/\/www.najada.com\/word-press\/wp-content\/uploads\/logonurnajada-Kopie.png","width":400,"height":405,"caption":"Najada d.o.o."},"image":{"@id":"https:\/\/www.najada.com\/word-press\/#\/schema\/logo\/image\/"},"sameAs":["https:\/\/www.facebook.com\/NajadaDiving","https:\/\/www.instagram.com\/najadadiving\/","https:\/\/www.youtube.com\/user\/najadadiving\/videos"]}]}},"_links":{"self":[{"href":"https:\/\/www.najada.com\/word-press\/wp-json\/wp\/v2\/pages\/1580"}],"collection":[{"href":"https:\/\/www.najada.com\/word-press\/wp-json\/wp\/v2\/pages"}],"about":[{"href":"https:\/\/www.najada.com\/word-press\/wp-json\/wp\/v2\/types\/page"}],"author":[{"embeddable":true,"href":"https:\/\/www.najada.com\/word-press\/wp-json\/wp\/v2\/users\/1"}],"replies":[{"embeddable":true,"href":"https:\/\/www.najada.com\/word-press\/wp-json\/wp\/v2\/comments?post=1580"}],"version-history":[{"count":18,"href":"https:\/\/www.najada.com\/word-press\/wp-json\/wp\/v2\/pages\/1580\/revisions"}],"predecessor-version":[{"id":8681,"href":"https:\/\/www.najada.com\/word-press\/wp-json\/wp\/v2\/pages\/1580\/revisions\/8681"}],"wp:attachment":[{"href":"https:\/\/www.najada.com\/word-press\/wp-json\/wp\/v2\/media?parent=1580"}],"curies":[{"name":"wp","href":"https:\/\/api.w.org\/{rel}","templated":true}]}}